{"id":643,"date":"2016-04-07T10:53:11","date_gmt":"2016-04-07T10:53:11","guid":{"rendered":"http:\/\/www.chata-id.pl\/?page_id=643"},"modified":"2020-04-20T17:25:24","modified_gmt":"2020-04-20T17:25:24","slug":"mieszkanie-wola","status":"publish","type":"page","link":"https:\/\/chata-id.pl\/en\/portfolio\/mieszkanie-wola\/","title":{"rendered":"Flat Wola"},"content":{"rendered":"\n<p>Projekt <strong>aran\u017cacji<\/strong> <strong>mieszkania<\/strong> w <strong>Warszawie<\/strong> w stylu nowoczesnym. Aran\u017cacja bazuje na kontrastach kolorystycznych. Ciemne drewniane pod\u0142ogi, czarne blaty kuchenne oraz drewniana zabudowa meblowa w \u0142azience odcinaj\u0105 si\u0119 od \u015bnie\u017cnobia\u0142ych \u015bcian.<\/p>\n\n\n\n<figure class=\"wp-block-gallery alignwide columns-4 is-cropped wp-block-gallery-1 is-layout-flex wp-block-gallery-is-layout-flex\"><ul class=\"blocks-gallery-grid\"><li class=\"blocks-gallery-item\"><figure><a href=\"https:\/\/chata-id.pl\/wp-content\/uploads\/2016\/04\/wola9.jpg\"><img loading=\"lazy\" decoding=\"async\" width=\"675\" height=\"450\" src=\"https:\/\/chata-id.pl\/wp-content\/uploads\/2016\/04\/wola9.jpg\" alt=\"\" data-id=\"815\" data-full-url=\"https:\/\/chata-id.pl\/wp-content\/uploads\/2016\/04\/wola9.jpg\" data-link=\"https:\/\/chata-id.pl\/portfolio\/mieszkanie-wola\/wola9\/\" class=\"wp-image-815\" srcset=\"https:\/\/chata-id.pl\/wp-content\/uploads\/2016\/04\/wola9.jpg 675w, https:\/\/chata-id.pl\/wp-content\/uploads\/2016\/04\/wola9-300x200.jpg 300w, https:\/\/chata-id.pl\/wp-content\/uploads\/2016\/04\/wola9-420x280.jpg 420w\" sizes=\"auto, (max-width: 675px) 100vw, 675px\" \/><\/a><\/figure><\/li><li class=\"blocks-gallery-item\"><figure><a href=\"https:\/\/chata-id.pl\/wp-content\/uploads\/2016\/04\/wola8.jpg\"><img loading=\"lazy\" decoding=\"async\" width=\"300\" height=\"450\" src=\"https:\/\/chata-id.pl\/wp-content\/uploads\/2016\/04\/wola8.jpg\" alt=\"\" data-id=\"814\" data-full-url=\"https:\/\/chata-id.pl\/wp-content\/uploads\/2016\/04\/wola8.jpg\" data-link=\"https:\/\/chata-id.pl\/portfolio\/mieszkanie-wola\/wola8\/\" class=\"wp-image-814\" srcset=\"https:\/\/chata-id.pl\/wp-content\/uploads\/2016\/04\/wola8.jpg 300w, https:\/\/chata-id.pl\/wp-content\/uploads\/2016\/04\/wola8-200x300.jpg 200w\" sizes=\"auto, (max-width: 300px) 100vw, 300px\" \/><\/a><\/figure><\/li><li class=\"blocks-gallery-item\"><figure><a href=\"https:\/\/chata-id.pl\/wp-content\/uploads\/2016\/04\/wola7.jpg\"><img loading=\"lazy\" decoding=\"async\" width=\"300\" height=\"450\" src=\"https:\/\/chata-id.pl\/wp-content\/uploads\/2016\/04\/wola7.jpg\" alt=\"\" data-id=\"813\" data-full-url=\"https:\/\/chata-id.pl\/wp-content\/uploads\/2016\/04\/wola7.jpg\" data-link=\"https:\/\/chata-id.pl\/portfolio\/mieszkanie-wola\/wola7\/\" class=\"wp-image-813\" srcset=\"https:\/\/chata-id.pl\/wp-content\/uploads\/2016\/04\/wola7.jpg 300w, https:\/\/chata-id.pl\/wp-content\/uploads\/2016\/04\/wola7-200x300.jpg 200w\" sizes=\"auto, (max-width: 300px) 100vw, 300px\" \/><\/a><\/figure><\/li><li class=\"blocks-gallery-item\"><figure><a href=\"https:\/\/chata-id.pl\/wp-content\/uploads\/2016\/04\/wola6.jpg\"><img loading=\"lazy\" decoding=\"async\" width=\"300\" height=\"450\" src=\"https:\/\/chata-id.pl\/wp-content\/uploads\/2016\/04\/wola6.jpg\" alt=\"\" data-id=\"812\" data-full-url=\"https:\/\/chata-id.pl\/wp-content\/uploads\/2016\/04\/wola6.jpg\" data-link=\"https:\/\/chata-id.pl\/portfolio\/mieszkanie-wola\/wola6\/\" class=\"wp-image-812\" srcset=\"https:\/\/chata-id.pl\/wp-content\/uploads\/2016\/04\/wola6.jpg 300w, https:\/\/chata-id.pl\/wp-content\/uploads\/2016\/04\/wola6-200x300.jpg 200w\" sizes=\"auto, (max-width: 300px) 100vw, 300px\" \/><\/a><\/figure><\/li><li class=\"blocks-gallery-item\"><figure><a href=\"https:\/\/chata-id.pl\/wp-content\/uploads\/2016\/04\/wola5.jpg\"><img loading=\"lazy\" decoding=\"async\" width=\"675\" height=\"450\" src=\"https:\/\/chata-id.pl\/wp-content\/uploads\/2016\/04\/wola5.jpg\" alt=\"\" data-id=\"811\" data-full-url=\"https:\/\/chata-id.pl\/wp-content\/uploads\/2016\/04\/wola5.jpg\" data-link=\"https:\/\/chata-id.pl\/portfolio\/mieszkanie-wola\/wola5\/\" class=\"wp-image-811\" srcset=\"https:\/\/chata-id.pl\/wp-content\/uploads\/2016\/04\/wola5.jpg 675w, https:\/\/chata-id.pl\/wp-content\/uploads\/2016\/04\/wola5-300x200.jpg 300w, https:\/\/chata-id.pl\/wp-content\/uploads\/2016\/04\/wola5-420x280.jpg 420w\" sizes=\"auto, (max-width: 675px) 100vw, 675px\" \/><\/a><\/figure><\/li><li class=\"blocks-gallery-item\"><figure><a href=\"https:\/\/chata-id.pl\/wp-content\/uploads\/2016\/04\/wola4.jpg\"><img loading=\"lazy\" decoding=\"async\" width=\"300\" height=\"450\" src=\"https:\/\/chata-id.pl\/wp-content\/uploads\/2016\/04\/wola4.jpg\" alt=\"\" data-id=\"810\" data-full-url=\"https:\/\/chata-id.pl\/wp-content\/uploads\/2016\/04\/wola4.jpg\" data-link=\"https:\/\/chata-id.pl\/portfolio\/mieszkanie-wola\/wola4\/\" class=\"wp-image-810\" srcset=\"https:\/\/chata-id.pl\/wp-content\/uploads\/2016\/04\/wola4.jpg 300w, https:\/\/chata-id.pl\/wp-content\/uploads\/2016\/04\/wola4-200x300.jpg 200w\" sizes=\"auto, (max-width: 300px) 100vw, 300px\" \/><\/a><\/figure><\/li><li class=\"blocks-gallery-item\"><figure><a href=\"https:\/\/chata-id.pl\/wp-content\/uploads\/2016\/04\/wola3.jpg\"><img loading=\"lazy\" decoding=\"async\" width=\"300\" height=\"450\" src=\"https:\/\/chata-id.pl\/wp-content\/uploads\/2016\/04\/wola3.jpg\" alt=\"\" data-id=\"809\" data-full-url=\"https:\/\/chata-id.pl\/wp-content\/uploads\/2016\/04\/wola3.jpg\" data-link=\"https:\/\/chata-id.pl\/portfolio\/mieszkanie-wola\/wola3\/\" class=\"wp-image-809\" srcset=\"https:\/\/chata-id.pl\/wp-content\/uploads\/2016\/04\/wola3.jpg 300w, https:\/\/chata-id.pl\/wp-content\/uploads\/2016\/04\/wola3-200x300.jpg 200w\" sizes=\"auto, (max-width: 300px) 100vw, 300px\" \/><\/a><\/figure><\/li><li class=\"blocks-gallery-item\"><figure><a href=\"https:\/\/chata-id.pl\/wp-content\/uploads\/2016\/04\/wola2.jpg\"><img loading=\"lazy\" decoding=\"async\" width=\"675\" height=\"450\" src=\"https:\/\/chata-id.pl\/wp-content\/uploads\/2016\/04\/wola2.jpg\" alt=\"\" data-id=\"808\" data-full-url=\"https:\/\/chata-id.pl\/wp-content\/uploads\/2016\/04\/wola2.jpg\" data-link=\"https:\/\/chata-id.pl\/portfolio\/mieszkanie-wola\/wola2\/\" class=\"wp-image-808\" srcset=\"https:\/\/chata-id.pl\/wp-content\/uploads\/2016\/04\/wola2.jpg 675w, https:\/\/chata-id.pl\/wp-content\/uploads\/2016\/04\/wola2-300x200.jpg 300w, https:\/\/chata-id.pl\/wp-content\/uploads\/2016\/04\/wola2-420x280.jpg 420w\" sizes=\"auto, (max-width: 675px) 100vw, 675px\" \/><\/a><\/figure><\/li><li class=\"blocks-gallery-item\"><figure><a href=\"https:\/\/chata-id.pl\/wp-content\/uploads\/2016\/04\/wola1.jpg\"><img loading=\"lazy\" decoding=\"async\" width=\"675\" height=\"450\" src=\"https:\/\/chata-id.pl\/wp-content\/uploads\/2016\/04\/wola1.jpg\" alt=\"\" data-id=\"807\" data-full-url=\"https:\/\/chata-id.pl\/wp-content\/uploads\/2016\/04\/wola1.jpg\" data-link=\"https:\/\/chata-id.pl\/portfolio\/mieszkanie-wola\/wola1\/\" class=\"wp-image-807\" srcset=\"https:\/\/chata-id.pl\/wp-content\/uploads\/2016\/04\/wola1.jpg 675w, https:\/\/chata-id.pl\/wp-content\/uploads\/2016\/04\/wola1-300x200.jpg 300w, https:\/\/chata-id.pl\/wp-content\/uploads\/2016\/04\/wola1-420x280.jpg 420w\" sizes=\"auto, (max-width: 675px) 100vw, 675px\" \/><\/a><\/figure><\/li><li class=\"blocks-gallery-item\"><figure><a href=\"https:\/\/chata-id.pl\/wp-content\/uploads\/2016\/04\/wola10.jpg\"><img loading=\"lazy\" decoding=\"async\" width=\"300\" height=\"450\" src=\"https:\/\/chata-id.pl\/wp-content\/uploads\/2016\/04\/wola10.jpg\" alt=\"\" data-id=\"806\" data-full-url=\"https:\/\/chata-id.pl\/wp-content\/uploads\/2016\/04\/wola10.jpg\" data-link=\"https:\/\/chata-id.pl\/portfolio\/mieszkanie-wola\/wola10\/\" class=\"wp-image-806\" srcset=\"https:\/\/chata-id.pl\/wp-content\/uploads\/2016\/04\/wola10.jpg 300w, https:\/\/chata-id.pl\/wp-content\/uploads\/2016\/04\/wola10-200x300.jpg 200w\" sizes=\"auto, (max-width: 300px) 100vw, 300px\" \/><\/a><\/figure><\/li><\/ul><\/figure>\n","protected":false},"excerpt":{"rendered":"<p>Projekt aran\u017cacji mieszkania w Warszawie w stylu nowoczesnym. Aran\u017cacja bazuje na kontrastach kolorystycznych. Ciemne drewniane pod\u0142ogi, czarne blaty kuchenne oraz drewniana zabudowa meblowa w \u0142azience odcinaj\u0105 si\u0119 od \u015bnie\u017cnobia\u0142ych \u015bcian.<\/p>\n","protected":false},"author":1,"featured_media":0,"parent":217,"menu_order":0,"comment_status":"closed","ping_status":"closed","template":"","meta":{"inline_featured_image":false,"footnotes":""},"class_list":["post-643","page","type-page","status-publish","hentry"],"yoast_head":"<!-- This site is optimized with the Yoast SEO plugin v24.3 - https:\/\/yoast.com\/wordpress\/plugins\/seo\/ -->\n<title>Flat Wola &#8226; Chata ID<\/title>\n<meta name=\"robots\" content=\"index, follow, max-snippet:-1, max-image-preview:large, max-video-preview:-1\" \/>\n<link rel=\"canonical\" href=\"https:\/\/chata-id.pl\/portfolio\/mieszkanie-wola\/\" \/>\n<meta property=\"og:locale\" content=\"en_US\" \/>\n<meta property=\"og:type\" content=\"article\" \/>\n<meta property=\"og:title\" content=\"[:pl]Mieszkanie Wola[:en]Flat Wola[:] &#8226; Chata ID\" \/>\n<meta property=\"og:description\" content=\"Projekt aran\u017cacji mieszkania w Warszawie w stylu nowoczesnym. Aran\u017cacja bazuje na kontrastach kolorystycznych. Ciemne drewniane pod\u0142ogi, czarne blaty kuchenne oraz drewniana zabudowa meblowa w \u0142azience odcinaj\u0105 si\u0119 od \u015bnie\u017cnobia\u0142ych \u015bcian.\" \/>\n<meta property=\"og:url\" content=\"https:\/\/chata-id.pl\/portfolio\/mieszkanie-wola\/\" \/>\n<meta property=\"og:site_name\" content=\"Chata ID\" \/>\n<meta property=\"article:publisher\" content=\"https:\/\/facebook.com\/CHATA-ID-To%c5%bcsamo%c5%9b%c4%87-Twojego-wn%c4%99trza-116008675146984\/\" \/>\n<meta property=\"article:modified_time\" content=\"2020-04-20T17:25:24+00:00\" \/>\n<meta property=\"og:image\" content=\"https:\/\/chata-id.pl\/wp-content\/uploads\/2016\/04\/wola9.jpg\" \/>\n<meta name=\"twitter:card\" content=\"summary_large_image\" \/>\n<script type=\"application\/ld+json\" class=\"yoast-schema-graph\">{\"@context\":\"https:\/\/schema.org\",\"@graph\":[{\"@type\":\"WebPage\",\"@id\":\"https:\/\/chata-id.pl\/portfolio\/mieszkanie-wola\/\",\"url\":\"https:\/\/chata-id.pl\/portfolio\/mieszkanie-wola\/\",\"name\":\"[:pl]Mieszkanie Wola[:en]Flat Wola[:] &#8226; Chata ID\",\"isPartOf\":{\"@id\":\"https:\/\/chata-id.pl\/#website\"},\"primaryImageOfPage\":{\"@id\":\"https:\/\/chata-id.pl\/portfolio\/mieszkanie-wola\/#primaryimage\"},\"image\":{\"@id\":\"https:\/\/chata-id.pl\/portfolio\/mieszkanie-wola\/#primaryimage\"},\"thumbnailUrl\":\"https:\/\/chata-id.pl\/wp-content\/uploads\/2016\/04\/wola9.jpg\",\"datePublished\":\"2016-04-07T10:53:11+00:00\",\"dateModified\":\"2020-04-20T17:25:24+00:00\",\"breadcrumb\":{\"@id\":\"https:\/\/chata-id.pl\/portfolio\/mieszkanie-wola\/#breadcrumb\"},\"inLanguage\":\"en-US\",\"potentialAction\":[{\"@type\":\"ReadAction\",\"target\":[\"https:\/\/chata-id.pl\/portfolio\/mieszkanie-wola\/\"]}]},{\"@type\":\"ImageObject\",\"inLanguage\":\"en-US\",\"@id\":\"https:\/\/chata-id.pl\/portfolio\/mieszkanie-wola\/#primaryimage\",\"url\":\"https:\/\/chata-id.pl\/wp-content\/uploads\/2016\/04\/wola9.jpg\",\"contentUrl\":\"https:\/\/chata-id.pl\/wp-content\/uploads\/2016\/04\/wola9.jpg\"},{\"@type\":\"BreadcrumbList\",\"@id\":\"https:\/\/chata-id.pl\/portfolio\/mieszkanie-wola\/#breadcrumb\",\"itemListElement\":[{\"@type\":\"ListItem\",\"position\":1,\"name\":\"Strona g\u0142\u00f3wna\",\"item\":\"https:\/\/chata-id.pl\/\"},{\"@type\":\"ListItem\",\"position\":2,\"name\":\"Realizacje\",\"item\":\"https:\/\/chata-id.pl\/portfolio\/\"},{\"@type\":\"ListItem\",\"position\":3,\"name\":\"Mieszkanie Wola\"}]},{\"@type\":\"WebSite\",\"@id\":\"https:\/\/chata-id.pl\/#website\",\"url\":\"https:\/\/chata-id.pl\/\",\"name\":\"Chata ID\",\"description\":\"To\u017csamo\u015b\u0107 Twojego wn\u0119trza\",\"publisher\":{\"@id\":\"https:\/\/chata-id.pl\/#organization\"},\"potentialAction\":[{\"@type\":\"SearchAction\",\"target\":{\"@type\":\"EntryPoint\",\"urlTemplate\":\"https:\/\/chata-id.pl\/?s={search_term_string}\"},\"query-input\":{\"@type\":\"PropertyValueSpecification\",\"valueRequired\":true,\"valueName\":\"search_term_string\"}}],\"inLanguage\":\"en-US\"},{\"@type\":\"Organization\",\"@id\":\"https:\/\/chata-id.pl\/#organization\",\"name\":\"CHATA ID - To\u017csamo\u015b\u0107 Twojego Wn\u0119trza - Nadarzyn\",\"url\":\"https:\/\/chata-id.pl\/\",\"logo\":{\"@type\":\"ImageObject\",\"inLanguage\":\"en-US\",\"@id\":\"https:\/\/chata-id.pl\/#\/schema\/logo\/image\/\",\"url\":\"https:\/\/chata-id.pl\/wp-content\/uploads\/2020\/04\/chata-id-logo-1.png\",\"contentUrl\":\"https:\/\/chata-id.pl\/wp-content\/uploads\/2020\/04\/chata-id-logo-1.png\",\"width\":236,\"height\":80,\"caption\":\"CHATA ID - To\u017csamo\u015b\u0107 Twojego Wn\u0119trza - Nadarzyn\"},\"image\":{\"@id\":\"https:\/\/chata-id.pl\/#\/schema\/logo\/image\/\"},\"sameAs\":[\"https:\/\/facebook.com\/CHATA-ID-To\u017csamo\u015b\u0107-Twojego-wn\u0119trza-116008675146984\/\"]}]}<\/script>\n<!-- \/ Yoast SEO plugin. -->","yoast_head_json":{"title":"[:pl]Mieszkanie Wola[:en]Flat Wola[:] &#8226; Chata ID","robots":{"index":"index","follow":"follow","max-snippet":"max-snippet:-1","max-image-preview":"max-image-preview:large","max-video-preview":"max-video-preview:-1"},"canonical":"https:\/\/chata-id.pl\/portfolio\/mieszkanie-wola\/","og_locale":"en_US","og_type":"article","og_title":"[:pl]Mieszkanie Wola[:en]Flat Wola[:] &#8226; Chata ID","og_description":"Projekt aran\u017cacji mieszkania w Warszawie w stylu nowoczesnym. Aran\u017cacja bazuje na kontrastach kolorystycznych. Ciemne drewniane pod\u0142ogi, czarne blaty kuchenne oraz drewniana zabudowa meblowa w \u0142azience odcinaj\u0105 si\u0119 od \u015bnie\u017cnobia\u0142ych \u015bcian.","og_url":"https:\/\/chata-id.pl\/portfolio\/mieszkanie-wola\/","og_site_name":"Chata ID","article_publisher":"https:\/\/facebook.com\/CHATA-ID-To%c5%bcsamo%c5%9b%c4%87-Twojego-wn%c4%99trza-116008675146984\/","article_modified_time":"2020-04-20T17:25:24+00:00","og_image":[{"url":"https:\/\/chata-id.pl\/wp-content\/uploads\/2016\/04\/wola9.jpg","type":"","width":"","height":""}],"twitter_card":"summary_large_image","schema":{"@context":"https:\/\/schema.org","@graph":[{"@type":"WebPage","@id":"https:\/\/chata-id.pl\/portfolio\/mieszkanie-wola\/","url":"https:\/\/chata-id.pl\/portfolio\/mieszkanie-wola\/","name":"[:pl]Mieszkanie Wola[:en]Flat Wola[:] &#8226; Chata ID","isPartOf":{"@id":"https:\/\/chata-id.pl\/#website"},"primaryImageOfPage":{"@id":"https:\/\/chata-id.pl\/portfolio\/mieszkanie-wola\/#primaryimage"},"image":{"@id":"https:\/\/chata-id.pl\/portfolio\/mieszkanie-wola\/#primaryimage"},"thumbnailUrl":"https:\/\/chata-id.pl\/wp-content\/uploads\/2016\/04\/wola9.jpg","datePublished":"2016-04-07T10:53:11+00:00","dateModified":"2020-04-20T17:25:24+00:00","breadcrumb":{"@id":"https:\/\/chata-id.pl\/portfolio\/mieszkanie-wola\/#breadcrumb"},"inLanguage":"en-US","potentialAction":[{"@type":"ReadAction","target":["https:\/\/chata-id.pl\/portfolio\/mieszkanie-wola\/"]}]},{"@type":"ImageObject","inLanguage":"en-US","@id":"https:\/\/chata-id.pl\/portfolio\/mieszkanie-wola\/#primaryimage","url":"https:\/\/chata-id.pl\/wp-content\/uploads\/2016\/04\/wola9.jpg","contentUrl":"https:\/\/chata-id.pl\/wp-content\/uploads\/2016\/04\/wola9.jpg"},{"@type":"BreadcrumbList","@id":"https:\/\/chata-id.pl\/portfolio\/mieszkanie-wola\/#breadcrumb","itemListElement":[{"@type":"ListItem","position":1,"name":"Strona g\u0142\u00f3wna","item":"https:\/\/chata-id.pl\/"},{"@type":"ListItem","position":2,"name":"Realizacje","item":"https:\/\/chata-id.pl\/portfolio\/"},{"@type":"ListItem","position":3,"name":"Mieszkanie Wola"}]},{"@type":"WebSite","@id":"https:\/\/chata-id.pl\/#website","url":"https:\/\/chata-id.pl\/","name":"Chata ID","description":"To\u017csamo\u015b\u0107 Twojego wn\u0119trza","publisher":{"@id":"https:\/\/chata-id.pl\/#organization"},"potentialAction":[{"@type":"SearchAction","target":{"@type":"EntryPoint","urlTemplate":"https:\/\/chata-id.pl\/?s={search_term_string}"},"query-input":{"@type":"PropertyValueSpecification","valueRequired":true,"valueName":"search_term_string"}}],"inLanguage":"en-US"},{"@type":"Organization","@id":"https:\/\/chata-id.pl\/#organization","name":"CHATA ID - To\u017csamo\u015b\u0107 Twojego Wn\u0119trza - Nadarzyn","url":"https:\/\/chata-id.pl\/","logo":{"@type":"ImageObject","inLanguage":"en-US","@id":"https:\/\/chata-id.pl\/#\/schema\/logo\/image\/","url":"https:\/\/chata-id.pl\/wp-content\/uploads\/2020\/04\/chata-id-logo-1.png","contentUrl":"https:\/\/chata-id.pl\/wp-content\/uploads\/2020\/04\/chata-id-logo-1.png","width":236,"height":80,"caption":"CHATA ID - To\u017csamo\u015b\u0107 Twojego Wn\u0119trza - Nadarzyn"},"image":{"@id":"https:\/\/chata-id.pl\/#\/schema\/logo\/image\/"},"sameAs":["https:\/\/facebook.com\/CHATA-ID-To\u017csamo\u015b\u0107-Twojego-wn\u0119trza-116008675146984\/"]}]}},"_links":{"self":[{"href":"https:\/\/chata-id.pl\/en\/wp-json\/wp\/v2\/pages\/643","targetHints":{"allow":["GET"]}}],"collection":[{"href":"https:\/\/chata-id.pl\/en\/wp-json\/wp\/v2\/pages"}],"about":[{"href":"https:\/\/chata-id.pl\/en\/wp-json\/wp\/v2\/types\/page"}],"author":[{"embeddable":true,"href":"https:\/\/chata-id.pl\/en\/wp-json\/wp\/v2\/users\/1"}],"replies":[{"embeddable":true,"href":"https:\/\/chata-id.pl\/en\/wp-json\/wp\/v2\/comments?post=643"}],"version-history":[{"count":7,"href":"https:\/\/chata-id.pl\/en\/wp-json\/wp\/v2\/pages\/643\/revisions"}],"predecessor-version":[{"id":1575,"href":"https:\/\/chata-id.pl\/en\/wp-json\/wp\/v2\/pages\/643\/revisions\/1575"}],"up":[{"embeddable":true,"href":"https:\/\/chata-id.pl\/en\/wp-json\/wp\/v2\/pages\/217"}],"wp:attachment":[{"href":"https:\/\/chata-id.pl\/en\/wp-json\/wp\/v2\/media?parent=643"}],"curies":[{"name":"wp","href":"https:\/\/api.w.org\/{rel}","templated":true}]}}