{"id":641,"date":"2016-04-07T10:53:00","date_gmt":"2016-04-07T10:53:00","guid":{"rendered":"http:\/\/www.chata-id.pl\/?page_id=641"},"modified":"2020-04-20T17:25:03","modified_gmt":"2020-04-20T17:25:03","slug":"dom-pod-kaliszem","status":"publish","type":"page","link":"https:\/\/chata-id.pl\/en\/portfolio\/dom-pod-kaliszem\/","title":{"rendered":"House near Kalisz"},"content":{"rendered":"\n<figure class=\"wp-block-gallery alignwide columns-4 is-cropped wp-block-gallery-1 is-layout-flex wp-block-gallery-is-layout-flex\"><ul class=\"blocks-gallery-grid\"><li class=\"blocks-gallery-item\"><figure><a href=\"https:\/\/chata-id.pl\/wp-content\/uploads\/2016\/04\/dompodkaliszem09.jpg\"><img loading=\"lazy\" decoding=\"async\" width=\"301\" height=\"450\" src=\"https:\/\/chata-id.pl\/wp-content\/uploads\/2016\/04\/dompodkaliszem09.jpg\" alt=\"\" data-id=\"804\" data-full-url=\"https:\/\/chata-id.pl\/wp-content\/uploads\/2016\/04\/dompodkaliszem09.jpg\" data-link=\"https:\/\/chata-id.pl\/portfolio\/dom-pod-kaliszem\/dompodkaliszem09\/\" class=\"wp-image-804\" srcset=\"https:\/\/chata-id.pl\/wp-content\/uploads\/2016\/04\/dompodkaliszem09.jpg 301w, https:\/\/chata-id.pl\/wp-content\/uploads\/2016\/04\/dompodkaliszem09-201x300.jpg 201w\" sizes=\"auto, (max-width: 301px) 100vw, 301px\" \/><\/a><\/figure><\/li><li class=\"blocks-gallery-item\"><figure><a href=\"https:\/\/chata-id.pl\/wp-content\/uploads\/2016\/04\/dompodkaliszem08.jpg\"><img loading=\"lazy\" decoding=\"async\" width=\"674\" height=\"450\" src=\"https:\/\/chata-id.pl\/wp-content\/uploads\/2016\/04\/dompodkaliszem08.jpg\" alt=\"\" data-id=\"803\" data-full-url=\"https:\/\/chata-id.pl\/wp-content\/uploads\/2016\/04\/dompodkaliszem08.jpg\" data-link=\"https:\/\/chata-id.pl\/portfolio\/dom-pod-kaliszem\/dompodkaliszem08\/\" class=\"wp-image-803\" srcset=\"https:\/\/chata-id.pl\/wp-content\/uploads\/2016\/04\/dompodkaliszem08.jpg 674w, https:\/\/chata-id.pl\/wp-content\/uploads\/2016\/04\/dompodkaliszem08-300x200.jpg 300w, https:\/\/chata-id.pl\/wp-content\/uploads\/2016\/04\/dompodkaliszem08-420x280.jpg 420w\" sizes=\"auto, (max-width: 674px) 100vw, 674px\" \/><\/a><\/figure><\/li><li class=\"blocks-gallery-item\"><figure><a href=\"https:\/\/chata-id.pl\/wp-content\/uploads\/2016\/04\/dompodkaliszem07.jpg\"><img loading=\"lazy\" decoding=\"async\" width=\"301\" height=\"450\" src=\"https:\/\/chata-id.pl\/wp-content\/uploads\/2016\/04\/dompodkaliszem07.jpg\" alt=\"\" data-id=\"802\" data-full-url=\"https:\/\/chata-id.pl\/wp-content\/uploads\/2016\/04\/dompodkaliszem07.jpg\" data-link=\"https:\/\/chata-id.pl\/portfolio\/dom-pod-kaliszem\/dompodkaliszem07\/\" class=\"wp-image-802\" srcset=\"https:\/\/chata-id.pl\/wp-content\/uploads\/2016\/04\/dompodkaliszem07.jpg 301w, https:\/\/chata-id.pl\/wp-content\/uploads\/2016\/04\/dompodkaliszem07-201x300.jpg 201w\" sizes=\"auto, (max-width: 301px) 100vw, 301px\" \/><\/a><\/figure><\/li><li class=\"blocks-gallery-item\"><figure><a href=\"https:\/\/chata-id.pl\/wp-content\/uploads\/2016\/04\/dompodkaliszem06.jpg\"><img loading=\"lazy\" decoding=\"async\" width=\"674\" height=\"450\" src=\"https:\/\/chata-id.pl\/wp-content\/uploads\/2016\/04\/dompodkaliszem06.jpg\" alt=\"\" data-id=\"801\" data-full-url=\"https:\/\/chata-id.pl\/wp-content\/uploads\/2016\/04\/dompodkaliszem06.jpg\" data-link=\"https:\/\/chata-id.pl\/portfolio\/dom-pod-kaliszem\/dompodkaliszem06\/\" class=\"wp-image-801\" srcset=\"https:\/\/chata-id.pl\/wp-content\/uploads\/2016\/04\/dompodkaliszem06.jpg 674w, https:\/\/chata-id.pl\/wp-content\/uploads\/2016\/04\/dompodkaliszem06-300x200.jpg 300w, https:\/\/chata-id.pl\/wp-content\/uploads\/2016\/04\/dompodkaliszem06-420x280.jpg 420w\" sizes=\"auto, (max-width: 674px) 100vw, 674px\" \/><\/a><\/figure><\/li><li class=\"blocks-gallery-item\"><figure><a href=\"https:\/\/chata-id.pl\/wp-content\/uploads\/2016\/04\/dompodkaliszem05.jpg\"><img loading=\"lazy\" decoding=\"async\" width=\"674\" height=\"450\" src=\"https:\/\/chata-id.pl\/wp-content\/uploads\/2016\/04\/dompodkaliszem05.jpg\" alt=\"\" data-id=\"800\" data-full-url=\"https:\/\/chata-id.pl\/wp-content\/uploads\/2016\/04\/dompodkaliszem05.jpg\" data-link=\"https:\/\/chata-id.pl\/portfolio\/dom-pod-kaliszem\/dompodkaliszem05\/\" class=\"wp-image-800\" srcset=\"https:\/\/chata-id.pl\/wp-content\/uploads\/2016\/04\/dompodkaliszem05.jpg 674w, https:\/\/chata-id.pl\/wp-content\/uploads\/2016\/04\/dompodkaliszem05-300x200.jpg 300w, https:\/\/chata-id.pl\/wp-content\/uploads\/2016\/04\/dompodkaliszem05-420x280.jpg 420w\" sizes=\"auto, (max-width: 674px) 100vw, 674px\" \/><\/a><\/figure><\/li><li class=\"blocks-gallery-item\"><figure><a href=\"https:\/\/chata-id.pl\/wp-content\/uploads\/2016\/04\/dompodkaliszem04.jpg\"><img loading=\"lazy\" decoding=\"async\" width=\"674\" height=\"450\" src=\"https:\/\/chata-id.pl\/wp-content\/uploads\/2016\/04\/dompodkaliszem04.jpg\" alt=\"\" data-id=\"799\" data-full-url=\"https:\/\/chata-id.pl\/wp-content\/uploads\/2016\/04\/dompodkaliszem04.jpg\" data-link=\"https:\/\/chata-id.pl\/portfolio\/dom-pod-kaliszem\/dompodkaliszem04\/\" class=\"wp-image-799\" srcset=\"https:\/\/chata-id.pl\/wp-content\/uploads\/2016\/04\/dompodkaliszem04.jpg 674w, https:\/\/chata-id.pl\/wp-content\/uploads\/2016\/04\/dompodkaliszem04-300x200.jpg 300w, https:\/\/chata-id.pl\/wp-content\/uploads\/2016\/04\/dompodkaliszem04-420x280.jpg 420w\" sizes=\"auto, (max-width: 674px) 100vw, 674px\" \/><\/a><\/figure><\/li><li class=\"blocks-gallery-item\"><figure><a href=\"https:\/\/chata-id.pl\/wp-content\/uploads\/2016\/04\/dompodkaliszem03.jpg\"><img loading=\"lazy\" decoding=\"async\" width=\"674\" height=\"450\" src=\"https:\/\/chata-id.pl\/wp-content\/uploads\/2016\/04\/dompodkaliszem03.jpg\" alt=\"\" data-id=\"798\" data-full-url=\"https:\/\/chata-id.pl\/wp-content\/uploads\/2016\/04\/dompodkaliszem03.jpg\" data-link=\"https:\/\/chata-id.pl\/portfolio\/dom-pod-kaliszem\/dompodkaliszem03\/\" class=\"wp-image-798\" srcset=\"https:\/\/chata-id.pl\/wp-content\/uploads\/2016\/04\/dompodkaliszem03.jpg 674w, https:\/\/chata-id.pl\/wp-content\/uploads\/2016\/04\/dompodkaliszem03-300x200.jpg 300w, https:\/\/chata-id.pl\/wp-content\/uploads\/2016\/04\/dompodkaliszem03-420x280.jpg 420w\" sizes=\"auto, (max-width: 674px) 100vw, 674px\" \/><\/a><\/figure><\/li><li class=\"blocks-gallery-item\"><figure><a href=\"https:\/\/chata-id.pl\/wp-content\/uploads\/2016\/04\/dompodkaliszem02.jpg\"><img loading=\"lazy\" decoding=\"async\" width=\"301\" height=\"450\" src=\"https:\/\/chata-id.pl\/wp-content\/uploads\/2016\/04\/dompodkaliszem02.jpg\" alt=\"\" data-id=\"797\" data-full-url=\"https:\/\/chata-id.pl\/wp-content\/uploads\/2016\/04\/dompodkaliszem02.jpg\" data-link=\"https:\/\/chata-id.pl\/portfolio\/dom-pod-kaliszem\/dompodkaliszem02\/\" class=\"wp-image-797\" srcset=\"https:\/\/chata-id.pl\/wp-content\/uploads\/2016\/04\/dompodkaliszem02.jpg 301w, https:\/\/chata-id.pl\/wp-content\/uploads\/2016\/04\/dompodkaliszem02-201x300.jpg 201w\" sizes=\"auto, (max-width: 301px) 100vw, 301px\" \/><\/a><\/figure><\/li><li class=\"blocks-gallery-item\"><figure><a href=\"https:\/\/chata-id.pl\/wp-content\/uploads\/2016\/04\/dompodkaliszem01.jpg\"><img loading=\"lazy\" decoding=\"async\" width=\"301\" height=\"450\" src=\"https:\/\/chata-id.pl\/wp-content\/uploads\/2016\/04\/dompodkaliszem01.jpg\" alt=\"\" data-id=\"796\" data-full-url=\"https:\/\/chata-id.pl\/wp-content\/uploads\/2016\/04\/dompodkaliszem01.jpg\" data-link=\"https:\/\/chata-id.pl\/portfolio\/dom-pod-kaliszem\/dompodkaliszem01\/\" class=\"wp-image-796\" srcset=\"https:\/\/chata-id.pl\/wp-content\/uploads\/2016\/04\/dompodkaliszem01.jpg 301w, https:\/\/chata-id.pl\/wp-content\/uploads\/2016\/04\/dompodkaliszem01-201x300.jpg 201w\" sizes=\"auto, (max-width: 301px) 100vw, 301px\" \/><\/a><\/figure><\/li><li class=\"blocks-gallery-item\"><figure><a href=\"https:\/\/chata-id.pl\/wp-content\/uploads\/2016\/04\/dompodkaliszem10.jpg\"><img loading=\"lazy\" decoding=\"async\" width=\"674\" height=\"450\" src=\"https:\/\/chata-id.pl\/wp-content\/uploads\/2016\/04\/dompodkaliszem10.jpg\" alt=\"\" data-id=\"795\" data-full-url=\"https:\/\/chata-id.pl\/wp-content\/uploads\/2016\/04\/dompodkaliszem10.jpg\" data-link=\"https:\/\/chata-id.pl\/portfolio\/dom-pod-kaliszem\/dompodkaliszem10\/\" class=\"wp-image-795\" srcset=\"https:\/\/chata-id.pl\/wp-content\/uploads\/2016\/04\/dompodkaliszem10.jpg 674w, https:\/\/chata-id.pl\/wp-content\/uploads\/2016\/04\/dompodkaliszem10-300x200.jpg 300w, https:\/\/chata-id.pl\/wp-content\/uploads\/2016\/04\/dompodkaliszem10-420x280.jpg 420w\" sizes=\"auto, (max-width: 674px) 100vw, 674px\" \/><\/a><\/figure><\/li><\/ul><\/figure>\n","protected":false},"excerpt":{"rendered":"","protected":false},"author":1,"featured_media":0,"parent":217,"menu_order":0,"comment_status":"closed","ping_status":"closed","template":"","meta":{"inline_featured_image":false,"footnotes":""},"class_list":["post-641","page","type-page","status-publish","hentry"],"yoast_head":"<!-- This site is optimized with the Yoast SEO plugin v24.3 - https:\/\/yoast.com\/wordpress\/plugins\/seo\/ -->\n<title>House near Kalisz &#8226; Chata ID<\/title>\n<meta name=\"robots\" content=\"index, follow, max-snippet:-1, max-image-preview:large, max-video-preview:-1\" \/>\n<link rel=\"canonical\" href=\"https:\/\/chata-id.pl\/portfolio\/dom-pod-kaliszem\/\" \/>\n<meta property=\"og:locale\" content=\"en_US\" \/>\n<meta property=\"og:type\" content=\"article\" \/>\n<meta property=\"og:title\" content=\"[:pl]Dom pod Kaliszem[:en]House near Kalisz[:] &#8226; Chata ID\" \/>\n<meta property=\"og:url\" content=\"https:\/\/chata-id.pl\/portfolio\/dom-pod-kaliszem\/\" \/>\n<meta property=\"og:site_name\" content=\"Chata ID\" \/>\n<meta property=\"article:publisher\" content=\"https:\/\/facebook.com\/CHATA-ID-To%c5%bcsamo%c5%9b%c4%87-Twojego-wn%c4%99trza-116008675146984\/\" \/>\n<meta property=\"article:modified_time\" content=\"2020-04-20T17:25:03+00:00\" \/>\n<meta property=\"og:image\" content=\"https:\/\/chata-id.pl\/wp-content\/uploads\/2016\/04\/dompodkaliszem09.jpg\" \/>\n<meta name=\"twitter:card\" content=\"summary_large_image\" \/>\n<script type=\"application\/ld+json\" class=\"yoast-schema-graph\">{\"@context\":\"https:\/\/schema.org\",\"@graph\":[{\"@type\":\"WebPage\",\"@id\":\"https:\/\/chata-id.pl\/portfolio\/dom-pod-kaliszem\/\",\"url\":\"https:\/\/chata-id.pl\/portfolio\/dom-pod-kaliszem\/\",\"name\":\"[:pl]Dom pod Kaliszem[:en]House near Kalisz[:] &#8226; Chata ID\",\"isPartOf\":{\"@id\":\"https:\/\/chata-id.pl\/#website\"},\"primaryImageOfPage\":{\"@id\":\"https:\/\/chata-id.pl\/portfolio\/dom-pod-kaliszem\/#primaryimage\"},\"image\":{\"@id\":\"https:\/\/chata-id.pl\/portfolio\/dom-pod-kaliszem\/#primaryimage\"},\"thumbnailUrl\":\"https:\/\/chata-id.pl\/wp-content\/uploads\/2016\/04\/dompodkaliszem09.jpg\",\"datePublished\":\"2016-04-07T10:53:00+00:00\",\"dateModified\":\"2020-04-20T17:25:03+00:00\",\"breadcrumb\":{\"@id\":\"https:\/\/chata-id.pl\/portfolio\/dom-pod-kaliszem\/#breadcrumb\"},\"inLanguage\":\"en-US\",\"potentialAction\":[{\"@type\":\"ReadAction\",\"target\":[\"https:\/\/chata-id.pl\/portfolio\/dom-pod-kaliszem\/\"]}]},{\"@type\":\"ImageObject\",\"inLanguage\":\"en-US\",\"@id\":\"https:\/\/chata-id.pl\/portfolio\/dom-pod-kaliszem\/#primaryimage\",\"url\":\"https:\/\/chata-id.pl\/wp-content\/uploads\/2016\/04\/dompodkaliszem09.jpg\",\"contentUrl\":\"https:\/\/chata-id.pl\/wp-content\/uploads\/2016\/04\/dompodkaliszem09.jpg\"},{\"@type\":\"BreadcrumbList\",\"@id\":\"https:\/\/chata-id.pl\/portfolio\/dom-pod-kaliszem\/#breadcrumb\",\"itemListElement\":[{\"@type\":\"ListItem\",\"position\":1,\"name\":\"Strona g\u0142\u00f3wna\",\"item\":\"https:\/\/chata-id.pl\/\"},{\"@type\":\"ListItem\",\"position\":2,\"name\":\"Realizacje\",\"item\":\"https:\/\/chata-id.pl\/portfolio\/\"},{\"@type\":\"ListItem\",\"position\":3,\"name\":\"Dom pod Kaliszem\"}]},{\"@type\":\"WebSite\",\"@id\":\"https:\/\/chata-id.pl\/#website\",\"url\":\"https:\/\/chata-id.pl\/\",\"name\":\"Chata ID\",\"description\":\"To\u017csamo\u015b\u0107 Twojego wn\u0119trza\",\"publisher\":{\"@id\":\"https:\/\/chata-id.pl\/#organization\"},\"potentialAction\":[{\"@type\":\"SearchAction\",\"target\":{\"@type\":\"EntryPoint\",\"urlTemplate\":\"https:\/\/chata-id.pl\/?s={search_term_string}\"},\"query-input\":{\"@type\":\"PropertyValueSpecification\",\"valueRequired\":true,\"valueName\":\"search_term_string\"}}],\"inLanguage\":\"en-US\"},{\"@type\":\"Organization\",\"@id\":\"https:\/\/chata-id.pl\/#organization\",\"name\":\"CHATA ID - To\u017csamo\u015b\u0107 Twojego Wn\u0119trza - Nadarzyn\",\"url\":\"https:\/\/chata-id.pl\/\",\"logo\":{\"@type\":\"ImageObject\",\"inLanguage\":\"en-US\",\"@id\":\"https:\/\/chata-id.pl\/#\/schema\/logo\/image\/\",\"url\":\"https:\/\/chata-id.pl\/wp-content\/uploads\/2020\/04\/chata-id-logo-1.png\",\"contentUrl\":\"https:\/\/chata-id.pl\/wp-content\/uploads\/2020\/04\/chata-id-logo-1.png\",\"width\":236,\"height\":80,\"caption\":\"CHATA ID - To\u017csamo\u015b\u0107 Twojego Wn\u0119trza - Nadarzyn\"},\"image\":{\"@id\":\"https:\/\/chata-id.pl\/#\/schema\/logo\/image\/\"},\"sameAs\":[\"https:\/\/facebook.com\/CHATA-ID-To\u017csamo\u015b\u0107-Twojego-wn\u0119trza-116008675146984\/\"]}]}<\/script>\n<!-- \/ Yoast SEO plugin. -->","yoast_head_json":{"title":"[:pl]Dom pod Kaliszem[:en]House near Kalisz[:] &#8226; Chata ID","robots":{"index":"index","follow":"follow","max-snippet":"max-snippet:-1","max-image-preview":"max-image-preview:large","max-video-preview":"max-video-preview:-1"},"canonical":"https:\/\/chata-id.pl\/portfolio\/dom-pod-kaliszem\/","og_locale":"en_US","og_type":"article","og_title":"[:pl]Dom pod Kaliszem[:en]House near Kalisz[:] &#8226; Chata ID","og_url":"https:\/\/chata-id.pl\/portfolio\/dom-pod-kaliszem\/","og_site_name":"Chata ID","article_publisher":"https:\/\/facebook.com\/CHATA-ID-To%c5%bcsamo%c5%9b%c4%87-Twojego-wn%c4%99trza-116008675146984\/","article_modified_time":"2020-04-20T17:25:03+00:00","og_image":[{"url":"https:\/\/chata-id.pl\/wp-content\/uploads\/2016\/04\/dompodkaliszem09.jpg","type":"","width":"","height":""}],"twitter_card":"summary_large_image","schema":{"@context":"https:\/\/schema.org","@graph":[{"@type":"WebPage","@id":"https:\/\/chata-id.pl\/portfolio\/dom-pod-kaliszem\/","url":"https:\/\/chata-id.pl\/portfolio\/dom-pod-kaliszem\/","name":"[:pl]Dom pod Kaliszem[:en]House near Kalisz[:] &#8226; Chata ID","isPartOf":{"@id":"https:\/\/chata-id.pl\/#website"},"primaryImageOfPage":{"@id":"https:\/\/chata-id.pl\/portfolio\/dom-pod-kaliszem\/#primaryimage"},"image":{"@id":"https:\/\/chata-id.pl\/portfolio\/dom-pod-kaliszem\/#primaryimage"},"thumbnailUrl":"https:\/\/chata-id.pl\/wp-content\/uploads\/2016\/04\/dompodkaliszem09.jpg","datePublished":"2016-04-07T10:53:00+00:00","dateModified":"2020-04-20T17:25:03+00:00","breadcrumb":{"@id":"https:\/\/chata-id.pl\/portfolio\/dom-pod-kaliszem\/#breadcrumb"},"inLanguage":"en-US","potentialAction":[{"@type":"ReadAction","target":["https:\/\/chata-id.pl\/portfolio\/dom-pod-kaliszem\/"]}]},{"@type":"ImageObject","inLanguage":"en-US","@id":"https:\/\/chata-id.pl\/portfolio\/dom-pod-kaliszem\/#primaryimage","url":"https:\/\/chata-id.pl\/wp-content\/uploads\/2016\/04\/dompodkaliszem09.jpg","contentUrl":"https:\/\/chata-id.pl\/wp-content\/uploads\/2016\/04\/dompodkaliszem09.jpg"},{"@type":"BreadcrumbList","@id":"https:\/\/chata-id.pl\/portfolio\/dom-pod-kaliszem\/#breadcrumb","itemListElement":[{"@type":"ListItem","position":1,"name":"Strona g\u0142\u00f3wna","item":"https:\/\/chata-id.pl\/"},{"@type":"ListItem","position":2,"name":"Realizacje","item":"https:\/\/chata-id.pl\/portfolio\/"},{"@type":"ListItem","position":3,"name":"Dom pod Kaliszem"}]},{"@type":"WebSite","@id":"https:\/\/chata-id.pl\/#website","url":"https:\/\/chata-id.pl\/","name":"Chata ID","description":"To\u017csamo\u015b\u0107 Twojego wn\u0119trza","publisher":{"@id":"https:\/\/chata-id.pl\/#organization"},"potentialAction":[{"@type":"SearchAction","target":{"@type":"EntryPoint","urlTemplate":"https:\/\/chata-id.pl\/?s={search_term_string}"},"query-input":{"@type":"PropertyValueSpecification","valueRequired":true,"valueName":"search_term_string"}}],"inLanguage":"en-US"},{"@type":"Organization","@id":"https:\/\/chata-id.pl\/#organization","name":"CHATA ID - To\u017csamo\u015b\u0107 Twojego Wn\u0119trza - Nadarzyn","url":"https:\/\/chata-id.pl\/","logo":{"@type":"ImageObject","inLanguage":"en-US","@id":"https:\/\/chata-id.pl\/#\/schema\/logo\/image\/","url":"https:\/\/chata-id.pl\/wp-content\/uploads\/2020\/04\/chata-id-logo-1.png","contentUrl":"https:\/\/chata-id.pl\/wp-content\/uploads\/2020\/04\/chata-id-logo-1.png","width":236,"height":80,"caption":"CHATA ID - To\u017csamo\u015b\u0107 Twojego Wn\u0119trza - Nadarzyn"},"image":{"@id":"https:\/\/chata-id.pl\/#\/schema\/logo\/image\/"},"sameAs":["https:\/\/facebook.com\/CHATA-ID-To\u017csamo\u015b\u0107-Twojego-wn\u0119trza-116008675146984\/"]}]}},"_links":{"self":[{"href":"https:\/\/chata-id.pl\/en\/wp-json\/wp\/v2\/pages\/641","targetHints":{"allow":["GET"]}}],"collection":[{"href":"https:\/\/chata-id.pl\/en\/wp-json\/wp\/v2\/pages"}],"about":[{"href":"https:\/\/chata-id.pl\/en\/wp-json\/wp\/v2\/types\/page"}],"author":[{"embeddable":true,"href":"https:\/\/chata-id.pl\/en\/wp-json\/wp\/v2\/users\/1"}],"replies":[{"embeddable":true,"href":"https:\/\/chata-id.pl\/en\/wp-json\/wp\/v2\/comments?post=641"}],"version-history":[{"count":7,"href":"https:\/\/chata-id.pl\/en\/wp-json\/wp\/v2\/pages\/641\/revisions"}],"predecessor-version":[{"id":1574,"href":"https:\/\/chata-id.pl\/en\/wp-json\/wp\/v2\/pages\/641\/revisions\/1574"}],"up":[{"embeddable":true,"href":"https:\/\/chata-id.pl\/en\/wp-json\/wp\/v2\/pages\/217"}],"wp:attachment":[{"href":"https:\/\/chata-id.pl\/en\/wp-json\/wp\/v2\/media?parent=641"}],"curies":[{"name":"wp","href":"https:\/\/api.w.org\/{rel}","templated":true}]}}