{"id":635,"date":"2016-04-07T10:52:23","date_gmt":"2016-04-07T10:52:23","guid":{"rendered":"http:\/\/www.chata-id.pl\/?page_id=635"},"modified":"2020-04-20T17:23:47","modified_gmt":"2020-04-20T17:23:47","slug":"mieszkanie-bemowo","status":"publish","type":"page","link":"https:\/\/chata-id.pl\/en\/portfolio\/mieszkanie-bemowo\/","title":{"rendered":"Flat Bemowo"},"content":{"rendered":"\n<p>Projekt i <strong>aran\u017cacja<\/strong> wn\u0119trza <strong>mieszkania<\/strong> w <strong>Warszawie<\/strong> (\u201epod klucz\u201d). W tej aran\u017cacji ciep\u0142y kolor naturalnej, korkowej pod\u0142ogi przygasa, \u0142\u0105cz\u0105c si\u0119 z szaro\u015bciami pokrywaj\u0105cymi \u015bciany.<\/p>\n\n\n\n<figure class=\"wp-block-gallery alignwide columns-4 is-cropped wp-block-gallery-1 is-layout-flex wp-block-gallery-is-layout-flex\"><ul class=\"blocks-gallery-grid\"><li class=\"blocks-gallery-item\"><figure><a href=\"https:\/\/chata-id.pl\/wp-content\/uploads\/2016\/04\/mieszkanie_bemowo_08.jpg\"><img loading=\"lazy\" decoding=\"async\" width=\"1000\" height=\"666\" src=\"https:\/\/chata-id.pl\/wp-content\/uploads\/2016\/04\/mieszkanie_bemowo_08.jpg\" alt=\"\" data-id=\"749\" data-full-url=\"https:\/\/chata-id.pl\/wp-content\/uploads\/2016\/04\/mieszkanie_bemowo_08.jpg\" data-link=\"https:\/\/chata-id.pl\/portfolio\/mieszkanie-bemowo\/mieszkanie_bemowo_08\/\" class=\"wp-image-749\" srcset=\"https:\/\/chata-id.pl\/wp-content\/uploads\/2016\/04\/mieszkanie_bemowo_08.jpg 1000w, https:\/\/chata-id.pl\/wp-content\/uploads\/2016\/04\/mieszkanie_bemowo_08-300x200.jpg 300w, https:\/\/chata-id.pl\/wp-content\/uploads\/2016\/04\/mieszkanie_bemowo_08-420x280.jpg 420w\" sizes=\"auto, (max-width: 1000px) 100vw, 1000px\" \/><\/a><\/figure><\/li><li class=\"blocks-gallery-item\"><figure><a href=\"https:\/\/chata-id.pl\/wp-content\/uploads\/2016\/04\/mieszkanie_bemowo_07.jpg\"><img loading=\"lazy\" decoding=\"async\" width=\"1000\" height=\"327\" src=\"https:\/\/chata-id.pl\/wp-content\/uploads\/2016\/04\/mieszkanie_bemowo_07.jpg\" alt=\"\" data-id=\"748\" data-full-url=\"https:\/\/chata-id.pl\/wp-content\/uploads\/2016\/04\/mieszkanie_bemowo_07.jpg\" data-link=\"https:\/\/chata-id.pl\/portfolio\/mieszkanie-bemowo\/mieszkanie_bemowo_07\/\" class=\"wp-image-748\" srcset=\"https:\/\/chata-id.pl\/wp-content\/uploads\/2016\/04\/mieszkanie_bemowo_07.jpg 1000w, https:\/\/chata-id.pl\/wp-content\/uploads\/2016\/04\/mieszkanie_bemowo_07-300x98.jpg 300w, https:\/\/chata-id.pl\/wp-content\/uploads\/2016\/04\/mieszkanie_bemowo_07-420x137.jpg 420w\" sizes=\"auto, (max-width: 1000px) 100vw, 1000px\" \/><\/a><\/figure><\/li><li class=\"blocks-gallery-item\"><figure><a href=\"https:\/\/chata-id.pl\/wp-content\/uploads\/2016\/04\/mieszkanie_bemowo_06.jpg\"><img loading=\"lazy\" decoding=\"async\" width=\"681\" height=\"1024\" src=\"https:\/\/chata-id.pl\/wp-content\/uploads\/2016\/04\/mieszkanie_bemowo_06-681x1024.jpg\" alt=\"\" data-id=\"747\" data-full-url=\"https:\/\/chata-id.pl\/wp-content\/uploads\/2016\/04\/mieszkanie_bemowo_06.jpg\" data-link=\"https:\/\/chata-id.pl\/portfolio\/mieszkanie-bemowo\/mieszkanie_bemowo_06\/\" class=\"wp-image-747\" srcset=\"https:\/\/chata-id.pl\/wp-content\/uploads\/2016\/04\/mieszkanie_bemowo_06-681x1024.jpg 681w, https:\/\/chata-id.pl\/wp-content\/uploads\/2016\/04\/mieszkanie_bemowo_06-200x300.jpg 200w, https:\/\/chata-id.pl\/wp-content\/uploads\/2016\/04\/mieszkanie_bemowo_06-420x631.jpg 420w, https:\/\/chata-id.pl\/wp-content\/uploads\/2016\/04\/mieszkanie_bemowo_06.jpg 740w\" sizes=\"auto, (max-width: 681px) 100vw, 681px\" \/><\/a><\/figure><\/li><li class=\"blocks-gallery-item\"><figure><a href=\"https:\/\/chata-id.pl\/wp-content\/uploads\/2016\/04\/mieszkanie_bemowo_05.jpg\"><img loading=\"lazy\" decoding=\"async\" width=\"461\" height=\"534\" src=\"https:\/\/chata-id.pl\/wp-content\/uploads\/2016\/04\/mieszkanie_bemowo_05.jpg\" alt=\"\" data-id=\"746\" data-full-url=\"https:\/\/chata-id.pl\/wp-content\/uploads\/2016\/04\/mieszkanie_bemowo_05.jpg\" data-link=\"https:\/\/chata-id.pl\/portfolio\/mieszkanie-bemowo\/mieszkanie_bemowo_05\/\" class=\"wp-image-746\" srcset=\"https:\/\/chata-id.pl\/wp-content\/uploads\/2016\/04\/mieszkanie_bemowo_05.jpg 461w, https:\/\/chata-id.pl\/wp-content\/uploads\/2016\/04\/mieszkanie_bemowo_05-259x300.jpg 259w, https:\/\/chata-id.pl\/wp-content\/uploads\/2016\/04\/mieszkanie_bemowo_05-420x487.jpg 420w\" sizes=\"auto, (max-width: 461px) 100vw, 461px\" \/><\/a><\/figure><\/li><li class=\"blocks-gallery-item\"><figure><a href=\"https:\/\/chata-id.pl\/wp-content\/uploads\/2016\/04\/mieszkanie_bemowo_04.jpg\"><img loading=\"lazy\" decoding=\"async\" width=\"522\" height=\"495\" src=\"https:\/\/chata-id.pl\/wp-content\/uploads\/2016\/04\/mieszkanie_bemowo_04.jpg\" alt=\"\" data-id=\"745\" data-full-url=\"https:\/\/chata-id.pl\/wp-content\/uploads\/2016\/04\/mieszkanie_bemowo_04.jpg\" data-link=\"https:\/\/chata-id.pl\/portfolio\/mieszkanie-bemowo\/mieszkanie_bemowo_04\/\" class=\"wp-image-745\" srcset=\"https:\/\/chata-id.pl\/wp-content\/uploads\/2016\/04\/mieszkanie_bemowo_04.jpg 522w, https:\/\/chata-id.pl\/wp-content\/uploads\/2016\/04\/mieszkanie_bemowo_04-300x284.jpg 300w, https:\/\/chata-id.pl\/wp-content\/uploads\/2016\/04\/mieszkanie_bemowo_04-420x398.jpg 420w\" sizes=\"auto, (max-width: 522px) 100vw, 522px\" \/><\/a><\/figure><\/li><li class=\"blocks-gallery-item\"><figure><a href=\"https:\/\/chata-id.pl\/wp-content\/uploads\/2016\/04\/mieszkanie_bemowo_03.jpg\"><img loading=\"lazy\" decoding=\"async\" width=\"740\" height=\"945\" src=\"https:\/\/chata-id.pl\/wp-content\/uploads\/2016\/04\/mieszkanie_bemowo_03.jpg\" alt=\"\" data-id=\"744\" data-full-url=\"https:\/\/chata-id.pl\/wp-content\/uploads\/2016\/04\/mieszkanie_bemowo_03.jpg\" data-link=\"https:\/\/chata-id.pl\/portfolio\/mieszkanie-bemowo\/mieszkanie_bemowo_03\/\" class=\"wp-image-744\" srcset=\"https:\/\/chata-id.pl\/wp-content\/uploads\/2016\/04\/mieszkanie_bemowo_03.jpg 740w, https:\/\/chata-id.pl\/wp-content\/uploads\/2016\/04\/mieszkanie_bemowo_03-235x300.jpg 235w, https:\/\/chata-id.pl\/wp-content\/uploads\/2016\/04\/mieszkanie_bemowo_03-420x536.jpg 420w\" sizes=\"auto, (max-width: 740px) 100vw, 740px\" \/><\/a><\/figure><\/li><li class=\"blocks-gallery-item\"><figure><a href=\"https:\/\/chata-id.pl\/wp-content\/uploads\/2016\/04\/mieszkanie_bemowo_02.jpg\"><img loading=\"lazy\" decoding=\"async\" width=\"739\" height=\"1024\" src=\"https:\/\/chata-id.pl\/wp-content\/uploads\/2016\/04\/mieszkanie_bemowo_02-739x1024.jpg\" alt=\"\" data-id=\"743\" data-full-url=\"https:\/\/chata-id.pl\/wp-content\/uploads\/2016\/04\/mieszkanie_bemowo_02.jpg\" data-link=\"https:\/\/chata-id.pl\/portfolio\/mieszkanie-bemowo\/mieszkanie_bemowo_02\/\" class=\"wp-image-743\" srcset=\"https:\/\/chata-id.pl\/wp-content\/uploads\/2016\/04\/mieszkanie_bemowo_02-739x1024.jpg 739w, https:\/\/chata-id.pl\/wp-content\/uploads\/2016\/04\/mieszkanie_bemowo_02-216x300.jpg 216w, https:\/\/chata-id.pl\/wp-content\/uploads\/2016\/04\/mieszkanie_bemowo_02-420x582.jpg 420w, https:\/\/chata-id.pl\/wp-content\/uploads\/2016\/04\/mieszkanie_bemowo_02.jpg 740w\" sizes=\"auto, (max-width: 739px) 100vw, 739px\" \/><\/a><\/figure><\/li><li class=\"blocks-gallery-item\"><figure><a href=\"https:\/\/chata-id.pl\/wp-content\/uploads\/2016\/04\/mieszkanie_bemowo_01.jpg\"><img loading=\"lazy\" decoding=\"async\" width=\"1000\" height=\"410\" src=\"https:\/\/chata-id.pl\/wp-content\/uploads\/2016\/04\/mieszkanie_bemowo_01.jpg\" alt=\"\" data-id=\"742\" data-full-url=\"https:\/\/chata-id.pl\/wp-content\/uploads\/2016\/04\/mieszkanie_bemowo_01.jpg\" data-link=\"https:\/\/chata-id.pl\/portfolio\/mieszkanie-bemowo\/mieszkanie_bemowo_01\/\" class=\"wp-image-742\" srcset=\"https:\/\/chata-id.pl\/wp-content\/uploads\/2016\/04\/mieszkanie_bemowo_01.jpg 1000w, https:\/\/chata-id.pl\/wp-content\/uploads\/2016\/04\/mieszkanie_bemowo_01-300x123.jpg 300w, https:\/\/chata-id.pl\/wp-content\/uploads\/2016\/04\/mieszkanie_bemowo_01-420x172.jpg 420w\" sizes=\"auto, (max-width: 1000px) 100vw, 1000px\" \/><\/a><\/figure><\/li><li class=\"blocks-gallery-item\"><figure><a href=\"https:\/\/chata-id.pl\/wp-content\/uploads\/2016\/04\/mieszkanie_bemowo_09.jpg\"><img loading=\"lazy\" decoding=\"async\" width=\"740\" height=\"518\" src=\"https:\/\/chata-id.pl\/wp-content\/uploads\/2016\/04\/mieszkanie_bemowo_09.jpg\" alt=\"\" data-id=\"741\" data-full-url=\"https:\/\/chata-id.pl\/wp-content\/uploads\/2016\/04\/mieszkanie_bemowo_09.jpg\" data-link=\"https:\/\/chata-id.pl\/portfolio\/mieszkanie-bemowo\/mieszkanie_bemowo_09\/\" class=\"wp-image-741\" srcset=\"https:\/\/chata-id.pl\/wp-content\/uploads\/2016\/04\/mieszkanie_bemowo_09.jpg 740w, https:\/\/chata-id.pl\/wp-content\/uploads\/2016\/04\/mieszkanie_bemowo_09-300x210.jpg 300w, https:\/\/chata-id.pl\/wp-content\/uploads\/2016\/04\/mieszkanie_bemowo_09-420x294.jpg 420w\" sizes=\"auto, (max-width: 740px) 100vw, 740px\" \/><\/a><\/figure><\/li><\/ul><\/figure>\n","protected":false},"excerpt":{"rendered":"<p>Projekt i aran\u017cacja wn\u0119trza mieszkania w Warszawie (\u201epod klucz\u201d). W tej aran\u017cacji ciep\u0142y kolor naturalnej, korkowej pod\u0142ogi przygasa, \u0142\u0105cz\u0105c si\u0119 z szaro\u015bciami pokrywaj\u0105cymi \u015bciany.<\/p>\n","protected":false},"author":1,"featured_media":0,"parent":217,"menu_order":0,"comment_status":"closed","ping_status":"closed","template":"","meta":{"inline_featured_image":false,"footnotes":""},"class_list":["post-635","page","type-page","status-publish","hentry"],"yoast_head":"<!-- This site is optimized with the Yoast SEO plugin v24.3 - https:\/\/yoast.com\/wordpress\/plugins\/seo\/ -->\n<title>Flat Bemowo &#8226; Chata ID<\/title>\n<meta name=\"robots\" content=\"index, follow, max-snippet:-1, max-image-preview:large, max-video-preview:-1\" \/>\n<link rel=\"canonical\" href=\"https:\/\/chata-id.pl\/portfolio\/mieszkanie-bemowo\/\" \/>\n<meta property=\"og:locale\" content=\"en_US\" \/>\n<meta property=\"og:type\" content=\"article\" \/>\n<meta property=\"og:title\" content=\"[:pl]Mieszkanie Bemowo[:en]Flat Bemowo[:] &#8226; Chata ID\" \/>\n<meta property=\"og:description\" content=\"Projekt i aran\u017cacja wn\u0119trza mieszkania w Warszawie (\u201epod klucz\u201d). W tej aran\u017cacji ciep\u0142y kolor naturalnej, korkowej pod\u0142ogi przygasa, \u0142\u0105cz\u0105c si\u0119 z szaro\u015bciami pokrywaj\u0105cymi \u015bciany.\" \/>\n<meta property=\"og:url\" content=\"https:\/\/chata-id.pl\/portfolio\/mieszkanie-bemowo\/\" \/>\n<meta property=\"og:site_name\" content=\"Chata ID\" \/>\n<meta property=\"article:publisher\" content=\"https:\/\/facebook.com\/CHATA-ID-To%c5%bcsamo%c5%9b%c4%87-Twojego-wn%c4%99trza-116008675146984\/\" \/>\n<meta property=\"article:modified_time\" content=\"2020-04-20T17:23:47+00:00\" \/>\n<meta property=\"og:image\" content=\"https:\/\/chata-id.pl\/wp-content\/uploads\/2016\/04\/mieszkanie_bemowo_08.jpg\" \/>\n<meta name=\"twitter:card\" content=\"summary_large_image\" \/>\n<script type=\"application\/ld+json\" class=\"yoast-schema-graph\">{\"@context\":\"https:\/\/schema.org\",\"@graph\":[{\"@type\":\"WebPage\",\"@id\":\"https:\/\/chata-id.pl\/portfolio\/mieszkanie-bemowo\/\",\"url\":\"https:\/\/chata-id.pl\/portfolio\/mieszkanie-bemowo\/\",\"name\":\"[:pl]Mieszkanie Bemowo[:en]Flat Bemowo[:] &#8226; Chata ID\",\"isPartOf\":{\"@id\":\"https:\/\/chata-id.pl\/#website\"},\"primaryImageOfPage\":{\"@id\":\"https:\/\/chata-id.pl\/portfolio\/mieszkanie-bemowo\/#primaryimage\"},\"image\":{\"@id\":\"https:\/\/chata-id.pl\/portfolio\/mieszkanie-bemowo\/#primaryimage\"},\"thumbnailUrl\":\"https:\/\/chata-id.pl\/wp-content\/uploads\/2016\/04\/mieszkanie_bemowo_08.jpg\",\"datePublished\":\"2016-04-07T10:52:23+00:00\",\"dateModified\":\"2020-04-20T17:23:47+00:00\",\"breadcrumb\":{\"@id\":\"https:\/\/chata-id.pl\/portfolio\/mieszkanie-bemowo\/#breadcrumb\"},\"inLanguage\":\"en-US\",\"potentialAction\":[{\"@type\":\"ReadAction\",\"target\":[\"https:\/\/chata-id.pl\/portfolio\/mieszkanie-bemowo\/\"]}]},{\"@type\":\"ImageObject\",\"inLanguage\":\"en-US\",\"@id\":\"https:\/\/chata-id.pl\/portfolio\/mieszkanie-bemowo\/#primaryimage\",\"url\":\"https:\/\/chata-id.pl\/wp-content\/uploads\/2016\/04\/mieszkanie_bemowo_08.jpg\",\"contentUrl\":\"https:\/\/chata-id.pl\/wp-content\/uploads\/2016\/04\/mieszkanie_bemowo_08.jpg\"},{\"@type\":\"BreadcrumbList\",\"@id\":\"https:\/\/chata-id.pl\/portfolio\/mieszkanie-bemowo\/#breadcrumb\",\"itemListElement\":[{\"@type\":\"ListItem\",\"position\":1,\"name\":\"Strona g\u0142\u00f3wna\",\"item\":\"https:\/\/chata-id.pl\/\"},{\"@type\":\"ListItem\",\"position\":2,\"name\":\"Realizacje\",\"item\":\"https:\/\/chata-id.pl\/portfolio\/\"},{\"@type\":\"ListItem\",\"position\":3,\"name\":\"Mieszkanie Bemowo\"}]},{\"@type\":\"WebSite\",\"@id\":\"https:\/\/chata-id.pl\/#website\",\"url\":\"https:\/\/chata-id.pl\/\",\"name\":\"Chata ID\",\"description\":\"To\u017csamo\u015b\u0107 Twojego wn\u0119trza\",\"publisher\":{\"@id\":\"https:\/\/chata-id.pl\/#organization\"},\"potentialAction\":[{\"@type\":\"SearchAction\",\"target\":{\"@type\":\"EntryPoint\",\"urlTemplate\":\"https:\/\/chata-id.pl\/?s={search_term_string}\"},\"query-input\":{\"@type\":\"PropertyValueSpecification\",\"valueRequired\":true,\"valueName\":\"search_term_string\"}}],\"inLanguage\":\"en-US\"},{\"@type\":\"Organization\",\"@id\":\"https:\/\/chata-id.pl\/#organization\",\"name\":\"CHATA ID - To\u017csamo\u015b\u0107 Twojego Wn\u0119trza - Nadarzyn\",\"url\":\"https:\/\/chata-id.pl\/\",\"logo\":{\"@type\":\"ImageObject\",\"inLanguage\":\"en-US\",\"@id\":\"https:\/\/chata-id.pl\/#\/schema\/logo\/image\/\",\"url\":\"https:\/\/chata-id.pl\/wp-content\/uploads\/2020\/04\/chata-id-logo-1.png\",\"contentUrl\":\"https:\/\/chata-id.pl\/wp-content\/uploads\/2020\/04\/chata-id-logo-1.png\",\"width\":236,\"height\":80,\"caption\":\"CHATA ID - To\u017csamo\u015b\u0107 Twojego Wn\u0119trza - Nadarzyn\"},\"image\":{\"@id\":\"https:\/\/chata-id.pl\/#\/schema\/logo\/image\/\"},\"sameAs\":[\"https:\/\/facebook.com\/CHATA-ID-To\u017csamo\u015b\u0107-Twojego-wn\u0119trza-116008675146984\/\"]}]}<\/script>\n<!-- \/ Yoast SEO plugin. -->","yoast_head_json":{"title":"[:pl]Mieszkanie Bemowo[:en]Flat Bemowo[:] &#8226; Chata ID","robots":{"index":"index","follow":"follow","max-snippet":"max-snippet:-1","max-image-preview":"max-image-preview:large","max-video-preview":"max-video-preview:-1"},"canonical":"https:\/\/chata-id.pl\/portfolio\/mieszkanie-bemowo\/","og_locale":"en_US","og_type":"article","og_title":"[:pl]Mieszkanie Bemowo[:en]Flat Bemowo[:] &#8226; Chata ID","og_description":"Projekt i aran\u017cacja wn\u0119trza mieszkania w Warszawie (\u201epod klucz\u201d). W tej aran\u017cacji ciep\u0142y kolor naturalnej, korkowej pod\u0142ogi przygasa, \u0142\u0105cz\u0105c si\u0119 z szaro\u015bciami pokrywaj\u0105cymi \u015bciany.","og_url":"https:\/\/chata-id.pl\/portfolio\/mieszkanie-bemowo\/","og_site_name":"Chata ID","article_publisher":"https:\/\/facebook.com\/CHATA-ID-To%c5%bcsamo%c5%9b%c4%87-Twojego-wn%c4%99trza-116008675146984\/","article_modified_time":"2020-04-20T17:23:47+00:00","og_image":[{"url":"https:\/\/chata-id.pl\/wp-content\/uploads\/2016\/04\/mieszkanie_bemowo_08.jpg","type":"","width":"","height":""}],"twitter_card":"summary_large_image","schema":{"@context":"https:\/\/schema.org","@graph":[{"@type":"WebPage","@id":"https:\/\/chata-id.pl\/portfolio\/mieszkanie-bemowo\/","url":"https:\/\/chata-id.pl\/portfolio\/mieszkanie-bemowo\/","name":"[:pl]Mieszkanie Bemowo[:en]Flat Bemowo[:] &#8226; Chata ID","isPartOf":{"@id":"https:\/\/chata-id.pl\/#website"},"primaryImageOfPage":{"@id":"https:\/\/chata-id.pl\/portfolio\/mieszkanie-bemowo\/#primaryimage"},"image":{"@id":"https:\/\/chata-id.pl\/portfolio\/mieszkanie-bemowo\/#primaryimage"},"thumbnailUrl":"https:\/\/chata-id.pl\/wp-content\/uploads\/2016\/04\/mieszkanie_bemowo_08.jpg","datePublished":"2016-04-07T10:52:23+00:00","dateModified":"2020-04-20T17:23:47+00:00","breadcrumb":{"@id":"https:\/\/chata-id.pl\/portfolio\/mieszkanie-bemowo\/#breadcrumb"},"inLanguage":"en-US","potentialAction":[{"@type":"ReadAction","target":["https:\/\/chata-id.pl\/portfolio\/mieszkanie-bemowo\/"]}]},{"@type":"ImageObject","inLanguage":"en-US","@id":"https:\/\/chata-id.pl\/portfolio\/mieszkanie-bemowo\/#primaryimage","url":"https:\/\/chata-id.pl\/wp-content\/uploads\/2016\/04\/mieszkanie_bemowo_08.jpg","contentUrl":"https:\/\/chata-id.pl\/wp-content\/uploads\/2016\/04\/mieszkanie_bemowo_08.jpg"},{"@type":"BreadcrumbList","@id":"https:\/\/chata-id.pl\/portfolio\/mieszkanie-bemowo\/#breadcrumb","itemListElement":[{"@type":"ListItem","position":1,"name":"Strona g\u0142\u00f3wna","item":"https:\/\/chata-id.pl\/"},{"@type":"ListItem","position":2,"name":"Realizacje","item":"https:\/\/chata-id.pl\/portfolio\/"},{"@type":"ListItem","position":3,"name":"Mieszkanie Bemowo"}]},{"@type":"WebSite","@id":"https:\/\/chata-id.pl\/#website","url":"https:\/\/chata-id.pl\/","name":"Chata ID","description":"To\u017csamo\u015b\u0107 Twojego wn\u0119trza","publisher":{"@id":"https:\/\/chata-id.pl\/#organization"},"potentialAction":[{"@type":"SearchAction","target":{"@type":"EntryPoint","urlTemplate":"https:\/\/chata-id.pl\/?s={search_term_string}"},"query-input":{"@type":"PropertyValueSpecification","valueRequired":true,"valueName":"search_term_string"}}],"inLanguage":"en-US"},{"@type":"Organization","@id":"https:\/\/chata-id.pl\/#organization","name":"CHATA ID - To\u017csamo\u015b\u0107 Twojego Wn\u0119trza - Nadarzyn","url":"https:\/\/chata-id.pl\/","logo":{"@type":"ImageObject","inLanguage":"en-US","@id":"https:\/\/chata-id.pl\/#\/schema\/logo\/image\/","url":"https:\/\/chata-id.pl\/wp-content\/uploads\/2020\/04\/chata-id-logo-1.png","contentUrl":"https:\/\/chata-id.pl\/wp-content\/uploads\/2020\/04\/chata-id-logo-1.png","width":236,"height":80,"caption":"CHATA ID - To\u017csamo\u015b\u0107 Twojego Wn\u0119trza - Nadarzyn"},"image":{"@id":"https:\/\/chata-id.pl\/#\/schema\/logo\/image\/"},"sameAs":["https:\/\/facebook.com\/CHATA-ID-To\u017csamo\u015b\u0107-Twojego-wn\u0119trza-116008675146984\/"]}]}},"_links":{"self":[{"href":"https:\/\/chata-id.pl\/en\/wp-json\/wp\/v2\/pages\/635","targetHints":{"allow":["GET"]}}],"collection":[{"href":"https:\/\/chata-id.pl\/en\/wp-json\/wp\/v2\/pages"}],"about":[{"href":"https:\/\/chata-id.pl\/en\/wp-json\/wp\/v2\/types\/page"}],"author":[{"embeddable":true,"href":"https:\/\/chata-id.pl\/en\/wp-json\/wp\/v2\/users\/1"}],"replies":[{"embeddable":true,"href":"https:\/\/chata-id.pl\/en\/wp-json\/wp\/v2\/comments?post=635"}],"version-history":[{"count":7,"href":"https:\/\/chata-id.pl\/en\/wp-json\/wp\/v2\/pages\/635\/revisions"}],"predecessor-version":[{"id":1571,"href":"https:\/\/chata-id.pl\/en\/wp-json\/wp\/v2\/pages\/635\/revisions\/1571"}],"up":[{"embeddable":true,"href":"https:\/\/chata-id.pl\/en\/wp-json\/wp\/v2\/pages\/217"}],"wp:attachment":[{"href":"https:\/\/chata-id.pl\/en\/wp-json\/wp\/v2\/media?parent=635"}],"curies":[{"name":"wp","href":"https:\/\/api.w.org\/{rel}","templated":true}]}}