{"id":629,"date":"2016-04-07T10:51:44","date_gmt":"2016-04-07T10:51:44","guid":{"rendered":"http:\/\/www.chata-id.pl\/?page_id=629"},"modified":"2020-04-17T16:45:20","modified_gmt":"2020-04-17T16:45:20","slug":"mieszkanie-wola-2","status":"publish","type":"page","link":"https:\/\/chata-id.pl\/en\/portfolio\/mieszkanie-wola-2\/","title":{"rendered":"Flat Wola 2"},"content":{"rendered":"\n<figure class=\"wp-block-gallery alignwide columns-4 is-cropped wp-block-gallery-1 is-layout-flex wp-block-gallery-is-layout-flex\"><ul class=\"blocks-gallery-grid\"><li class=\"blocks-gallery-item\"><figure><a href=\"https:\/\/chata-id.pl\/wp-content\/uploads\/2011\/11\/mini.jpg\"><img loading=\"lazy\" decoding=\"async\" width=\"200\" height=\"200\" src=\"https:\/\/chata-id.pl\/wp-content\/uploads\/2011\/11\/mini.jpg\" alt=\"\" data-id=\"1173\" data-full-url=\"https:\/\/chata-id.pl\/wp-content\/uploads\/2011\/11\/mini.jpg\" data-link=\"https:\/\/chata-id.pl\/portfolio\/mini-2\/\" class=\"wp-image-1173\" srcset=\"https:\/\/chata-id.pl\/wp-content\/uploads\/2011\/11\/mini.jpg 200w, https:\/\/chata-id.pl\/wp-content\/uploads\/2011\/11\/mini-150x150.jpg 150w\" sizes=\"auto, (max-width: 200px) 100vw, 200px\" \/><\/a><\/figure><\/li><li class=\"blocks-gallery-item\"><figure><a href=\"https:\/\/chata-id.pl\/wp-content\/uploads\/2017\/09\/16_MG_4176b.jpg\"><img loading=\"lazy\" decoding=\"async\" width=\"1024\" height=\"682\" src=\"https:\/\/chata-id.pl\/wp-content\/uploads\/2017\/09\/16_MG_4176b-1024x682.jpg\" alt=\"\" data-id=\"1169\" data-full-url=\"https:\/\/chata-id.pl\/wp-content\/uploads\/2017\/09\/16_MG_4176b.jpg\" data-link=\"https:\/\/chata-id.pl\/portfolio\/mieszkanie-trzypokojowe-warszawa-wola\/16_mg_4176b\/\" class=\"wp-image-1169\" srcset=\"https:\/\/chata-id.pl\/wp-content\/uploads\/2017\/09\/16_MG_4176b-1024x682.jpg 1024w, https:\/\/chata-id.pl\/wp-content\/uploads\/2017\/09\/16_MG_4176b-300x200.jpg 300w, https:\/\/chata-id.pl\/wp-content\/uploads\/2017\/09\/16_MG_4176b-420x280.jpg 420w, https:\/\/chata-id.pl\/wp-content\/uploads\/2017\/09\/16_MG_4176b.jpg 1280w\" sizes=\"auto, (max-width: 1024px) 100vw, 1024px\" \/><\/a><\/figure><\/li><li class=\"blocks-gallery-item\"><figure><a href=\"https:\/\/chata-id.pl\/wp-content\/uploads\/2017\/09\/15_MG_4174b.jpg\"><img loading=\"lazy\" decoding=\"async\" width=\"1024\" height=\"682\" src=\"https:\/\/chata-id.pl\/wp-content\/uploads\/2017\/09\/15_MG_4174b-1024x682.jpg\" alt=\"\" data-id=\"1168\" data-full-url=\"https:\/\/chata-id.pl\/wp-content\/uploads\/2017\/09\/15_MG_4174b.jpg\" data-link=\"https:\/\/chata-id.pl\/portfolio\/mieszkanie-trzypokojowe-warszawa-wola\/15_mg_4174b\/\" class=\"wp-image-1168\" srcset=\"https:\/\/chata-id.pl\/wp-content\/uploads\/2017\/09\/15_MG_4174b-1024x682.jpg 1024w, https:\/\/chata-id.pl\/wp-content\/uploads\/2017\/09\/15_MG_4174b-300x200.jpg 300w, https:\/\/chata-id.pl\/wp-content\/uploads\/2017\/09\/15_MG_4174b-420x280.jpg 420w, https:\/\/chata-id.pl\/wp-content\/uploads\/2017\/09\/15_MG_4174b.jpg 1280w\" sizes=\"auto, (max-width: 1024px) 100vw, 1024px\" \/><\/a><\/figure><\/li><li class=\"blocks-gallery-item\"><figure><a href=\"https:\/\/chata-id.pl\/wp-content\/uploads\/2017\/09\/14_MG_4178b_V2.jpg\"><img loading=\"lazy\" decoding=\"async\" width=\"1024\" height=\"657\" src=\"https:\/\/chata-id.pl\/wp-content\/uploads\/2017\/09\/14_MG_4178b_V2-1024x657.jpg\" alt=\"\" data-id=\"1167\" data-full-url=\"https:\/\/chata-id.pl\/wp-content\/uploads\/2017\/09\/14_MG_4178b_V2.jpg\" data-link=\"https:\/\/chata-id.pl\/portfolio\/mieszkanie-trzypokojowe-warszawa-wola\/14_mg_4178b_v2\/\" class=\"wp-image-1167\" srcset=\"https:\/\/chata-id.pl\/wp-content\/uploads\/2017\/09\/14_MG_4178b_V2-1024x657.jpg 1024w, https:\/\/chata-id.pl\/wp-content\/uploads\/2017\/09\/14_MG_4178b_V2-300x192.jpg 300w, https:\/\/chata-id.pl\/wp-content\/uploads\/2017\/09\/14_MG_4178b_V2-420x269.jpg 420w, https:\/\/chata-id.pl\/wp-content\/uploads\/2017\/09\/14_MG_4178b_V2.jpg 1280w\" sizes=\"auto, (max-width: 1024px) 100vw, 1024px\" \/><\/a><\/figure><\/li><li class=\"blocks-gallery-item\"><figure><a href=\"https:\/\/chata-id.pl\/wp-content\/uploads\/2017\/09\/13_MG_4127a.jpg\"><img loading=\"lazy\" decoding=\"async\" width=\"1024\" height=\"682\" src=\"https:\/\/chata-id.pl\/wp-content\/uploads\/2017\/09\/13_MG_4127a-1024x682.jpg\" alt=\"\" data-id=\"1166\" data-full-url=\"https:\/\/chata-id.pl\/wp-content\/uploads\/2017\/09\/13_MG_4127a.jpg\" data-link=\"https:\/\/chata-id.pl\/portfolio\/mieszkanie-trzypokojowe-warszawa-wola\/13_mg_4127a\/\" class=\"wp-image-1166\" srcset=\"https:\/\/chata-id.pl\/wp-content\/uploads\/2017\/09\/13_MG_4127a-1024x682.jpg 1024w, https:\/\/chata-id.pl\/wp-content\/uploads\/2017\/09\/13_MG_4127a-300x200.jpg 300w, https:\/\/chata-id.pl\/wp-content\/uploads\/2017\/09\/13_MG_4127a-420x280.jpg 420w, https:\/\/chata-id.pl\/wp-content\/uploads\/2017\/09\/13_MG_4127a.jpg 1280w\" sizes=\"auto, (max-width: 1024px) 100vw, 1024px\" \/><\/a><\/figure><\/li><li class=\"blocks-gallery-item\"><figure><a href=\"https:\/\/chata-id.pl\/wp-content\/uploads\/2017\/09\/11_MG_4166a.jpg\"><img loading=\"lazy\" decoding=\"async\" width=\"1024\" height=\"693\" src=\"https:\/\/chata-id.pl\/wp-content\/uploads\/2017\/09\/11_MG_4166a-1024x693.jpg\" alt=\"\" data-id=\"1165\" data-full-url=\"https:\/\/chata-id.pl\/wp-content\/uploads\/2017\/09\/11_MG_4166a.jpg\" data-link=\"https:\/\/chata-id.pl\/portfolio\/mieszkanie-trzypokojowe-warszawa-wola\/11_mg_4166a\/\" class=\"wp-image-1165\" srcset=\"https:\/\/chata-id.pl\/wp-content\/uploads\/2017\/09\/11_MG_4166a-1024x693.jpg 1024w, https:\/\/chata-id.pl\/wp-content\/uploads\/2017\/09\/11_MG_4166a-300x203.jpg 300w, https:\/\/chata-id.pl\/wp-content\/uploads\/2017\/09\/11_MG_4166a-420x284.jpg 420w, https:\/\/chata-id.pl\/wp-content\/uploads\/2017\/09\/11_MG_4166a.jpg 1280w\" sizes=\"auto, (max-width: 1024px) 100vw, 1024px\" \/><\/a><\/figure><\/li><li class=\"blocks-gallery-item\"><figure><a href=\"https:\/\/chata-id.pl\/wp-content\/uploads\/2017\/09\/10_MG_4159a.jpg\"><img loading=\"lazy\" decoding=\"async\" width=\"1024\" height=\"682\" src=\"https:\/\/chata-id.pl\/wp-content\/uploads\/2017\/09\/10_MG_4159a-1024x682.jpg\" alt=\"\" data-id=\"1164\" data-full-url=\"https:\/\/chata-id.pl\/wp-content\/uploads\/2017\/09\/10_MG_4159a.jpg\" data-link=\"https:\/\/chata-id.pl\/portfolio\/mieszkanie-trzypokojowe-warszawa-wola\/10_mg_4159a\/\" class=\"wp-image-1164\" srcset=\"https:\/\/chata-id.pl\/wp-content\/uploads\/2017\/09\/10_MG_4159a-1024x682.jpg 1024w, https:\/\/chata-id.pl\/wp-content\/uploads\/2017\/09\/10_MG_4159a-300x200.jpg 300w, https:\/\/chata-id.pl\/wp-content\/uploads\/2017\/09\/10_MG_4159a-420x280.jpg 420w, https:\/\/chata-id.pl\/wp-content\/uploads\/2017\/09\/10_MG_4159a.jpg 1280w\" sizes=\"auto, (max-width: 1024px) 100vw, 1024px\" \/><\/a><\/figure><\/li><li class=\"blocks-gallery-item\"><figure><a href=\"https:\/\/chata-id.pl\/wp-content\/uploads\/2017\/09\/9.jpg\"><img loading=\"lazy\" decoding=\"async\" width=\"1024\" height=\"682\" src=\"https:\/\/chata-id.pl\/wp-content\/uploads\/2017\/09\/9-1024x682.jpg\" alt=\"\" data-id=\"1163\" data-full-url=\"https:\/\/chata-id.pl\/wp-content\/uploads\/2017\/09\/9.jpg\" data-link=\"https:\/\/chata-id.pl\/portfolio\/mieszkanie-trzypokojowe-warszawa-wola\/9-2\/\" class=\"wp-image-1163\" srcset=\"https:\/\/chata-id.pl\/wp-content\/uploads\/2017\/09\/9-1024x682.jpg 1024w, https:\/\/chata-id.pl\/wp-content\/uploads\/2017\/09\/9-300x200.jpg 300w, https:\/\/chata-id.pl\/wp-content\/uploads\/2017\/09\/9-420x280.jpg 420w, https:\/\/chata-id.pl\/wp-content\/uploads\/2017\/09\/9.jpg 1280w\" sizes=\"auto, (max-width: 1024px) 100vw, 1024px\" \/><\/a><\/figure><\/li><li class=\"blocks-gallery-item\"><figure><a href=\"https:\/\/chata-id.pl\/wp-content\/uploads\/2017\/09\/8a.jpg\"><img loading=\"lazy\" decoding=\"async\" width=\"790\" height=\"1024\" src=\"https:\/\/chata-id.pl\/wp-content\/uploads\/2017\/09\/8a-790x1024.jpg\" alt=\"\" data-id=\"1162\" data-full-url=\"https:\/\/chata-id.pl\/wp-content\/uploads\/2017\/09\/8a.jpg\" data-link=\"https:\/\/chata-id.pl\/portfolio\/mieszkanie-trzypokojowe-warszawa-wola\/8a\/\" class=\"wp-image-1162\" srcset=\"https:\/\/chata-id.pl\/wp-content\/uploads\/2017\/09\/8a.jpg 790w, https:\/\/chata-id.pl\/wp-content\/uploads\/2017\/09\/8a-231x300.jpg 231w, https:\/\/chata-id.pl\/wp-content\/uploads\/2017\/09\/8a-420x544.jpg 420w\" sizes=\"auto, (max-width: 790px) 100vw, 790px\" \/><\/a><\/figure><\/li><li class=\"blocks-gallery-item\"><figure><a href=\"https:\/\/chata-id.pl\/wp-content\/uploads\/2017\/09\/8_MG_4072.jpg\"><img loading=\"lazy\" decoding=\"async\" width=\"1024\" height=\"684\" src=\"https:\/\/chata-id.pl\/wp-content\/uploads\/2017\/09\/8_MG_4072-1024x684.jpg\" alt=\"\" data-id=\"1161\" data-full-url=\"https:\/\/chata-id.pl\/wp-content\/uploads\/2017\/09\/8_MG_4072.jpg\" data-link=\"https:\/\/chata-id.pl\/portfolio\/mieszkanie-trzypokojowe-warszawa-wola\/8_mg_4072\/\" class=\"wp-image-1161\" srcset=\"https:\/\/chata-id.pl\/wp-content\/uploads\/2017\/09\/8_MG_4072-1024x684.jpg 1024w, https:\/\/chata-id.pl\/wp-content\/uploads\/2017\/09\/8_MG_4072-300x200.jpg 300w, https:\/\/chata-id.pl\/wp-content\/uploads\/2017\/09\/8_MG_4072-420x281.jpg 420w, https:\/\/chata-id.pl\/wp-content\/uploads\/2017\/09\/8_MG_4072.jpg 1280w\" sizes=\"auto, (max-width: 1024px) 100vw, 1024px\" \/><\/a><\/figure><\/li><li class=\"blocks-gallery-item\"><figure><a href=\"https:\/\/chata-id.pl\/wp-content\/uploads\/2017\/09\/7-_MG_4102b.jpg\"><img loading=\"lazy\" decoding=\"async\" width=\"682\" height=\"1024\" src=\"https:\/\/chata-id.pl\/wp-content\/uploads\/2017\/09\/7-_MG_4102b-682x1024.jpg\" alt=\"\" data-id=\"1160\" data-full-url=\"https:\/\/chata-id.pl\/wp-content\/uploads\/2017\/09\/7-_MG_4102b.jpg\" data-link=\"https:\/\/chata-id.pl\/portfolio\/mieszkanie-trzypokojowe-warszawa-wola\/7-_mg_4102b\/\" class=\"wp-image-1160\" srcset=\"https:\/\/chata-id.pl\/wp-content\/uploads\/2017\/09\/7-_MG_4102b.jpg 682w, https:\/\/chata-id.pl\/wp-content\/uploads\/2017\/09\/7-_MG_4102b-200x300.jpg 200w, https:\/\/chata-id.pl\/wp-content\/uploads\/2017\/09\/7-_MG_4102b-420x631.jpg 420w\" sizes=\"auto, (max-width: 682px) 100vw, 682px\" \/><\/a><\/figure><\/li><li class=\"blocks-gallery-item\"><figure><a href=\"https:\/\/chata-id.pl\/wp-content\/uploads\/2017\/09\/5-_MG_4062a.jpg\"><img loading=\"lazy\" decoding=\"async\" width=\"1024\" height=\"682\" src=\"https:\/\/chata-id.pl\/wp-content\/uploads\/2017\/09\/5-_MG_4062a-1024x682.jpg\" alt=\"\" data-id=\"1159\" data-full-url=\"https:\/\/chata-id.pl\/wp-content\/uploads\/2017\/09\/5-_MG_4062a.jpg\" data-link=\"https:\/\/chata-id.pl\/portfolio\/mieszkanie-trzypokojowe-warszawa-wola\/5-_mg_4062a\/\" class=\"wp-image-1159\" srcset=\"https:\/\/chata-id.pl\/wp-content\/uploads\/2017\/09\/5-_MG_4062a-1024x682.jpg 1024w, https:\/\/chata-id.pl\/wp-content\/uploads\/2017\/09\/5-_MG_4062a-300x200.jpg 300w, https:\/\/chata-id.pl\/wp-content\/uploads\/2017\/09\/5-_MG_4062a-420x280.jpg 420w, https:\/\/chata-id.pl\/wp-content\/uploads\/2017\/09\/5-_MG_4062a.jpg 1280w\" sizes=\"auto, (max-width: 1024px) 100vw, 1024px\" \/><\/a><\/figure><\/li><li class=\"blocks-gallery-item\"><figure><a href=\"https:\/\/chata-id.pl\/wp-content\/uploads\/2017\/09\/1-_MG_4106.jpg\"><img loading=\"lazy\" decoding=\"async\" width=\"1024\" height=\"682\" src=\"https:\/\/chata-id.pl\/wp-content\/uploads\/2017\/09\/1-_MG_4106-1024x682.jpg\" alt=\"\" data-id=\"1158\" data-full-url=\"https:\/\/chata-id.pl\/wp-content\/uploads\/2017\/09\/1-_MG_4106.jpg\" data-link=\"https:\/\/chata-id.pl\/portfolio\/mieszkanie-trzypokojowe-warszawa-wola\/1-_mg_4106\/\" class=\"wp-image-1158\" srcset=\"https:\/\/chata-id.pl\/wp-content\/uploads\/2017\/09\/1-_MG_4106-1024x682.jpg 1024w, https:\/\/chata-id.pl\/wp-content\/uploads\/2017\/09\/1-_MG_4106-300x200.jpg 300w, https:\/\/chata-id.pl\/wp-content\/uploads\/2017\/09\/1-_MG_4106-420x280.jpg 420w, https:\/\/chata-id.pl\/wp-content\/uploads\/2017\/09\/1-_MG_4106.jpg 1280w\" sizes=\"auto, (max-width: 1024px) 100vw, 1024px\" \/><\/a><\/figure><\/li><\/ul><\/figure>\n","protected":false},"excerpt":{"rendered":"","protected":false},"author":1,"featured_media":0,"parent":217,"menu_order":0,"comment_status":"closed","ping_status":"closed","template":"","meta":{"inline_featured_image":false,"footnotes":""},"class_list":["post-629","page","type-page","status-publish","hentry"],"yoast_head":"<!-- This site is optimized with the Yoast SEO plugin v24.3 - https:\/\/yoast.com\/wordpress\/plugins\/seo\/ -->\n<title>Flat Wola 2 &#8226; Chata ID<\/title>\n<meta name=\"robots\" content=\"index, follow, max-snippet:-1, max-image-preview:large, max-video-preview:-1\" \/>\n<link rel=\"canonical\" href=\"https:\/\/chata-id.pl\/portfolio\/mieszkanie-wola-2\/\" \/>\n<meta property=\"og:locale\" content=\"en_US\" \/>\n<meta property=\"og:type\" content=\"article\" \/>\n<meta property=\"og:title\" content=\"[:pl]Mieszkanie Wola 2[:en]Flat Wola 2[:] &#8226; Chata ID\" \/>\n<meta property=\"og:url\" content=\"https:\/\/chata-id.pl\/portfolio\/mieszkanie-wola-2\/\" \/>\n<meta property=\"og:site_name\" content=\"Chata ID\" \/>\n<meta property=\"article:publisher\" content=\"https:\/\/facebook.com\/CHATA-ID-To%c5%bcsamo%c5%9b%c4%87-Twojego-wn%c4%99trza-116008675146984\/\" \/>\n<meta property=\"article:modified_time\" content=\"2020-04-17T16:45:20+00:00\" \/>\n<meta property=\"og:image\" content=\"https:\/\/chata-id.pl\/wp-content\/uploads\/2011\/11\/mini.jpg\" \/>\n<meta name=\"twitter:card\" content=\"summary_large_image\" \/>\n<script type=\"application\/ld+json\" class=\"yoast-schema-graph\">{\"@context\":\"https:\/\/schema.org\",\"@graph\":[{\"@type\":\"WebPage\",\"@id\":\"https:\/\/chata-id.pl\/portfolio\/mieszkanie-wola-2\/\",\"url\":\"https:\/\/chata-id.pl\/portfolio\/mieszkanie-wola-2\/\",\"name\":\"[:pl]Mieszkanie Wola 2[:en]Flat Wola 2[:] &#8226; Chata ID\",\"isPartOf\":{\"@id\":\"https:\/\/chata-id.pl\/#website\"},\"primaryImageOfPage\":{\"@id\":\"https:\/\/chata-id.pl\/portfolio\/mieszkanie-wola-2\/#primaryimage\"},\"image\":{\"@id\":\"https:\/\/chata-id.pl\/portfolio\/mieszkanie-wola-2\/#primaryimage\"},\"thumbnailUrl\":\"https:\/\/chata-id.pl\/wp-content\/uploads\/2011\/11\/mini.jpg\",\"datePublished\":\"2016-04-07T10:51:44+00:00\",\"dateModified\":\"2020-04-17T16:45:20+00:00\",\"breadcrumb\":{\"@id\":\"https:\/\/chata-id.pl\/portfolio\/mieszkanie-wola-2\/#breadcrumb\"},\"inLanguage\":\"en-US\",\"potentialAction\":[{\"@type\":\"ReadAction\",\"target\":[\"https:\/\/chata-id.pl\/portfolio\/mieszkanie-wola-2\/\"]}]},{\"@type\":\"ImageObject\",\"inLanguage\":\"en-US\",\"@id\":\"https:\/\/chata-id.pl\/portfolio\/mieszkanie-wola-2\/#primaryimage\",\"url\":\"https:\/\/chata-id.pl\/wp-content\/uploads\/2011\/11\/mini.jpg\",\"contentUrl\":\"https:\/\/chata-id.pl\/wp-content\/uploads\/2011\/11\/mini.jpg\"},{\"@type\":\"BreadcrumbList\",\"@id\":\"https:\/\/chata-id.pl\/portfolio\/mieszkanie-wola-2\/#breadcrumb\",\"itemListElement\":[{\"@type\":\"ListItem\",\"position\":1,\"name\":\"Strona g\u0142\u00f3wna\",\"item\":\"https:\/\/chata-id.pl\/\"},{\"@type\":\"ListItem\",\"position\":2,\"name\":\"Realizacje\",\"item\":\"https:\/\/chata-id.pl\/portfolio\/\"},{\"@type\":\"ListItem\",\"position\":3,\"name\":\"Mieszkanie Wola 2\"}]},{\"@type\":\"WebSite\",\"@id\":\"https:\/\/chata-id.pl\/#website\",\"url\":\"https:\/\/chata-id.pl\/\",\"name\":\"Chata ID\",\"description\":\"To\u017csamo\u015b\u0107 Twojego wn\u0119trza\",\"publisher\":{\"@id\":\"https:\/\/chata-id.pl\/#organization\"},\"potentialAction\":[{\"@type\":\"SearchAction\",\"target\":{\"@type\":\"EntryPoint\",\"urlTemplate\":\"https:\/\/chata-id.pl\/?s={search_term_string}\"},\"query-input\":{\"@type\":\"PropertyValueSpecification\",\"valueRequired\":true,\"valueName\":\"search_term_string\"}}],\"inLanguage\":\"en-US\"},{\"@type\":\"Organization\",\"@id\":\"https:\/\/chata-id.pl\/#organization\",\"name\":\"CHATA ID - To\u017csamo\u015b\u0107 Twojego Wn\u0119trza - Nadarzyn\",\"url\":\"https:\/\/chata-id.pl\/\",\"logo\":{\"@type\":\"ImageObject\",\"inLanguage\":\"en-US\",\"@id\":\"https:\/\/chata-id.pl\/#\/schema\/logo\/image\/\",\"url\":\"https:\/\/chata-id.pl\/wp-content\/uploads\/2020\/04\/chata-id-logo-1.png\",\"contentUrl\":\"https:\/\/chata-id.pl\/wp-content\/uploads\/2020\/04\/chata-id-logo-1.png\",\"width\":236,\"height\":80,\"caption\":\"CHATA ID - To\u017csamo\u015b\u0107 Twojego Wn\u0119trza - Nadarzyn\"},\"image\":{\"@id\":\"https:\/\/chata-id.pl\/#\/schema\/logo\/image\/\"},\"sameAs\":[\"https:\/\/facebook.com\/CHATA-ID-To\u017csamo\u015b\u0107-Twojego-wn\u0119trza-116008675146984\/\"]}]}<\/script>\n<!-- \/ Yoast SEO plugin. -->","yoast_head_json":{"title":"[:pl]Mieszkanie Wola 2[:en]Flat Wola 2[:] &#8226; Chata ID","robots":{"index":"index","follow":"follow","max-snippet":"max-snippet:-1","max-image-preview":"max-image-preview:large","max-video-preview":"max-video-preview:-1"},"canonical":"https:\/\/chata-id.pl\/portfolio\/mieszkanie-wola-2\/","og_locale":"en_US","og_type":"article","og_title":"[:pl]Mieszkanie Wola 2[:en]Flat Wola 2[:] &#8226; Chata ID","og_url":"https:\/\/chata-id.pl\/portfolio\/mieszkanie-wola-2\/","og_site_name":"Chata ID","article_publisher":"https:\/\/facebook.com\/CHATA-ID-To%c5%bcsamo%c5%9b%c4%87-Twojego-wn%c4%99trza-116008675146984\/","article_modified_time":"2020-04-17T16:45:20+00:00","og_image":[{"url":"https:\/\/chata-id.pl\/wp-content\/uploads\/2011\/11\/mini.jpg","type":"","width":"","height":""}],"twitter_card":"summary_large_image","schema":{"@context":"https:\/\/schema.org","@graph":[{"@type":"WebPage","@id":"https:\/\/chata-id.pl\/portfolio\/mieszkanie-wola-2\/","url":"https:\/\/chata-id.pl\/portfolio\/mieszkanie-wola-2\/","name":"[:pl]Mieszkanie Wola 2[:en]Flat Wola 2[:] &#8226; Chata ID","isPartOf":{"@id":"https:\/\/chata-id.pl\/#website"},"primaryImageOfPage":{"@id":"https:\/\/chata-id.pl\/portfolio\/mieszkanie-wola-2\/#primaryimage"},"image":{"@id":"https:\/\/chata-id.pl\/portfolio\/mieszkanie-wola-2\/#primaryimage"},"thumbnailUrl":"https:\/\/chata-id.pl\/wp-content\/uploads\/2011\/11\/mini.jpg","datePublished":"2016-04-07T10:51:44+00:00","dateModified":"2020-04-17T16:45:20+00:00","breadcrumb":{"@id":"https:\/\/chata-id.pl\/portfolio\/mieszkanie-wola-2\/#breadcrumb"},"inLanguage":"en-US","potentialAction":[{"@type":"ReadAction","target":["https:\/\/chata-id.pl\/portfolio\/mieszkanie-wola-2\/"]}]},{"@type":"ImageObject","inLanguage":"en-US","@id":"https:\/\/chata-id.pl\/portfolio\/mieszkanie-wola-2\/#primaryimage","url":"https:\/\/chata-id.pl\/wp-content\/uploads\/2011\/11\/mini.jpg","contentUrl":"https:\/\/chata-id.pl\/wp-content\/uploads\/2011\/11\/mini.jpg"},{"@type":"BreadcrumbList","@id":"https:\/\/chata-id.pl\/portfolio\/mieszkanie-wola-2\/#breadcrumb","itemListElement":[{"@type":"ListItem","position":1,"name":"Strona g\u0142\u00f3wna","item":"https:\/\/chata-id.pl\/"},{"@type":"ListItem","position":2,"name":"Realizacje","item":"https:\/\/chata-id.pl\/portfolio\/"},{"@type":"ListItem","position":3,"name":"Mieszkanie Wola 2"}]},{"@type":"WebSite","@id":"https:\/\/chata-id.pl\/#website","url":"https:\/\/chata-id.pl\/","name":"Chata ID","description":"To\u017csamo\u015b\u0107 Twojego wn\u0119trza","publisher":{"@id":"https:\/\/chata-id.pl\/#organization"},"potentialAction":[{"@type":"SearchAction","target":{"@type":"EntryPoint","urlTemplate":"https:\/\/chata-id.pl\/?s={search_term_string}"},"query-input":{"@type":"PropertyValueSpecification","valueRequired":true,"valueName":"search_term_string"}}],"inLanguage":"en-US"},{"@type":"Organization","@id":"https:\/\/chata-id.pl\/#organization","name":"CHATA ID - To\u017csamo\u015b\u0107 Twojego Wn\u0119trza - Nadarzyn","url":"https:\/\/chata-id.pl\/","logo":{"@type":"ImageObject","inLanguage":"en-US","@id":"https:\/\/chata-id.pl\/#\/schema\/logo\/image\/","url":"https:\/\/chata-id.pl\/wp-content\/uploads\/2020\/04\/chata-id-logo-1.png","contentUrl":"https:\/\/chata-id.pl\/wp-content\/uploads\/2020\/04\/chata-id-logo-1.png","width":236,"height":80,"caption":"CHATA ID - To\u017csamo\u015b\u0107 Twojego Wn\u0119trza - Nadarzyn"},"image":{"@id":"https:\/\/chata-id.pl\/#\/schema\/logo\/image\/"},"sameAs":["https:\/\/facebook.com\/CHATA-ID-To\u017csamo\u015b\u0107-Twojego-wn\u0119trza-116008675146984\/"]}]}},"_links":{"self":[{"href":"https:\/\/chata-id.pl\/en\/wp-json\/wp\/v2\/pages\/629","targetHints":{"allow":["GET"]}}],"collection":[{"href":"https:\/\/chata-id.pl\/en\/wp-json\/wp\/v2\/pages"}],"about":[{"href":"https:\/\/chata-id.pl\/en\/wp-json\/wp\/v2\/types\/page"}],"author":[{"embeddable":true,"href":"https:\/\/chata-id.pl\/en\/wp-json\/wp\/v2\/users\/1"}],"replies":[{"embeddable":true,"href":"https:\/\/chata-id.pl\/en\/wp-json\/wp\/v2\/comments?post=629"}],"version-history":[{"count":4,"href":"https:\/\/chata-id.pl\/en\/wp-json\/wp\/v2\/pages\/629\/revisions"}],"predecessor-version":[{"id":1560,"href":"https:\/\/chata-id.pl\/en\/wp-json\/wp\/v2\/pages\/629\/revisions\/1560"}],"up":[{"embeddable":true,"href":"https:\/\/chata-id.pl\/en\/wp-json\/wp\/v2\/pages\/217"}],"wp:attachment":[{"href":"https:\/\/chata-id.pl\/en\/wp-json\/wp\/v2\/media?parent=629"}],"curies":[{"name":"wp","href":"https:\/\/api.w.org\/{rel}","templated":true}]}}