{"id":403,"date":"2015-11-24T12:00:16","date_gmt":"2015-11-24T12:00:16","guid":{"rendered":"http:\/\/www.chata-id.pl\/?page_id=403"},"modified":"2016-10-12T11:02:55","modified_gmt":"2016-10-12T11:02:55","slug":"styl-glamour","status":"publish","type":"page","link":"https:\/\/chata-id.pl\/en\/projekty\/styl-glamour\/","title":{"rendered":"Glamour style"},"content":{"rendered":"<div id='gallery-1' class='gallery galleryid-403 gallery-columns-2 gallery-size-thumbnail'><figure class='gallery-item'>\n\t\t\t<div class='gallery-icon landscape'>\n\t\t\t\t<a href='https:\/\/chata-id.pl\/wp-content\/uploads\/2015\/11\/1lazienka-parter-v-fin11.jpg'><img loading=\"lazy\" decoding=\"async\" width=\"150\" height=\"150\" src=\"https:\/\/chata-id.pl\/wp-content\/uploads\/2015\/11\/1lazienka-parter-v-fin11-150x150.jpg\" class=\"attachment-thumbnail size-thumbnail\" alt=\"\" \/><\/a>\n\t\t\t<\/div><\/figure><figure class='gallery-item'>\n\t\t\t<div class='gallery-icon landscape'>\n\t\t\t\t<a href='https:\/\/chata-id.pl\/wp-content\/uploads\/2015\/11\/lazienka-du\u017ca-v-22-04-2.jpg'><img loading=\"lazy\" decoding=\"async\" width=\"150\" height=\"150\" src=\"https:\/\/chata-id.pl\/wp-content\/uploads\/2015\/11\/lazienka-du\u017ca-v-22-04-2-150x150.jpg\" class=\"attachment-thumbnail size-thumbnail\" alt=\"\" \/><\/a>\n\t\t\t<\/div><\/figure><figure class='gallery-item'>\n\t\t\t<div class='gallery-icon landscape'>\n\t\t\t\t<a href='https:\/\/chata-id.pl\/wp-content\/uploads\/2015\/11\/lazienka-du\u017ca-v-22-04-3.jpg'><img loading=\"lazy\" decoding=\"async\" width=\"150\" height=\"150\" src=\"https:\/\/chata-id.pl\/wp-content\/uploads\/2015\/11\/lazienka-du\u017ca-v-22-04-3-150x150.jpg\" class=\"attachment-thumbnail size-thumbnail\" alt=\"\" \/><\/a>\n\t\t\t<\/div><\/figure><figure class='gallery-item'>\n\t\t\t<div class='gallery-icon landscape'>\n\t\t\t\t<a href='https:\/\/chata-id.pl\/wp-content\/uploads\/2015\/11\/lazienka-du\u017ca-v-22-04-4.jpg'><img loading=\"lazy\" decoding=\"async\" width=\"150\" height=\"150\" src=\"https:\/\/chata-id.pl\/wp-content\/uploads\/2015\/11\/lazienka-du\u017ca-v-22-04-4-150x150.jpg\" class=\"attachment-thumbnail size-thumbnail\" alt=\"\" \/><\/a>\n\t\t\t<\/div><\/figure><figure class='gallery-item'>\n\t\t\t<div class='gallery-icon landscape'>\n\t\t\t\t<a href='https:\/\/chata-id.pl\/wp-content\/uploads\/2015\/11\/lazienka-du\u017ca-v-22-04-5.jpg'><img loading=\"lazy\" decoding=\"async\" width=\"150\" height=\"150\" src=\"https:\/\/chata-id.pl\/wp-content\/uploads\/2015\/11\/lazienka-du\u017ca-v-22-04-5-150x150.jpg\" class=\"attachment-thumbnail size-thumbnail\" alt=\"\" \/><\/a>\n\t\t\t<\/div><\/figure><figure class='gallery-item'>\n\t\t\t<div class='gallery-icon landscape'>\n\t\t\t\t<a href='https:\/\/chata-id.pl\/wp-content\/uploads\/2015\/11\/lazienka-du\u017ca-v-22-041.jpg'><img loading=\"lazy\" decoding=\"async\" width=\"150\" height=\"150\" src=\"https:\/\/chata-id.pl\/wp-content\/uploads\/2015\/11\/lazienka-du\u017ca-v-22-041-150x150.jpg\" class=\"attachment-thumbnail size-thumbnail\" alt=\"\" \/><\/a>\n\t\t\t<\/div><\/figure><figure class='gallery-item'>\n\t\t\t<div class='gallery-icon landscape'>\n\t\t\t\t<a href='https:\/\/chata-id.pl\/wp-content\/uploads\/2015\/11\/lazienka-pietro-du\u017ca-v-23-04-1.jpg'><img loading=\"lazy\" decoding=\"async\" width=\"150\" height=\"150\" src=\"https:\/\/chata-id.pl\/wp-content\/uploads\/2015\/11\/lazienka-pietro-du\u017ca-v-23-04-1-150x150.jpg\" class=\"attachment-thumbnail size-thumbnail\" alt=\"\" \/><\/a>\n\t\t\t<\/div><\/figure><figure class='gallery-item'>\n\t\t\t<div class='gallery-icon landscape'>\n\t\t\t\t<a href='https:\/\/chata-id.pl\/wp-content\/uploads\/2015\/11\/lazienka-pietro-du\u017ca-v-23-04-2.jpg'><img loading=\"lazy\" decoding=\"async\" width=\"150\" height=\"150\" src=\"https:\/\/chata-id.pl\/wp-content\/uploads\/2015\/11\/lazienka-pietro-du\u017ca-v-23-04-2-150x150.jpg\" class=\"attachment-thumbnail size-thumbnail\" alt=\"\" \/><\/a>\n\t\t\t<\/div><\/figure><figure class='gallery-item'>\n\t\t\t<div class='gallery-icon landscape'>\n\t\t\t\t<a href='https:\/\/chata-id.pl\/wp-content\/uploads\/2015\/11\/lazienka-pietro-du\u017ca-v-23-04-3.jpg'><img loading=\"lazy\" decoding=\"async\" width=\"150\" height=\"150\" src=\"https:\/\/chata-id.pl\/wp-content\/uploads\/2015\/11\/lazienka-pietro-du\u017ca-v-23-04-3-150x150.jpg\" class=\"attachment-thumbnail size-thumbnail\" alt=\"\" \/><\/a>\n\t\t\t<\/div><\/figure><figure class='gallery-item'>\n\t\t\t<div class='gallery-icon landscape'>\n\t\t\t\t<a href='https:\/\/chata-id.pl\/wp-content\/uploads\/2015\/11\/lazienka-pietro-du\u017ca-v-23-04-4.jpg'><img loading=\"lazy\" decoding=\"async\" width=\"150\" height=\"150\" src=\"https:\/\/chata-id.pl\/wp-content\/uploads\/2015\/11\/lazienka-pietro-du\u017ca-v-23-04-4-150x150.jpg\" class=\"attachment-thumbnail size-thumbnail\" alt=\"\" \/><\/a>\n\t\t\t<\/div><\/figure><figure class='gallery-item'>\n\t\t\t<div class='gallery-icon landscape'>\n\t\t\t\t<a href='https:\/\/chata-id.pl\/wp-content\/uploads\/2015\/11\/lazienka-pietro-du\u017ca-v-23-04-5.jpg'><img loading=\"lazy\" decoding=\"async\" width=\"150\" height=\"150\" src=\"https:\/\/chata-id.pl\/wp-content\/uploads\/2015\/11\/lazienka-pietro-du\u017ca-v-23-04-5-150x150.jpg\" class=\"attachment-thumbnail size-thumbnail\" alt=\"\" \/><\/a>\n\t\t\t<\/div><\/figure>\n\t\t<\/div>\n\n","protected":false},"excerpt":{"rendered":"","protected":false},"author":1,"featured_media":0,"parent":388,"menu_order":0,"comment_status":"closed","ping_status":"closed","template":"","meta":{"inline_featured_image":false,"footnotes":""},"class_list":["post-403","page","type-page","status-publish","hentry"],"yoast_head":"<!-- This site is optimized with the Yoast SEO plugin v24.3 - https:\/\/yoast.com\/wordpress\/plugins\/seo\/ -->\n<title>Glamour style &#8226; Chata ID<\/title>\n<meta name=\"robots\" content=\"index, follow, max-snippet:-1, max-image-preview:large, max-video-preview:-1\" \/>\n<link rel=\"canonical\" href=\"https:\/\/chata-id.pl\/projekty\/styl-glamour\/\" \/>\n<meta property=\"og:locale\" content=\"en_US\" \/>\n<meta property=\"og:type\" content=\"article\" \/>\n<meta property=\"og:title\" content=\"[:pl]Styl glamour[:en]Glamour style[:] &#8226; Chata ID\" \/>\n<meta property=\"og:url\" content=\"https:\/\/chata-id.pl\/projekty\/styl-glamour\/\" \/>\n<meta property=\"og:site_name\" content=\"Chata ID\" \/>\n<meta property=\"article:publisher\" content=\"https:\/\/facebook.com\/CHATA-ID-To%c5%bcsamo%c5%9b%c4%87-Twojego-wn%c4%99trza-116008675146984\/\" \/>\n<meta property=\"article:modified_time\" content=\"2016-10-12T11:02:55+00:00\" \/>\n<meta property=\"og:image\" content=\"https:\/\/chata-id.pl\/wp-content\/uploads\/2015\/11\/1lazienka-parter-v-fin11-150x150.jpg\" \/>\n<meta name=\"twitter:card\" content=\"summary_large_image\" \/>\n<script type=\"application\/ld+json\" class=\"yoast-schema-graph\">{\"@context\":\"https:\/\/schema.org\",\"@graph\":[{\"@type\":\"WebPage\",\"@id\":\"https:\/\/chata-id.pl\/projekty\/styl-glamour\/\",\"url\":\"https:\/\/chata-id.pl\/projekty\/styl-glamour\/\",\"name\":\"[:pl]Styl glamour[:en]Glamour style[:] &#8226; Chata ID\",\"isPartOf\":{\"@id\":\"https:\/\/chata-id.pl\/#website\"},\"datePublished\":\"2015-11-24T12:00:16+00:00\",\"dateModified\":\"2016-10-12T11:02:55+00:00\",\"breadcrumb\":{\"@id\":\"https:\/\/chata-id.pl\/projekty\/styl-glamour\/#breadcrumb\"},\"inLanguage\":\"en-US\",\"potentialAction\":[{\"@type\":\"ReadAction\",\"target\":[\"https:\/\/chata-id.pl\/projekty\/styl-glamour\/\"]}]},{\"@type\":\"BreadcrumbList\",\"@id\":\"https:\/\/chata-id.pl\/projekty\/styl-glamour\/#breadcrumb\",\"itemListElement\":[{\"@type\":\"ListItem\",\"position\":1,\"name\":\"Strona g\u0142\u00f3wna\",\"item\":\"https:\/\/chata-id.pl\/\"},{\"@type\":\"ListItem\",\"position\":2,\"name\":\"Projekty\",\"item\":\"https:\/\/chata-id.pl\/projekty\/\"},{\"@type\":\"ListItem\",\"position\":3,\"name\":\"Styl glamour\"}]},{\"@type\":\"WebSite\",\"@id\":\"https:\/\/chata-id.pl\/#website\",\"url\":\"https:\/\/chata-id.pl\/\",\"name\":\"Chata ID\",\"description\":\"To\u017csamo\u015b\u0107 Twojego wn\u0119trza\",\"publisher\":{\"@id\":\"https:\/\/chata-id.pl\/#organization\"},\"potentialAction\":[{\"@type\":\"SearchAction\",\"target\":{\"@type\":\"EntryPoint\",\"urlTemplate\":\"https:\/\/chata-id.pl\/?s={search_term_string}\"},\"query-input\":{\"@type\":\"PropertyValueSpecification\",\"valueRequired\":true,\"valueName\":\"search_term_string\"}}],\"inLanguage\":\"en-US\"},{\"@type\":\"Organization\",\"@id\":\"https:\/\/chata-id.pl\/#organization\",\"name\":\"CHATA ID - To\u017csamo\u015b\u0107 Twojego Wn\u0119trza - Nadarzyn\",\"url\":\"https:\/\/chata-id.pl\/\",\"logo\":{\"@type\":\"ImageObject\",\"inLanguage\":\"en-US\",\"@id\":\"https:\/\/chata-id.pl\/#\/schema\/logo\/image\/\",\"url\":\"https:\/\/chata-id.pl\/wp-content\/uploads\/2020\/04\/chata-id-logo-1.png\",\"contentUrl\":\"https:\/\/chata-id.pl\/wp-content\/uploads\/2020\/04\/chata-id-logo-1.png\",\"width\":236,\"height\":80,\"caption\":\"CHATA ID - To\u017csamo\u015b\u0107 Twojego Wn\u0119trza - Nadarzyn\"},\"image\":{\"@id\":\"https:\/\/chata-id.pl\/#\/schema\/logo\/image\/\"},\"sameAs\":[\"https:\/\/facebook.com\/CHATA-ID-To\u017csamo\u015b\u0107-Twojego-wn\u0119trza-116008675146984\/\"]}]}<\/script>\n<!-- \/ Yoast SEO plugin. -->","yoast_head_json":{"title":"[:pl]Styl glamour[:en]Glamour style[:] &#8226; Chata ID","robots":{"index":"index","follow":"follow","max-snippet":"max-snippet:-1","max-image-preview":"max-image-preview:large","max-video-preview":"max-video-preview:-1"},"canonical":"https:\/\/chata-id.pl\/projekty\/styl-glamour\/","og_locale":"en_US","og_type":"article","og_title":"[:pl]Styl glamour[:en]Glamour style[:] &#8226; Chata ID","og_url":"https:\/\/chata-id.pl\/projekty\/styl-glamour\/","og_site_name":"Chata ID","article_publisher":"https:\/\/facebook.com\/CHATA-ID-To%c5%bcsamo%c5%9b%c4%87-Twojego-wn%c4%99trza-116008675146984\/","article_modified_time":"2016-10-12T11:02:55+00:00","og_image":[{"url":"https:\/\/chata-id.pl\/wp-content\/uploads\/2015\/11\/1lazienka-parter-v-fin11-150x150.jpg","type":"","width":"","height":""}],"twitter_card":"summary_large_image","schema":{"@context":"https:\/\/schema.org","@graph":[{"@type":"WebPage","@id":"https:\/\/chata-id.pl\/projekty\/styl-glamour\/","url":"https:\/\/chata-id.pl\/projekty\/styl-glamour\/","name":"[:pl]Styl glamour[:en]Glamour style[:] &#8226; Chata ID","isPartOf":{"@id":"https:\/\/chata-id.pl\/#website"},"datePublished":"2015-11-24T12:00:16+00:00","dateModified":"2016-10-12T11:02:55+00:00","breadcrumb":{"@id":"https:\/\/chata-id.pl\/projekty\/styl-glamour\/#breadcrumb"},"inLanguage":"en-US","potentialAction":[{"@type":"ReadAction","target":["https:\/\/chata-id.pl\/projekty\/styl-glamour\/"]}]},{"@type":"BreadcrumbList","@id":"https:\/\/chata-id.pl\/projekty\/styl-glamour\/#breadcrumb","itemListElement":[{"@type":"ListItem","position":1,"name":"Strona g\u0142\u00f3wna","item":"https:\/\/chata-id.pl\/"},{"@type":"ListItem","position":2,"name":"Projekty","item":"https:\/\/chata-id.pl\/projekty\/"},{"@type":"ListItem","position":3,"name":"Styl glamour"}]},{"@type":"WebSite","@id":"https:\/\/chata-id.pl\/#website","url":"https:\/\/chata-id.pl\/","name":"Chata ID","description":"To\u017csamo\u015b\u0107 Twojego wn\u0119trza","publisher":{"@id":"https:\/\/chata-id.pl\/#organization"},"potentialAction":[{"@type":"SearchAction","target":{"@type":"EntryPoint","urlTemplate":"https:\/\/chata-id.pl\/?s={search_term_string}"},"query-input":{"@type":"PropertyValueSpecification","valueRequired":true,"valueName":"search_term_string"}}],"inLanguage":"en-US"},{"@type":"Organization","@id":"https:\/\/chata-id.pl\/#organization","name":"CHATA ID - To\u017csamo\u015b\u0107 Twojego Wn\u0119trza - Nadarzyn","url":"https:\/\/chata-id.pl\/","logo":{"@type":"ImageObject","inLanguage":"en-US","@id":"https:\/\/chata-id.pl\/#\/schema\/logo\/image\/","url":"https:\/\/chata-id.pl\/wp-content\/uploads\/2020\/04\/chata-id-logo-1.png","contentUrl":"https:\/\/chata-id.pl\/wp-content\/uploads\/2020\/04\/chata-id-logo-1.png","width":236,"height":80,"caption":"CHATA ID - To\u017csamo\u015b\u0107 Twojego Wn\u0119trza - Nadarzyn"},"image":{"@id":"https:\/\/chata-id.pl\/#\/schema\/logo\/image\/"},"sameAs":["https:\/\/facebook.com\/CHATA-ID-To\u017csamo\u015b\u0107-Twojego-wn\u0119trza-116008675146984\/"]}]}},"_links":{"self":[{"href":"https:\/\/chata-id.pl\/en\/wp-json\/wp\/v2\/pages\/403","targetHints":{"allow":["GET"]}}],"collection":[{"href":"https:\/\/chata-id.pl\/en\/wp-json\/wp\/v2\/pages"}],"about":[{"href":"https:\/\/chata-id.pl\/en\/wp-json\/wp\/v2\/types\/page"}],"author":[{"embeddable":true,"href":"https:\/\/chata-id.pl\/en\/wp-json\/wp\/v2\/users\/1"}],"replies":[{"embeddable":true,"href":"https:\/\/chata-id.pl\/en\/wp-json\/wp\/v2\/comments?post=403"}],"version-history":[{"count":4,"href":"https:\/\/chata-id.pl\/en\/wp-json\/wp\/v2\/pages\/403\/revisions"}],"predecessor-version":[{"id":993,"href":"https:\/\/chata-id.pl\/en\/wp-json\/wp\/v2\/pages\/403\/revisions\/993"}],"up":[{"embeddable":true,"href":"https:\/\/chata-id.pl\/en\/wp-json\/wp\/v2\/pages\/388"}],"wp:attachment":[{"href":"https:\/\/chata-id.pl\/en\/wp-json\/wp\/v2\/media?parent=403"}],"curies":[{"name":"wp","href":"https:\/\/api.w.org\/{rel}","templated":true}]}}