{"id":348,"date":"2015-11-24T08:57:47","date_gmt":"2015-11-24T08:57:47","guid":{"rendered":"http:\/\/www.chata-id.pl\/?page_id=348"},"modified":"2024-10-14T15:10:41","modified_gmt":"2024-10-14T15:10:41","slug":"o-firmie","status":"publish","type":"page","link":"https:\/\/chata-id.pl\/en\/o-firmie\/","title":{"rendered":"Company"},"content":{"rendered":"<p><\/p>\n\n\n\n<p>CHATA ID is a professional and comprehensive interior design studio in Warsaw with over 15 years of experience. We specialize in the design of homes, apartments, as well as office and commercial spaces. If you are looking for an interior designer, contact us, and we will create a space that meets your needs and preferences. We operate in Warsaw and its surroundings, throughout Poland, and also in sunny Marbella, Spain, offering turn-key solutions.<\/p>\n\n\n\n<p class=\"western\">The effects of cooperation with CHATA ID:<\/p>\n\n\n\n<ul class=\"wp-block-list\"><li> <b>beauty <\/b>&#8211; harmonious interiors corresponding with each other and with the surroundings <\/li><li> <b>functionality <\/b>&#8211; everyday comfort, ID of the interiors ideally suited to the owners&#8217; personalities <\/li><li> <b>timelessness <\/b>&#8211; beautiful and functional interiors regardless of fashion and time <\/li><\/ul>\n\n\n\n<p class=\"western\">CHATA ID &#8211; scope of operation:<\/p>\n\n\n\n<ul class=\"wp-block-list\"><li> conceptual design &#8211; 3D visualizations <\/li><li> technical design and specification of materials with quotation <\/li><li> logistics involved in building and decoration phase, managing building and decoration teams and purchasing to turn the design into reality <\/li><li> 24 months guarantee for building, decoration and carpentry services <\/li><li> home staging &#8211; preparing houses and apartments for profitable sale <\/li><\/ul>\n\n\n\n<p class=\"western\">Head designer and owner of CHATA ID Ewa Karo\u0144 makes sure the designs always reflect clients personalities and needs and are always prepared according to highest standards and time schedule.<\/p>\n\n\n\n<p class=\"western\"><span lang=\"en-US\"><i>&#8220;.. a good interior design is not a show of originality and ideas but a skillful and harmonious combination of elements closest to clients style, making up functional, beautiful and coherent living space..&#8221;<\/i><\/span><\/p>\n\n\n\n<p class=\"western\"><span lang=\"en-US\"><i>&#8220;an interior designer needs to have a good ability to listen to their clients and prepare the designs for the clients not for themselves..&#8221;<\/i><\/span><\/p>\n\n\n\n<p class=\"western\"><span style=\"font-size: small;\"><span lang=\"en-US\"> Ewa Karo\u0144<\/span><\/span><\/p>\n\n\n\n<p><\/p>","protected":false},"excerpt":{"rendered":"<p>CHATA ID is a professional and comprehensive interior design studio in Warsaw with over 15 years of experience. We specialize in the design of homes, apartments, as well as office and commercial spaces. If you are looking for an interior designer, contact us, and we will create a space that meets your needs and preferences. [&hellip;]<\/p>\n","protected":false},"author":1,"featured_media":0,"parent":0,"menu_order":0,"comment_status":"closed","ping_status":"closed","template":"","meta":{"inline_featured_image":false,"footnotes":""},"class_list":["post-348","page","type-page","status-publish","hentry"],"yoast_head":"<!-- This site is optimized with the Yoast SEO plugin v24.3 - https:\/\/yoast.com\/wordpress\/plugins\/seo\/ -->\n<title>Company &#8226; Chata ID<\/title>\n<meta name=\"robots\" content=\"index, follow, max-snippet:-1, max-image-preview:large, max-video-preview:-1\" \/>\n<link rel=\"canonical\" href=\"https:\/\/chata-id.pl\/o-firmie\/\" \/>\n<meta property=\"og:locale\" content=\"en_US\" \/>\n<meta property=\"og:type\" content=\"article\" \/>\n<meta property=\"og:title\" content=\"[:pl]O FIRMIE[:en]Company[:] &#8226; Chata ID\" \/>\n<meta property=\"og:description\" content=\"CHATA ID is a professional and comprehensive interior design studio in Warsaw with over 15 years of experience. We specialize in the design of homes, apartments, as well as office and commercial spaces. If you are looking for an interior designer, contact us, and we will create a space that meets your needs and preferences. [&hellip;]\" \/>\n<meta property=\"og:url\" content=\"https:\/\/chata-id.pl\/o-firmie\/\" \/>\n<meta property=\"og:site_name\" content=\"Chata ID\" \/>\n<meta property=\"article:publisher\" content=\"https:\/\/facebook.com\/CHATA-ID-To%c5%bcsamo%c5%9b%c4%87-Twojego-wn%c4%99trza-116008675146984\/\" \/>\n<meta property=\"article:modified_time\" content=\"2024-10-14T15:10:41+00:00\" \/>\n<meta property=\"og:image\" content=\"https:\/\/chata-id.pl\/wp-content\/uploads\/2020\/04\/chata-id-logo-1.png\" \/>\n\t<meta property=\"og:image:width\" content=\"236\" \/>\n\t<meta property=\"og:image:height\" content=\"80\" \/>\n\t<meta property=\"og:image:type\" content=\"image\/png\" \/>\n<meta name=\"twitter:card\" content=\"summary_large_image\" \/>\n<meta name=\"twitter:label1\" content=\"Est. reading time\" \/>\n\t<meta name=\"twitter:data1\" content=\"3 minutes\" \/>\n<script type=\"application\/ld+json\" class=\"yoast-schema-graph\">{\"@context\":\"https:\/\/schema.org\",\"@graph\":[{\"@type\":\"WebPage\",\"@id\":\"https:\/\/chata-id.pl\/o-firmie\/\",\"url\":\"https:\/\/chata-id.pl\/o-firmie\/\",\"name\":\"[:pl]O FIRMIE[:en]Company[:] &#8226; Chata ID\",\"isPartOf\":{\"@id\":\"https:\/\/chata-id.pl\/#website\"},\"datePublished\":\"2015-11-24T08:57:47+00:00\",\"dateModified\":\"2024-10-14T15:10:41+00:00\",\"breadcrumb\":{\"@id\":\"https:\/\/chata-id.pl\/o-firmie\/#breadcrumb\"},\"inLanguage\":\"en-US\",\"potentialAction\":[{\"@type\":\"ReadAction\",\"target\":[\"https:\/\/chata-id.pl\/o-firmie\/\"]}]},{\"@type\":\"BreadcrumbList\",\"@id\":\"https:\/\/chata-id.pl\/o-firmie\/#breadcrumb\",\"itemListElement\":[{\"@type\":\"ListItem\",\"position\":1,\"name\":\"Strona g\u0142\u00f3wna\",\"item\":\"https:\/\/chata-id.pl\/\"},{\"@type\":\"ListItem\",\"position\":2,\"name\":\"O FIRMIE\"}]},{\"@type\":\"WebSite\",\"@id\":\"https:\/\/chata-id.pl\/#website\",\"url\":\"https:\/\/chata-id.pl\/\",\"name\":\"Chata ID\",\"description\":\"To\u017csamo\u015b\u0107 Twojego wn\u0119trza\",\"publisher\":{\"@id\":\"https:\/\/chata-id.pl\/#organization\"},\"potentialAction\":[{\"@type\":\"SearchAction\",\"target\":{\"@type\":\"EntryPoint\",\"urlTemplate\":\"https:\/\/chata-id.pl\/?s={search_term_string}\"},\"query-input\":{\"@type\":\"PropertyValueSpecification\",\"valueRequired\":true,\"valueName\":\"search_term_string\"}}],\"inLanguage\":\"en-US\"},{\"@type\":\"Organization\",\"@id\":\"https:\/\/chata-id.pl\/#organization\",\"name\":\"CHATA ID - To\u017csamo\u015b\u0107 Twojego Wn\u0119trza - Nadarzyn\",\"url\":\"https:\/\/chata-id.pl\/\",\"logo\":{\"@type\":\"ImageObject\",\"inLanguage\":\"en-US\",\"@id\":\"https:\/\/chata-id.pl\/#\/schema\/logo\/image\/\",\"url\":\"https:\/\/chata-id.pl\/wp-content\/uploads\/2020\/04\/chata-id-logo-1.png\",\"contentUrl\":\"https:\/\/chata-id.pl\/wp-content\/uploads\/2020\/04\/chata-id-logo-1.png\",\"width\":236,\"height\":80,\"caption\":\"CHATA ID - To\u017csamo\u015b\u0107 Twojego Wn\u0119trza - Nadarzyn\"},\"image\":{\"@id\":\"https:\/\/chata-id.pl\/#\/schema\/logo\/image\/\"},\"sameAs\":[\"https:\/\/facebook.com\/CHATA-ID-To\u017csamo\u015b\u0107-Twojego-wn\u0119trza-116008675146984\/\"]}]}<\/script>\n<!-- \/ Yoast SEO plugin. -->","yoast_head_json":{"title":"[:pl]O FIRMIE[:en]Company[:] &#8226; Chata ID","robots":{"index":"index","follow":"follow","max-snippet":"max-snippet:-1","max-image-preview":"max-image-preview:large","max-video-preview":"max-video-preview:-1"},"canonical":"https:\/\/chata-id.pl\/o-firmie\/","og_locale":"en_US","og_type":"article","og_title":"[:pl]O FIRMIE[:en]Company[:] &#8226; Chata ID","og_description":"CHATA ID is a professional and comprehensive interior design studio in Warsaw with over 15 years of experience. We specialize in the design of homes, apartments, as well as office and commercial spaces. If you are looking for an interior designer, contact us, and we will create a space that meets your needs and preferences. [&hellip;]","og_url":"https:\/\/chata-id.pl\/o-firmie\/","og_site_name":"Chata ID","article_publisher":"https:\/\/facebook.com\/CHATA-ID-To%c5%bcsamo%c5%9b%c4%87-Twojego-wn%c4%99trza-116008675146984\/","article_modified_time":"2024-10-14T15:10:41+00:00","og_image":[{"width":236,"height":80,"url":"https:\/\/chata-id.pl\/wp-content\/uploads\/2020\/04\/chata-id-logo-1.png","type":"image\/png"}],"twitter_card":"summary_large_image","twitter_misc":{"Est. reading time":"3 minutes"},"schema":{"@context":"https:\/\/schema.org","@graph":[{"@type":"WebPage","@id":"https:\/\/chata-id.pl\/o-firmie\/","url":"https:\/\/chata-id.pl\/o-firmie\/","name":"[:pl]O FIRMIE[:en]Company[:] &#8226; Chata ID","isPartOf":{"@id":"https:\/\/chata-id.pl\/#website"},"datePublished":"2015-11-24T08:57:47+00:00","dateModified":"2024-10-14T15:10:41+00:00","breadcrumb":{"@id":"https:\/\/chata-id.pl\/o-firmie\/#breadcrumb"},"inLanguage":"en-US","potentialAction":[{"@type":"ReadAction","target":["https:\/\/chata-id.pl\/o-firmie\/"]}]},{"@type":"BreadcrumbList","@id":"https:\/\/chata-id.pl\/o-firmie\/#breadcrumb","itemListElement":[{"@type":"ListItem","position":1,"name":"Strona g\u0142\u00f3wna","item":"https:\/\/chata-id.pl\/"},{"@type":"ListItem","position":2,"name":"O FIRMIE"}]},{"@type":"WebSite","@id":"https:\/\/chata-id.pl\/#website","url":"https:\/\/chata-id.pl\/","name":"Chata ID","description":"To\u017csamo\u015b\u0107 Twojego wn\u0119trza","publisher":{"@id":"https:\/\/chata-id.pl\/#organization"},"potentialAction":[{"@type":"SearchAction","target":{"@type":"EntryPoint","urlTemplate":"https:\/\/chata-id.pl\/?s={search_term_string}"},"query-input":{"@type":"PropertyValueSpecification","valueRequired":true,"valueName":"search_term_string"}}],"inLanguage":"en-US"},{"@type":"Organization","@id":"https:\/\/chata-id.pl\/#organization","name":"CHATA ID - To\u017csamo\u015b\u0107 Twojego Wn\u0119trza - Nadarzyn","url":"https:\/\/chata-id.pl\/","logo":{"@type":"ImageObject","inLanguage":"en-US","@id":"https:\/\/chata-id.pl\/#\/schema\/logo\/image\/","url":"https:\/\/chata-id.pl\/wp-content\/uploads\/2020\/04\/chata-id-logo-1.png","contentUrl":"https:\/\/chata-id.pl\/wp-content\/uploads\/2020\/04\/chata-id-logo-1.png","width":236,"height":80,"caption":"CHATA ID - To\u017csamo\u015b\u0107 Twojego Wn\u0119trza - Nadarzyn"},"image":{"@id":"https:\/\/chata-id.pl\/#\/schema\/logo\/image\/"},"sameAs":["https:\/\/facebook.com\/CHATA-ID-To\u017csamo\u015b\u0107-Twojego-wn\u0119trza-116008675146984\/"]}]}},"_links":{"self":[{"href":"https:\/\/chata-id.pl\/en\/wp-json\/wp\/v2\/pages\/348","targetHints":{"allow":["GET"]}}],"collection":[{"href":"https:\/\/chata-id.pl\/en\/wp-json\/wp\/v2\/pages"}],"about":[{"href":"https:\/\/chata-id.pl\/en\/wp-json\/wp\/v2\/types\/page"}],"author":[{"embeddable":true,"href":"https:\/\/chata-id.pl\/en\/wp-json\/wp\/v2\/users\/1"}],"replies":[{"embeddable":true,"href":"https:\/\/chata-id.pl\/en\/wp-json\/wp\/v2\/comments?post=348"}],"version-history":[{"count":14,"href":"https:\/\/chata-id.pl\/en\/wp-json\/wp\/v2\/pages\/348\/revisions"}],"predecessor-version":[{"id":1770,"href":"https:\/\/chata-id.pl\/en\/wp-json\/wp\/v2\/pages\/348\/revisions\/1770"}],"wp:attachment":[{"href":"https:\/\/chata-id.pl\/en\/wp-json\/wp\/v2\/media?parent=348"}],"curies":[{"name":"wp","href":"https:\/\/api.w.org\/{rel}","templated":true}]}}