{"id":246,"date":"2015-09-28T07:50:04","date_gmt":"2015-09-28T07:50:04","guid":{"rendered":"http:\/\/www.chata-id.pl\/?page_id=246"},"modified":"2016-08-29T10:14:20","modified_gmt":"2016-08-29T10:14:20","slug":"partnerzy","status":"publish","type":"page","link":"https:\/\/chata-id.pl\/en\/partnerzy\/","title":{"rendered":"Partners"},"content":{"rendered":"<p style=\"text-align: center;\"><a href=\"http:\/\/www.siluetta.com\/\" target=\"_blank\"><img loading=\"lazy\" decoding=\"async\" class=\"alignnone size-full wp-image-247\" src=\"http:\/\/www.chata-id.pl\/wp-content\/uploads\/2015\/09\/siluetta.jpg\" alt=\"siluetta\" width=\"185\" height=\"96\" \/><\/a> <a href=\"http:\/\/www.luxuryestatemarket.com\/\" target=\"_blank\"><img loading=\"lazy\" decoding=\"async\" class=\"alignnone size-medium wp-image-248\" src=\"http:\/\/www.chata-id.pl\/wp-content\/uploads\/2015\/09\/estate.jpg\" alt=\"estate\" width=\"185\" height=\"154\" \/><\/a><\/p>\n<p style=\"text-align: center;\"><a href=\"http:\/\/www.ahprojekt.pl\/\" target=\"_blank\"><img loading=\"lazy\" decoding=\"async\" class=\"alignnone wp-image-255\" src=\"http:\/\/www.chata-id.pl\/wp-content\/uploads\/2015\/09\/logo_ah_projekt-300x150.jpg\" alt=\"Wizyto\u00b4wka\" width=\"242\" height=\"121\" srcset=\"https:\/\/chata-id.pl\/wp-content\/uploads\/2015\/09\/logo_ah_projekt-300x150.jpg 300w, https:\/\/chata-id.pl\/wp-content\/uploads\/2015\/09\/logo_ah_projekt-420x210.jpg 420w, https:\/\/chata-id.pl\/wp-content\/uploads\/2015\/09\/logo_ah_projekt.jpg 700w\" sizes=\"auto, (max-width: 242px) 100vw, 242px\" \/><\/a> <a href=\"http:\/\/www.coliber-szkolenia.pl\/\" target=\"_blank\"><img loading=\"lazy\" decoding=\"async\" class=\"wp-image-256 alignnone\" src=\"http:\/\/www.chata-id.pl\/wp-content\/uploads\/2015\/09\/coliber_logo.png\" alt=\"coliber_logo\" width=\"245\" height=\"118\" \/><\/a><\/p>\n","protected":false},"excerpt":{"rendered":"","protected":false},"author":1,"featured_media":0,"parent":0,"menu_order":0,"comment_status":"closed","ping_status":"closed","template":"","meta":{"inline_featured_image":false,"footnotes":""},"class_list":["post-246","page","type-page","status-publish","hentry"],"yoast_head":"<!-- This site is optimized with the Yoast SEO plugin v24.3 - https:\/\/yoast.com\/wordpress\/plugins\/seo\/ -->\n<title>Partners &#8226; Chata ID<\/title>\n<meta name=\"robots\" content=\"index, follow, max-snippet:-1, max-image-preview:large, max-video-preview:-1\" \/>\n<link rel=\"canonical\" href=\"https:\/\/chata-id.pl\/partnerzy\/\" \/>\n<meta property=\"og:locale\" content=\"en_US\" \/>\n<meta property=\"og:type\" content=\"article\" \/>\n<meta property=\"og:title\" content=\"[:pl]Partnerzy[:en]Partners[:] &#8226; Chata ID\" \/>\n<meta property=\"og:url\" content=\"https:\/\/chata-id.pl\/partnerzy\/\" \/>\n<meta property=\"og:site_name\" content=\"Chata ID\" \/>\n<meta property=\"article:publisher\" content=\"https:\/\/facebook.com\/CHATA-ID-To%c5%bcsamo%c5%9b%c4%87-Twojego-wn%c4%99trza-116008675146984\/\" \/>\n<meta property=\"article:modified_time\" content=\"2016-08-29T10:14:20+00:00\" \/>\n<meta property=\"og:image\" content=\"http:\/\/www.chata-id.pl\/wp-content\/uploads\/2015\/09\/siluetta.jpg\" \/>\n<meta name=\"twitter:card\" content=\"summary_large_image\" \/>\n<script type=\"application\/ld+json\" class=\"yoast-schema-graph\">{\"@context\":\"https:\/\/schema.org\",\"@graph\":[{\"@type\":\"WebPage\",\"@id\":\"https:\/\/chata-id.pl\/partnerzy\/\",\"url\":\"https:\/\/chata-id.pl\/partnerzy\/\",\"name\":\"[:pl]Partnerzy[:en]Partners[:] &#8226; Chata ID\",\"isPartOf\":{\"@id\":\"https:\/\/chata-id.pl\/#website\"},\"primaryImageOfPage\":{\"@id\":\"https:\/\/chata-id.pl\/partnerzy\/#primaryimage\"},\"image\":{\"@id\":\"https:\/\/chata-id.pl\/partnerzy\/#primaryimage\"},\"thumbnailUrl\":\"http:\/\/www.chata-id.pl\/wp-content\/uploads\/2015\/09\/siluetta.jpg\",\"datePublished\":\"2015-09-28T07:50:04+00:00\",\"dateModified\":\"2016-08-29T10:14:20+00:00\",\"breadcrumb\":{\"@id\":\"https:\/\/chata-id.pl\/partnerzy\/#breadcrumb\"},\"inLanguage\":\"en-US\",\"potentialAction\":[{\"@type\":\"ReadAction\",\"target\":[\"https:\/\/chata-id.pl\/partnerzy\/\"]}]},{\"@type\":\"ImageObject\",\"inLanguage\":\"en-US\",\"@id\":\"https:\/\/chata-id.pl\/partnerzy\/#primaryimage\",\"url\":\"http:\/\/www.chata-id.pl\/wp-content\/uploads\/2015\/09\/siluetta.jpg\",\"contentUrl\":\"http:\/\/www.chata-id.pl\/wp-content\/uploads\/2015\/09\/siluetta.jpg\"},{\"@type\":\"BreadcrumbList\",\"@id\":\"https:\/\/chata-id.pl\/partnerzy\/#breadcrumb\",\"itemListElement\":[{\"@type\":\"ListItem\",\"position\":1,\"name\":\"Strona g\u0142\u00f3wna\",\"item\":\"https:\/\/chata-id.pl\/\"},{\"@type\":\"ListItem\",\"position\":2,\"name\":\"Partnerzy\"}]},{\"@type\":\"WebSite\",\"@id\":\"https:\/\/chata-id.pl\/#website\",\"url\":\"https:\/\/chata-id.pl\/\",\"name\":\"Chata ID\",\"description\":\"To\u017csamo\u015b\u0107 Twojego wn\u0119trza\",\"publisher\":{\"@id\":\"https:\/\/chata-id.pl\/#organization\"},\"potentialAction\":[{\"@type\":\"SearchAction\",\"target\":{\"@type\":\"EntryPoint\",\"urlTemplate\":\"https:\/\/chata-id.pl\/?s={search_term_string}\"},\"query-input\":{\"@type\":\"PropertyValueSpecification\",\"valueRequired\":true,\"valueName\":\"search_term_string\"}}],\"inLanguage\":\"en-US\"},{\"@type\":\"Organization\",\"@id\":\"https:\/\/chata-id.pl\/#organization\",\"name\":\"CHATA ID - To\u017csamo\u015b\u0107 Twojego Wn\u0119trza - Nadarzyn\",\"url\":\"https:\/\/chata-id.pl\/\",\"logo\":{\"@type\":\"ImageObject\",\"inLanguage\":\"en-US\",\"@id\":\"https:\/\/chata-id.pl\/#\/schema\/logo\/image\/\",\"url\":\"https:\/\/chata-id.pl\/wp-content\/uploads\/2020\/04\/chata-id-logo-1.png\",\"contentUrl\":\"https:\/\/chata-id.pl\/wp-content\/uploads\/2020\/04\/chata-id-logo-1.png\",\"width\":236,\"height\":80,\"caption\":\"CHATA ID - To\u017csamo\u015b\u0107 Twojego Wn\u0119trza - Nadarzyn\"},\"image\":{\"@id\":\"https:\/\/chata-id.pl\/#\/schema\/logo\/image\/\"},\"sameAs\":[\"https:\/\/facebook.com\/CHATA-ID-To\u017csamo\u015b\u0107-Twojego-wn\u0119trza-116008675146984\/\"]}]}<\/script>\n<!-- \/ Yoast SEO plugin. -->","yoast_head_json":{"title":"[:pl]Partnerzy[:en]Partners[:] &#8226; Chata ID","robots":{"index":"index","follow":"follow","max-snippet":"max-snippet:-1","max-image-preview":"max-image-preview:large","max-video-preview":"max-video-preview:-1"},"canonical":"https:\/\/chata-id.pl\/partnerzy\/","og_locale":"en_US","og_type":"article","og_title":"[:pl]Partnerzy[:en]Partners[:] &#8226; Chata ID","og_url":"https:\/\/chata-id.pl\/partnerzy\/","og_site_name":"Chata ID","article_publisher":"https:\/\/facebook.com\/CHATA-ID-To%c5%bcsamo%c5%9b%c4%87-Twojego-wn%c4%99trza-116008675146984\/","article_modified_time":"2016-08-29T10:14:20+00:00","og_image":[{"url":"http:\/\/www.chata-id.pl\/wp-content\/uploads\/2015\/09\/siluetta.jpg","type":"","width":"","height":""}],"twitter_card":"summary_large_image","schema":{"@context":"https:\/\/schema.org","@graph":[{"@type":"WebPage","@id":"https:\/\/chata-id.pl\/partnerzy\/","url":"https:\/\/chata-id.pl\/partnerzy\/","name":"[:pl]Partnerzy[:en]Partners[:] &#8226; Chata ID","isPartOf":{"@id":"https:\/\/chata-id.pl\/#website"},"primaryImageOfPage":{"@id":"https:\/\/chata-id.pl\/partnerzy\/#primaryimage"},"image":{"@id":"https:\/\/chata-id.pl\/partnerzy\/#primaryimage"},"thumbnailUrl":"http:\/\/www.chata-id.pl\/wp-content\/uploads\/2015\/09\/siluetta.jpg","datePublished":"2015-09-28T07:50:04+00:00","dateModified":"2016-08-29T10:14:20+00:00","breadcrumb":{"@id":"https:\/\/chata-id.pl\/partnerzy\/#breadcrumb"},"inLanguage":"en-US","potentialAction":[{"@type":"ReadAction","target":["https:\/\/chata-id.pl\/partnerzy\/"]}]},{"@type":"ImageObject","inLanguage":"en-US","@id":"https:\/\/chata-id.pl\/partnerzy\/#primaryimage","url":"http:\/\/www.chata-id.pl\/wp-content\/uploads\/2015\/09\/siluetta.jpg","contentUrl":"http:\/\/www.chata-id.pl\/wp-content\/uploads\/2015\/09\/siluetta.jpg"},{"@type":"BreadcrumbList","@id":"https:\/\/chata-id.pl\/partnerzy\/#breadcrumb","itemListElement":[{"@type":"ListItem","position":1,"name":"Strona g\u0142\u00f3wna","item":"https:\/\/chata-id.pl\/"},{"@type":"ListItem","position":2,"name":"Partnerzy"}]},{"@type":"WebSite","@id":"https:\/\/chata-id.pl\/#website","url":"https:\/\/chata-id.pl\/","name":"Chata ID","description":"To\u017csamo\u015b\u0107 Twojego wn\u0119trza","publisher":{"@id":"https:\/\/chata-id.pl\/#organization"},"potentialAction":[{"@type":"SearchAction","target":{"@type":"EntryPoint","urlTemplate":"https:\/\/chata-id.pl\/?s={search_term_string}"},"query-input":{"@type":"PropertyValueSpecification","valueRequired":true,"valueName":"search_term_string"}}],"inLanguage":"en-US"},{"@type":"Organization","@id":"https:\/\/chata-id.pl\/#organization","name":"CHATA ID - To\u017csamo\u015b\u0107 Twojego Wn\u0119trza - Nadarzyn","url":"https:\/\/chata-id.pl\/","logo":{"@type":"ImageObject","inLanguage":"en-US","@id":"https:\/\/chata-id.pl\/#\/schema\/logo\/image\/","url":"https:\/\/chata-id.pl\/wp-content\/uploads\/2020\/04\/chata-id-logo-1.png","contentUrl":"https:\/\/chata-id.pl\/wp-content\/uploads\/2020\/04\/chata-id-logo-1.png","width":236,"height":80,"caption":"CHATA ID - To\u017csamo\u015b\u0107 Twojego Wn\u0119trza - Nadarzyn"},"image":{"@id":"https:\/\/chata-id.pl\/#\/schema\/logo\/image\/"},"sameAs":["https:\/\/facebook.com\/CHATA-ID-To\u017csamo\u015b\u0107-Twojego-wn\u0119trza-116008675146984\/"]}]}},"_links":{"self":[{"href":"https:\/\/chata-id.pl\/en\/wp-json\/wp\/v2\/pages\/246","targetHints":{"allow":["GET"]}}],"collection":[{"href":"https:\/\/chata-id.pl\/en\/wp-json\/wp\/v2\/pages"}],"about":[{"href":"https:\/\/chata-id.pl\/en\/wp-json\/wp\/v2\/types\/page"}],"author":[{"embeddable":true,"href":"https:\/\/chata-id.pl\/en\/wp-json\/wp\/v2\/users\/1"}],"replies":[{"embeddable":true,"href":"https:\/\/chata-id.pl\/en\/wp-json\/wp\/v2\/comments?post=246"}],"version-history":[{"count":6,"href":"https:\/\/chata-id.pl\/en\/wp-json\/wp\/v2\/pages\/246\/revisions"}],"predecessor-version":[{"id":834,"href":"https:\/\/chata-id.pl\/en\/wp-json\/wp\/v2\/pages\/246\/revisions\/834"}],"wp:attachment":[{"href":"https:\/\/chata-id.pl\/en\/wp-json\/wp\/v2\/media?parent=246"}],"curies":[{"name":"wp","href":"https:\/\/api.w.org\/{rel}","templated":true}]}}