{"id":228,"date":"2015-09-23T06:29:20","date_gmt":"2015-09-23T06:29:20","guid":{"rendered":"http:\/\/www.chata-id.pl\/?page_id=228"},"modified":"2020-04-14T09:30:52","modified_gmt":"2020-04-14T09:30:52","slug":"wnetrza-prywatne","status":"publish","type":"page","link":"https:\/\/chata-id.pl\/en\/wnetrza-prywatne\/","title":{"rendered":"Offer"},"content":{"rendered":"<div class=\"wp-block-group alignwide\"><div class=\"wp-block-group__inner-container is-layout-flow wp-block-group-is-layout-flow\">\n<p><\/p>\n\n\n\n<p class=\"western\"><b>CHATA ID studio offers <\/b>professional interior design and decoration services and creates beautiful, functional and timeless interiors.<\/p>\n\n\n\n<p class=\"western\">The scope of cooperation is flexible.<\/p>\n\n\n\n<ul class=\"wp-block-list\"><li> conceptual design &#8211; 3D visualizations <\/li><li> technical design and specification of materials with quotation <\/li><li> logistics involved in building and decoration phase, managing building and decoration teams and purchasing to turn the design into reality <\/li><li> 24 months guarantee for building, decoration and carpentry services <\/li><li> home staging &#8211; preparing houses and apartments for profitable sale <\/li><\/ul>\n\n\n\n<p class=\"western\">Here are the three basic models of cooperation:<span style=\"color: #cccccc;\"><\/span><\/p>\n\n\n\n<figure class=\"wp-block-table alignwide\"><table class=\"has-fixed-layout\"><tbody><tr><td class=\"has-text-align-right\" data-align=\"right\"><\/td><td class=\"has-text-align-center\" data-align=\"center\"><strong>COMFORT<\/strong><\/td><td class=\"has-text-align-center\" data-align=\"center\"><strong>OPTIMUM<\/strong><\/td><td class=\"has-text-align-center\" data-align=\"center\"><strong>VIP<\/strong><\/td><\/tr><tr><td class=\"has-text-align-right\" data-align=\"right\">Questionaire &#8211; ID of an interior<\/td><td class=\"has-text-align-center\" data-align=\"center\"><img loading=\"lazy\" decoding=\"async\" width=\"20\" height=\"19\" class=\"wp-image-892\" style=\"width: 20px;\" src=\"http:\/\/www.chata-id.pl\/wp-content\/uploads\/2015\/09\/yes4.png\" alt=\"\"><\/td><td class=\"has-text-align-center\" data-align=\"center\"><img decoding=\"async\" src=\"http:\/\/www.chata-id.pl\/wp-content\/uploads\/2015\/09\/yes4.png\" alt=\"\" style=\"width: 20px;\"><\/td><td class=\"has-text-align-center\" data-align=\"center\"><img decoding=\"async\" src=\"http:\/\/www.chata-id.pl\/wp-content\/uploads\/2015\/09\/yes4.png\" alt=\"\" style=\"width: 20px;\"><\/td><\/tr><tr><td class=\"has-text-align-right\" data-align=\"right\">Conceptual design (colours, materials, functional setting of furniture)<\/td><td class=\"has-text-align-center\" data-align=\"center\"><img decoding=\"async\" src=\"http:\/\/www.chata-id.pl\/wp-content\/uploads\/2015\/09\/yes4.png\" alt=\"\" style=\"width: 20px;\"><\/td><td class=\"has-text-align-center\" data-align=\"center\"><img decoding=\"async\" src=\"http:\/\/www.chata-id.pl\/wp-content\/uploads\/2015\/09\/yes4.png\" alt=\"\" style=\"width: 20px;\"><\/td><td class=\"has-text-align-center\" data-align=\"center\"><img decoding=\"async\" src=\"http:\/\/www.chata-id.pl\/wp-content\/uploads\/2015\/09\/yes4.png\" alt=\"\" style=\"width: 20px;\"><\/td><\/tr><tr><td class=\"has-text-align-right\" data-align=\"right\">Technical design and specification of materials, furniture and pieces of decoration<\/td><td class=\"has-text-align-center\" data-align=\"center\"><\/td><td class=\"has-text-align-center\" data-align=\"center\"><img decoding=\"async\" src=\"http:\/\/www.chata-id.pl\/wp-content\/uploads\/2015\/09\/yes4.png\" alt=\"\" style=\"width: 20px;\"><\/td><td class=\"has-text-align-center\" data-align=\"center\"><img decoding=\"async\" src=\"http:\/\/www.chata-id.pl\/wp-content\/uploads\/2015\/09\/yes4.png\" alt=\"\" style=\"width: 20px;\"><\/td><\/tr><tr><td class=\"has-text-align-right\" data-align=\"right\">Managing purchases<\/td><td class=\"has-text-align-center\" data-align=\"center\"><\/td><td class=\"has-text-align-center\" data-align=\"center\"><\/td><td class=\"has-text-align-center\" data-align=\"center\"><img decoding=\"async\" src=\"http:\/\/www.chata-id.pl\/wp-content\/uploads\/2015\/09\/yes4.png\" alt=\"\" style=\"width: 20px;\"><\/td><\/tr><tr><td class=\"has-text-align-right\" data-align=\"right\">Decoration phase schedule<\/td><td class=\"has-text-align-center\" data-align=\"center\"><\/td><td class=\"has-text-align-center\" data-align=\"center\"><\/td><td class=\"has-text-align-center\" data-align=\"center\"><img decoding=\"async\" src=\"http:\/\/www.chata-id.pl\/wp-content\/uploads\/2015\/09\/yes4.png\" alt=\"\" style=\"width: 20px;\"><\/td><\/tr><tr><td class=\"has-text-align-right\" data-align=\"right\">Detailed quotation<\/td><td class=\"has-text-align-center\" data-align=\"center\"><\/td><td class=\"has-text-align-center\" data-align=\"center\"><\/td><td class=\"has-text-align-center\" data-align=\"center\"><img decoding=\"async\" src=\"http:\/\/www.chata-id.pl\/wp-content\/uploads\/2015\/09\/yes4.png\" alt=\"\" style=\"width: 20px;\"><\/td><\/tr><tr><td class=\"has-text-align-right\" data-align=\"right\">Managing decoration phase &#8211; visits on building site<\/td><td class=\"has-text-align-center\" data-align=\"center\"><\/td><td class=\"has-text-align-center\" data-align=\"center\"><\/td><td class=\"has-text-align-center\" data-align=\"center\"><img decoding=\"async\" src=\"http:\/\/www.chata-id.pl\/wp-content\/uploads\/2015\/09\/yes4.png\" alt=\"\" style=\"width: 20px;\"><\/td><\/tr><tr><td class=\"has-text-align-right\" data-align=\"right\">End product:<\/td><td class=\"has-text-align-center\" data-align=\"center\">3D visualisations<\/td><td class=\"has-text-align-center\" data-align=\"center\">technical design plans of interiors<br>walls cross-sections<br>tiles plan<br>technical description<br>specification of materials and furniture<br>3D visualizations<\/td><td class=\"has-text-align-center\" data-align=\"center\">1 technical design<br>plans of interiors<br>walls cross-sections<br>tiles plan<br>technical description<br>specification of materials and furniture<br>3D visualizations<br>2. quotations<br>3. decorations phase done according to the design and time schedule<\/td><\/tr><\/tbody><\/table><\/figure>\n\n\n\n<p><\/p>\n<\/div><\/div>","protected":false},"excerpt":{"rendered":"<p>CHATA ID studio offers professional interior design and decoration services and creates beautiful, functional and timeless interiors. The scope of cooperation is flexible. conceptual design &#8211; 3D visualizations technical design and specification of materials with quotation logistics involved in building and decoration phase, managing building and decoration teams and purchasing to turn the design into [&hellip;]<\/p>\n","protected":false},"author":1,"featured_media":0,"parent":0,"menu_order":0,"comment_status":"closed","ping_status":"closed","template":"","meta":{"inline_featured_image":false,"footnotes":""},"class_list":["post-228","page","type-page","status-publish","hentry"],"yoast_head":"<!-- This site is optimized with the Yoast SEO plugin v24.3 - https:\/\/yoast.com\/wordpress\/plugins\/seo\/ -->\n<title>Offer &#8226; Chata ID<\/title>\n<meta name=\"robots\" content=\"index, follow, max-snippet:-1, max-image-preview:large, max-video-preview:-1\" \/>\n<link rel=\"canonical\" href=\"https:\/\/chata-id.pl\/wnetrza-prywatne\/\" \/>\n<meta property=\"og:locale\" content=\"en_US\" \/>\n<meta property=\"og:type\" content=\"article\" \/>\n<meta property=\"og:title\" content=\"[:pl]Wn\u0119trza prywatne[:en]Offer[:] &#8226; Chata ID\" \/>\n<meta property=\"og:description\" content=\"CHATA ID studio offers professional interior design and decoration services and creates beautiful, functional and timeless interiors. The scope of cooperation is flexible. conceptual design &#8211; 3D visualizations technical design and specification of materials with quotation logistics involved in building and decoration phase, managing building and decoration teams and purchasing to turn the design into [&hellip;]\" \/>\n<meta property=\"og:url\" content=\"https:\/\/chata-id.pl\/wnetrza-prywatne\/\" \/>\n<meta property=\"og:site_name\" content=\"Chata ID\" \/>\n<meta property=\"article:publisher\" content=\"https:\/\/facebook.com\/CHATA-ID-To%c5%bcsamo%c5%9b%c4%87-Twojego-wn%c4%99trza-116008675146984\/\" \/>\n<meta property=\"article:modified_time\" content=\"2020-04-14T09:30:52+00:00\" \/>\n<meta property=\"og:image\" content=\"http:\/\/www.chata-id.pl\/wp-content\/uploads\/2015\/09\/yes4.png\" \/>\n<meta name=\"twitter:card\" content=\"summary_large_image\" \/>\n<meta name=\"twitter:label1\" content=\"Est. reading time\" \/>\n\t<meta name=\"twitter:data1\" content=\"2 minutes\" \/>\n<script type=\"application\/ld+json\" class=\"yoast-schema-graph\">{\"@context\":\"https:\/\/schema.org\",\"@graph\":[{\"@type\":\"WebPage\",\"@id\":\"https:\/\/chata-id.pl\/wnetrza-prywatne\/\",\"url\":\"https:\/\/chata-id.pl\/wnetrza-prywatne\/\",\"name\":\"[:pl]Wn\u0119trza prywatne[:en]Offer[:] &#8226; Chata ID\",\"isPartOf\":{\"@id\":\"https:\/\/chata-id.pl\/#website\"},\"primaryImageOfPage\":{\"@id\":\"https:\/\/chata-id.pl\/wnetrza-prywatne\/#primaryimage\"},\"image\":{\"@id\":\"https:\/\/chata-id.pl\/wnetrza-prywatne\/#primaryimage\"},\"thumbnailUrl\":\"http:\/\/www.chata-id.pl\/wp-content\/uploads\/2015\/09\/yes4.png\",\"datePublished\":\"2015-09-23T06:29:20+00:00\",\"dateModified\":\"2020-04-14T09:30:52+00:00\",\"breadcrumb\":{\"@id\":\"https:\/\/chata-id.pl\/wnetrza-prywatne\/#breadcrumb\"},\"inLanguage\":\"en-US\",\"potentialAction\":[{\"@type\":\"ReadAction\",\"target\":[\"https:\/\/chata-id.pl\/wnetrza-prywatne\/\"]}]},{\"@type\":\"ImageObject\",\"inLanguage\":\"en-US\",\"@id\":\"https:\/\/chata-id.pl\/wnetrza-prywatne\/#primaryimage\",\"url\":\"http:\/\/www.chata-id.pl\/wp-content\/uploads\/2015\/09\/yes4.png\",\"contentUrl\":\"http:\/\/www.chata-id.pl\/wp-content\/uploads\/2015\/09\/yes4.png\"},{\"@type\":\"BreadcrumbList\",\"@id\":\"https:\/\/chata-id.pl\/wnetrza-prywatne\/#breadcrumb\",\"itemListElement\":[{\"@type\":\"ListItem\",\"position\":1,\"name\":\"Strona g\u0142\u00f3wna\",\"item\":\"https:\/\/chata-id.pl\/\"},{\"@type\":\"ListItem\",\"position\":2,\"name\":\"Wn\u0119trza prywatne\"}]},{\"@type\":\"WebSite\",\"@id\":\"https:\/\/chata-id.pl\/#website\",\"url\":\"https:\/\/chata-id.pl\/\",\"name\":\"Chata ID\",\"description\":\"To\u017csamo\u015b\u0107 Twojego wn\u0119trza\",\"publisher\":{\"@id\":\"https:\/\/chata-id.pl\/#organization\"},\"potentialAction\":[{\"@type\":\"SearchAction\",\"target\":{\"@type\":\"EntryPoint\",\"urlTemplate\":\"https:\/\/chata-id.pl\/?s={search_term_string}\"},\"query-input\":{\"@type\":\"PropertyValueSpecification\",\"valueRequired\":true,\"valueName\":\"search_term_string\"}}],\"inLanguage\":\"en-US\"},{\"@type\":\"Organization\",\"@id\":\"https:\/\/chata-id.pl\/#organization\",\"name\":\"CHATA ID - To\u017csamo\u015b\u0107 Twojego Wn\u0119trza - Nadarzyn\",\"url\":\"https:\/\/chata-id.pl\/\",\"logo\":{\"@type\":\"ImageObject\",\"inLanguage\":\"en-US\",\"@id\":\"https:\/\/chata-id.pl\/#\/schema\/logo\/image\/\",\"url\":\"https:\/\/chata-id.pl\/wp-content\/uploads\/2020\/04\/chata-id-logo-1.png\",\"contentUrl\":\"https:\/\/chata-id.pl\/wp-content\/uploads\/2020\/04\/chata-id-logo-1.png\",\"width\":236,\"height\":80,\"caption\":\"CHATA ID - To\u017csamo\u015b\u0107 Twojego Wn\u0119trza - Nadarzyn\"},\"image\":{\"@id\":\"https:\/\/chata-id.pl\/#\/schema\/logo\/image\/\"},\"sameAs\":[\"https:\/\/facebook.com\/CHATA-ID-To\u017csamo\u015b\u0107-Twojego-wn\u0119trza-116008675146984\/\"]}]}<\/script>\n<!-- \/ Yoast SEO plugin. -->","yoast_head_json":{"title":"[:pl]Wn\u0119trza prywatne[:en]Offer[:] &#8226; Chata ID","robots":{"index":"index","follow":"follow","max-snippet":"max-snippet:-1","max-image-preview":"max-image-preview:large","max-video-preview":"max-video-preview:-1"},"canonical":"https:\/\/chata-id.pl\/wnetrza-prywatne\/","og_locale":"en_US","og_type":"article","og_title":"[:pl]Wn\u0119trza prywatne[:en]Offer[:] &#8226; Chata ID","og_description":"CHATA ID studio offers professional interior design and decoration services and creates beautiful, functional and timeless interiors. The scope of cooperation is flexible. conceptual design &#8211; 3D visualizations technical design and specification of materials with quotation logistics involved in building and decoration phase, managing building and decoration teams and purchasing to turn the design into [&hellip;]","og_url":"https:\/\/chata-id.pl\/wnetrza-prywatne\/","og_site_name":"Chata ID","article_publisher":"https:\/\/facebook.com\/CHATA-ID-To%c5%bcsamo%c5%9b%c4%87-Twojego-wn%c4%99trza-116008675146984\/","article_modified_time":"2020-04-14T09:30:52+00:00","og_image":[{"url":"http:\/\/www.chata-id.pl\/wp-content\/uploads\/2015\/09\/yes4.png","type":"","width":"","height":""}],"twitter_card":"summary_large_image","twitter_misc":{"Est. reading time":"2 minutes"},"schema":{"@context":"https:\/\/schema.org","@graph":[{"@type":"WebPage","@id":"https:\/\/chata-id.pl\/wnetrza-prywatne\/","url":"https:\/\/chata-id.pl\/wnetrza-prywatne\/","name":"[:pl]Wn\u0119trza prywatne[:en]Offer[:] &#8226; Chata ID","isPartOf":{"@id":"https:\/\/chata-id.pl\/#website"},"primaryImageOfPage":{"@id":"https:\/\/chata-id.pl\/wnetrza-prywatne\/#primaryimage"},"image":{"@id":"https:\/\/chata-id.pl\/wnetrza-prywatne\/#primaryimage"},"thumbnailUrl":"http:\/\/www.chata-id.pl\/wp-content\/uploads\/2015\/09\/yes4.png","datePublished":"2015-09-23T06:29:20+00:00","dateModified":"2020-04-14T09:30:52+00:00","breadcrumb":{"@id":"https:\/\/chata-id.pl\/wnetrza-prywatne\/#breadcrumb"},"inLanguage":"en-US","potentialAction":[{"@type":"ReadAction","target":["https:\/\/chata-id.pl\/wnetrza-prywatne\/"]}]},{"@type":"ImageObject","inLanguage":"en-US","@id":"https:\/\/chata-id.pl\/wnetrza-prywatne\/#primaryimage","url":"http:\/\/www.chata-id.pl\/wp-content\/uploads\/2015\/09\/yes4.png","contentUrl":"http:\/\/www.chata-id.pl\/wp-content\/uploads\/2015\/09\/yes4.png"},{"@type":"BreadcrumbList","@id":"https:\/\/chata-id.pl\/wnetrza-prywatne\/#breadcrumb","itemListElement":[{"@type":"ListItem","position":1,"name":"Strona g\u0142\u00f3wna","item":"https:\/\/chata-id.pl\/"},{"@type":"ListItem","position":2,"name":"Wn\u0119trza prywatne"}]},{"@type":"WebSite","@id":"https:\/\/chata-id.pl\/#website","url":"https:\/\/chata-id.pl\/","name":"Chata ID","description":"To\u017csamo\u015b\u0107 Twojego wn\u0119trza","publisher":{"@id":"https:\/\/chata-id.pl\/#organization"},"potentialAction":[{"@type":"SearchAction","target":{"@type":"EntryPoint","urlTemplate":"https:\/\/chata-id.pl\/?s={search_term_string}"},"query-input":{"@type":"PropertyValueSpecification","valueRequired":true,"valueName":"search_term_string"}}],"inLanguage":"en-US"},{"@type":"Organization","@id":"https:\/\/chata-id.pl\/#organization","name":"CHATA ID - To\u017csamo\u015b\u0107 Twojego Wn\u0119trza - Nadarzyn","url":"https:\/\/chata-id.pl\/","logo":{"@type":"ImageObject","inLanguage":"en-US","@id":"https:\/\/chata-id.pl\/#\/schema\/logo\/image\/","url":"https:\/\/chata-id.pl\/wp-content\/uploads\/2020\/04\/chata-id-logo-1.png","contentUrl":"https:\/\/chata-id.pl\/wp-content\/uploads\/2020\/04\/chata-id-logo-1.png","width":236,"height":80,"caption":"CHATA ID - To\u017csamo\u015b\u0107 Twojego Wn\u0119trza - Nadarzyn"},"image":{"@id":"https:\/\/chata-id.pl\/#\/schema\/logo\/image\/"},"sameAs":["https:\/\/facebook.com\/CHATA-ID-To\u017csamo\u015b\u0107-Twojego-wn\u0119trza-116008675146984\/"]}]}},"_links":{"self":[{"href":"https:\/\/chata-id.pl\/en\/wp-json\/wp\/v2\/pages\/228","targetHints":{"allow":["GET"]}}],"collection":[{"href":"https:\/\/chata-id.pl\/en\/wp-json\/wp\/v2\/pages"}],"about":[{"href":"https:\/\/chata-id.pl\/en\/wp-json\/wp\/v2\/types\/page"}],"author":[{"embeddable":true,"href":"https:\/\/chata-id.pl\/en\/wp-json\/wp\/v2\/users\/1"}],"replies":[{"embeddable":true,"href":"https:\/\/chata-id.pl\/en\/wp-json\/wp\/v2\/comments?post=228"}],"version-history":[{"count":88,"href":"https:\/\/chata-id.pl\/en\/wp-json\/wp\/v2\/pages\/228\/revisions"}],"predecessor-version":[{"id":1480,"href":"https:\/\/chata-id.pl\/en\/wp-json\/wp\/v2\/pages\/228\/revisions\/1480"}],"wp:attachment":[{"href":"https:\/\/chata-id.pl\/en\/wp-json\/wp\/v2\/media?parent=228"}],"curies":[{"name":"wp","href":"https:\/\/api.w.org\/{rel}","templated":true}]}}