{"id":217,"date":"2011-11-08T20:36:01","date_gmt":"2011-11-08T20:36:01","guid":{"rendered":"http:\/\/themes.themolitor.com\/photopharm\/?page_id=217"},"modified":"2018-02-23T09:23:01","modified_gmt":"2018-02-23T09:23:01","slug":"portfolio","status":"publish","type":"page","link":"https:\/\/chata-id.pl\/en\/portfolio\/","title":{"rendered":"PORTFOLIO"},"content":{"rendered":"<p>[vc_row][vc_column width=&#8221;1\/3&#8243;][vc_column_text]<\/p>\n<p><center><a href=\"http:\/\/www.chata-id.pl\/realizacje\/dom-pod-warszawa-4\/\"><img loading=\"lazy\" decoding=\"async\" src=\"http:\/\/www.chata-id.pl\/wp-content\/uploads\/2016\/04\/1_MG_0124-180x180.jpg\" alt=\"parter1\" width=\"180\" height=\"180\" \/><\/a><\/center>[\/vc_column_text][vc_wp_text]<\/p>\n<p style=\"text-align: center; margin-top: -30px;\">House near Warsaw 4<\/p>\n<p>[\/vc_wp_text][\/vc_column][vc_column width=&#8221;1\/3&#8243;][vc_column_text]<\/p>\n<p><center><a href=\"http:\/\/www.chata-id.pl\/realizacje\/dom-pod-warszawa-3\/\"><img loading=\"lazy\" decoding=\"async\" src=\"http:\/\/www.chata-id.pl\/wp-content\/uploads\/2016\/04\/1_MG_7590a-180x180.jpg\" alt=\"parter1\" width=\"180\" height=\"180\" \/><\/a><\/center>[\/vc_column_text][vc_wp_text]<\/p>\n<p style=\"text-align: center; margin-top: -30px;\">House near Warsaw 3<\/p>\n<p>[\/vc_wp_text][\/vc_column][vc_column width=&#8221;1\/3&#8243;][vc_column_text]<\/p>\n<p><center><a href=\"http:\/\/www.chata-id.pl\/realizacje\/apartament-zoliborz\/\"><img loading=\"lazy\" decoding=\"async\" class=\"alignnone size-full wp-image-818\" src=\"http:\/\/www.chata-id.pl\/wp-content\/uploads\/2011\/11\/apartament_warszawa_zoliborz_01mini.jpg\" alt=\"apartament_warszawa_zoliborz_01mini\" width=\"180\" height=\"180\" srcset=\"https:\/\/chata-id.pl\/wp-content\/uploads\/2011\/11\/apartament_warszawa_zoliborz_01mini.jpg 180w, https:\/\/chata-id.pl\/wp-content\/uploads\/2011\/11\/apartament_warszawa_zoliborz_01mini-150x150.jpg 150w\" sizes=\"auto, (max-width: 180px) 100vw, 180px\" \/><\/a><\/center>[\/vc_column_text][vc_wp_text]<\/p>\n<p style=\"text-align: center; margin-top: -30px;\">Apartment \u017boliborz<\/p>\n<p>[\/vc_wp_text][\/vc_column][\/vc_row][vc_row][vc_column width=&#8221;1\/3&#8243;][vc_column_text]<\/p>\n<p><center><a href=\"http:\/\/www.chata-id.pl\/realizacje\/dom-pod-warszawa\/\"><img loading=\"lazy\" decoding=\"async\" class=\"alignnone size-full wp-image-821\" src=\"http:\/\/www.chata-id.pl\/wp-content\/uploads\/2011\/11\/2dom_pod_warszawa_05mini.jpg\" alt=\"2dom_pod_warszawa_05mini\" width=\"180\" height=\"180\" srcset=\"https:\/\/chata-id.pl\/wp-content\/uploads\/2011\/11\/2dom_pod_warszawa_05mini.jpg 180w, https:\/\/chata-id.pl\/wp-content\/uploads\/2011\/11\/2dom_pod_warszawa_05mini-150x150.jpg 150w\" sizes=\"auto, (max-width: 180px) 100vw, 180px\" \/><\/a><\/center>[\/vc_column_text][vc_wp_text]<\/p>\n<p style=\"text-align: center; margin-top: -30px;\">House near Warsaw<\/p>\n<p>[\/vc_wp_text][\/vc_column][vc_column width=&#8221;1\/3&#8243;][vc_column_text]<\/p>\n<p><center><a href=\"http:\/\/www.chata-id.pl\/realizacje\/mieszkanie-bemowo\/\"><img loading=\"lazy\" decoding=\"async\" class=\"alignnone size-full wp-image-822\" src=\"http:\/\/www.chata-id.pl\/wp-content\/uploads\/2011\/11\/mieszkanie_bemowo_05mini.jpg\" alt=\"mieszkanie_bemowo_05mini\" width=\"180\" height=\"180\" srcset=\"https:\/\/chata-id.pl\/wp-content\/uploads\/2011\/11\/mieszkanie_bemowo_05mini.jpg 180w, https:\/\/chata-id.pl\/wp-content\/uploads\/2011\/11\/mieszkanie_bemowo_05mini-150x150.jpg 150w\" sizes=\"auto, (max-width: 180px) 100vw, 180px\" \/><\/a><\/center>[\/vc_column_text][vc_wp_text]<\/p>\n<p style=\"text-align: center; margin-top: -30px;\">Flat Bemowo<\/p>\n<p>[\/vc_wp_text][\/vc_column][vc_column width=&#8221;1\/3&#8243;][vc_column_text]<\/p>\n<p><center><a href=\"http:\/\/www.chata-id.pl\/realizacje\/dom-wilanow\/\"><img loading=\"lazy\" decoding=\"async\" class=\"alignnone size-full wp-image-823\" src=\"http:\/\/www.chata-id.pl\/wp-content\/uploads\/2011\/11\/dom_wilanow01mini.jpg\" alt=\"dom_wilanow01mini\" width=\"180\" height=\"180\" srcset=\"https:\/\/chata-id.pl\/wp-content\/uploads\/2011\/11\/dom_wilanow01mini.jpg 180w, https:\/\/chata-id.pl\/wp-content\/uploads\/2011\/11\/dom_wilanow01mini-150x150.jpg 150w\" sizes=\"auto, (max-width: 180px) 100vw, 180px\" \/><\/a><\/center>[\/vc_column_text][vc_wp_text]<\/p>\n<p style=\"text-align: center; margin-top: -30px;\">House Wilan\u00f3w<\/p>\n<p>[\/vc_wp_text][\/vc_column][\/vc_row][vc_row][vc_column width=&#8221;1\/3&#8243;][vc_column_text]<\/p>\n<p><center><a href=\"http:\/\/www.chata-id.pl\/realizacje\/dom-lomianki\/\"><img loading=\"lazy\" decoding=\"async\" class=\"alignnone size-full wp-image-824\" src=\"http:\/\/www.chata-id.pl\/wp-content\/uploads\/2011\/11\/dom_lomianki09mini.jpg\" alt=\"dom_lomianki09mini\" width=\"180\" height=\"180\" srcset=\"https:\/\/chata-id.pl\/wp-content\/uploads\/2011\/11\/dom_lomianki09mini.jpg 180w, https:\/\/chata-id.pl\/wp-content\/uploads\/2011\/11\/dom_lomianki09mini-150x150.jpg 150w\" sizes=\"auto, (max-width: 180px) 100vw, 180px\" \/><\/a><\/center>[\/vc_column_text][vc_wp_text]<\/p>\n<p style=\"text-align: center; margin-top: -30px;\">House \u0141omianki<\/p>\n<p>[\/vc_wp_text][\/vc_column][vc_column width=&#8221;1\/3&#8243;][vc_column_text]<\/p>\n<p><center><a href=\"http:\/\/www.chata-id.pl\/realizacje\/dom-pod-kaliszem\/\"><img loading=\"lazy\" decoding=\"async\" class=\"alignnone size-full wp-image-825\" src=\"http:\/\/www.chata-id.pl\/wp-content\/uploads\/2011\/11\/dompodkaliszem01mini.jpg\" alt=\"dompodkaliszem01mini\" width=\"180\" height=\"180\" srcset=\"https:\/\/chata-id.pl\/wp-content\/uploads\/2011\/11\/dompodkaliszem01mini.jpg 180w, https:\/\/chata-id.pl\/wp-content\/uploads\/2011\/11\/dompodkaliszem01mini-150x150.jpg 150w\" sizes=\"auto, (max-width: 180px) 100vw, 180px\" \/><\/a><\/center>[\/vc_column_text][vc_wp_text]<\/p>\n<p style=\"text-align: center; margin-top: -30px;\">House near Kalisz<\/p>\n<p>[\/vc_wp_text][\/vc_column][vc_column width=&#8221;1\/3&#8243;][vc_column_text]<\/p>\n<p><center><a href=\"http:\/\/www.chata-id.pl\/realizacje\/mieszkanie-wola\/\"><img loading=\"lazy\" decoding=\"async\" class=\"alignnone size-full wp-image-820\" src=\"http:\/\/www.chata-id.pl\/wp-content\/uploads\/2011\/11\/wola8mini.jpg\" alt=\"wola8mini\" width=\"180\" height=\"180\" srcset=\"https:\/\/chata-id.pl\/wp-content\/uploads\/2011\/11\/wola8mini.jpg 180w, https:\/\/chata-id.pl\/wp-content\/uploads\/2011\/11\/wola8mini-150x150.jpg 150w\" sizes=\"auto, (max-width: 180px) 100vw, 180px\" \/><\/a><\/center>[\/vc_column_text][vc_wp_text]<\/p>\n<p style=\"text-align: center; margin-top: -30px;\">Flat Wola<\/p>\n<p>[\/vc_wp_text][\/vc_column][\/vc_row]<\/p>","protected":false},"excerpt":{"rendered":"<p>[vc_row][vc_column width=&#8221;1\/3&#8243;][vc_column_text] [\/vc_column_text][vc_wp_text] House near Warsaw 4 [\/vc_wp_text][\/vc_column][vc_column width=&#8221;1\/3&#8243;][vc_column_text] [\/vc_column_text][vc_wp_text] House near Warsaw 3 [\/vc_wp_text][\/vc_column][vc_column width=&#8221;1\/3&#8243;][vc_column_text] [\/vc_column_text][vc_wp_text] Apartment \u017boliborz [\/vc_wp_text][\/vc_column][\/vc_row][vc_row][vc_column width=&#8221;1\/3&#8243;][vc_column_text] [\/vc_column_text][vc_wp_text] House near Warsaw [\/vc_wp_text][\/vc_column][vc_column width=&#8221;1\/3&#8243;][vc_column_text] [\/vc_column_text][vc_wp_text] Flat Bemowo [\/vc_wp_text][\/vc_column][vc_column width=&#8221;1\/3&#8243;][vc_column_text] [\/vc_column_text][vc_wp_text] House Wilan\u00f3w [\/vc_wp_text][\/vc_column][\/vc_row][vc_row][vc_column width=&#8221;1\/3&#8243;][vc_column_text] [\/vc_column_text][vc_wp_text] House \u0141omianki [\/vc_wp_text][\/vc_column][vc_column width=&#8221;1\/3&#8243;][vc_column_text] [\/vc_column_text][vc_wp_text] House near Kalisz [\/vc_wp_text][\/vc_column][vc_column width=&#8221;1\/3&#8243;][vc_column_text] [\/vc_column_text][vc_wp_text] Flat Wola [\/vc_wp_text][\/vc_column][\/vc_row]<\/p>\n","protected":false},"author":1,"featured_media":0,"parent":0,"menu_order":0,"comment_status":"closed","ping_status":"closed","template":"","meta":{"inline_featured_image":false,"footnotes":""},"class_list":["post-217","page","type-page","status-publish","hentry"],"yoast_head":"<!-- This site is optimized with the Yoast SEO plugin v24.3 - https:\/\/yoast.com\/wordpress\/plugins\/seo\/ -->\n<title>PORTFOLIO &#8226; Chata ID<\/title>\n<meta name=\"robots\" content=\"index, follow, max-snippet:-1, max-image-preview:large, max-video-preview:-1\" \/>\n<link rel=\"canonical\" href=\"https:\/\/chata-id.pl\/portfolio\/\" \/>\n<meta property=\"og:locale\" content=\"en_US\" \/>\n<meta property=\"og:type\" content=\"article\" \/>\n<meta property=\"og:title\" content=\"[:pl]Realizacje[:en]PORTFOLIO[:] &#8226; Chata ID\" \/>\n<meta property=\"og:description\" content=\"[vc_row][vc_column width=&#8221;1\/3&#8243;][vc_column_text] [\/vc_column_text][vc_wp_text] House near Warsaw 4 [\/vc_wp_text][\/vc_column][vc_column width=&#8221;1\/3&#8243;][vc_column_text] [\/vc_column_text][vc_wp_text] House near Warsaw 3 [\/vc_wp_text][\/vc_column][vc_column width=&#8221;1\/3&#8243;][vc_column_text] [\/vc_column_text][vc_wp_text] Apartment \u017boliborz [\/vc_wp_text][\/vc_column][\/vc_row][vc_row][vc_column width=&#8221;1\/3&#8243;][vc_column_text] [\/vc_column_text][vc_wp_text] House near Warsaw [\/vc_wp_text][\/vc_column][vc_column width=&#8221;1\/3&#8243;][vc_column_text] [\/vc_column_text][vc_wp_text] Flat Bemowo [\/vc_wp_text][\/vc_column][vc_column width=&#8221;1\/3&#8243;][vc_column_text] [\/vc_column_text][vc_wp_text] House Wilan\u00f3w [\/vc_wp_text][\/vc_column][\/vc_row][vc_row][vc_column width=&#8221;1\/3&#8243;][vc_column_text] [\/vc_column_text][vc_wp_text] House \u0141omianki [\/vc_wp_text][\/vc_column][vc_column width=&#8221;1\/3&#8243;][vc_column_text] [\/vc_column_text][vc_wp_text] House near Kalisz [\/vc_wp_text][\/vc_column][vc_column width=&#8221;1\/3&#8243;][vc_column_text] [\/vc_column_text][vc_wp_text] Flat Wola [\/vc_wp_text][\/vc_column][\/vc_row]\" \/>\n<meta property=\"og:url\" content=\"https:\/\/chata-id.pl\/portfolio\/\" \/>\n<meta property=\"og:site_name\" content=\"Chata ID\" \/>\n<meta property=\"article:publisher\" content=\"https:\/\/facebook.com\/CHATA-ID-To%c5%bcsamo%c5%9b%c4%87-Twojego-wn%c4%99trza-116008675146984\/\" \/>\n<meta property=\"article:modified_time\" content=\"2018-02-23T09:23:01+00:00\" \/>\n<meta property=\"og:image\" content=\"http:\/\/www.chata-id.pl\/wp-content\/uploads\/2018\/02\/Dom_warszawa_1-min.jpg\" \/>\n<meta name=\"twitter:card\" content=\"summary_large_image\" \/>\n<meta name=\"twitter:label1\" content=\"Est. reading time\" \/>\n\t<meta name=\"twitter:data1\" content=\"2 minutes\" \/>\n<script type=\"application\/ld+json\" class=\"yoast-schema-graph\">{\"@context\":\"https:\/\/schema.org\",\"@graph\":[{\"@type\":\"WebPage\",\"@id\":\"https:\/\/chata-id.pl\/portfolio\/\",\"url\":\"https:\/\/chata-id.pl\/portfolio\/\",\"name\":\"[:pl]Realizacje[:en]PORTFOLIO[:] &#8226; Chata ID\",\"isPartOf\":{\"@id\":\"https:\/\/chata-id.pl\/#website\"},\"primaryImageOfPage\":{\"@id\":\"https:\/\/chata-id.pl\/portfolio\/#primaryimage\"},\"image\":{\"@id\":\"https:\/\/chata-id.pl\/portfolio\/#primaryimage\"},\"thumbnailUrl\":\"http:\/\/www.chata-id.pl\/wp-content\/uploads\/2018\/02\/Dom_warszawa_1-min.jpg\",\"datePublished\":\"2011-11-08T20:36:01+00:00\",\"dateModified\":\"2018-02-23T09:23:01+00:00\",\"breadcrumb\":{\"@id\":\"https:\/\/chata-id.pl\/portfolio\/#breadcrumb\"},\"inLanguage\":\"en-US\",\"potentialAction\":[{\"@type\":\"ReadAction\",\"target\":[\"https:\/\/chata-id.pl\/portfolio\/\"]}]},{\"@type\":\"ImageObject\",\"inLanguage\":\"en-US\",\"@id\":\"https:\/\/chata-id.pl\/portfolio\/#primaryimage\",\"url\":\"http:\/\/www.chata-id.pl\/wp-content\/uploads\/2018\/02\/Dom_warszawa_1-min.jpg\",\"contentUrl\":\"http:\/\/www.chata-id.pl\/wp-content\/uploads\/2018\/02\/Dom_warszawa_1-min.jpg\"},{\"@type\":\"BreadcrumbList\",\"@id\":\"https:\/\/chata-id.pl\/portfolio\/#breadcrumb\",\"itemListElement\":[{\"@type\":\"ListItem\",\"position\":1,\"name\":\"Strona g\u0142\u00f3wna\",\"item\":\"https:\/\/chata-id.pl\/\"},{\"@type\":\"ListItem\",\"position\":2,\"name\":\"Realizacje\"}]},{\"@type\":\"WebSite\",\"@id\":\"https:\/\/chata-id.pl\/#website\",\"url\":\"https:\/\/chata-id.pl\/\",\"name\":\"Chata ID\",\"description\":\"To\u017csamo\u015b\u0107 Twojego wn\u0119trza\",\"publisher\":{\"@id\":\"https:\/\/chata-id.pl\/#organization\"},\"potentialAction\":[{\"@type\":\"SearchAction\",\"target\":{\"@type\":\"EntryPoint\",\"urlTemplate\":\"https:\/\/chata-id.pl\/?s={search_term_string}\"},\"query-input\":{\"@type\":\"PropertyValueSpecification\",\"valueRequired\":true,\"valueName\":\"search_term_string\"}}],\"inLanguage\":\"en-US\"},{\"@type\":\"Organization\",\"@id\":\"https:\/\/chata-id.pl\/#organization\",\"name\":\"CHATA ID - To\u017csamo\u015b\u0107 Twojego Wn\u0119trza - Nadarzyn\",\"url\":\"https:\/\/chata-id.pl\/\",\"logo\":{\"@type\":\"ImageObject\",\"inLanguage\":\"en-US\",\"@id\":\"https:\/\/chata-id.pl\/#\/schema\/logo\/image\/\",\"url\":\"https:\/\/chata-id.pl\/wp-content\/uploads\/2020\/04\/chata-id-logo-1.png\",\"contentUrl\":\"https:\/\/chata-id.pl\/wp-content\/uploads\/2020\/04\/chata-id-logo-1.png\",\"width\":236,\"height\":80,\"caption\":\"CHATA ID - To\u017csamo\u015b\u0107 Twojego Wn\u0119trza - Nadarzyn\"},\"image\":{\"@id\":\"https:\/\/chata-id.pl\/#\/schema\/logo\/image\/\"},\"sameAs\":[\"https:\/\/facebook.com\/CHATA-ID-To\u017csamo\u015b\u0107-Twojego-wn\u0119trza-116008675146984\/\"]}]}<\/script>\n<!-- \/ Yoast SEO plugin. -->","yoast_head_json":{"title":"[:pl]Realizacje[:en]PORTFOLIO[:] &#8226; Chata ID","robots":{"index":"index","follow":"follow","max-snippet":"max-snippet:-1","max-image-preview":"max-image-preview:large","max-video-preview":"max-video-preview:-1"},"canonical":"https:\/\/chata-id.pl\/portfolio\/","og_locale":"en_US","og_type":"article","og_title":"[:pl]Realizacje[:en]PORTFOLIO[:] &#8226; Chata ID","og_description":"[vc_row][vc_column width=&#8221;1\/3&#8243;][vc_column_text] [\/vc_column_text][vc_wp_text] House near Warsaw 4 [\/vc_wp_text][\/vc_column][vc_column width=&#8221;1\/3&#8243;][vc_column_text] [\/vc_column_text][vc_wp_text] House near Warsaw 3 [\/vc_wp_text][\/vc_column][vc_column width=&#8221;1\/3&#8243;][vc_column_text] [\/vc_column_text][vc_wp_text] Apartment \u017boliborz [\/vc_wp_text][\/vc_column][\/vc_row][vc_row][vc_column width=&#8221;1\/3&#8243;][vc_column_text] [\/vc_column_text][vc_wp_text] House near Warsaw [\/vc_wp_text][\/vc_column][vc_column width=&#8221;1\/3&#8243;][vc_column_text] [\/vc_column_text][vc_wp_text] Flat Bemowo [\/vc_wp_text][\/vc_column][vc_column width=&#8221;1\/3&#8243;][vc_column_text] [\/vc_column_text][vc_wp_text] House Wilan\u00f3w [\/vc_wp_text][\/vc_column][\/vc_row][vc_row][vc_column width=&#8221;1\/3&#8243;][vc_column_text] [\/vc_column_text][vc_wp_text] House \u0141omianki [\/vc_wp_text][\/vc_column][vc_column width=&#8221;1\/3&#8243;][vc_column_text] [\/vc_column_text][vc_wp_text] House near Kalisz [\/vc_wp_text][\/vc_column][vc_column width=&#8221;1\/3&#8243;][vc_column_text] [\/vc_column_text][vc_wp_text] Flat Wola [\/vc_wp_text][\/vc_column][\/vc_row]","og_url":"https:\/\/chata-id.pl\/portfolio\/","og_site_name":"Chata ID","article_publisher":"https:\/\/facebook.com\/CHATA-ID-To%c5%bcsamo%c5%9b%c4%87-Twojego-wn%c4%99trza-116008675146984\/","article_modified_time":"2018-02-23T09:23:01+00:00","og_image":[{"url":"http:\/\/www.chata-id.pl\/wp-content\/uploads\/2018\/02\/Dom_warszawa_1-min.jpg","type":"","width":"","height":""}],"twitter_card":"summary_large_image","twitter_misc":{"Est. reading time":"2 minutes"},"schema":{"@context":"https:\/\/schema.org","@graph":[{"@type":"WebPage","@id":"https:\/\/chata-id.pl\/portfolio\/","url":"https:\/\/chata-id.pl\/portfolio\/","name":"[:pl]Realizacje[:en]PORTFOLIO[:] &#8226; Chata ID","isPartOf":{"@id":"https:\/\/chata-id.pl\/#website"},"primaryImageOfPage":{"@id":"https:\/\/chata-id.pl\/portfolio\/#primaryimage"},"image":{"@id":"https:\/\/chata-id.pl\/portfolio\/#primaryimage"},"thumbnailUrl":"http:\/\/www.chata-id.pl\/wp-content\/uploads\/2018\/02\/Dom_warszawa_1-min.jpg","datePublished":"2011-11-08T20:36:01+00:00","dateModified":"2018-02-23T09:23:01+00:00","breadcrumb":{"@id":"https:\/\/chata-id.pl\/portfolio\/#breadcrumb"},"inLanguage":"en-US","potentialAction":[{"@type":"ReadAction","target":["https:\/\/chata-id.pl\/portfolio\/"]}]},{"@type":"ImageObject","inLanguage":"en-US","@id":"https:\/\/chata-id.pl\/portfolio\/#primaryimage","url":"http:\/\/www.chata-id.pl\/wp-content\/uploads\/2018\/02\/Dom_warszawa_1-min.jpg","contentUrl":"http:\/\/www.chata-id.pl\/wp-content\/uploads\/2018\/02\/Dom_warszawa_1-min.jpg"},{"@type":"BreadcrumbList","@id":"https:\/\/chata-id.pl\/portfolio\/#breadcrumb","itemListElement":[{"@type":"ListItem","position":1,"name":"Strona g\u0142\u00f3wna","item":"https:\/\/chata-id.pl\/"},{"@type":"ListItem","position":2,"name":"Realizacje"}]},{"@type":"WebSite","@id":"https:\/\/chata-id.pl\/#website","url":"https:\/\/chata-id.pl\/","name":"Chata ID","description":"To\u017csamo\u015b\u0107 Twojego wn\u0119trza","publisher":{"@id":"https:\/\/chata-id.pl\/#organization"},"potentialAction":[{"@type":"SearchAction","target":{"@type":"EntryPoint","urlTemplate":"https:\/\/chata-id.pl\/?s={search_term_string}"},"query-input":{"@type":"PropertyValueSpecification","valueRequired":true,"valueName":"search_term_string"}}],"inLanguage":"en-US"},{"@type":"Organization","@id":"https:\/\/chata-id.pl\/#organization","name":"CHATA ID - To\u017csamo\u015b\u0107 Twojego Wn\u0119trza - Nadarzyn","url":"https:\/\/chata-id.pl\/","logo":{"@type":"ImageObject","inLanguage":"en-US","@id":"https:\/\/chata-id.pl\/#\/schema\/logo\/image\/","url":"https:\/\/chata-id.pl\/wp-content\/uploads\/2020\/04\/chata-id-logo-1.png","contentUrl":"https:\/\/chata-id.pl\/wp-content\/uploads\/2020\/04\/chata-id-logo-1.png","width":236,"height":80,"caption":"CHATA ID - To\u017csamo\u015b\u0107 Twojego Wn\u0119trza - Nadarzyn"},"image":{"@id":"https:\/\/chata-id.pl\/#\/schema\/logo\/image\/"},"sameAs":["https:\/\/facebook.com\/CHATA-ID-To\u017csamo\u015b\u0107-Twojego-wn\u0119trza-116008675146984\/"]}]}},"_links":{"self":[{"href":"https:\/\/chata-id.pl\/en\/wp-json\/wp\/v2\/pages\/217","targetHints":{"allow":["GET"]}}],"collection":[{"href":"https:\/\/chata-id.pl\/en\/wp-json\/wp\/v2\/pages"}],"about":[{"href":"https:\/\/chata-id.pl\/en\/wp-json\/wp\/v2\/types\/page"}],"author":[{"embeddable":true,"href":"https:\/\/chata-id.pl\/en\/wp-json\/wp\/v2\/users\/1"}],"replies":[{"embeddable":true,"href":"https:\/\/chata-id.pl\/en\/wp-json\/wp\/v2\/comments?post=217"}],"version-history":[{"count":106,"href":"https:\/\/chata-id.pl\/en\/wp-json\/wp\/v2\/pages\/217\/revisions"}],"predecessor-version":[{"id":1322,"href":"https:\/\/chata-id.pl\/en\/wp-json\/wp\/v2\/pages\/217\/revisions\/1322"}],"wp:attachment":[{"href":"https:\/\/chata-id.pl\/en\/wp-json\/wp\/v2\/media?parent=217"}],"curies":[{"name":"wp","href":"https:\/\/api.w.org\/{rel}","templated":true}]}}