{"id":1802,"date":"2024-10-17T12:53:34","date_gmt":"2024-10-17T12:53:34","guid":{"rendered":"https:\/\/chata-id.pl\/?page_id=1802"},"modified":"2025-02-08T10:11:23","modified_gmt":"2025-02-08T10:11:23","slug":"publikacje","status":"publish","type":"page","link":"https:\/\/chata-id.pl\/en\/publikacje\/","title":{"rendered":"Publikacje"},"content":{"rendered":"\n<div class=\"wp-block-group alignwide\"><div class=\"wp-block-group__inner-container is-layout-flow wp-block-group-is-layout-flow\">\n<p>Publikacja sesji z realizacji CHATA ID w presti\u017cowym w\u0142oskim papierowym magazynie wn\u0119trzarskim, kt\u00f3ry pokazuje najciekawsze realizacje z W\u0142och i ca\u0142ego \u015bwiata<\/p>\n\n\n<div class=\"wp-block-image\">\n<figure class=\"aligncenter size-large\"><img loading=\"lazy\" decoding=\"async\" width=\"782\" height=\"1024\" src=\"https:\/\/chata-id.pl\/wp-content\/uploads\/2024\/10\/dentrocoasa-782x1024.jpg\" alt=\"\" class=\"wp-image-1805\" srcset=\"https:\/\/chata-id.pl\/wp-content\/uploads\/2024\/10\/dentrocoasa-782x1024.jpg 782w, https:\/\/chata-id.pl\/wp-content\/uploads\/2024\/10\/dentrocoasa-229x300.jpg 229w, https:\/\/chata-id.pl\/wp-content\/uploads\/2024\/10\/dentrocoasa-768x1006.jpg 768w, https:\/\/chata-id.pl\/wp-content\/uploads\/2024\/10\/dentrocoasa-1173x1536.jpg 1173w, https:\/\/chata-id.pl\/wp-content\/uploads\/2024\/10\/dentrocoasa-1200x1571.jpg 1200w, https:\/\/chata-id.pl\/wp-content\/uploads\/2024\/10\/dentrocoasa.jpg 1564w\" sizes=\"auto, (max-width: 782px) 100vw, 782px\" \/><\/figure><\/div>\n\n\n<p>Pobierz ca\u0142y katalog: <a href=\"https:\/\/chata-id.pl\/wp-content\/uploads\/2024\/10\/DC-Casa-VARSAVIA-cover-settembre-24-2.pdf\">kliknij tutaj<\/a><\/p>\n<\/div><\/div>\n\n\n\n<p>Publikacja sesji z realizacji CHATA ID w pi\u0119knym lifestylowym magazynie o podr\u00f3\u017cach, sztuce i designie<\/p>\n\n\n\n<figure class=\"wp-block-gallery aligncenter has-nested-images columns-default is-cropped wp-block-gallery-1 is-layout-flex wp-block-gallery-is-layout-flex\">\n<figure class=\"wp-block-image size-large\"><img loading=\"lazy\" decoding=\"async\" width=\"387\" height=\"500\" data-id=\"1806\" src=\"https:\/\/chata-id.pl\/wp-content\/uploads\/2024\/10\/viva_lifestyle_2024_okladka.jpg\" alt=\"\" class=\"wp-image-1806\" srcset=\"https:\/\/chata-id.pl\/wp-content\/uploads\/2024\/10\/viva_lifestyle_2024_okladka.jpg 387w, https:\/\/chata-id.pl\/wp-content\/uploads\/2024\/10\/viva_lifestyle_2024_okladka-232x300.jpg 232w\" sizes=\"auto, (max-width: 387px) 100vw, 387px\" \/><\/figure>\n<\/figure>\n\n\n\n<p>Publikacja sesji zdj\u0119ciowej z realizacji CHATA ID mieszkania dla m\u0142odego prawnika z stylu kamienicy z lat 20XX wieku<\/p>\n\n\n<div class=\"wp-block-image\">\n<figure class=\"aligncenter size-large\"><img loading=\"lazy\" decoding=\"async\" width=\"822\" height=\"1024\" src=\"https:\/\/chata-id.pl\/wp-content\/uploads\/2024\/10\/weranda-822x1024.png\" alt=\"\" class=\"wp-image-1807\" srcset=\"https:\/\/chata-id.pl\/wp-content\/uploads\/2024\/10\/weranda-822x1024.png 822w, https:\/\/chata-id.pl\/wp-content\/uploads\/2024\/10\/weranda-241x300.png 241w, https:\/\/chata-id.pl\/wp-content\/uploads\/2024\/10\/weranda-768x957.png 768w, https:\/\/chata-id.pl\/wp-content\/uploads\/2024\/10\/weranda.png 1080w\" sizes=\"auto, (max-width: 822px) 100vw, 822px\" \/><\/figure><\/div>\n\n\n<p>Sprawd\u017a publikacje na naszym instagramie : <a href=\"https:\/\/www.instagram.com\/p\/C1etGNINbx_\/?img_index=1\">kliknij tutaj<\/a><\/p>\n\n\n\n<h2 class=\"wp-block-heading\">Inne<\/h2>\n\n\n\n<p>Publikacja Czas na Wn\u0119trze &#8211; <a href=\"https:\/\/czasnawnetrze.pl\/wizyty\/55893-od-starych-murow-do-nowoczesnego-wnetrza-tak-mloda-rodzina-przeksztalcila-100m-na-ochocie\">kliknij tutaj<\/a><\/p>\n\n\n\n<p>Publikacja PLN Design: <a href=\"https:\/\/plndesign.pl\/57-metrowe-mieszkanie-na-warszawskiej-woli-dla-mlodego-prawnika\/\">kliknij tutaj<\/a><\/p>\n","protected":false},"excerpt":{"rendered":"<p>Publikacja sesji z realizacji CHATA ID w presti\u017cowym w\u0142oskim papierowym magazynie wn\u0119trzarskim, kt\u00f3ry pokazuje najciekawsze realizacje z W\u0142och i ca\u0142ego \u015bwiata Pobierz ca\u0142y katalog: kliknij tutaj Publikacja sesji z realizacji CHATA ID w pi\u0119knym lifestylowym magazynie o podr\u00f3\u017cach, sztuce i designie Publikacja sesji zdj\u0119ciowej z realizacji CHATA ID mieszkania dla m\u0142odego prawnika z stylu kamienicy [&hellip;]<\/p>\n","protected":false},"author":4,"featured_media":0,"parent":0,"menu_order":0,"comment_status":"closed","ping_status":"closed","template":"","meta":{"inline_featured_image":false,"footnotes":""},"class_list":["post-1802","page","type-page","status-publish","hentry"],"yoast_head":"<!-- This site is optimized with the Yoast SEO plugin v24.3 - https:\/\/yoast.com\/wordpress\/plugins\/seo\/ -->\n<title>Publikacje &#8226; Chata ID<\/title>\n<meta name=\"robots\" content=\"index, follow, max-snippet:-1, max-image-preview:large, max-video-preview:-1\" \/>\n<link rel=\"canonical\" href=\"https:\/\/chata-id.pl\/publikacje\/\" \/>\n<meta property=\"og:locale\" content=\"en_US\" \/>\n<meta property=\"og:type\" content=\"article\" \/>\n<meta property=\"og:title\" content=\"Publikacje &#8226; Chata ID\" \/>\n<meta property=\"og:description\" content=\"Publikacja sesji z realizacji CHATA ID w presti\u017cowym w\u0142oskim papierowym magazynie wn\u0119trzarskim, kt\u00f3ry pokazuje najciekawsze realizacje z W\u0142och i ca\u0142ego \u015bwiata Pobierz ca\u0142y katalog: kliknij tutaj Publikacja sesji z realizacji CHATA ID w pi\u0119knym lifestylowym magazynie o podr\u00f3\u017cach, sztuce i designie Publikacja sesji zdj\u0119ciowej z realizacji CHATA ID mieszkania dla m\u0142odego prawnika z stylu kamienicy [&hellip;]\" \/>\n<meta property=\"og:url\" content=\"https:\/\/chata-id.pl\/publikacje\/\" \/>\n<meta property=\"og:site_name\" content=\"Chata ID\" \/>\n<meta property=\"article:publisher\" content=\"https:\/\/facebook.com\/CHATA-ID-To%c5%bcsamo%c5%9b%c4%87-Twojego-wn%c4%99trza-116008675146984\/\" \/>\n<meta property=\"article:modified_time\" content=\"2025-02-08T10:11:23+00:00\" \/>\n<meta property=\"og:image\" content=\"https:\/\/chata-id.pl\/wp-content\/uploads\/2024\/10\/dentrocoasa.jpg\" \/>\n\t<meta property=\"og:image:width\" content=\"1564\" \/>\n\t<meta property=\"og:image:height\" content=\"2048\" \/>\n\t<meta property=\"og:image:type\" content=\"image\/jpeg\" \/>\n<meta name=\"twitter:card\" content=\"summary_large_image\" \/>\n<meta name=\"twitter:label1\" content=\"Est. reading time\" \/>\n\t<meta name=\"twitter:data1\" content=\"2 minutes\" \/>\n<script type=\"application\/ld+json\" class=\"yoast-schema-graph\">{\"@context\":\"https:\/\/schema.org\",\"@graph\":[{\"@type\":\"WebPage\",\"@id\":\"https:\/\/chata-id.pl\/publikacje\/\",\"url\":\"https:\/\/chata-id.pl\/publikacje\/\",\"name\":\"Publikacje &#8226; Chata ID\",\"isPartOf\":{\"@id\":\"https:\/\/chata-id.pl\/#website\"},\"primaryImageOfPage\":{\"@id\":\"https:\/\/chata-id.pl\/publikacje\/#primaryimage\"},\"image\":{\"@id\":\"https:\/\/chata-id.pl\/publikacje\/#primaryimage\"},\"thumbnailUrl\":\"https:\/\/chata-id.pl\/wp-content\/uploads\/2024\/10\/dentrocoasa-782x1024.jpg\",\"datePublished\":\"2024-10-17T12:53:34+00:00\",\"dateModified\":\"2025-02-08T10:11:23+00:00\",\"breadcrumb\":{\"@id\":\"https:\/\/chata-id.pl\/publikacje\/#breadcrumb\"},\"inLanguage\":\"en-US\",\"potentialAction\":[{\"@type\":\"ReadAction\",\"target\":[\"https:\/\/chata-id.pl\/publikacje\/\"]}]},{\"@type\":\"ImageObject\",\"inLanguage\":\"en-US\",\"@id\":\"https:\/\/chata-id.pl\/publikacje\/#primaryimage\",\"url\":\"https:\/\/chata-id.pl\/wp-content\/uploads\/2024\/10\/dentrocoasa-782x1024.jpg\",\"contentUrl\":\"https:\/\/chata-id.pl\/wp-content\/uploads\/2024\/10\/dentrocoasa-782x1024.jpg\"},{\"@type\":\"BreadcrumbList\",\"@id\":\"https:\/\/chata-id.pl\/publikacje\/#breadcrumb\",\"itemListElement\":[{\"@type\":\"ListItem\",\"position\":1,\"name\":\"Strona g\u0142\u00f3wna\",\"item\":\"https:\/\/chata-id.pl\/\"},{\"@type\":\"ListItem\",\"position\":2,\"name\":\"Publikacje\"}]},{\"@type\":\"WebSite\",\"@id\":\"https:\/\/chata-id.pl\/#website\",\"url\":\"https:\/\/chata-id.pl\/\",\"name\":\"Chata ID\",\"description\":\"To\u017csamo\u015b\u0107 Twojego wn\u0119trza\",\"publisher\":{\"@id\":\"https:\/\/chata-id.pl\/#organization\"},\"potentialAction\":[{\"@type\":\"SearchAction\",\"target\":{\"@type\":\"EntryPoint\",\"urlTemplate\":\"https:\/\/chata-id.pl\/?s={search_term_string}\"},\"query-input\":{\"@type\":\"PropertyValueSpecification\",\"valueRequired\":true,\"valueName\":\"search_term_string\"}}],\"inLanguage\":\"en-US\"},{\"@type\":\"Organization\",\"@id\":\"https:\/\/chata-id.pl\/#organization\",\"name\":\"CHATA ID - To\u017csamo\u015b\u0107 Twojego Wn\u0119trza - Nadarzyn\",\"url\":\"https:\/\/chata-id.pl\/\",\"logo\":{\"@type\":\"ImageObject\",\"inLanguage\":\"en-US\",\"@id\":\"https:\/\/chata-id.pl\/#\/schema\/logo\/image\/\",\"url\":\"https:\/\/chata-id.pl\/wp-content\/uploads\/2020\/04\/chata-id-logo-1.png\",\"contentUrl\":\"https:\/\/chata-id.pl\/wp-content\/uploads\/2020\/04\/chata-id-logo-1.png\",\"width\":236,\"height\":80,\"caption\":\"CHATA ID - To\u017csamo\u015b\u0107 Twojego Wn\u0119trza - Nadarzyn\"},\"image\":{\"@id\":\"https:\/\/chata-id.pl\/#\/schema\/logo\/image\/\"},\"sameAs\":[\"https:\/\/facebook.com\/CHATA-ID-To\u017csamo\u015b\u0107-Twojego-wn\u0119trza-116008675146984\/\"]}]}<\/script>\n<!-- \/ Yoast SEO plugin. -->","yoast_head_json":{"title":"Publikacje &#8226; Chata ID","robots":{"index":"index","follow":"follow","max-snippet":"max-snippet:-1","max-image-preview":"max-image-preview:large","max-video-preview":"max-video-preview:-1"},"canonical":"https:\/\/chata-id.pl\/publikacje\/","og_locale":"en_US","og_type":"article","og_title":"Publikacje &#8226; Chata ID","og_description":"Publikacja sesji z realizacji CHATA ID w presti\u017cowym w\u0142oskim papierowym magazynie wn\u0119trzarskim, kt\u00f3ry pokazuje najciekawsze realizacje z W\u0142och i ca\u0142ego \u015bwiata Pobierz ca\u0142y katalog: kliknij tutaj Publikacja sesji z realizacji CHATA ID w pi\u0119knym lifestylowym magazynie o podr\u00f3\u017cach, sztuce i designie Publikacja sesji zdj\u0119ciowej z realizacji CHATA ID mieszkania dla m\u0142odego prawnika z stylu kamienicy [&hellip;]","og_url":"https:\/\/chata-id.pl\/publikacje\/","og_site_name":"Chata ID","article_publisher":"https:\/\/facebook.com\/CHATA-ID-To%c5%bcsamo%c5%9b%c4%87-Twojego-wn%c4%99trza-116008675146984\/","article_modified_time":"2025-02-08T10:11:23+00:00","og_image":[{"width":1564,"height":2048,"url":"https:\/\/chata-id.pl\/wp-content\/uploads\/2024\/10\/dentrocoasa.jpg","type":"image\/jpeg"}],"twitter_card":"summary_large_image","twitter_misc":{"Est. reading time":"2 minutes"},"schema":{"@context":"https:\/\/schema.org","@graph":[{"@type":"WebPage","@id":"https:\/\/chata-id.pl\/publikacje\/","url":"https:\/\/chata-id.pl\/publikacje\/","name":"Publikacje &#8226; Chata ID","isPartOf":{"@id":"https:\/\/chata-id.pl\/#website"},"primaryImageOfPage":{"@id":"https:\/\/chata-id.pl\/publikacje\/#primaryimage"},"image":{"@id":"https:\/\/chata-id.pl\/publikacje\/#primaryimage"},"thumbnailUrl":"https:\/\/chata-id.pl\/wp-content\/uploads\/2024\/10\/dentrocoasa-782x1024.jpg","datePublished":"2024-10-17T12:53:34+00:00","dateModified":"2025-02-08T10:11:23+00:00","breadcrumb":{"@id":"https:\/\/chata-id.pl\/publikacje\/#breadcrumb"},"inLanguage":"en-US","potentialAction":[{"@type":"ReadAction","target":["https:\/\/chata-id.pl\/publikacje\/"]}]},{"@type":"ImageObject","inLanguage":"en-US","@id":"https:\/\/chata-id.pl\/publikacje\/#primaryimage","url":"https:\/\/chata-id.pl\/wp-content\/uploads\/2024\/10\/dentrocoasa-782x1024.jpg","contentUrl":"https:\/\/chata-id.pl\/wp-content\/uploads\/2024\/10\/dentrocoasa-782x1024.jpg"},{"@type":"BreadcrumbList","@id":"https:\/\/chata-id.pl\/publikacje\/#breadcrumb","itemListElement":[{"@type":"ListItem","position":1,"name":"Strona g\u0142\u00f3wna","item":"https:\/\/chata-id.pl\/"},{"@type":"ListItem","position":2,"name":"Publikacje"}]},{"@type":"WebSite","@id":"https:\/\/chata-id.pl\/#website","url":"https:\/\/chata-id.pl\/","name":"Chata ID","description":"To\u017csamo\u015b\u0107 Twojego wn\u0119trza","publisher":{"@id":"https:\/\/chata-id.pl\/#organization"},"potentialAction":[{"@type":"SearchAction","target":{"@type":"EntryPoint","urlTemplate":"https:\/\/chata-id.pl\/?s={search_term_string}"},"query-input":{"@type":"PropertyValueSpecification","valueRequired":true,"valueName":"search_term_string"}}],"inLanguage":"en-US"},{"@type":"Organization","@id":"https:\/\/chata-id.pl\/#organization","name":"CHATA ID - To\u017csamo\u015b\u0107 Twojego Wn\u0119trza - Nadarzyn","url":"https:\/\/chata-id.pl\/","logo":{"@type":"ImageObject","inLanguage":"en-US","@id":"https:\/\/chata-id.pl\/#\/schema\/logo\/image\/","url":"https:\/\/chata-id.pl\/wp-content\/uploads\/2020\/04\/chata-id-logo-1.png","contentUrl":"https:\/\/chata-id.pl\/wp-content\/uploads\/2020\/04\/chata-id-logo-1.png","width":236,"height":80,"caption":"CHATA ID - To\u017csamo\u015b\u0107 Twojego Wn\u0119trza - Nadarzyn"},"image":{"@id":"https:\/\/chata-id.pl\/#\/schema\/logo\/image\/"},"sameAs":["https:\/\/facebook.com\/CHATA-ID-To\u017csamo\u015b\u0107-Twojego-wn\u0119trza-116008675146984\/"]}]}},"_links":{"self":[{"href":"https:\/\/chata-id.pl\/en\/wp-json\/wp\/v2\/pages\/1802","targetHints":{"allow":["GET"]}}],"collection":[{"href":"https:\/\/chata-id.pl\/en\/wp-json\/wp\/v2\/pages"}],"about":[{"href":"https:\/\/chata-id.pl\/en\/wp-json\/wp\/v2\/types\/page"}],"author":[{"embeddable":true,"href":"https:\/\/chata-id.pl\/en\/wp-json\/wp\/v2\/users\/4"}],"replies":[{"embeddable":true,"href":"https:\/\/chata-id.pl\/en\/wp-json\/wp\/v2\/comments?post=1802"}],"version-history":[{"count":5,"href":"https:\/\/chata-id.pl\/en\/wp-json\/wp\/v2\/pages\/1802\/revisions"}],"predecessor-version":[{"id":1823,"href":"https:\/\/chata-id.pl\/en\/wp-json\/wp\/v2\/pages\/1802\/revisions\/1823"}],"wp:attachment":[{"href":"https:\/\/chata-id.pl\/en\/wp-json\/wp\/v2\/media?parent=1802"}],"curies":[{"name":"wp","href":"https:\/\/api.w.org\/{rel}","templated":true}]}}