{"id":1672,"date":"2020-09-22T18:48:42","date_gmt":"2020-09-22T18:48:42","guid":{"rendered":"https:\/\/chata-id.pl\/?page_id=1672"},"modified":"2020-09-22T18:49:32","modified_gmt":"2020-09-22T18:49:32","slug":"subtelny-eklektyzm","status":"publish","type":"page","link":"https:\/\/chata-id.pl\/en\/projekty\/subtelny-eklektyzm\/","title":{"rendered":"Subtelny Eklektyzm"},"content":{"rendered":"\n<figure class=\"wp-block-gallery alignwide columns-3 is-cropped wp-block-gallery-1 is-layout-flex wp-block-gallery-is-layout-flex\"><ul class=\"blocks-gallery-grid\"><li class=\"blocks-gallery-item\"><figure><a href=\"https:\/\/chata-id.pl\/wp-content\/uploads\/2020\/09\/projektowanie_wnetrz_nadarzyn_warszawa_subtelny_eklektyzm_chataid-1-1.jpg\"><img loading=\"lazy\" decoding=\"async\" width=\"1024\" height=\"570\" src=\"https:\/\/chata-id.pl\/wp-content\/uploads\/2020\/09\/projektowanie_wnetrz_nadarzyn_warszawa_subtelny_eklektyzm_chataid-1-1-1024x570.jpg\" alt=\"\" data-id=\"1673\" data-full-url=\"https:\/\/chata-id.pl\/wp-content\/uploads\/2020\/09\/projektowanie_wnetrz_nadarzyn_warszawa_subtelny_eklektyzm_chataid-1-1.jpg\" data-link=\"https:\/\/chata-id.pl\/?attachment_id=1673\" class=\"wp-image-1673\" srcset=\"https:\/\/chata-id.pl\/wp-content\/uploads\/2020\/09\/projektowanie_wnetrz_nadarzyn_warszawa_subtelny_eklektyzm_chataid-1-1-1024x570.jpg 1024w, https:\/\/chata-id.pl\/wp-content\/uploads\/2020\/09\/projektowanie_wnetrz_nadarzyn_warszawa_subtelny_eklektyzm_chataid-1-1-300x167.jpg 300w, https:\/\/chata-id.pl\/wp-content\/uploads\/2020\/09\/projektowanie_wnetrz_nadarzyn_warszawa_subtelny_eklektyzm_chataid-1-1-768x428.jpg 768w, https:\/\/chata-id.pl\/wp-content\/uploads\/2020\/09\/projektowanie_wnetrz_nadarzyn_warszawa_subtelny_eklektyzm_chataid-1-1-1536x855.jpg 1536w, https:\/\/chata-id.pl\/wp-content\/uploads\/2020\/09\/projektowanie_wnetrz_nadarzyn_warszawa_subtelny_eklektyzm_chataid-1-1-1200x668.jpg 1200w, https:\/\/chata-id.pl\/wp-content\/uploads\/2020\/09\/projektowanie_wnetrz_nadarzyn_warszawa_subtelny_eklektyzm_chataid-1-1.jpg 1575w\" sizes=\"auto, (max-width: 1024px) 100vw, 1024px\" \/><\/a><\/figure><\/li><li class=\"blocks-gallery-item\"><figure><a href=\"https:\/\/chata-id.pl\/wp-content\/uploads\/2020\/09\/projektowanie_wnetrz_nadarzyn_warszawa_subtelny_eklektyzm_chataid-2.jpg\"><img loading=\"lazy\" decoding=\"async\" width=\"1024\" height=\"575\" src=\"https:\/\/chata-id.pl\/wp-content\/uploads\/2020\/09\/projektowanie_wnetrz_nadarzyn_warszawa_subtelny_eklektyzm_chataid-2-1024x575.jpg\" alt=\"\" data-id=\"1674\" data-full-url=\"https:\/\/chata-id.pl\/wp-content\/uploads\/2020\/09\/projektowanie_wnetrz_nadarzyn_warszawa_subtelny_eklektyzm_chataid-2.jpg\" data-link=\"https:\/\/chata-id.pl\/?attachment_id=1674\" class=\"wp-image-1674\" srcset=\"https:\/\/chata-id.pl\/wp-content\/uploads\/2020\/09\/projektowanie_wnetrz_nadarzyn_warszawa_subtelny_eklektyzm_chataid-2-1024x575.jpg 1024w, https:\/\/chata-id.pl\/wp-content\/uploads\/2020\/09\/projektowanie_wnetrz_nadarzyn_warszawa_subtelny_eklektyzm_chataid-2-300x168.jpg 300w, https:\/\/chata-id.pl\/wp-content\/uploads\/2020\/09\/projektowanie_wnetrz_nadarzyn_warszawa_subtelny_eklektyzm_chataid-2-768x431.jpg 768w, https:\/\/chata-id.pl\/wp-content\/uploads\/2020\/09\/projektowanie_wnetrz_nadarzyn_warszawa_subtelny_eklektyzm_chataid-2-1536x863.jpg 1536w, https:\/\/chata-id.pl\/wp-content\/uploads\/2020\/09\/projektowanie_wnetrz_nadarzyn_warszawa_subtelny_eklektyzm_chataid-2-1200x674.jpg 1200w, https:\/\/chata-id.pl\/wp-content\/uploads\/2020\/09\/projektowanie_wnetrz_nadarzyn_warszawa_subtelny_eklektyzm_chataid-2.jpg 1574w\" sizes=\"auto, (max-width: 1024px) 100vw, 1024px\" \/><\/a><\/figure><\/li><li class=\"blocks-gallery-item\"><figure><a href=\"https:\/\/chata-id.pl\/wp-content\/uploads\/2020\/09\/projektowanie_wnetrz_nadarzyn_warszawa_subtelny_eklektyzm_chataid-3.jpg\"><img loading=\"lazy\" decoding=\"async\" width=\"1024\" height=\"577\" src=\"https:\/\/chata-id.pl\/wp-content\/uploads\/2020\/09\/projektowanie_wnetrz_nadarzyn_warszawa_subtelny_eklektyzm_chataid-3-1024x577.jpg\" alt=\"\" data-id=\"1675\" data-full-url=\"https:\/\/chata-id.pl\/wp-content\/uploads\/2020\/09\/projektowanie_wnetrz_nadarzyn_warszawa_subtelny_eklektyzm_chataid-3.jpg\" data-link=\"https:\/\/chata-id.pl\/?attachment_id=1675\" class=\"wp-image-1675\" srcset=\"https:\/\/chata-id.pl\/wp-content\/uploads\/2020\/09\/projektowanie_wnetrz_nadarzyn_warszawa_subtelny_eklektyzm_chataid-3-1024x577.jpg 1024w, https:\/\/chata-id.pl\/wp-content\/uploads\/2020\/09\/projektowanie_wnetrz_nadarzyn_warszawa_subtelny_eklektyzm_chataid-3-300x169.jpg 300w, https:\/\/chata-id.pl\/wp-content\/uploads\/2020\/09\/projektowanie_wnetrz_nadarzyn_warszawa_subtelny_eklektyzm_chataid-3-768x433.jpg 768w, https:\/\/chata-id.pl\/wp-content\/uploads\/2020\/09\/projektowanie_wnetrz_nadarzyn_warszawa_subtelny_eklektyzm_chataid-3-1536x866.jpg 1536w, https:\/\/chata-id.pl\/wp-content\/uploads\/2020\/09\/projektowanie_wnetrz_nadarzyn_warszawa_subtelny_eklektyzm_chataid-3-1200x676.jpg 1200w, https:\/\/chata-id.pl\/wp-content\/uploads\/2020\/09\/projektowanie_wnetrz_nadarzyn_warszawa_subtelny_eklektyzm_chataid-3.jpg 1561w\" sizes=\"auto, (max-width: 1024px) 100vw, 1024px\" \/><\/a><\/figure><\/li><li class=\"blocks-gallery-item\"><figure><a href=\"https:\/\/chata-id.pl\/wp-content\/uploads\/2020\/09\/projektowanie_wnetrz_nadarzyn_warszawa_subtelny_eklektyzm_chataid-4.jpg\"><img loading=\"lazy\" decoding=\"async\" width=\"1024\" height=\"572\" src=\"https:\/\/chata-id.pl\/wp-content\/uploads\/2020\/09\/projektowanie_wnetrz_nadarzyn_warszawa_subtelny_eklektyzm_chataid-4-1024x572.jpg\" alt=\"\" data-id=\"1676\" data-full-url=\"https:\/\/chata-id.pl\/wp-content\/uploads\/2020\/09\/projektowanie_wnetrz_nadarzyn_warszawa_subtelny_eklektyzm_chataid-4.jpg\" data-link=\"https:\/\/chata-id.pl\/?attachment_id=1676\" class=\"wp-image-1676\" srcset=\"https:\/\/chata-id.pl\/wp-content\/uploads\/2020\/09\/projektowanie_wnetrz_nadarzyn_warszawa_subtelny_eklektyzm_chataid-4-1024x572.jpg 1024w, https:\/\/chata-id.pl\/wp-content\/uploads\/2020\/09\/projektowanie_wnetrz_nadarzyn_warszawa_subtelny_eklektyzm_chataid-4-300x168.jpg 300w, https:\/\/chata-id.pl\/wp-content\/uploads\/2020\/09\/projektowanie_wnetrz_nadarzyn_warszawa_subtelny_eklektyzm_chataid-4-768x429.jpg 768w, https:\/\/chata-id.pl\/wp-content\/uploads\/2020\/09\/projektowanie_wnetrz_nadarzyn_warszawa_subtelny_eklektyzm_chataid-4-1536x858.jpg 1536w, https:\/\/chata-id.pl\/wp-content\/uploads\/2020\/09\/projektowanie_wnetrz_nadarzyn_warszawa_subtelny_eklektyzm_chataid-4-1200x670.jpg 1200w, https:\/\/chata-id.pl\/wp-content\/uploads\/2020\/09\/projektowanie_wnetrz_nadarzyn_warszawa_subtelny_eklektyzm_chataid-4.jpg 1567w\" sizes=\"auto, (max-width: 1024px) 100vw, 1024px\" \/><\/a><\/figure><\/li><li class=\"blocks-gallery-item\"><figure><a href=\"https:\/\/chata-id.pl\/wp-content\/uploads\/2020\/09\/projektowanie_wnetrz_nadarzyn_warszawa_subtelny_eklektyzm_chataid-5.jpg\"><img loading=\"lazy\" decoding=\"async\" width=\"1024\" height=\"572\" src=\"https:\/\/chata-id.pl\/wp-content\/uploads\/2020\/09\/projektowanie_wnetrz_nadarzyn_warszawa_subtelny_eklektyzm_chataid-5-1024x572.jpg\" alt=\"\" data-id=\"1677\" data-full-url=\"https:\/\/chata-id.pl\/wp-content\/uploads\/2020\/09\/projektowanie_wnetrz_nadarzyn_warszawa_subtelny_eklektyzm_chataid-5.jpg\" data-link=\"https:\/\/chata-id.pl\/?attachment_id=1677\" class=\"wp-image-1677\" srcset=\"https:\/\/chata-id.pl\/wp-content\/uploads\/2020\/09\/projektowanie_wnetrz_nadarzyn_warszawa_subtelny_eklektyzm_chataid-5-1024x572.jpg 1024w, https:\/\/chata-id.pl\/wp-content\/uploads\/2020\/09\/projektowanie_wnetrz_nadarzyn_warszawa_subtelny_eklektyzm_chataid-5-300x167.jpg 300w, https:\/\/chata-id.pl\/wp-content\/uploads\/2020\/09\/projektowanie_wnetrz_nadarzyn_warszawa_subtelny_eklektyzm_chataid-5-768x429.jpg 768w, https:\/\/chata-id.pl\/wp-content\/uploads\/2020\/09\/projektowanie_wnetrz_nadarzyn_warszawa_subtelny_eklektyzm_chataid-5-1536x857.jpg 1536w, https:\/\/chata-id.pl\/wp-content\/uploads\/2020\/09\/projektowanie_wnetrz_nadarzyn_warszawa_subtelny_eklektyzm_chataid-5-1200x670.jpg 1200w, https:\/\/chata-id.pl\/wp-content\/uploads\/2020\/09\/projektowanie_wnetrz_nadarzyn_warszawa_subtelny_eklektyzm_chataid-5.jpg 1564w\" sizes=\"auto, (max-width: 1024px) 100vw, 1024px\" \/><\/a><\/figure><\/li><li class=\"blocks-gallery-item\"><figure><a href=\"https:\/\/chata-id.pl\/wp-content\/uploads\/2020\/09\/projektowanie_wnetrz_nadarzyn_warszawa_subtelny_eklektyzm_chataid-6.jpg\"><img loading=\"lazy\" decoding=\"async\" width=\"1024\" height=\"579\" src=\"https:\/\/chata-id.pl\/wp-content\/uploads\/2020\/09\/projektowanie_wnetrz_nadarzyn_warszawa_subtelny_eklektyzm_chataid-6-1024x579.jpg\" alt=\"\" data-id=\"1678\" data-full-url=\"https:\/\/chata-id.pl\/wp-content\/uploads\/2020\/09\/projektowanie_wnetrz_nadarzyn_warszawa_subtelny_eklektyzm_chataid-6.jpg\" data-link=\"https:\/\/chata-id.pl\/?attachment_id=1678\" class=\"wp-image-1678\" srcset=\"https:\/\/chata-id.pl\/wp-content\/uploads\/2020\/09\/projektowanie_wnetrz_nadarzyn_warszawa_subtelny_eklektyzm_chataid-6-1024x579.jpg 1024w, https:\/\/chata-id.pl\/wp-content\/uploads\/2020\/09\/projektowanie_wnetrz_nadarzyn_warszawa_subtelny_eklektyzm_chataid-6-300x170.jpg 300w, https:\/\/chata-id.pl\/wp-content\/uploads\/2020\/09\/projektowanie_wnetrz_nadarzyn_warszawa_subtelny_eklektyzm_chataid-6-768x434.jpg 768w, https:\/\/chata-id.pl\/wp-content\/uploads\/2020\/09\/projektowanie_wnetrz_nadarzyn_warszawa_subtelny_eklektyzm_chataid-6-1536x869.jpg 1536w, https:\/\/chata-id.pl\/wp-content\/uploads\/2020\/09\/projektowanie_wnetrz_nadarzyn_warszawa_subtelny_eklektyzm_chataid-6-1200x679.jpg 1200w, https:\/\/chata-id.pl\/wp-content\/uploads\/2020\/09\/projektowanie_wnetrz_nadarzyn_warszawa_subtelny_eklektyzm_chataid-6.jpg 1558w\" sizes=\"auto, (max-width: 1024px) 100vw, 1024px\" \/><\/a><\/figure><\/li><\/ul><\/figure>\n","protected":false},"excerpt":{"rendered":"","protected":false},"author":4,"featured_media":0,"parent":388,"menu_order":0,"comment_status":"closed","ping_status":"closed","template":"","meta":{"inline_featured_image":false,"footnotes":""},"class_list":["post-1672","page","type-page","status-publish","hentry"],"yoast_head":"<!-- This site is optimized with the Yoast SEO plugin v24.3 - https:\/\/yoast.com\/wordpress\/plugins\/seo\/ -->\n<title>Subtelny Eklektyzm &#8226; Chata ID<\/title>\n<meta name=\"robots\" content=\"index, follow, max-snippet:-1, max-image-preview:large, max-video-preview:-1\" \/>\n<link rel=\"canonical\" href=\"https:\/\/chata-id.pl\/projekty\/subtelny-eklektyzm\/\" \/>\n<meta property=\"og:locale\" content=\"en_US\" \/>\n<meta property=\"og:type\" content=\"article\" \/>\n<meta property=\"og:title\" content=\"Subtelny Eklektyzm &#8226; Chata ID\" \/>\n<meta property=\"og:url\" content=\"https:\/\/chata-id.pl\/projekty\/subtelny-eklektyzm\/\" \/>\n<meta property=\"og:site_name\" content=\"Chata ID\" \/>\n<meta property=\"article:publisher\" content=\"https:\/\/facebook.com\/CHATA-ID-To%c5%bcsamo%c5%9b%c4%87-Twojego-wn%c4%99trza-116008675146984\/\" \/>\n<meta property=\"article:modified_time\" content=\"2020-09-22T18:49:32+00:00\" \/>\n<meta property=\"og:image\" content=\"https:\/\/chata-id.pl\/wp-content\/uploads\/2020\/09\/projektowanie_wnetrz_nadarzyn_warszawa_subtelny_eklektyzm_chataid-1-1-1024x570.jpg\" \/>\n<meta name=\"twitter:card\" content=\"summary_large_image\" \/>\n<script type=\"application\/ld+json\" class=\"yoast-schema-graph\">{\"@context\":\"https:\/\/schema.org\",\"@graph\":[{\"@type\":\"WebPage\",\"@id\":\"https:\/\/chata-id.pl\/projekty\/subtelny-eklektyzm\/\",\"url\":\"https:\/\/chata-id.pl\/projekty\/subtelny-eklektyzm\/\",\"name\":\"Subtelny Eklektyzm &#8226; Chata ID\",\"isPartOf\":{\"@id\":\"https:\/\/chata-id.pl\/#website\"},\"primaryImageOfPage\":{\"@id\":\"https:\/\/chata-id.pl\/projekty\/subtelny-eklektyzm\/#primaryimage\"},\"image\":{\"@id\":\"https:\/\/chata-id.pl\/projekty\/subtelny-eklektyzm\/#primaryimage\"},\"thumbnailUrl\":\"https:\/\/chata-id.pl\/wp-content\/uploads\/2020\/09\/projektowanie_wnetrz_nadarzyn_warszawa_subtelny_eklektyzm_chataid-1-1-1024x570.jpg\",\"datePublished\":\"2020-09-22T18:48:42+00:00\",\"dateModified\":\"2020-09-22T18:49:32+00:00\",\"breadcrumb\":{\"@id\":\"https:\/\/chata-id.pl\/projekty\/subtelny-eklektyzm\/#breadcrumb\"},\"inLanguage\":\"en-US\",\"potentialAction\":[{\"@type\":\"ReadAction\",\"target\":[\"https:\/\/chata-id.pl\/projekty\/subtelny-eklektyzm\/\"]}]},{\"@type\":\"ImageObject\",\"inLanguage\":\"en-US\",\"@id\":\"https:\/\/chata-id.pl\/projekty\/subtelny-eklektyzm\/#primaryimage\",\"url\":\"https:\/\/chata-id.pl\/wp-content\/uploads\/2020\/09\/projektowanie_wnetrz_nadarzyn_warszawa_subtelny_eklektyzm_chataid-1-1-1024x570.jpg\",\"contentUrl\":\"https:\/\/chata-id.pl\/wp-content\/uploads\/2020\/09\/projektowanie_wnetrz_nadarzyn_warszawa_subtelny_eklektyzm_chataid-1-1-1024x570.jpg\"},{\"@type\":\"BreadcrumbList\",\"@id\":\"https:\/\/chata-id.pl\/projekty\/subtelny-eklektyzm\/#breadcrumb\",\"itemListElement\":[{\"@type\":\"ListItem\",\"position\":1,\"name\":\"Strona g\u0142\u00f3wna\",\"item\":\"https:\/\/chata-id.pl\/\"},{\"@type\":\"ListItem\",\"position\":2,\"name\":\"Projekty\",\"item\":\"https:\/\/chata-id.pl\/projekty\/\"},{\"@type\":\"ListItem\",\"position\":3,\"name\":\"Subtelny Eklektyzm\"}]},{\"@type\":\"WebSite\",\"@id\":\"https:\/\/chata-id.pl\/#website\",\"url\":\"https:\/\/chata-id.pl\/\",\"name\":\"Chata ID\",\"description\":\"To\u017csamo\u015b\u0107 Twojego wn\u0119trza\",\"publisher\":{\"@id\":\"https:\/\/chata-id.pl\/#organization\"},\"potentialAction\":[{\"@type\":\"SearchAction\",\"target\":{\"@type\":\"EntryPoint\",\"urlTemplate\":\"https:\/\/chata-id.pl\/?s={search_term_string}\"},\"query-input\":{\"@type\":\"PropertyValueSpecification\",\"valueRequired\":true,\"valueName\":\"search_term_string\"}}],\"inLanguage\":\"en-US\"},{\"@type\":\"Organization\",\"@id\":\"https:\/\/chata-id.pl\/#organization\",\"name\":\"CHATA ID - To\u017csamo\u015b\u0107 Twojego Wn\u0119trza - Nadarzyn\",\"url\":\"https:\/\/chata-id.pl\/\",\"logo\":{\"@type\":\"ImageObject\",\"inLanguage\":\"en-US\",\"@id\":\"https:\/\/chata-id.pl\/#\/schema\/logo\/image\/\",\"url\":\"https:\/\/chata-id.pl\/wp-content\/uploads\/2020\/04\/chata-id-logo-1.png\",\"contentUrl\":\"https:\/\/chata-id.pl\/wp-content\/uploads\/2020\/04\/chata-id-logo-1.png\",\"width\":236,\"height\":80,\"caption\":\"CHATA ID - To\u017csamo\u015b\u0107 Twojego Wn\u0119trza - Nadarzyn\"},\"image\":{\"@id\":\"https:\/\/chata-id.pl\/#\/schema\/logo\/image\/\"},\"sameAs\":[\"https:\/\/facebook.com\/CHATA-ID-To\u017csamo\u015b\u0107-Twojego-wn\u0119trza-116008675146984\/\"]}]}<\/script>\n<!-- \/ Yoast SEO plugin. -->","yoast_head_json":{"title":"Subtelny Eklektyzm &#8226; Chata ID","robots":{"index":"index","follow":"follow","max-snippet":"max-snippet:-1","max-image-preview":"max-image-preview:large","max-video-preview":"max-video-preview:-1"},"canonical":"https:\/\/chata-id.pl\/projekty\/subtelny-eklektyzm\/","og_locale":"en_US","og_type":"article","og_title":"Subtelny Eklektyzm &#8226; Chata ID","og_url":"https:\/\/chata-id.pl\/projekty\/subtelny-eklektyzm\/","og_site_name":"Chata ID","article_publisher":"https:\/\/facebook.com\/CHATA-ID-To%c5%bcsamo%c5%9b%c4%87-Twojego-wn%c4%99trza-116008675146984\/","article_modified_time":"2020-09-22T18:49:32+00:00","og_image":[{"url":"https:\/\/chata-id.pl\/wp-content\/uploads\/2020\/09\/projektowanie_wnetrz_nadarzyn_warszawa_subtelny_eklektyzm_chataid-1-1-1024x570.jpg","type":"","width":"","height":""}],"twitter_card":"summary_large_image","schema":{"@context":"https:\/\/schema.org","@graph":[{"@type":"WebPage","@id":"https:\/\/chata-id.pl\/projekty\/subtelny-eklektyzm\/","url":"https:\/\/chata-id.pl\/projekty\/subtelny-eklektyzm\/","name":"Subtelny Eklektyzm &#8226; Chata ID","isPartOf":{"@id":"https:\/\/chata-id.pl\/#website"},"primaryImageOfPage":{"@id":"https:\/\/chata-id.pl\/projekty\/subtelny-eklektyzm\/#primaryimage"},"image":{"@id":"https:\/\/chata-id.pl\/projekty\/subtelny-eklektyzm\/#primaryimage"},"thumbnailUrl":"https:\/\/chata-id.pl\/wp-content\/uploads\/2020\/09\/projektowanie_wnetrz_nadarzyn_warszawa_subtelny_eklektyzm_chataid-1-1-1024x570.jpg","datePublished":"2020-09-22T18:48:42+00:00","dateModified":"2020-09-22T18:49:32+00:00","breadcrumb":{"@id":"https:\/\/chata-id.pl\/projekty\/subtelny-eklektyzm\/#breadcrumb"},"inLanguage":"en-US","potentialAction":[{"@type":"ReadAction","target":["https:\/\/chata-id.pl\/projekty\/subtelny-eklektyzm\/"]}]},{"@type":"ImageObject","inLanguage":"en-US","@id":"https:\/\/chata-id.pl\/projekty\/subtelny-eklektyzm\/#primaryimage","url":"https:\/\/chata-id.pl\/wp-content\/uploads\/2020\/09\/projektowanie_wnetrz_nadarzyn_warszawa_subtelny_eklektyzm_chataid-1-1-1024x570.jpg","contentUrl":"https:\/\/chata-id.pl\/wp-content\/uploads\/2020\/09\/projektowanie_wnetrz_nadarzyn_warszawa_subtelny_eklektyzm_chataid-1-1-1024x570.jpg"},{"@type":"BreadcrumbList","@id":"https:\/\/chata-id.pl\/projekty\/subtelny-eklektyzm\/#breadcrumb","itemListElement":[{"@type":"ListItem","position":1,"name":"Strona g\u0142\u00f3wna","item":"https:\/\/chata-id.pl\/"},{"@type":"ListItem","position":2,"name":"Projekty","item":"https:\/\/chata-id.pl\/projekty\/"},{"@type":"ListItem","position":3,"name":"Subtelny Eklektyzm"}]},{"@type":"WebSite","@id":"https:\/\/chata-id.pl\/#website","url":"https:\/\/chata-id.pl\/","name":"Chata ID","description":"To\u017csamo\u015b\u0107 Twojego wn\u0119trza","publisher":{"@id":"https:\/\/chata-id.pl\/#organization"},"potentialAction":[{"@type":"SearchAction","target":{"@type":"EntryPoint","urlTemplate":"https:\/\/chata-id.pl\/?s={search_term_string}"},"query-input":{"@type":"PropertyValueSpecification","valueRequired":true,"valueName":"search_term_string"}}],"inLanguage":"en-US"},{"@type":"Organization","@id":"https:\/\/chata-id.pl\/#organization","name":"CHATA ID - To\u017csamo\u015b\u0107 Twojego Wn\u0119trza - Nadarzyn","url":"https:\/\/chata-id.pl\/","logo":{"@type":"ImageObject","inLanguage":"en-US","@id":"https:\/\/chata-id.pl\/#\/schema\/logo\/image\/","url":"https:\/\/chata-id.pl\/wp-content\/uploads\/2020\/04\/chata-id-logo-1.png","contentUrl":"https:\/\/chata-id.pl\/wp-content\/uploads\/2020\/04\/chata-id-logo-1.png","width":236,"height":80,"caption":"CHATA ID - To\u017csamo\u015b\u0107 Twojego Wn\u0119trza - Nadarzyn"},"image":{"@id":"https:\/\/chata-id.pl\/#\/schema\/logo\/image\/"},"sameAs":["https:\/\/facebook.com\/CHATA-ID-To\u017csamo\u015b\u0107-Twojego-wn\u0119trza-116008675146984\/"]}]}},"_links":{"self":[{"href":"https:\/\/chata-id.pl\/en\/wp-json\/wp\/v2\/pages\/1672","targetHints":{"allow":["GET"]}}],"collection":[{"href":"https:\/\/chata-id.pl\/en\/wp-json\/wp\/v2\/pages"}],"about":[{"href":"https:\/\/chata-id.pl\/en\/wp-json\/wp\/v2\/types\/page"}],"author":[{"embeddable":true,"href":"https:\/\/chata-id.pl\/en\/wp-json\/wp\/v2\/users\/4"}],"replies":[{"embeddable":true,"href":"https:\/\/chata-id.pl\/en\/wp-json\/wp\/v2\/comments?post=1672"}],"version-history":[{"count":1,"href":"https:\/\/chata-id.pl\/en\/wp-json\/wp\/v2\/pages\/1672\/revisions"}],"predecessor-version":[{"id":1679,"href":"https:\/\/chata-id.pl\/en\/wp-json\/wp\/v2\/pages\/1672\/revisions\/1679"}],"up":[{"embeddable":true,"href":"https:\/\/chata-id.pl\/en\/wp-json\/wp\/v2\/pages\/388"}],"wp:attachment":[{"href":"https:\/\/chata-id.pl\/en\/wp-json\/wp\/v2\/media?parent=1672"}],"curies":[{"name":"wp","href":"https:\/\/api.w.org\/{rel}","templated":true}]}}