{"id":1658,"date":"2020-09-22T18:41:29","date_gmt":"2020-09-22T18:41:29","guid":{"rendered":"https:\/\/chata-id.pl\/?page_id=1658"},"modified":"2020-09-22T18:42:56","modified_gmt":"2020-09-22T18:42:56","slug":"loftowo","status":"publish","type":"page","link":"https:\/\/chata-id.pl\/en\/projekty\/loftowo\/","title":{"rendered":"Loftowo"},"content":{"rendered":"\n<figure class=\"wp-block-gallery alignwide columns-3 is-cropped wp-block-gallery-1 is-layout-flex wp-block-gallery-is-layout-flex\"><ul class=\"blocks-gallery-grid\"><li class=\"blocks-gallery-item\"><figure><a href=\"https:\/\/chata-id.pl\/wp-content\/uploads\/2020\/09\/chataidpl_loft_projektanci_nadarzyn_warszawa-1.jpg\"><img loading=\"lazy\" decoding=\"async\" width=\"1024\" height=\"573\" src=\"https:\/\/chata-id.pl\/wp-content\/uploads\/2020\/09\/chataidpl_loft_projektanci_nadarzyn_warszawa-1-1024x573.jpg\" alt=\"\" data-id=\"1659\" data-full-url=\"https:\/\/chata-id.pl\/wp-content\/uploads\/2020\/09\/chataidpl_loft_projektanci_nadarzyn_warszawa-1.jpg\" data-link=\"https:\/\/chata-id.pl\/?attachment_id=1659\" class=\"wp-image-1659\" srcset=\"https:\/\/chata-id.pl\/wp-content\/uploads\/2020\/09\/chataidpl_loft_projektanci_nadarzyn_warszawa-1-1024x573.jpg 1024w, https:\/\/chata-id.pl\/wp-content\/uploads\/2020\/09\/chataidpl_loft_projektanci_nadarzyn_warszawa-1-300x168.jpg 300w, https:\/\/chata-id.pl\/wp-content\/uploads\/2020\/09\/chataidpl_loft_projektanci_nadarzyn_warszawa-1-768x430.jpg 768w, https:\/\/chata-id.pl\/wp-content\/uploads\/2020\/09\/chataidpl_loft_projektanci_nadarzyn_warszawa-1-1536x860.jpg 1536w, https:\/\/chata-id.pl\/wp-content\/uploads\/2020\/09\/chataidpl_loft_projektanci_nadarzyn_warszawa-1-1200x672.jpg 1200w, https:\/\/chata-id.pl\/wp-content\/uploads\/2020\/09\/chataidpl_loft_projektanci_nadarzyn_warszawa-1.jpg 1565w\" sizes=\"auto, (max-width: 1024px) 100vw, 1024px\" \/><\/a><\/figure><\/li><li class=\"blocks-gallery-item\"><figure><a href=\"https:\/\/chata-id.pl\/wp-content\/uploads\/2020\/09\/chataidpl_loft_projektanci_nadarzyn_warszawa-2.jpg\"><img loading=\"lazy\" decoding=\"async\" width=\"1024\" height=\"572\" src=\"https:\/\/chata-id.pl\/wp-content\/uploads\/2020\/09\/chataidpl_loft_projektanci_nadarzyn_warszawa-2-1024x572.jpg\" alt=\"\" data-id=\"1660\" data-full-url=\"https:\/\/chata-id.pl\/wp-content\/uploads\/2020\/09\/chataidpl_loft_projektanci_nadarzyn_warszawa-2.jpg\" data-link=\"https:\/\/chata-id.pl\/?attachment_id=1660\" class=\"wp-image-1660\" srcset=\"https:\/\/chata-id.pl\/wp-content\/uploads\/2020\/09\/chataidpl_loft_projektanci_nadarzyn_warszawa-2-1024x572.jpg 1024w, https:\/\/chata-id.pl\/wp-content\/uploads\/2020\/09\/chataidpl_loft_projektanci_nadarzyn_warszawa-2-300x168.jpg 300w, https:\/\/chata-id.pl\/wp-content\/uploads\/2020\/09\/chataidpl_loft_projektanci_nadarzyn_warszawa-2-768x429.jpg 768w, https:\/\/chata-id.pl\/wp-content\/uploads\/2020\/09\/chataidpl_loft_projektanci_nadarzyn_warszawa-2-1536x859.jpg 1536w, https:\/\/chata-id.pl\/wp-content\/uploads\/2020\/09\/chataidpl_loft_projektanci_nadarzyn_warszawa-2-1200x671.jpg 1200w, https:\/\/chata-id.pl\/wp-content\/uploads\/2020\/09\/chataidpl_loft_projektanci_nadarzyn_warszawa-2.jpg 1567w\" sizes=\"auto, (max-width: 1024px) 100vw, 1024px\" \/><\/a><\/figure><\/li><li class=\"blocks-gallery-item\"><figure><a href=\"https:\/\/chata-id.pl\/wp-content\/uploads\/2020\/09\/chataidpl_loft_projektanci_nadarzyn_warszawa-3-1.jpg\"><img loading=\"lazy\" decoding=\"async\" width=\"1024\" height=\"576\" src=\"https:\/\/chata-id.pl\/wp-content\/uploads\/2020\/09\/chataidpl_loft_projektanci_nadarzyn_warszawa-3-1-1024x576.jpg\" alt=\"\" data-id=\"1661\" data-full-url=\"https:\/\/chata-id.pl\/wp-content\/uploads\/2020\/09\/chataidpl_loft_projektanci_nadarzyn_warszawa-3-1.jpg\" data-link=\"https:\/\/chata-id.pl\/?attachment_id=1661\" class=\"wp-image-1661\" srcset=\"https:\/\/chata-id.pl\/wp-content\/uploads\/2020\/09\/chataidpl_loft_projektanci_nadarzyn_warszawa-3-1-1024x576.jpg 1024w, https:\/\/chata-id.pl\/wp-content\/uploads\/2020\/09\/chataidpl_loft_projektanci_nadarzyn_warszawa-3-1-300x169.jpg 300w, https:\/\/chata-id.pl\/wp-content\/uploads\/2020\/09\/chataidpl_loft_projektanci_nadarzyn_warszawa-3-1-768x432.jpg 768w, https:\/\/chata-id.pl\/wp-content\/uploads\/2020\/09\/chataidpl_loft_projektanci_nadarzyn_warszawa-3-1-1536x864.jpg 1536w, https:\/\/chata-id.pl\/wp-content\/uploads\/2020\/09\/chataidpl_loft_projektanci_nadarzyn_warszawa-3-1-1200x675.jpg 1200w, https:\/\/chata-id.pl\/wp-content\/uploads\/2020\/09\/chataidpl_loft_projektanci_nadarzyn_warszawa-3-1.jpg 1565w\" sizes=\"auto, (max-width: 1024px) 100vw, 1024px\" \/><\/a><\/figure><\/li><li class=\"blocks-gallery-item\"><figure><a href=\"https:\/\/chata-id.pl\/wp-content\/uploads\/2020\/09\/chataidpl_loft_projektanci_nadarzyn_warszawa-4.jpg\"><img loading=\"lazy\" decoding=\"async\" width=\"1024\" height=\"580\" src=\"https:\/\/chata-id.pl\/wp-content\/uploads\/2020\/09\/chataidpl_loft_projektanci_nadarzyn_warszawa-4-1024x580.jpg\" alt=\"\" data-id=\"1662\" data-full-url=\"https:\/\/chata-id.pl\/wp-content\/uploads\/2020\/09\/chataidpl_loft_projektanci_nadarzyn_warszawa-4.jpg\" data-link=\"https:\/\/chata-id.pl\/?attachment_id=1662\" class=\"wp-image-1662\" srcset=\"https:\/\/chata-id.pl\/wp-content\/uploads\/2020\/09\/chataidpl_loft_projektanci_nadarzyn_warszawa-4-1024x580.jpg 1024w, https:\/\/chata-id.pl\/wp-content\/uploads\/2020\/09\/chataidpl_loft_projektanci_nadarzyn_warszawa-4-300x170.jpg 300w, https:\/\/chata-id.pl\/wp-content\/uploads\/2020\/09\/chataidpl_loft_projektanci_nadarzyn_warszawa-4-768x435.jpg 768w, https:\/\/chata-id.pl\/wp-content\/uploads\/2020\/09\/chataidpl_loft_projektanci_nadarzyn_warszawa-4-1536x869.jpg 1536w, https:\/\/chata-id.pl\/wp-content\/uploads\/2020\/09\/chataidpl_loft_projektanci_nadarzyn_warszawa-4-1200x679.jpg 1200w, https:\/\/chata-id.pl\/wp-content\/uploads\/2020\/09\/chataidpl_loft_projektanci_nadarzyn_warszawa-4.jpg 1562w\" sizes=\"auto, (max-width: 1024px) 100vw, 1024px\" \/><\/a><\/figure><\/li><li class=\"blocks-gallery-item\"><figure><a href=\"https:\/\/chata-id.pl\/wp-content\/uploads\/2020\/09\/chataidpl_loft_projektanci_nadarzyn_warszawa-5.jpg\"><img loading=\"lazy\" decoding=\"async\" width=\"1024\" height=\"581\" src=\"https:\/\/chata-id.pl\/wp-content\/uploads\/2020\/09\/chataidpl_loft_projektanci_nadarzyn_warszawa-5-1024x581.jpg\" alt=\"\" data-id=\"1663\" data-full-url=\"https:\/\/chata-id.pl\/wp-content\/uploads\/2020\/09\/chataidpl_loft_projektanci_nadarzyn_warszawa-5.jpg\" data-link=\"https:\/\/chata-id.pl\/?attachment_id=1663\" class=\"wp-image-1663\" srcset=\"https:\/\/chata-id.pl\/wp-content\/uploads\/2020\/09\/chataidpl_loft_projektanci_nadarzyn_warszawa-5-1024x581.jpg 1024w, https:\/\/chata-id.pl\/wp-content\/uploads\/2020\/09\/chataidpl_loft_projektanci_nadarzyn_warszawa-5-300x170.jpg 300w, https:\/\/chata-id.pl\/wp-content\/uploads\/2020\/09\/chataidpl_loft_projektanci_nadarzyn_warszawa-5-768x436.jpg 768w, https:\/\/chata-id.pl\/wp-content\/uploads\/2020\/09\/chataidpl_loft_projektanci_nadarzyn_warszawa-5-1536x872.jpg 1536w, https:\/\/chata-id.pl\/wp-content\/uploads\/2020\/09\/chataidpl_loft_projektanci_nadarzyn_warszawa-5-1200x681.jpg 1200w, https:\/\/chata-id.pl\/wp-content\/uploads\/2020\/09\/chataidpl_loft_projektanci_nadarzyn_warszawa-5.jpg 1571w\" sizes=\"auto, (max-width: 1024px) 100vw, 1024px\" \/><\/a><\/figure><\/li><li class=\"blocks-gallery-item\"><figure><a href=\"https:\/\/chata-id.pl\/wp-content\/uploads\/2020\/09\/chataidpl_loft_projektanci_nadarzyn_warszawa-6.jpg\"><img loading=\"lazy\" decoding=\"async\" width=\"1024\" height=\"575\" src=\"https:\/\/chata-id.pl\/wp-content\/uploads\/2020\/09\/chataidpl_loft_projektanci_nadarzyn_warszawa-6-1024x575.jpg\" alt=\"\" data-id=\"1664\" data-full-url=\"https:\/\/chata-id.pl\/wp-content\/uploads\/2020\/09\/chataidpl_loft_projektanci_nadarzyn_warszawa-6.jpg\" data-link=\"https:\/\/chata-id.pl\/?attachment_id=1664\" class=\"wp-image-1664\" srcset=\"https:\/\/chata-id.pl\/wp-content\/uploads\/2020\/09\/chataidpl_loft_projektanci_nadarzyn_warszawa-6-1024x575.jpg 1024w, https:\/\/chata-id.pl\/wp-content\/uploads\/2020\/09\/chataidpl_loft_projektanci_nadarzyn_warszawa-6-300x168.jpg 300w, https:\/\/chata-id.pl\/wp-content\/uploads\/2020\/09\/chataidpl_loft_projektanci_nadarzyn_warszawa-6-768x431.jpg 768w, https:\/\/chata-id.pl\/wp-content\/uploads\/2020\/09\/chataidpl_loft_projektanci_nadarzyn_warszawa-6-1536x862.jpg 1536w, https:\/\/chata-id.pl\/wp-content\/uploads\/2020\/09\/chataidpl_loft_projektanci_nadarzyn_warszawa-6-1200x674.jpg 1200w, https:\/\/chata-id.pl\/wp-content\/uploads\/2020\/09\/chataidpl_loft_projektanci_nadarzyn_warszawa-6.jpg 1569w\" sizes=\"auto, (max-width: 1024px) 100vw, 1024px\" \/><\/a><\/figure><\/li><li class=\"blocks-gallery-item\"><figure><a href=\"https:\/\/chata-id.pl\/wp-content\/uploads\/2020\/09\/chataidpl_loft_projektanci_nadarzyn_warszawa-7.jpg\"><img loading=\"lazy\" decoding=\"async\" width=\"1024\" height=\"579\" src=\"https:\/\/chata-id.pl\/wp-content\/uploads\/2020\/09\/chataidpl_loft_projektanci_nadarzyn_warszawa-7-1024x579.jpg\" alt=\"\" data-id=\"1665\" data-full-url=\"https:\/\/chata-id.pl\/wp-content\/uploads\/2020\/09\/chataidpl_loft_projektanci_nadarzyn_warszawa-7.jpg\" data-link=\"https:\/\/chata-id.pl\/?attachment_id=1665\" class=\"wp-image-1665\" srcset=\"https:\/\/chata-id.pl\/wp-content\/uploads\/2020\/09\/chataidpl_loft_projektanci_nadarzyn_warszawa-7-1024x579.jpg 1024w, https:\/\/chata-id.pl\/wp-content\/uploads\/2020\/09\/chataidpl_loft_projektanci_nadarzyn_warszawa-7-300x170.jpg 300w, https:\/\/chata-id.pl\/wp-content\/uploads\/2020\/09\/chataidpl_loft_projektanci_nadarzyn_warszawa-7-768x434.jpg 768w, https:\/\/chata-id.pl\/wp-content\/uploads\/2020\/09\/chataidpl_loft_projektanci_nadarzyn_warszawa-7-1536x869.jpg 1536w, https:\/\/chata-id.pl\/wp-content\/uploads\/2020\/09\/chataidpl_loft_projektanci_nadarzyn_warszawa-7-1200x679.jpg 1200w, https:\/\/chata-id.pl\/wp-content\/uploads\/2020\/09\/chataidpl_loft_projektanci_nadarzyn_warszawa-7.jpg 1556w\" sizes=\"auto, (max-width: 1024px) 100vw, 1024px\" \/><\/a><\/figure><\/li><li class=\"blocks-gallery-item\"><figure><a href=\"https:\/\/chata-id.pl\/wp-content\/uploads\/2020\/09\/chataidpl_loft_projektanci_nadarzyn_warszawa-8.jpg\"><img loading=\"lazy\" decoding=\"async\" width=\"1024\" height=\"576\" src=\"https:\/\/chata-id.pl\/wp-content\/uploads\/2020\/09\/chataidpl_loft_projektanci_nadarzyn_warszawa-8-1024x576.jpg\" alt=\"\" data-id=\"1666\" data-full-url=\"https:\/\/chata-id.pl\/wp-content\/uploads\/2020\/09\/chataidpl_loft_projektanci_nadarzyn_warszawa-8.jpg\" data-link=\"https:\/\/chata-id.pl\/?attachment_id=1666\" class=\"wp-image-1666\" srcset=\"https:\/\/chata-id.pl\/wp-content\/uploads\/2020\/09\/chataidpl_loft_projektanci_nadarzyn_warszawa-8-1024x576.jpg 1024w, https:\/\/chata-id.pl\/wp-content\/uploads\/2020\/09\/chataidpl_loft_projektanci_nadarzyn_warszawa-8-300x169.jpg 300w, https:\/\/chata-id.pl\/wp-content\/uploads\/2020\/09\/chataidpl_loft_projektanci_nadarzyn_warszawa-8-768x432.jpg 768w, https:\/\/chata-id.pl\/wp-content\/uploads\/2020\/09\/chataidpl_loft_projektanci_nadarzyn_warszawa-8-1536x863.jpg 1536w, https:\/\/chata-id.pl\/wp-content\/uploads\/2020\/09\/chataidpl_loft_projektanci_nadarzyn_warszawa-8-1200x675.jpg 1200w, https:\/\/chata-id.pl\/wp-content\/uploads\/2020\/09\/chataidpl_loft_projektanci_nadarzyn_warszawa-8.jpg 1569w\" sizes=\"auto, (max-width: 1024px) 100vw, 1024px\" \/><\/a><\/figure><\/li><li class=\"blocks-gallery-item\"><figure><a href=\"https:\/\/chata-id.pl\/wp-content\/uploads\/2020\/09\/chataidpl_loft_projektanci_nadarzyn_warszawa-9.jpg\"><img loading=\"lazy\" decoding=\"async\" width=\"1024\" height=\"575\" src=\"https:\/\/chata-id.pl\/wp-content\/uploads\/2020\/09\/chataidpl_loft_projektanci_nadarzyn_warszawa-9-1024x575.jpg\" alt=\"\" data-id=\"1668\" data-full-url=\"https:\/\/chata-id.pl\/wp-content\/uploads\/2020\/09\/chataidpl_loft_projektanci_nadarzyn_warszawa-9.jpg\" data-link=\"https:\/\/chata-id.pl\/loftowo\/chataidpl_loft_projektanci_nadarzyn_warszawa-9\/\" class=\"wp-image-1668\" srcset=\"https:\/\/chata-id.pl\/wp-content\/uploads\/2020\/09\/chataidpl_loft_projektanci_nadarzyn_warszawa-9-1024x575.jpg 1024w, https:\/\/chata-id.pl\/wp-content\/uploads\/2020\/09\/chataidpl_loft_projektanci_nadarzyn_warszawa-9-300x168.jpg 300w, https:\/\/chata-id.pl\/wp-content\/uploads\/2020\/09\/chataidpl_loft_projektanci_nadarzyn_warszawa-9-768x431.jpg 768w, https:\/\/chata-id.pl\/wp-content\/uploads\/2020\/09\/chataidpl_loft_projektanci_nadarzyn_warszawa-9-1536x862.jpg 1536w, https:\/\/chata-id.pl\/wp-content\/uploads\/2020\/09\/chataidpl_loft_projektanci_nadarzyn_warszawa-9-1200x674.jpg 1200w, https:\/\/chata-id.pl\/wp-content\/uploads\/2020\/09\/chataidpl_loft_projektanci_nadarzyn_warszawa-9.jpg 1566w\" sizes=\"auto, (max-width: 1024px) 100vw, 1024px\" \/><\/a><\/figure><\/li><\/ul><\/figure>\n","protected":false},"excerpt":{"rendered":"","protected":false},"author":4,"featured_media":0,"parent":388,"menu_order":0,"comment_status":"closed","ping_status":"closed","template":"","meta":{"inline_featured_image":false,"footnotes":""},"class_list":["post-1658","page","type-page","status-publish","hentry"],"yoast_head":"<!-- This site is optimized with the Yoast SEO plugin v24.3 - https:\/\/yoast.com\/wordpress\/plugins\/seo\/ -->\n<title>Loftowo &#8226; Chata ID<\/title>\n<meta name=\"robots\" content=\"index, follow, max-snippet:-1, max-image-preview:large, max-video-preview:-1\" \/>\n<link rel=\"canonical\" href=\"https:\/\/chata-id.pl\/projekty\/loftowo\/\" \/>\n<meta property=\"og:locale\" content=\"en_US\" \/>\n<meta property=\"og:type\" content=\"article\" \/>\n<meta property=\"og:title\" content=\"Loftowo &#8226; Chata ID\" \/>\n<meta property=\"og:url\" content=\"https:\/\/chata-id.pl\/projekty\/loftowo\/\" \/>\n<meta property=\"og:site_name\" content=\"Chata ID\" \/>\n<meta property=\"article:publisher\" content=\"https:\/\/facebook.com\/CHATA-ID-To%c5%bcsamo%c5%9b%c4%87-Twojego-wn%c4%99trza-116008675146984\/\" \/>\n<meta property=\"article:modified_time\" content=\"2020-09-22T18:42:56+00:00\" \/>\n<meta property=\"og:image\" content=\"https:\/\/chata-id.pl\/wp-content\/uploads\/2020\/09\/chataidpl_loft_projektanci_nadarzyn_warszawa-1-1024x573.jpg\" \/>\n<meta name=\"twitter:card\" content=\"summary_large_image\" \/>\n<script type=\"application\/ld+json\" class=\"yoast-schema-graph\">{\"@context\":\"https:\/\/schema.org\",\"@graph\":[{\"@type\":\"WebPage\",\"@id\":\"https:\/\/chata-id.pl\/projekty\/loftowo\/\",\"url\":\"https:\/\/chata-id.pl\/projekty\/loftowo\/\",\"name\":\"Loftowo &#8226; Chata ID\",\"isPartOf\":{\"@id\":\"https:\/\/chata-id.pl\/#website\"},\"primaryImageOfPage\":{\"@id\":\"https:\/\/chata-id.pl\/projekty\/loftowo\/#primaryimage\"},\"image\":{\"@id\":\"https:\/\/chata-id.pl\/projekty\/loftowo\/#primaryimage\"},\"thumbnailUrl\":\"https:\/\/chata-id.pl\/wp-content\/uploads\/2020\/09\/chataidpl_loft_projektanci_nadarzyn_warszawa-1-1024x573.jpg\",\"datePublished\":\"2020-09-22T18:41:29+00:00\",\"dateModified\":\"2020-09-22T18:42:56+00:00\",\"breadcrumb\":{\"@id\":\"https:\/\/chata-id.pl\/projekty\/loftowo\/#breadcrumb\"},\"inLanguage\":\"en-US\",\"potentialAction\":[{\"@type\":\"ReadAction\",\"target\":[\"https:\/\/chata-id.pl\/projekty\/loftowo\/\"]}]},{\"@type\":\"ImageObject\",\"inLanguage\":\"en-US\",\"@id\":\"https:\/\/chata-id.pl\/projekty\/loftowo\/#primaryimage\",\"url\":\"https:\/\/chata-id.pl\/wp-content\/uploads\/2020\/09\/chataidpl_loft_projektanci_nadarzyn_warszawa-1-1024x573.jpg\",\"contentUrl\":\"https:\/\/chata-id.pl\/wp-content\/uploads\/2020\/09\/chataidpl_loft_projektanci_nadarzyn_warszawa-1-1024x573.jpg\"},{\"@type\":\"BreadcrumbList\",\"@id\":\"https:\/\/chata-id.pl\/projekty\/loftowo\/#breadcrumb\",\"itemListElement\":[{\"@type\":\"ListItem\",\"position\":1,\"name\":\"Strona g\u0142\u00f3wna\",\"item\":\"https:\/\/chata-id.pl\/\"},{\"@type\":\"ListItem\",\"position\":2,\"name\":\"Projekty\",\"item\":\"https:\/\/chata-id.pl\/projekty\/\"},{\"@type\":\"ListItem\",\"position\":3,\"name\":\"Loftowo\"}]},{\"@type\":\"WebSite\",\"@id\":\"https:\/\/chata-id.pl\/#website\",\"url\":\"https:\/\/chata-id.pl\/\",\"name\":\"Chata ID\",\"description\":\"To\u017csamo\u015b\u0107 Twojego wn\u0119trza\",\"publisher\":{\"@id\":\"https:\/\/chata-id.pl\/#organization\"},\"potentialAction\":[{\"@type\":\"SearchAction\",\"target\":{\"@type\":\"EntryPoint\",\"urlTemplate\":\"https:\/\/chata-id.pl\/?s={search_term_string}\"},\"query-input\":{\"@type\":\"PropertyValueSpecification\",\"valueRequired\":true,\"valueName\":\"search_term_string\"}}],\"inLanguage\":\"en-US\"},{\"@type\":\"Organization\",\"@id\":\"https:\/\/chata-id.pl\/#organization\",\"name\":\"CHATA ID - To\u017csamo\u015b\u0107 Twojego Wn\u0119trza - Nadarzyn\",\"url\":\"https:\/\/chata-id.pl\/\",\"logo\":{\"@type\":\"ImageObject\",\"inLanguage\":\"en-US\",\"@id\":\"https:\/\/chata-id.pl\/#\/schema\/logo\/image\/\",\"url\":\"https:\/\/chata-id.pl\/wp-content\/uploads\/2020\/04\/chata-id-logo-1.png\",\"contentUrl\":\"https:\/\/chata-id.pl\/wp-content\/uploads\/2020\/04\/chata-id-logo-1.png\",\"width\":236,\"height\":80,\"caption\":\"CHATA ID - To\u017csamo\u015b\u0107 Twojego Wn\u0119trza - Nadarzyn\"},\"image\":{\"@id\":\"https:\/\/chata-id.pl\/#\/schema\/logo\/image\/\"},\"sameAs\":[\"https:\/\/facebook.com\/CHATA-ID-To\u017csamo\u015b\u0107-Twojego-wn\u0119trza-116008675146984\/\"]}]}<\/script>\n<!-- \/ Yoast SEO plugin. -->","yoast_head_json":{"title":"Loftowo &#8226; Chata ID","robots":{"index":"index","follow":"follow","max-snippet":"max-snippet:-1","max-image-preview":"max-image-preview:large","max-video-preview":"max-video-preview:-1"},"canonical":"https:\/\/chata-id.pl\/projekty\/loftowo\/","og_locale":"en_US","og_type":"article","og_title":"Loftowo &#8226; Chata ID","og_url":"https:\/\/chata-id.pl\/projekty\/loftowo\/","og_site_name":"Chata ID","article_publisher":"https:\/\/facebook.com\/CHATA-ID-To%c5%bcsamo%c5%9b%c4%87-Twojego-wn%c4%99trza-116008675146984\/","article_modified_time":"2020-09-22T18:42:56+00:00","og_image":[{"url":"https:\/\/chata-id.pl\/wp-content\/uploads\/2020\/09\/chataidpl_loft_projektanci_nadarzyn_warszawa-1-1024x573.jpg","type":"","width":"","height":""}],"twitter_card":"summary_large_image","schema":{"@context":"https:\/\/schema.org","@graph":[{"@type":"WebPage","@id":"https:\/\/chata-id.pl\/projekty\/loftowo\/","url":"https:\/\/chata-id.pl\/projekty\/loftowo\/","name":"Loftowo &#8226; Chata ID","isPartOf":{"@id":"https:\/\/chata-id.pl\/#website"},"primaryImageOfPage":{"@id":"https:\/\/chata-id.pl\/projekty\/loftowo\/#primaryimage"},"image":{"@id":"https:\/\/chata-id.pl\/projekty\/loftowo\/#primaryimage"},"thumbnailUrl":"https:\/\/chata-id.pl\/wp-content\/uploads\/2020\/09\/chataidpl_loft_projektanci_nadarzyn_warszawa-1-1024x573.jpg","datePublished":"2020-09-22T18:41:29+00:00","dateModified":"2020-09-22T18:42:56+00:00","breadcrumb":{"@id":"https:\/\/chata-id.pl\/projekty\/loftowo\/#breadcrumb"},"inLanguage":"en-US","potentialAction":[{"@type":"ReadAction","target":["https:\/\/chata-id.pl\/projekty\/loftowo\/"]}]},{"@type":"ImageObject","inLanguage":"en-US","@id":"https:\/\/chata-id.pl\/projekty\/loftowo\/#primaryimage","url":"https:\/\/chata-id.pl\/wp-content\/uploads\/2020\/09\/chataidpl_loft_projektanci_nadarzyn_warszawa-1-1024x573.jpg","contentUrl":"https:\/\/chata-id.pl\/wp-content\/uploads\/2020\/09\/chataidpl_loft_projektanci_nadarzyn_warszawa-1-1024x573.jpg"},{"@type":"BreadcrumbList","@id":"https:\/\/chata-id.pl\/projekty\/loftowo\/#breadcrumb","itemListElement":[{"@type":"ListItem","position":1,"name":"Strona g\u0142\u00f3wna","item":"https:\/\/chata-id.pl\/"},{"@type":"ListItem","position":2,"name":"Projekty","item":"https:\/\/chata-id.pl\/projekty\/"},{"@type":"ListItem","position":3,"name":"Loftowo"}]},{"@type":"WebSite","@id":"https:\/\/chata-id.pl\/#website","url":"https:\/\/chata-id.pl\/","name":"Chata ID","description":"To\u017csamo\u015b\u0107 Twojego wn\u0119trza","publisher":{"@id":"https:\/\/chata-id.pl\/#organization"},"potentialAction":[{"@type":"SearchAction","target":{"@type":"EntryPoint","urlTemplate":"https:\/\/chata-id.pl\/?s={search_term_string}"},"query-input":{"@type":"PropertyValueSpecification","valueRequired":true,"valueName":"search_term_string"}}],"inLanguage":"en-US"},{"@type":"Organization","@id":"https:\/\/chata-id.pl\/#organization","name":"CHATA ID - To\u017csamo\u015b\u0107 Twojego Wn\u0119trza - Nadarzyn","url":"https:\/\/chata-id.pl\/","logo":{"@type":"ImageObject","inLanguage":"en-US","@id":"https:\/\/chata-id.pl\/#\/schema\/logo\/image\/","url":"https:\/\/chata-id.pl\/wp-content\/uploads\/2020\/04\/chata-id-logo-1.png","contentUrl":"https:\/\/chata-id.pl\/wp-content\/uploads\/2020\/04\/chata-id-logo-1.png","width":236,"height":80,"caption":"CHATA ID - To\u017csamo\u015b\u0107 Twojego Wn\u0119trza - Nadarzyn"},"image":{"@id":"https:\/\/chata-id.pl\/#\/schema\/logo\/image\/"},"sameAs":["https:\/\/facebook.com\/CHATA-ID-To\u017csamo\u015b\u0107-Twojego-wn\u0119trza-116008675146984\/"]}]}},"_links":{"self":[{"href":"https:\/\/chata-id.pl\/en\/wp-json\/wp\/v2\/pages\/1658","targetHints":{"allow":["GET"]}}],"collection":[{"href":"https:\/\/chata-id.pl\/en\/wp-json\/wp\/v2\/pages"}],"about":[{"href":"https:\/\/chata-id.pl\/en\/wp-json\/wp\/v2\/types\/page"}],"author":[{"embeddable":true,"href":"https:\/\/chata-id.pl\/en\/wp-json\/wp\/v2\/users\/4"}],"replies":[{"embeddable":true,"href":"https:\/\/chata-id.pl\/en\/wp-json\/wp\/v2\/comments?post=1658"}],"version-history":[{"count":2,"href":"https:\/\/chata-id.pl\/en\/wp-json\/wp\/v2\/pages\/1658\/revisions"}],"predecessor-version":[{"id":1670,"href":"https:\/\/chata-id.pl\/en\/wp-json\/wp\/v2\/pages\/1658\/revisions\/1670"}],"up":[{"embeddable":true,"href":"https:\/\/chata-id.pl\/en\/wp-json\/wp\/v2\/pages\/388"}],"wp:attachment":[{"href":"https:\/\/chata-id.pl\/en\/wp-json\/wp\/v2\/media?parent=1658"}],"curies":[{"name":"wp","href":"https:\/\/api.w.org\/{rel}","templated":true}]}}