{"id":1634,"date":"2020-09-22T18:31:06","date_gmt":"2020-09-22T18:31:06","guid":{"rendered":"https:\/\/chata-id.pl\/?page_id=1634"},"modified":"2020-09-28T13:28:52","modified_gmt":"2020-09-28T13:28:52","slug":"wspolczesnie","status":"publish","type":"page","link":"https:\/\/chata-id.pl\/en\/projekty\/wspolczesnie\/","title":{"rendered":"Wsp\u00f3\u0142cze\u015bnie"},"content":{"rendered":"\n<div class=\"wp-block-group alignfull\"><div class=\"wp-block-group__inner-container is-layout-flow wp-block-group-is-layout-flow\">\n<figure class=\"wp-block-gallery alignwide columns-3 is-cropped wp-block-gallery-1 is-layout-flex wp-block-gallery-is-layout-flex\"><ul class=\"blocks-gallery-grid\"><li class=\"blocks-gallery-item\"><figure><a href=\"https:\/\/chata-id.pl\/wp-content\/uploads\/2020\/09\/chataidpl_projekt_salonu_sypialni_lazienki_bawialni-6.jpg\"><img loading=\"lazy\" decoding=\"async\" width=\"1024\" height=\"573\" src=\"https:\/\/chata-id.pl\/wp-content\/uploads\/2020\/09\/chataidpl_projekt_salonu_sypialni_lazienki_bawialni-6-1024x573.jpg\" alt=\"\" data-id=\"1640\" data-full-url=\"https:\/\/chata-id.pl\/wp-content\/uploads\/2020\/09\/chataidpl_projekt_salonu_sypialni_lazienki_bawialni-6.jpg\" data-link=\"https:\/\/chata-id.pl\/?attachment_id=1640\" class=\"wp-image-1640\" srcset=\"https:\/\/chata-id.pl\/wp-content\/uploads\/2020\/09\/chataidpl_projekt_salonu_sypialni_lazienki_bawialni-6-1024x573.jpg 1024w, https:\/\/chata-id.pl\/wp-content\/uploads\/2020\/09\/chataidpl_projekt_salonu_sypialni_lazienki_bawialni-6-300x168.jpg 300w, https:\/\/chata-id.pl\/wp-content\/uploads\/2020\/09\/chataidpl_projekt_salonu_sypialni_lazienki_bawialni-6-768x430.jpg 768w, https:\/\/chata-id.pl\/wp-content\/uploads\/2020\/09\/chataidpl_projekt_salonu_sypialni_lazienki_bawialni-6-1536x859.jpg 1536w, https:\/\/chata-id.pl\/wp-content\/uploads\/2020\/09\/chataidpl_projekt_salonu_sypialni_lazienki_bawialni-6-1200x671.jpg 1200w, https:\/\/chata-id.pl\/wp-content\/uploads\/2020\/09\/chataidpl_projekt_salonu_sypialni_lazienki_bawialni-6.jpg 1571w\" sizes=\"auto, (max-width: 1024px) 100vw, 1024px\" \/><\/a><\/figure><\/li><li class=\"blocks-gallery-item\"><figure><a href=\"https:\/\/chata-id.pl\/wp-content\/uploads\/2020\/09\/chataidpl_projekt_salonu_sypialni_lazienki_bawialni-7.jpg\"><img loading=\"lazy\" decoding=\"async\" width=\"1024\" height=\"574\" src=\"https:\/\/chata-id.pl\/wp-content\/uploads\/2020\/09\/chataidpl_projekt_salonu_sypialni_lazienki_bawialni-7-1024x574.jpg\" alt=\"\" data-id=\"1641\" data-full-url=\"https:\/\/chata-id.pl\/wp-content\/uploads\/2020\/09\/chataidpl_projekt_salonu_sypialni_lazienki_bawialni-7.jpg\" data-link=\"https:\/\/chata-id.pl\/?attachment_id=1641\" class=\"wp-image-1641\" srcset=\"https:\/\/chata-id.pl\/wp-content\/uploads\/2020\/09\/chataidpl_projekt_salonu_sypialni_lazienki_bawialni-7-1024x574.jpg 1024w, https:\/\/chata-id.pl\/wp-content\/uploads\/2020\/09\/chataidpl_projekt_salonu_sypialni_lazienki_bawialni-7-300x168.jpg 300w, https:\/\/chata-id.pl\/wp-content\/uploads\/2020\/09\/chataidpl_projekt_salonu_sypialni_lazienki_bawialni-7-768x431.jpg 768w, https:\/\/chata-id.pl\/wp-content\/uploads\/2020\/09\/chataidpl_projekt_salonu_sypialni_lazienki_bawialni-7-1536x861.jpg 1536w, https:\/\/chata-id.pl\/wp-content\/uploads\/2020\/09\/chataidpl_projekt_salonu_sypialni_lazienki_bawialni-7-1200x673.jpg 1200w, https:\/\/chata-id.pl\/wp-content\/uploads\/2020\/09\/chataidpl_projekt_salonu_sypialni_lazienki_bawialni-7.jpg 1564w\" sizes=\"auto, (max-width: 1024px) 100vw, 1024px\" \/><\/a><\/figure><\/li><li class=\"blocks-gallery-item\"><figure><a href=\"https:\/\/chata-id.pl\/wp-content\/uploads\/2020\/09\/chataidpl_projekt_salonu_sypialni_lazienki_bawialni-1.jpg\"><img loading=\"lazy\" decoding=\"async\" width=\"1024\" height=\"576\" src=\"https:\/\/chata-id.pl\/wp-content\/uploads\/2020\/09\/chataidpl_projekt_salonu_sypialni_lazienki_bawialni-1-1024x576.jpg\" alt=\"\" data-id=\"1635\" data-full-url=\"https:\/\/chata-id.pl\/wp-content\/uploads\/2020\/09\/chataidpl_projekt_salonu_sypialni_lazienki_bawialni-1.jpg\" data-link=\"https:\/\/chata-id.pl\/?attachment_id=1635\" class=\"wp-image-1635\" srcset=\"https:\/\/chata-id.pl\/wp-content\/uploads\/2020\/09\/chataidpl_projekt_salonu_sypialni_lazienki_bawialni-1-1024x576.jpg 1024w, https:\/\/chata-id.pl\/wp-content\/uploads\/2020\/09\/chataidpl_projekt_salonu_sypialni_lazienki_bawialni-1-300x169.jpg 300w, https:\/\/chata-id.pl\/wp-content\/uploads\/2020\/09\/chataidpl_projekt_salonu_sypialni_lazienki_bawialni-1-768x432.jpg 768w, https:\/\/chata-id.pl\/wp-content\/uploads\/2020\/09\/chataidpl_projekt_salonu_sypialni_lazienki_bawialni-1-1536x864.jpg 1536w, https:\/\/chata-id.pl\/wp-content\/uploads\/2020\/09\/chataidpl_projekt_salonu_sypialni_lazienki_bawialni-1-1200x675.jpg 1200w, https:\/\/chata-id.pl\/wp-content\/uploads\/2020\/09\/chataidpl_projekt_salonu_sypialni_lazienki_bawialni-1.jpg 1566w\" sizes=\"auto, (max-width: 1024px) 100vw, 1024px\" \/><\/a><\/figure><\/li><li class=\"blocks-gallery-item\"><figure><a href=\"https:\/\/chata-id.pl\/wp-content\/uploads\/2020\/09\/chataidpl_projekt_salonu_sypialni_lazienki_bawialni-2.jpg\"><img loading=\"lazy\" decoding=\"async\" width=\"1024\" height=\"574\" src=\"https:\/\/chata-id.pl\/wp-content\/uploads\/2020\/09\/chataidpl_projekt_salonu_sypialni_lazienki_bawialni-2-1024x574.jpg\" alt=\"\" data-id=\"1636\" data-full-url=\"https:\/\/chata-id.pl\/wp-content\/uploads\/2020\/09\/chataidpl_projekt_salonu_sypialni_lazienki_bawialni-2.jpg\" data-link=\"https:\/\/chata-id.pl\/?attachment_id=1636\" class=\"wp-image-1636\" srcset=\"https:\/\/chata-id.pl\/wp-content\/uploads\/2020\/09\/chataidpl_projekt_salonu_sypialni_lazienki_bawialni-2-1024x574.jpg 1024w, https:\/\/chata-id.pl\/wp-content\/uploads\/2020\/09\/chataidpl_projekt_salonu_sypialni_lazienki_bawialni-2-300x168.jpg 300w, https:\/\/chata-id.pl\/wp-content\/uploads\/2020\/09\/chataidpl_projekt_salonu_sypialni_lazienki_bawialni-2-768x430.jpg 768w, https:\/\/chata-id.pl\/wp-content\/uploads\/2020\/09\/chataidpl_projekt_salonu_sypialni_lazienki_bawialni-2-1536x861.jpg 1536w, https:\/\/chata-id.pl\/wp-content\/uploads\/2020\/09\/chataidpl_projekt_salonu_sypialni_lazienki_bawialni-2-1200x672.jpg 1200w, https:\/\/chata-id.pl\/wp-content\/uploads\/2020\/09\/chataidpl_projekt_salonu_sypialni_lazienki_bawialni-2.jpg 1565w\" sizes=\"auto, (max-width: 1024px) 100vw, 1024px\" \/><\/a><\/figure><\/li><li class=\"blocks-gallery-item\"><figure><a href=\"https:\/\/chata-id.pl\/wp-content\/uploads\/2020\/09\/chataidpl_projekt_salonu_sypialni_lazienki_bawialni-3.jpg\"><img loading=\"lazy\" decoding=\"async\" width=\"1024\" height=\"578\" src=\"https:\/\/chata-id.pl\/wp-content\/uploads\/2020\/09\/chataidpl_projekt_salonu_sypialni_lazienki_bawialni-3-1024x578.jpg\" alt=\"\" data-id=\"1637\" data-full-url=\"https:\/\/chata-id.pl\/wp-content\/uploads\/2020\/09\/chataidpl_projekt_salonu_sypialni_lazienki_bawialni-3.jpg\" data-link=\"https:\/\/chata-id.pl\/?attachment_id=1637\" class=\"wp-image-1637\" srcset=\"https:\/\/chata-id.pl\/wp-content\/uploads\/2020\/09\/chataidpl_projekt_salonu_sypialni_lazienki_bawialni-3-1024x578.jpg 1024w, https:\/\/chata-id.pl\/wp-content\/uploads\/2020\/09\/chataidpl_projekt_salonu_sypialni_lazienki_bawialni-3-300x169.jpg 300w, https:\/\/chata-id.pl\/wp-content\/uploads\/2020\/09\/chataidpl_projekt_salonu_sypialni_lazienki_bawialni-3-768x434.jpg 768w, https:\/\/chata-id.pl\/wp-content\/uploads\/2020\/09\/chataidpl_projekt_salonu_sypialni_lazienki_bawialni-3-1536x868.jpg 1536w, https:\/\/chata-id.pl\/wp-content\/uploads\/2020\/09\/chataidpl_projekt_salonu_sypialni_lazienki_bawialni-3-1200x678.jpg 1200w, https:\/\/chata-id.pl\/wp-content\/uploads\/2020\/09\/chataidpl_projekt_salonu_sypialni_lazienki_bawialni-3.jpg 1565w\" sizes=\"auto, (max-width: 1024px) 100vw, 1024px\" \/><\/a><\/figure><\/li><li class=\"blocks-gallery-item\"><figure><a href=\"https:\/\/chata-id.pl\/wp-content\/uploads\/2020\/09\/chataidpl_projekt_salonu_sypialni_lazienki_bawialni-4.jpg\"><img loading=\"lazy\" decoding=\"async\" width=\"1024\" height=\"578\" src=\"https:\/\/chata-id.pl\/wp-content\/uploads\/2020\/09\/chataidpl_projekt_salonu_sypialni_lazienki_bawialni-4-1024x578.jpg\" alt=\"\" data-id=\"1638\" data-full-url=\"https:\/\/chata-id.pl\/wp-content\/uploads\/2020\/09\/chataidpl_projekt_salonu_sypialni_lazienki_bawialni-4.jpg\" data-link=\"https:\/\/chata-id.pl\/?attachment_id=1638\" class=\"wp-image-1638\" srcset=\"https:\/\/chata-id.pl\/wp-content\/uploads\/2020\/09\/chataidpl_projekt_salonu_sypialni_lazienki_bawialni-4-1024x578.jpg 1024w, https:\/\/chata-id.pl\/wp-content\/uploads\/2020\/09\/chataidpl_projekt_salonu_sypialni_lazienki_bawialni-4-300x169.jpg 300w, https:\/\/chata-id.pl\/wp-content\/uploads\/2020\/09\/chataidpl_projekt_salonu_sypialni_lazienki_bawialni-4-768x433.jpg 768w, https:\/\/chata-id.pl\/wp-content\/uploads\/2020\/09\/chataidpl_projekt_salonu_sypialni_lazienki_bawialni-4-1536x866.jpg 1536w, https:\/\/chata-id.pl\/wp-content\/uploads\/2020\/09\/chataidpl_projekt_salonu_sypialni_lazienki_bawialni-4-1200x677.jpg 1200w, https:\/\/chata-id.pl\/wp-content\/uploads\/2020\/09\/chataidpl_projekt_salonu_sypialni_lazienki_bawialni-4.jpg 1562w\" sizes=\"auto, (max-width: 1024px) 100vw, 1024px\" \/><\/a><\/figure><\/li><li class=\"blocks-gallery-item\"><figure><a href=\"https:\/\/chata-id.pl\/wp-content\/uploads\/2020\/09\/chataidpl_projekt_salonu_sypialni_lazienki_bawialni-5-1.jpg\"><img loading=\"lazy\" decoding=\"async\" width=\"1024\" height=\"576\" src=\"https:\/\/chata-id.pl\/wp-content\/uploads\/2020\/09\/chataidpl_projekt_salonu_sypialni_lazienki_bawialni-5-1-1024x576.jpg\" alt=\"\" data-id=\"1639\" data-full-url=\"https:\/\/chata-id.pl\/wp-content\/uploads\/2020\/09\/chataidpl_projekt_salonu_sypialni_lazienki_bawialni-5-1.jpg\" data-link=\"https:\/\/chata-id.pl\/?attachment_id=1639\" class=\"wp-image-1639\" srcset=\"https:\/\/chata-id.pl\/wp-content\/uploads\/2020\/09\/chataidpl_projekt_salonu_sypialni_lazienki_bawialni-5-1-1024x576.jpg 1024w, https:\/\/chata-id.pl\/wp-content\/uploads\/2020\/09\/chataidpl_projekt_salonu_sypialni_lazienki_bawialni-5-1-300x169.jpg 300w, https:\/\/chata-id.pl\/wp-content\/uploads\/2020\/09\/chataidpl_projekt_salonu_sypialni_lazienki_bawialni-5-1-768x432.jpg 768w, https:\/\/chata-id.pl\/wp-content\/uploads\/2020\/09\/chataidpl_projekt_salonu_sypialni_lazienki_bawialni-5-1-1536x865.jpg 1536w, https:\/\/chata-id.pl\/wp-content\/uploads\/2020\/09\/chataidpl_projekt_salonu_sypialni_lazienki_bawialni-5-1-1200x675.jpg 1200w, https:\/\/chata-id.pl\/wp-content\/uploads\/2020\/09\/chataidpl_projekt_salonu_sypialni_lazienki_bawialni-5-1.jpg 1558w\" sizes=\"auto, (max-width: 1024px) 100vw, 1024px\" \/><\/a><\/figure><\/li><\/ul><\/figure>\n<\/div><\/div>\n","protected":false},"excerpt":{"rendered":"","protected":false},"author":4,"featured_media":0,"parent":388,"menu_order":0,"comment_status":"closed","ping_status":"closed","template":"","meta":{"inline_featured_image":false,"footnotes":""},"class_list":["post-1634","page","type-page","status-publish","hentry"],"yoast_head":"<!-- This site is optimized with the Yoast SEO plugin v24.3 - https:\/\/yoast.com\/wordpress\/plugins\/seo\/ -->\n<title>Wsp\u00f3\u0142cze\u015bnie &#8226; Chata ID<\/title>\n<meta name=\"robots\" content=\"index, follow, max-snippet:-1, max-image-preview:large, max-video-preview:-1\" \/>\n<link rel=\"canonical\" href=\"https:\/\/chata-id.pl\/projekty\/wspolczesnie\/\" \/>\n<meta property=\"og:locale\" content=\"en_US\" \/>\n<meta property=\"og:type\" content=\"article\" \/>\n<meta property=\"og:title\" content=\"Wsp\u00f3\u0142cze\u015bnie &#8226; Chata ID\" \/>\n<meta property=\"og:url\" content=\"https:\/\/chata-id.pl\/projekty\/wspolczesnie\/\" \/>\n<meta property=\"og:site_name\" content=\"Chata ID\" \/>\n<meta property=\"article:publisher\" content=\"https:\/\/facebook.com\/CHATA-ID-To%c5%bcsamo%c5%9b%c4%87-Twojego-wn%c4%99trza-116008675146984\/\" \/>\n<meta property=\"article:modified_time\" content=\"2020-09-28T13:28:52+00:00\" \/>\n<meta property=\"og:image\" content=\"https:\/\/chata-id.pl\/wp-content\/uploads\/2020\/09\/chataidpl_projekt_salonu_sypialni_lazienki_bawialni-6-1024x573.jpg\" \/>\n<meta name=\"twitter:card\" content=\"summary_large_image\" \/>\n<script type=\"application\/ld+json\" class=\"yoast-schema-graph\">{\"@context\":\"https:\/\/schema.org\",\"@graph\":[{\"@type\":\"WebPage\",\"@id\":\"https:\/\/chata-id.pl\/projekty\/wspolczesnie\/\",\"url\":\"https:\/\/chata-id.pl\/projekty\/wspolczesnie\/\",\"name\":\"Wsp\u00f3\u0142cze\u015bnie &#8226; Chata ID\",\"isPartOf\":{\"@id\":\"https:\/\/chata-id.pl\/#website\"},\"primaryImageOfPage\":{\"@id\":\"https:\/\/chata-id.pl\/projekty\/wspolczesnie\/#primaryimage\"},\"image\":{\"@id\":\"https:\/\/chata-id.pl\/projekty\/wspolczesnie\/#primaryimage\"},\"thumbnailUrl\":\"https:\/\/chata-id.pl\/wp-content\/uploads\/2020\/09\/chataidpl_projekt_salonu_sypialni_lazienki_bawialni-6-1024x573.jpg\",\"datePublished\":\"2020-09-22T18:31:06+00:00\",\"dateModified\":\"2020-09-28T13:28:52+00:00\",\"breadcrumb\":{\"@id\":\"https:\/\/chata-id.pl\/projekty\/wspolczesnie\/#breadcrumb\"},\"inLanguage\":\"en-US\",\"potentialAction\":[{\"@type\":\"ReadAction\",\"target\":[\"https:\/\/chata-id.pl\/projekty\/wspolczesnie\/\"]}]},{\"@type\":\"ImageObject\",\"inLanguage\":\"en-US\",\"@id\":\"https:\/\/chata-id.pl\/projekty\/wspolczesnie\/#primaryimage\",\"url\":\"https:\/\/chata-id.pl\/wp-content\/uploads\/2020\/09\/chataidpl_projekt_salonu_sypialni_lazienki_bawialni-6-1024x573.jpg\",\"contentUrl\":\"https:\/\/chata-id.pl\/wp-content\/uploads\/2020\/09\/chataidpl_projekt_salonu_sypialni_lazienki_bawialni-6-1024x573.jpg\"},{\"@type\":\"BreadcrumbList\",\"@id\":\"https:\/\/chata-id.pl\/projekty\/wspolczesnie\/#breadcrumb\",\"itemListElement\":[{\"@type\":\"ListItem\",\"position\":1,\"name\":\"Strona g\u0142\u00f3wna\",\"item\":\"https:\/\/chata-id.pl\/\"},{\"@type\":\"ListItem\",\"position\":2,\"name\":\"Projekty\",\"item\":\"https:\/\/chata-id.pl\/projekty\/\"},{\"@type\":\"ListItem\",\"position\":3,\"name\":\"Wsp\u00f3\u0142cze\u015bnie\"}]},{\"@type\":\"WebSite\",\"@id\":\"https:\/\/chata-id.pl\/#website\",\"url\":\"https:\/\/chata-id.pl\/\",\"name\":\"Chata ID\",\"description\":\"To\u017csamo\u015b\u0107 Twojego wn\u0119trza\",\"publisher\":{\"@id\":\"https:\/\/chata-id.pl\/#organization\"},\"potentialAction\":[{\"@type\":\"SearchAction\",\"target\":{\"@type\":\"EntryPoint\",\"urlTemplate\":\"https:\/\/chata-id.pl\/?s={search_term_string}\"},\"query-input\":{\"@type\":\"PropertyValueSpecification\",\"valueRequired\":true,\"valueName\":\"search_term_string\"}}],\"inLanguage\":\"en-US\"},{\"@type\":\"Organization\",\"@id\":\"https:\/\/chata-id.pl\/#organization\",\"name\":\"CHATA ID - To\u017csamo\u015b\u0107 Twojego Wn\u0119trza - Nadarzyn\",\"url\":\"https:\/\/chata-id.pl\/\",\"logo\":{\"@type\":\"ImageObject\",\"inLanguage\":\"en-US\",\"@id\":\"https:\/\/chata-id.pl\/#\/schema\/logo\/image\/\",\"url\":\"https:\/\/chata-id.pl\/wp-content\/uploads\/2020\/04\/chata-id-logo-1.png\",\"contentUrl\":\"https:\/\/chata-id.pl\/wp-content\/uploads\/2020\/04\/chata-id-logo-1.png\",\"width\":236,\"height\":80,\"caption\":\"CHATA ID - To\u017csamo\u015b\u0107 Twojego Wn\u0119trza - Nadarzyn\"},\"image\":{\"@id\":\"https:\/\/chata-id.pl\/#\/schema\/logo\/image\/\"},\"sameAs\":[\"https:\/\/facebook.com\/CHATA-ID-To\u017csamo\u015b\u0107-Twojego-wn\u0119trza-116008675146984\/\"]}]}<\/script>\n<!-- \/ Yoast SEO plugin. -->","yoast_head_json":{"title":"Wsp\u00f3\u0142cze\u015bnie &#8226; Chata ID","robots":{"index":"index","follow":"follow","max-snippet":"max-snippet:-1","max-image-preview":"max-image-preview:large","max-video-preview":"max-video-preview:-1"},"canonical":"https:\/\/chata-id.pl\/projekty\/wspolczesnie\/","og_locale":"en_US","og_type":"article","og_title":"Wsp\u00f3\u0142cze\u015bnie &#8226; Chata ID","og_url":"https:\/\/chata-id.pl\/projekty\/wspolczesnie\/","og_site_name":"Chata ID","article_publisher":"https:\/\/facebook.com\/CHATA-ID-To%c5%bcsamo%c5%9b%c4%87-Twojego-wn%c4%99trza-116008675146984\/","article_modified_time":"2020-09-28T13:28:52+00:00","og_image":[{"url":"https:\/\/chata-id.pl\/wp-content\/uploads\/2020\/09\/chataidpl_projekt_salonu_sypialni_lazienki_bawialni-6-1024x573.jpg","type":"","width":"","height":""}],"twitter_card":"summary_large_image","schema":{"@context":"https:\/\/schema.org","@graph":[{"@type":"WebPage","@id":"https:\/\/chata-id.pl\/projekty\/wspolczesnie\/","url":"https:\/\/chata-id.pl\/projekty\/wspolczesnie\/","name":"Wsp\u00f3\u0142cze\u015bnie &#8226; Chata ID","isPartOf":{"@id":"https:\/\/chata-id.pl\/#website"},"primaryImageOfPage":{"@id":"https:\/\/chata-id.pl\/projekty\/wspolczesnie\/#primaryimage"},"image":{"@id":"https:\/\/chata-id.pl\/projekty\/wspolczesnie\/#primaryimage"},"thumbnailUrl":"https:\/\/chata-id.pl\/wp-content\/uploads\/2020\/09\/chataidpl_projekt_salonu_sypialni_lazienki_bawialni-6-1024x573.jpg","datePublished":"2020-09-22T18:31:06+00:00","dateModified":"2020-09-28T13:28:52+00:00","breadcrumb":{"@id":"https:\/\/chata-id.pl\/projekty\/wspolczesnie\/#breadcrumb"},"inLanguage":"en-US","potentialAction":[{"@type":"ReadAction","target":["https:\/\/chata-id.pl\/projekty\/wspolczesnie\/"]}]},{"@type":"ImageObject","inLanguage":"en-US","@id":"https:\/\/chata-id.pl\/projekty\/wspolczesnie\/#primaryimage","url":"https:\/\/chata-id.pl\/wp-content\/uploads\/2020\/09\/chataidpl_projekt_salonu_sypialni_lazienki_bawialni-6-1024x573.jpg","contentUrl":"https:\/\/chata-id.pl\/wp-content\/uploads\/2020\/09\/chataidpl_projekt_salonu_sypialni_lazienki_bawialni-6-1024x573.jpg"},{"@type":"BreadcrumbList","@id":"https:\/\/chata-id.pl\/projekty\/wspolczesnie\/#breadcrumb","itemListElement":[{"@type":"ListItem","position":1,"name":"Strona g\u0142\u00f3wna","item":"https:\/\/chata-id.pl\/"},{"@type":"ListItem","position":2,"name":"Projekty","item":"https:\/\/chata-id.pl\/projekty\/"},{"@type":"ListItem","position":3,"name":"Wsp\u00f3\u0142cze\u015bnie"}]},{"@type":"WebSite","@id":"https:\/\/chata-id.pl\/#website","url":"https:\/\/chata-id.pl\/","name":"Chata ID","description":"To\u017csamo\u015b\u0107 Twojego wn\u0119trza","publisher":{"@id":"https:\/\/chata-id.pl\/#organization"},"potentialAction":[{"@type":"SearchAction","target":{"@type":"EntryPoint","urlTemplate":"https:\/\/chata-id.pl\/?s={search_term_string}"},"query-input":{"@type":"PropertyValueSpecification","valueRequired":true,"valueName":"search_term_string"}}],"inLanguage":"en-US"},{"@type":"Organization","@id":"https:\/\/chata-id.pl\/#organization","name":"CHATA ID - To\u017csamo\u015b\u0107 Twojego Wn\u0119trza - Nadarzyn","url":"https:\/\/chata-id.pl\/","logo":{"@type":"ImageObject","inLanguage":"en-US","@id":"https:\/\/chata-id.pl\/#\/schema\/logo\/image\/","url":"https:\/\/chata-id.pl\/wp-content\/uploads\/2020\/04\/chata-id-logo-1.png","contentUrl":"https:\/\/chata-id.pl\/wp-content\/uploads\/2020\/04\/chata-id-logo-1.png","width":236,"height":80,"caption":"CHATA ID - To\u017csamo\u015b\u0107 Twojego Wn\u0119trza - Nadarzyn"},"image":{"@id":"https:\/\/chata-id.pl\/#\/schema\/logo\/image\/"},"sameAs":["https:\/\/facebook.com\/CHATA-ID-To\u017csamo\u015b\u0107-Twojego-wn\u0119trza-116008675146984\/"]}]}},"_links":{"self":[{"href":"https:\/\/chata-id.pl\/en\/wp-json\/wp\/v2\/pages\/1634","targetHints":{"allow":["GET"]}}],"collection":[{"href":"https:\/\/chata-id.pl\/en\/wp-json\/wp\/v2\/pages"}],"about":[{"href":"https:\/\/chata-id.pl\/en\/wp-json\/wp\/v2\/types\/page"}],"author":[{"embeddable":true,"href":"https:\/\/chata-id.pl\/en\/wp-json\/wp\/v2\/users\/4"}],"replies":[{"embeddable":true,"href":"https:\/\/chata-id.pl\/en\/wp-json\/wp\/v2\/comments?post=1634"}],"version-history":[{"count":2,"href":"https:\/\/chata-id.pl\/en\/wp-json\/wp\/v2\/pages\/1634\/revisions"}],"predecessor-version":[{"id":1683,"href":"https:\/\/chata-id.pl\/en\/wp-json\/wp\/v2\/pages\/1634\/revisions\/1683"}],"up":[{"embeddable":true,"href":"https:\/\/chata-id.pl\/en\/wp-json\/wp\/v2\/pages\/388"}],"wp:attachment":[{"href":"https:\/\/chata-id.pl\/en\/wp-json\/wp\/v2\/media?parent=1634"}],"curies":[{"name":"wp","href":"https:\/\/api.w.org\/{rel}","templated":true}]}}