{"id":1619,"date":"2020-09-22T18:25:20","date_gmt":"2020-09-22T18:25:20","guid":{"rendered":"https:\/\/chata-id.pl\/?page_id=1619"},"modified":"2020-09-28T13:30:34","modified_gmt":"2020-09-28T13:30:34","slug":"modern-classic","status":"publish","type":"page","link":"https:\/\/chata-id.pl\/en\/projekty\/modern-classic\/","title":{"rendered":"Modern Classic"},"content":{"rendered":"\n<div class=\"wp-block-group alignwide\"><div class=\"wp-block-group__inner-container is-layout-flow wp-block-group-is-layout-flow\">\n<figure class=\"wp-block-gallery alignwide columns-3 is-cropped wp-block-gallery-1 is-layout-flex wp-block-gallery-is-layout-flex\"><ul class=\"blocks-gallery-grid\"><li class=\"blocks-gallery-item\"><figure><a href=\"https:\/\/chata-id.pl\/wp-content\/uploads\/2020\/09\/chataidpl_strefa_dzienna_projekt_projektanci-2.jpg\"><img loading=\"lazy\" decoding=\"async\" width=\"1024\" height=\"575\" src=\"https:\/\/chata-id.pl\/wp-content\/uploads\/2020\/09\/chataidpl_strefa_dzienna_projekt_projektanci-2-1024x575.jpg\" alt=\"\" data-id=\"1624\" data-full-url=\"https:\/\/chata-id.pl\/wp-content\/uploads\/2020\/09\/chataidpl_strefa_dzienna_projekt_projektanci-2.jpg\" data-link=\"https:\/\/chata-id.pl\/projekty\/modern-classic\/chataidpl_strefa_dzienna_projekt_projektanci-2\/\" class=\"wp-image-1624\" srcset=\"https:\/\/chata-id.pl\/wp-content\/uploads\/2020\/09\/chataidpl_strefa_dzienna_projekt_projektanci-2-1024x575.jpg 1024w, https:\/\/chata-id.pl\/wp-content\/uploads\/2020\/09\/chataidpl_strefa_dzienna_projekt_projektanci-2-300x168.jpg 300w, https:\/\/chata-id.pl\/wp-content\/uploads\/2020\/09\/chataidpl_strefa_dzienna_projekt_projektanci-2-768x431.jpg 768w, https:\/\/chata-id.pl\/wp-content\/uploads\/2020\/09\/chataidpl_strefa_dzienna_projekt_projektanci-2-1536x863.jpg 1536w, https:\/\/chata-id.pl\/wp-content\/uploads\/2020\/09\/chataidpl_strefa_dzienna_projekt_projektanci-2-1200x674.jpg 1200w, https:\/\/chata-id.pl\/wp-content\/uploads\/2020\/09\/chataidpl_strefa_dzienna_projekt_projektanci-2.jpg 1560w\" sizes=\"auto, (max-width: 1024px) 100vw, 1024px\" \/><\/a><\/figure><\/li><li class=\"blocks-gallery-item\"><figure><a href=\"https:\/\/chata-id.pl\/wp-content\/uploads\/2020\/09\/chataidpl_strefa_dzienna_projekt_projektanci-3.jpg\"><img loading=\"lazy\" decoding=\"async\" width=\"1024\" height=\"573\" src=\"https:\/\/chata-id.pl\/wp-content\/uploads\/2020\/09\/chataidpl_strefa_dzienna_projekt_projektanci-3-1024x573.jpg\" alt=\"\" data-id=\"1625\" data-full-url=\"https:\/\/chata-id.pl\/wp-content\/uploads\/2020\/09\/chataidpl_strefa_dzienna_projekt_projektanci-3.jpg\" data-link=\"https:\/\/chata-id.pl\/projekty\/modern-classic\/chataidpl_strefa_dzienna_projekt_projektanci-3\/\" class=\"wp-image-1625\" srcset=\"https:\/\/chata-id.pl\/wp-content\/uploads\/2020\/09\/chataidpl_strefa_dzienna_projekt_projektanci-3-1024x573.jpg 1024w, https:\/\/chata-id.pl\/wp-content\/uploads\/2020\/09\/chataidpl_strefa_dzienna_projekt_projektanci-3-300x168.jpg 300w, https:\/\/chata-id.pl\/wp-content\/uploads\/2020\/09\/chataidpl_strefa_dzienna_projekt_projektanci-3-768x430.jpg 768w, https:\/\/chata-id.pl\/wp-content\/uploads\/2020\/09\/chataidpl_strefa_dzienna_projekt_projektanci-3-1536x860.jpg 1536w, https:\/\/chata-id.pl\/wp-content\/uploads\/2020\/09\/chataidpl_strefa_dzienna_projekt_projektanci-3-1200x672.jpg 1200w, https:\/\/chata-id.pl\/wp-content\/uploads\/2020\/09\/chataidpl_strefa_dzienna_projekt_projektanci-3.jpg 1566w\" sizes=\"auto, (max-width: 1024px) 100vw, 1024px\" \/><\/a><\/figure><\/li><li class=\"blocks-gallery-item\"><figure><a href=\"https:\/\/chata-id.pl\/wp-content\/uploads\/2020\/09\/chataidpl_strefa_dzienna_projekt_projektanci-4.jpg\"><img loading=\"lazy\" decoding=\"async\" width=\"1024\" height=\"574\" src=\"https:\/\/chata-id.pl\/wp-content\/uploads\/2020\/09\/chataidpl_strefa_dzienna_projekt_projektanci-4-1024x574.jpg\" alt=\"\" data-id=\"1626\" data-full-url=\"https:\/\/chata-id.pl\/wp-content\/uploads\/2020\/09\/chataidpl_strefa_dzienna_projekt_projektanci-4.jpg\" data-link=\"https:\/\/chata-id.pl\/projekty\/modern-classic\/chataidpl_strefa_dzienna_projekt_projektanci-4\/\" class=\"wp-image-1626\" srcset=\"https:\/\/chata-id.pl\/wp-content\/uploads\/2020\/09\/chataidpl_strefa_dzienna_projekt_projektanci-4-1024x574.jpg 1024w, https:\/\/chata-id.pl\/wp-content\/uploads\/2020\/09\/chataidpl_strefa_dzienna_projekt_projektanci-4-300x168.jpg 300w, https:\/\/chata-id.pl\/wp-content\/uploads\/2020\/09\/chataidpl_strefa_dzienna_projekt_projektanci-4-768x431.jpg 768w, https:\/\/chata-id.pl\/wp-content\/uploads\/2020\/09\/chataidpl_strefa_dzienna_projekt_projektanci-4-1536x861.jpg 1536w, https:\/\/chata-id.pl\/wp-content\/uploads\/2020\/09\/chataidpl_strefa_dzienna_projekt_projektanci-4-1200x673.jpg 1200w, https:\/\/chata-id.pl\/wp-content\/uploads\/2020\/09\/chataidpl_strefa_dzienna_projekt_projektanci-4.jpg 1555w\" sizes=\"auto, (max-width: 1024px) 100vw, 1024px\" \/><\/a><\/figure><\/li><li class=\"blocks-gallery-item\"><figure><a href=\"https:\/\/chata-id.pl\/wp-content\/uploads\/2020\/09\/chataidpl_strefa_dzienna_projekt_projektanci-5.jpg\"><img loading=\"lazy\" decoding=\"async\" width=\"1024\" height=\"579\" src=\"https:\/\/chata-id.pl\/wp-content\/uploads\/2020\/09\/chataidpl_strefa_dzienna_projekt_projektanci-5-1024x579.jpg\" alt=\"\" data-id=\"1627\" data-full-url=\"https:\/\/chata-id.pl\/wp-content\/uploads\/2020\/09\/chataidpl_strefa_dzienna_projekt_projektanci-5.jpg\" data-link=\"https:\/\/chata-id.pl\/projekty\/modern-classic\/chataidpl_strefa_dzienna_projekt_projektanci-5\/\" class=\"wp-image-1627\" srcset=\"https:\/\/chata-id.pl\/wp-content\/uploads\/2020\/09\/chataidpl_strefa_dzienna_projekt_projektanci-5-1024x579.jpg 1024w, https:\/\/chata-id.pl\/wp-content\/uploads\/2020\/09\/chataidpl_strefa_dzienna_projekt_projektanci-5-300x169.jpg 300w, https:\/\/chata-id.pl\/wp-content\/uploads\/2020\/09\/chataidpl_strefa_dzienna_projekt_projektanci-5-768x434.jpg 768w, https:\/\/chata-id.pl\/wp-content\/uploads\/2020\/09\/chataidpl_strefa_dzienna_projekt_projektanci-5-1536x868.jpg 1536w, https:\/\/chata-id.pl\/wp-content\/uploads\/2020\/09\/chataidpl_strefa_dzienna_projekt_projektanci-5-1200x678.jpg 1200w, https:\/\/chata-id.pl\/wp-content\/uploads\/2020\/09\/chataidpl_strefa_dzienna_projekt_projektanci-5.jpg 1570w\" sizes=\"auto, (max-width: 1024px) 100vw, 1024px\" \/><\/a><\/figure><\/li><li class=\"blocks-gallery-item\"><figure><a href=\"https:\/\/chata-id.pl\/wp-content\/uploads\/2020\/09\/chataidpl_strefa_dzienna_projekt_projektanci-6.jpg\"><img loading=\"lazy\" decoding=\"async\" width=\"1024\" height=\"576\" src=\"https:\/\/chata-id.pl\/wp-content\/uploads\/2020\/09\/chataidpl_strefa_dzienna_projekt_projektanci-6-1024x576.jpg\" alt=\"\" data-id=\"1628\" data-full-url=\"https:\/\/chata-id.pl\/wp-content\/uploads\/2020\/09\/chataidpl_strefa_dzienna_projekt_projektanci-6.jpg\" data-link=\"https:\/\/chata-id.pl\/projekty\/modern-classic\/chataidpl_strefa_dzienna_projekt_projektanci-6\/\" class=\"wp-image-1628\" srcset=\"https:\/\/chata-id.pl\/wp-content\/uploads\/2020\/09\/chataidpl_strefa_dzienna_projekt_projektanci-6-1024x576.jpg 1024w, https:\/\/chata-id.pl\/wp-content\/uploads\/2020\/09\/chataidpl_strefa_dzienna_projekt_projektanci-6-300x169.jpg 300w, https:\/\/chata-id.pl\/wp-content\/uploads\/2020\/09\/chataidpl_strefa_dzienna_projekt_projektanci-6-768x432.jpg 768w, https:\/\/chata-id.pl\/wp-content\/uploads\/2020\/09\/chataidpl_strefa_dzienna_projekt_projektanci-6-1536x864.jpg 1536w, https:\/\/chata-id.pl\/wp-content\/uploads\/2020\/09\/chataidpl_strefa_dzienna_projekt_projektanci-6-1200x675.jpg 1200w, https:\/\/chata-id.pl\/wp-content\/uploads\/2020\/09\/chataidpl_strefa_dzienna_projekt_projektanci-6.jpg 1569w\" sizes=\"auto, (max-width: 1024px) 100vw, 1024px\" \/><\/a><\/figure><\/li><li class=\"blocks-gallery-item\"><figure><a href=\"https:\/\/chata-id.pl\/wp-content\/uploads\/2020\/09\/chataidpl_strefa_dzienna_projekt_projektanci-1.jpg\"><img loading=\"lazy\" decoding=\"async\" width=\"1024\" height=\"574\" src=\"https:\/\/chata-id.pl\/wp-content\/uploads\/2020\/09\/chataidpl_strefa_dzienna_projekt_projektanci-1-1024x574.jpg\" alt=\"\" data-id=\"1623\" data-full-url=\"https:\/\/chata-id.pl\/wp-content\/uploads\/2020\/09\/chataidpl_strefa_dzienna_projekt_projektanci-1.jpg\" data-link=\"https:\/\/chata-id.pl\/projekty\/modern-classic\/chataidpl_strefa_dzienna_projekt_projektanci-1\/\" class=\"wp-image-1623\" srcset=\"https:\/\/chata-id.pl\/wp-content\/uploads\/2020\/09\/chataidpl_strefa_dzienna_projekt_projektanci-1-1024x574.jpg 1024w, https:\/\/chata-id.pl\/wp-content\/uploads\/2020\/09\/chataidpl_strefa_dzienna_projekt_projektanci-1-300x168.jpg 300w, https:\/\/chata-id.pl\/wp-content\/uploads\/2020\/09\/chataidpl_strefa_dzienna_projekt_projektanci-1-768x431.jpg 768w, https:\/\/chata-id.pl\/wp-content\/uploads\/2020\/09\/chataidpl_strefa_dzienna_projekt_projektanci-1-1536x861.jpg 1536w, https:\/\/chata-id.pl\/wp-content\/uploads\/2020\/09\/chataidpl_strefa_dzienna_projekt_projektanci-1-1200x673.jpg 1200w, https:\/\/chata-id.pl\/wp-content\/uploads\/2020\/09\/chataidpl_strefa_dzienna_projekt_projektanci-1.jpg 1566w\" sizes=\"auto, (max-width: 1024px) 100vw, 1024px\" \/><\/a><\/figure><\/li><li class=\"blocks-gallery-item\"><figure><a href=\"https:\/\/chata-id.pl\/wp-content\/uploads\/2020\/09\/chataidpl_sypialnia_projekt-2-1.jpg\"><img loading=\"lazy\" decoding=\"async\" width=\"1024\" height=\"574\" src=\"https:\/\/chata-id.pl\/wp-content\/uploads\/2020\/09\/chataidpl_sypialnia_projekt-2-1-1024x574.jpg\" alt=\"\" data-id=\"1630\" data-full-url=\"https:\/\/chata-id.pl\/wp-content\/uploads\/2020\/09\/chataidpl_sypialnia_projekt-2-1.jpg\" data-link=\"https:\/\/chata-id.pl\/projekty\/modern-classic\/chataidpl_sypialnia_projekt-2-1\/\" class=\"wp-image-1630\" srcset=\"https:\/\/chata-id.pl\/wp-content\/uploads\/2020\/09\/chataidpl_sypialnia_projekt-2-1-1024x574.jpg 1024w, https:\/\/chata-id.pl\/wp-content\/uploads\/2020\/09\/chataidpl_sypialnia_projekt-2-1-300x168.jpg 300w, https:\/\/chata-id.pl\/wp-content\/uploads\/2020\/09\/chataidpl_sypialnia_projekt-2-1-768x430.jpg 768w, https:\/\/chata-id.pl\/wp-content\/uploads\/2020\/09\/chataidpl_sypialnia_projekt-2-1-1536x861.jpg 1536w, https:\/\/chata-id.pl\/wp-content\/uploads\/2020\/09\/chataidpl_sypialnia_projekt-2-1-1200x672.jpg 1200w, https:\/\/chata-id.pl\/wp-content\/uploads\/2020\/09\/chataidpl_sypialnia_projekt-2-1.jpg 1569w\" sizes=\"auto, (max-width: 1024px) 100vw, 1024px\" \/><\/a><\/figure><\/li><li class=\"blocks-gallery-item\"><figure><a href=\"https:\/\/chata-id.pl\/wp-content\/uploads\/2020\/09\/chataidpl_sypialnia_projekt-1.jpg\"><img loading=\"lazy\" decoding=\"async\" width=\"1024\" height=\"575\" src=\"https:\/\/chata-id.pl\/wp-content\/uploads\/2020\/09\/chataidpl_sypialnia_projekt-1-1024x575.jpg\" alt=\"\" data-id=\"1629\" data-full-url=\"https:\/\/chata-id.pl\/wp-content\/uploads\/2020\/09\/chataidpl_sypialnia_projekt-1.jpg\" data-link=\"https:\/\/chata-id.pl\/projekty\/modern-classic\/chataidpl_sypialnia_projekt-1\/\" class=\"wp-image-1629\" srcset=\"https:\/\/chata-id.pl\/wp-content\/uploads\/2020\/09\/chataidpl_sypialnia_projekt-1-1024x575.jpg 1024w, https:\/\/chata-id.pl\/wp-content\/uploads\/2020\/09\/chataidpl_sypialnia_projekt-1-300x168.jpg 300w, https:\/\/chata-id.pl\/wp-content\/uploads\/2020\/09\/chataidpl_sypialnia_projekt-1-768x431.jpg 768w, https:\/\/chata-id.pl\/wp-content\/uploads\/2020\/09\/chataidpl_sypialnia_projekt-1-1536x863.jpg 1536w, https:\/\/chata-id.pl\/wp-content\/uploads\/2020\/09\/chataidpl_sypialnia_projekt-1-1200x674.jpg 1200w, https:\/\/chata-id.pl\/wp-content\/uploads\/2020\/09\/chataidpl_sypialnia_projekt-1.jpg 1567w\" sizes=\"auto, (max-width: 1024px) 100vw, 1024px\" \/><\/a><\/figure><\/li><li class=\"blocks-gallery-item\"><figure><a href=\"https:\/\/chata-id.pl\/wp-content\/uploads\/2020\/09\/chataidpl_projekt_lazienki_duza_pietro-2.jpg\"><img loading=\"lazy\" decoding=\"async\" width=\"1024\" height=\"579\" src=\"https:\/\/chata-id.pl\/wp-content\/uploads\/2020\/09\/chataidpl_projekt_lazienki_duza_pietro-2-1024x579.jpg\" alt=\"\" data-id=\"1622\" data-full-url=\"https:\/\/chata-id.pl\/wp-content\/uploads\/2020\/09\/chataidpl_projekt_lazienki_duza_pietro-2.jpg\" data-link=\"https:\/\/chata-id.pl\/projekty\/modern-classic\/chataidpl_projekt_lazienki_duza_pietro-2\/\" class=\"wp-image-1622\" srcset=\"https:\/\/chata-id.pl\/wp-content\/uploads\/2020\/09\/chataidpl_projekt_lazienki_duza_pietro-2-1024x579.jpg 1024w, https:\/\/chata-id.pl\/wp-content\/uploads\/2020\/09\/chataidpl_projekt_lazienki_duza_pietro-2-300x170.jpg 300w, https:\/\/chata-id.pl\/wp-content\/uploads\/2020\/09\/chataidpl_projekt_lazienki_duza_pietro-2-768x434.jpg 768w, https:\/\/chata-id.pl\/wp-content\/uploads\/2020\/09\/chataidpl_projekt_lazienki_duza_pietro-2-1536x869.jpg 1536w, https:\/\/chata-id.pl\/wp-content\/uploads\/2020\/09\/chataidpl_projekt_lazienki_duza_pietro-2-1200x679.jpg 1200w, https:\/\/chata-id.pl\/wp-content\/uploads\/2020\/09\/chataidpl_projekt_lazienki_duza_pietro-2.jpg 1561w\" sizes=\"auto, (max-width: 1024px) 100vw, 1024px\" \/><\/a><\/figure><\/li><li class=\"blocks-gallery-item\"><figure><a href=\"https:\/\/chata-id.pl\/wp-content\/uploads\/2020\/09\/chataidpl_projekt_lazienki_duza_pietro-1.jpg\"><img loading=\"lazy\" decoding=\"async\" width=\"1024\" height=\"574\" src=\"https:\/\/chata-id.pl\/wp-content\/uploads\/2020\/09\/chataidpl_projekt_lazienki_duza_pietro-1-1024x574.jpg\" alt=\"\" data-id=\"1621\" data-full-url=\"https:\/\/chata-id.pl\/wp-content\/uploads\/2020\/09\/chataidpl_projekt_lazienki_duza_pietro-1.jpg\" data-link=\"https:\/\/chata-id.pl\/projekty\/modern-classic\/chataidpl_projekt_lazienki_duza_pietro-1\/\" class=\"wp-image-1621\" srcset=\"https:\/\/chata-id.pl\/wp-content\/uploads\/2020\/09\/chataidpl_projekt_lazienki_duza_pietro-1-1024x574.jpg 1024w, https:\/\/chata-id.pl\/wp-content\/uploads\/2020\/09\/chataidpl_projekt_lazienki_duza_pietro-1-300x168.jpg 300w, https:\/\/chata-id.pl\/wp-content\/uploads\/2020\/09\/chataidpl_projekt_lazienki_duza_pietro-1-768x430.jpg 768w, https:\/\/chata-id.pl\/wp-content\/uploads\/2020\/09\/chataidpl_projekt_lazienki_duza_pietro-1-1536x861.jpg 1536w, https:\/\/chata-id.pl\/wp-content\/uploads\/2020\/09\/chataidpl_projekt_lazienki_duza_pietro-1-1200x673.jpg 1200w, https:\/\/chata-id.pl\/wp-content\/uploads\/2020\/09\/chataidpl_projekt_lazienki_duza_pietro-1.jpg 1563w\" sizes=\"auto, (max-width: 1024px) 100vw, 1024px\" \/><\/a><\/figure><\/li><\/ul><\/figure>\n<\/div><\/div>\n","protected":false},"excerpt":{"rendered":"","protected":false},"author":4,"featured_media":0,"parent":388,"menu_order":0,"comment_status":"closed","ping_status":"closed","template":"","meta":{"inline_featured_image":false,"footnotes":""},"class_list":["post-1619","page","type-page","status-publish","hentry"],"yoast_head":"<!-- This site is optimized with the Yoast SEO plugin v24.3 - https:\/\/yoast.com\/wordpress\/plugins\/seo\/ -->\n<title>Modern Classic &#8226; Chata ID<\/title>\n<meta name=\"robots\" content=\"index, follow, max-snippet:-1, max-image-preview:large, max-video-preview:-1\" \/>\n<link rel=\"canonical\" href=\"https:\/\/chata-id.pl\/projekty\/modern-classic\/\" \/>\n<meta property=\"og:locale\" content=\"en_US\" \/>\n<meta property=\"og:type\" content=\"article\" \/>\n<meta property=\"og:title\" content=\"Modern Classic &#8226; Chata ID\" \/>\n<meta property=\"og:url\" content=\"https:\/\/chata-id.pl\/projekty\/modern-classic\/\" \/>\n<meta property=\"og:site_name\" content=\"Chata ID\" \/>\n<meta property=\"article:publisher\" content=\"https:\/\/facebook.com\/CHATA-ID-To%c5%bcsamo%c5%9b%c4%87-Twojego-wn%c4%99trza-116008675146984\/\" \/>\n<meta property=\"article:modified_time\" content=\"2020-09-28T13:30:34+00:00\" \/>\n<meta property=\"og:image\" content=\"https:\/\/chata-id.pl\/wp-content\/uploads\/2020\/09\/chataidpl_strefa_dzienna_projekt_projektanci-2-1024x575.jpg\" \/>\n<meta name=\"twitter:card\" content=\"summary_large_image\" \/>\n<script type=\"application\/ld+json\" class=\"yoast-schema-graph\">{\"@context\":\"https:\/\/schema.org\",\"@graph\":[{\"@type\":\"WebPage\",\"@id\":\"https:\/\/chata-id.pl\/projekty\/modern-classic\/\",\"url\":\"https:\/\/chata-id.pl\/projekty\/modern-classic\/\",\"name\":\"Modern Classic &#8226; Chata ID\",\"isPartOf\":{\"@id\":\"https:\/\/chata-id.pl\/#website\"},\"primaryImageOfPage\":{\"@id\":\"https:\/\/chata-id.pl\/projekty\/modern-classic\/#primaryimage\"},\"image\":{\"@id\":\"https:\/\/chata-id.pl\/projekty\/modern-classic\/#primaryimage\"},\"thumbnailUrl\":\"https:\/\/chata-id.pl\/wp-content\/uploads\/2020\/09\/chataidpl_strefa_dzienna_projekt_projektanci-2-1024x575.jpg\",\"datePublished\":\"2020-09-22T18:25:20+00:00\",\"dateModified\":\"2020-09-28T13:30:34+00:00\",\"breadcrumb\":{\"@id\":\"https:\/\/chata-id.pl\/projekty\/modern-classic\/#breadcrumb\"},\"inLanguage\":\"en-US\",\"potentialAction\":[{\"@type\":\"ReadAction\",\"target\":[\"https:\/\/chata-id.pl\/projekty\/modern-classic\/\"]}]},{\"@type\":\"ImageObject\",\"inLanguage\":\"en-US\",\"@id\":\"https:\/\/chata-id.pl\/projekty\/modern-classic\/#primaryimage\",\"url\":\"https:\/\/chata-id.pl\/wp-content\/uploads\/2020\/09\/chataidpl_strefa_dzienna_projekt_projektanci-2-1024x575.jpg\",\"contentUrl\":\"https:\/\/chata-id.pl\/wp-content\/uploads\/2020\/09\/chataidpl_strefa_dzienna_projekt_projektanci-2-1024x575.jpg\"},{\"@type\":\"BreadcrumbList\",\"@id\":\"https:\/\/chata-id.pl\/projekty\/modern-classic\/#breadcrumb\",\"itemListElement\":[{\"@type\":\"ListItem\",\"position\":1,\"name\":\"Strona g\u0142\u00f3wna\",\"item\":\"https:\/\/chata-id.pl\/\"},{\"@type\":\"ListItem\",\"position\":2,\"name\":\"Projekty\",\"item\":\"https:\/\/chata-id.pl\/projekty\/\"},{\"@type\":\"ListItem\",\"position\":3,\"name\":\"Modern Classic\"}]},{\"@type\":\"WebSite\",\"@id\":\"https:\/\/chata-id.pl\/#website\",\"url\":\"https:\/\/chata-id.pl\/\",\"name\":\"Chata ID\",\"description\":\"To\u017csamo\u015b\u0107 Twojego wn\u0119trza\",\"publisher\":{\"@id\":\"https:\/\/chata-id.pl\/#organization\"},\"potentialAction\":[{\"@type\":\"SearchAction\",\"target\":{\"@type\":\"EntryPoint\",\"urlTemplate\":\"https:\/\/chata-id.pl\/?s={search_term_string}\"},\"query-input\":{\"@type\":\"PropertyValueSpecification\",\"valueRequired\":true,\"valueName\":\"search_term_string\"}}],\"inLanguage\":\"en-US\"},{\"@type\":\"Organization\",\"@id\":\"https:\/\/chata-id.pl\/#organization\",\"name\":\"CHATA ID - To\u017csamo\u015b\u0107 Twojego Wn\u0119trza - Nadarzyn\",\"url\":\"https:\/\/chata-id.pl\/\",\"logo\":{\"@type\":\"ImageObject\",\"inLanguage\":\"en-US\",\"@id\":\"https:\/\/chata-id.pl\/#\/schema\/logo\/image\/\",\"url\":\"https:\/\/chata-id.pl\/wp-content\/uploads\/2020\/04\/chata-id-logo-1.png\",\"contentUrl\":\"https:\/\/chata-id.pl\/wp-content\/uploads\/2020\/04\/chata-id-logo-1.png\",\"width\":236,\"height\":80,\"caption\":\"CHATA ID - To\u017csamo\u015b\u0107 Twojego Wn\u0119trza - Nadarzyn\"},\"image\":{\"@id\":\"https:\/\/chata-id.pl\/#\/schema\/logo\/image\/\"},\"sameAs\":[\"https:\/\/facebook.com\/CHATA-ID-To\u017csamo\u015b\u0107-Twojego-wn\u0119trza-116008675146984\/\"]}]}<\/script>\n<!-- \/ Yoast SEO plugin. -->","yoast_head_json":{"title":"Modern Classic &#8226; Chata ID","robots":{"index":"index","follow":"follow","max-snippet":"max-snippet:-1","max-image-preview":"max-image-preview:large","max-video-preview":"max-video-preview:-1"},"canonical":"https:\/\/chata-id.pl\/projekty\/modern-classic\/","og_locale":"en_US","og_type":"article","og_title":"Modern Classic &#8226; Chata ID","og_url":"https:\/\/chata-id.pl\/projekty\/modern-classic\/","og_site_name":"Chata ID","article_publisher":"https:\/\/facebook.com\/CHATA-ID-To%c5%bcsamo%c5%9b%c4%87-Twojego-wn%c4%99trza-116008675146984\/","article_modified_time":"2020-09-28T13:30:34+00:00","og_image":[{"url":"https:\/\/chata-id.pl\/wp-content\/uploads\/2020\/09\/chataidpl_strefa_dzienna_projekt_projektanci-2-1024x575.jpg","type":"","width":"","height":""}],"twitter_card":"summary_large_image","schema":{"@context":"https:\/\/schema.org","@graph":[{"@type":"WebPage","@id":"https:\/\/chata-id.pl\/projekty\/modern-classic\/","url":"https:\/\/chata-id.pl\/projekty\/modern-classic\/","name":"Modern Classic &#8226; Chata ID","isPartOf":{"@id":"https:\/\/chata-id.pl\/#website"},"primaryImageOfPage":{"@id":"https:\/\/chata-id.pl\/projekty\/modern-classic\/#primaryimage"},"image":{"@id":"https:\/\/chata-id.pl\/projekty\/modern-classic\/#primaryimage"},"thumbnailUrl":"https:\/\/chata-id.pl\/wp-content\/uploads\/2020\/09\/chataidpl_strefa_dzienna_projekt_projektanci-2-1024x575.jpg","datePublished":"2020-09-22T18:25:20+00:00","dateModified":"2020-09-28T13:30:34+00:00","breadcrumb":{"@id":"https:\/\/chata-id.pl\/projekty\/modern-classic\/#breadcrumb"},"inLanguage":"en-US","potentialAction":[{"@type":"ReadAction","target":["https:\/\/chata-id.pl\/projekty\/modern-classic\/"]}]},{"@type":"ImageObject","inLanguage":"en-US","@id":"https:\/\/chata-id.pl\/projekty\/modern-classic\/#primaryimage","url":"https:\/\/chata-id.pl\/wp-content\/uploads\/2020\/09\/chataidpl_strefa_dzienna_projekt_projektanci-2-1024x575.jpg","contentUrl":"https:\/\/chata-id.pl\/wp-content\/uploads\/2020\/09\/chataidpl_strefa_dzienna_projekt_projektanci-2-1024x575.jpg"},{"@type":"BreadcrumbList","@id":"https:\/\/chata-id.pl\/projekty\/modern-classic\/#breadcrumb","itemListElement":[{"@type":"ListItem","position":1,"name":"Strona g\u0142\u00f3wna","item":"https:\/\/chata-id.pl\/"},{"@type":"ListItem","position":2,"name":"Projekty","item":"https:\/\/chata-id.pl\/projekty\/"},{"@type":"ListItem","position":3,"name":"Modern Classic"}]},{"@type":"WebSite","@id":"https:\/\/chata-id.pl\/#website","url":"https:\/\/chata-id.pl\/","name":"Chata ID","description":"To\u017csamo\u015b\u0107 Twojego wn\u0119trza","publisher":{"@id":"https:\/\/chata-id.pl\/#organization"},"potentialAction":[{"@type":"SearchAction","target":{"@type":"EntryPoint","urlTemplate":"https:\/\/chata-id.pl\/?s={search_term_string}"},"query-input":{"@type":"PropertyValueSpecification","valueRequired":true,"valueName":"search_term_string"}}],"inLanguage":"en-US"},{"@type":"Organization","@id":"https:\/\/chata-id.pl\/#organization","name":"CHATA ID - To\u017csamo\u015b\u0107 Twojego Wn\u0119trza - Nadarzyn","url":"https:\/\/chata-id.pl\/","logo":{"@type":"ImageObject","inLanguage":"en-US","@id":"https:\/\/chata-id.pl\/#\/schema\/logo\/image\/","url":"https:\/\/chata-id.pl\/wp-content\/uploads\/2020\/04\/chata-id-logo-1.png","contentUrl":"https:\/\/chata-id.pl\/wp-content\/uploads\/2020\/04\/chata-id-logo-1.png","width":236,"height":80,"caption":"CHATA ID - To\u017csamo\u015b\u0107 Twojego Wn\u0119trza - Nadarzyn"},"image":{"@id":"https:\/\/chata-id.pl\/#\/schema\/logo\/image\/"},"sameAs":["https:\/\/facebook.com\/CHATA-ID-To\u017csamo\u015b\u0107-Twojego-wn\u0119trza-116008675146984\/"]}]}},"_links":{"self":[{"href":"https:\/\/chata-id.pl\/en\/wp-json\/wp\/v2\/pages\/1619","targetHints":{"allow":["GET"]}}],"collection":[{"href":"https:\/\/chata-id.pl\/en\/wp-json\/wp\/v2\/pages"}],"about":[{"href":"https:\/\/chata-id.pl\/en\/wp-json\/wp\/v2\/types\/page"}],"author":[{"embeddable":true,"href":"https:\/\/chata-id.pl\/en\/wp-json\/wp\/v2\/users\/4"}],"replies":[{"embeddable":true,"href":"https:\/\/chata-id.pl\/en\/wp-json\/wp\/v2\/comments?post=1619"}],"version-history":[{"count":3,"href":"https:\/\/chata-id.pl\/en\/wp-json\/wp\/v2\/pages\/1619\/revisions"}],"predecessor-version":[{"id":1684,"href":"https:\/\/chata-id.pl\/en\/wp-json\/wp\/v2\/pages\/1619\/revisions\/1684"}],"up":[{"embeddable":true,"href":"https:\/\/chata-id.pl\/en\/wp-json\/wp\/v2\/pages\/388"}],"wp:attachment":[{"href":"https:\/\/chata-id.pl\/en\/wp-json\/wp\/v2\/media?parent=1619"}],"curies":[{"name":"wp","href":"https:\/\/api.w.org\/{rel}","templated":true}]}}