{"id":1587,"date":"2020-09-13T17:27:24","date_gmt":"2020-09-13T17:27:24","guid":{"rendered":"https:\/\/chata-id.pl\/?page_id=1587"},"modified":"2020-09-15T09:29:30","modified_gmt":"2020-09-15T09:29:30","slug":"polityka-prywatnosci","status":"publish","type":"page","link":"https:\/\/chata-id.pl\/en\/polityka-prywatnosci\/","title":{"rendered":"Polityka prywatno\u015bci"},"content":{"rendered":"\n<h2 class=\"wp-block-heading\"><strong>Polityka prywatno\u015bci serwisu chata-id.pl<\/strong><\/h2>\n\n\n\n<ol class=\"wp-block-list\" type=\"1\"><li>Definicje<\/li><li>Serwis, serwis Internetowy \u2013 niniejsza strona, kt\u00f3ra jest pod adresem <a href=\"https:\/\/chata-id.pl\">https:\/\/chata-id.pl<\/a>, <a href=\"http:\/\/chata-id.pl\">http:\/\/chata-id.pl<\/a>, <a href=\"https:\/\/www.chata-id.pl\">https:\/\/www.chata-id.pl<\/a>, <a href=\"http:\/\/www.chata-id.pl\">http:\/\/www.chata-id.pl<\/a>, chata-id.pl, <a href=\"http:\/\/www.chata-id.pl\">www.chata-id.pl<\/a><\/li><li>Polityka prywatno\u015bci<\/li><li>Informacje og\u00f3lne Niniejsza Polityka Prywatno\u015bci okre\u015bla zasady przetwarzania i ochrony danych osobowych przekazanych przez U\u017cytkownik\u00f3w w zwi\u0105zku z korzystaniem przez nich us\u0142ug poprzez Serwis chata-id.pl<\/li><li>Administratorem danych osobowych zawartych w serwisie jest Ewa Karo\u0144, Ewa Karo\u0144 CHATA ID, z siedzib\u0105 w: ul. \u017bwirowa 38, 05-830 Rusiec, NIP 6181665389<\/li><li>W trosce o bezpiecze\u0144stwo powierzonych nam danych opracowali\u015bmy wewn\u0119trzne procedury i zalecenia, kt\u00f3re maj\u0105 zapobiec udost\u0119pnieniu danych osobom nieupowa\u017cnionym. Kontrolujemy ich wykonywanie i stale sprawdzamy ich zgodno\u015b\u0107 z odpowiednimi aktami prawnymi &#8211; ustaw\u0105 o ochronie danych osobowych, ustaw\u0105 o \u015bwiadczeniu us\u0142ug drog\u0105 elektroniczn\u0105, a tak\u017ce wszelkiego rodzaju aktach wykonawczych i aktach prawa wsp\u00f3lnotowego.<\/li><li>Dane Osobowe przetwarzane s\u0105 na podstawie zgody wyra\u017canej przez U\u017cytkownika oraz w przypadkach, w kt\u00f3rych przepisy prawa upowa\u017cniaj\u0105 Administratora do przetwarzania danych osobowych na podstawie przepis\u00f3w prawa lub w celu realizacji zawartej pomi\u0119dzy stronami umowy.<\/li><li>Serwis realizuje funkcje pozyskiwania informacji o u\u017cytkownikach i ich zachowaniach w nast\u0119puj\u0105cy spos\u00f3b:<\/li><li>poprzez dobrowolnie wprowadzone w formularzach informacje<\/li><li>poprzez gromadzenie plik\u00f3w \u201ccookies\u201d [patrz polityka plik\u00f3w \u201ccookies\u201d].<\/li><li>Serwis zbiera informacje dobrowolnie podane przez u\u017cytkownika.<\/li><li>Dane podane w formularzu s\u0105 przetwarzane w celu wynikaj\u0105cym z funkcji konkretnego formularza np. w celu dokonania procesu obs\u0142ugi kontaktu informacyjnego<\/li><li>Dane osobowe pozostawione w serwisie nie zostan\u0105 sprzedane ani udost\u0119pnione osobom trzecim, zgodnie z przepisami Ustawy o ochronie danych osobowych.<\/li><li>Do danych zawartych w formularzu przys\u0142uguje wgl\u0105d osobie fizycznej, kt\u00f3ra je tam umie\u015bci\u0142a. Osoba ta ma r\u00f3wnie\u017c praw do modyfikacji i zaprzestania przetwarzania swoich danych w dowolnym momencie.<\/li><li>Zastrzegamy sobie prawo do zmiany w polityce ochrony prywatno\u015bci serwisu, na kt\u00f3re mo\u017ce wp\u0142yn\u0105\u0107 rozw\u00f3j technologii internetowej, ewentualne zmiany prawa w zakresie ochrony danych osobowych oraz rozw\u00f3j naszego serwisu internetowego. O wszelkich zmianach b\u0119dziemy informowa\u0107 w spos\u00f3b widoczny i zrozumia\u0142y.<\/li><li>W Serwisie mog\u0105 pojawia\u0107 si\u0119 linki do innych stron internetowych. Takie strony internetowe dzia\u0142aj\u0105 niezale\u017cnie od Serwisu i nie s\u0105 w \u017caden spos\u00f3b nadzorowane przez serwis wymienione w Polityce polityk\u00f3w cookies. Strony te mog\u0105 posiada\u0107 w\u0142asne polityki dotycz\u0105ce prywatno\u015bci oraz regulaminy, z kt\u00f3rymi zalecamy si\u0119 zapozna\u0107.<\/li><li>W razie w\u0105tpliwo\u015bci co kt\u00f3regokolwiek z zapis\u00f3w niniejszej polityki prywatno\u015bci jeste\u015bmy do dyspozycji &#8211; nasze dane znale\u017a\u0107 mo\u017cna w zak\u0142adce &#8211; KONTAKT.<\/li><li>Polityka plik\u00f3w cookies<\/li><li>Pliki Cookies (ciasteczka) s\u0105 to niewielkie informacje tekstowe w postaci plik\u00f3w tekstowych, wysy\u0142ane przez serwer i zapisywane po stronie osoby odwiedzaj\u0105cej stron\u0119 serwisu Internetowego (np. na dysku twardym komputera, laptopa, czy te\u017c na karcie pami\u0119ci smartfona \u2013 w zale\u017cno\u015bci z jakiego urz\u0105dzenia korzysta odwiedzaj\u0105cy nasz serwis Internetowy). Szczeg\u00f3\u0142owe informacje dot. plik\u00f3w Cookies, a tak\u017ce histori\u0119 ich powstania mo\u017cna znale\u017a\u0107 m.in. tutaj: <a href=\"http:\/\/pl.wikipedia.org\/wiki\/Ciasteczko\">http:\/\/pl.wikipedia.org\/wiki\/Ciasteczko<\/a>.<\/li><li>Administrator mo\u017ce przetwarza\u0107 dane zawarte w plikach Cookies podczas korzystania przez odwiedzaj\u0105cych ze strony serwisu Internetowego w nast\u0119puj\u0105cych celach:<\/li><li>identyfikacji Us\u0142ugobiorc\u00f3w jako zalogowanych w serwisie Internetowym i pokazywania, \u017ce s\u0105 zalogowani;<\/li><li>zapami\u0119tywania Produkt\u00f3w dodanych do koszyka w celu z\u0142o\u017cenia Zam\u00f3wienia;<\/li><li>zapami\u0119tywania danych z wype\u0142nianych Formularzy Zam\u00f3wienia, ankiet lub danych logowania do serwisu Internetowego;<\/li><li>dostosowywania zawarto\u015bci strony serwisu Internetowego do indywidualnych preferencji Us\u0142ugobiorcy (np. dotycz\u0105cych kolor\u00f3w, rozmiaru czcionki, uk\u0142adu strony) oraz optymalizacji korzystania ze stron serwisu Internetowego;<\/li><li>prowadzenia anonimowych statystyk przedstawiaj\u0105cych spos\u00f3b korzystania ze strony serwisu Internetowego;<\/li><li>remarketingu, to jest badania cech zachowania odwiedzaj\u0105cych serwis Internetowy poprzez anonimow\u0105 analiz\u0119 ich dzia\u0142a\u0144 (np. powtarzaj\u0105ce si\u0119 wizyty na okre\u015blonych stronach, s\u0142owa kluczowe itp.) w celu stworzenia ich profilu i dostarczenia im reklam dopasowanych do ich przewidywanych zainteresowa\u0144, tak\u017ce wtedy kiedy odwiedzaj\u0105 oni inne strony internetowe w sieci reklamowej firmy Google Ireland Ltd. oraz Facebook Ireland<\/li><li>Standardowo wi\u0119kszo\u015b\u0107 przegl\u0105darek internetowych dost\u0119pnych na rynku domy\u015blnie akceptuje zapisywanie plik\u00f3w Cookies. Ka\u017cdy ma mo\u017cliwo\u015b\u0107 okre\u015blenia warunk\u00f3w korzystania z plik\u00f3w Cookies za pomoc\u0105 ustawie\u0144 w\u0142asnej przegl\u0105darki internetowej. Oznacza to, \u017ce mo\u017cna np. cz\u0119\u015bciowo ograniczy\u0107 (np. czasowo) lub ca\u0142kowicie wy\u0142\u0105czy\u0107 mo\u017cliwo\u015b\u0107 zapisywania plik\u00f3w Cookies \u2013 w tym ostatnim wypadku jednak mo\u017ce to mie\u0107 wp\u0142yw na niekt\u00f3re funkcjonalno\u015bci serwisu Internetowego (przyk\u0142adowo niemo\u017cliwym mo\u017ce okaza\u0107 si\u0119 przej\u015bcie \u015bcie\u017cki Zam\u00f3wienia poprzez Formularz Zam\u00f3wienia z uwagi na niezapami\u0119tywanie Produkt\u00f3w w koszyku podczas kolejnych krok\u00f3w sk\u0142adania Zam\u00f3wienia).<\/li><li>Ustawienia przegl\u0105darki internetowej w zakresie plik\u00f3w Cookies s\u0105 istotne z punktu widzenia zgody na korzystanie z plik\u00f3w Cookies przez nasz serwis Internetowy \u2013 zgodnie z przepisami taka zgoda mo\u017ce by\u0107 r\u00f3wnie\u017c wyra\u017cona poprzez ustawienia przegl\u0105darki internetowej. W braku wyra\u017cenia takiej zgody nale\u017cy odpowiednio zmieni\u0107 ustawienia przegl\u0105darki internetowej w zakresie plik\u00f3w Cookies.<\/li><li>Szczeg\u00f3\u0142owe informacje na temat zmiany ustawie\u0144 dotycz\u0105cych plik\u00f3w Cookies oraz ich samodzielnego usuwania w najpopularniejszych przegl\u0105darkach internetowych dost\u0119pne s\u0105 w dziale pomocy przegl\u0105darki internetowej oraz na poni\u017cszych stronach:<br><br>w przegl\u0105darce Chrome<br>w przegl\u0105darce Firefox<br>w przegl\u0105darce Internet Explorer<br>w przegl\u0105darce Opera<br>w przegl\u0105darce Safari<br>w przegl\u0105darce Microsoft Edge<br><br><\/li><li>Administrator mo\u017ce korzysta\u0107 w serwisie Internetowym z us\u0142ug Google Analytics oraz Google Tag Manager dostarczanych przez firm\u0119 Google Ireland Limited (Gordon House, Barrow Street, Dublin 4, Irlandia). Us\u0142ugi te pomagaj\u0105 Administratorowi analizowa\u0107 ruch w serwisie Internetowym. Gromadzone dane przetwarzane s\u0105 w ramach powy\u017cszych us\u0142ug do generowania statystyk pomocnych w administrowaniu Serwisie Internetowym. Dane te maj\u0105 charakter zbiorczy. Administrator korzystaj\u0105c z powy\u017cszych us\u0142ug w serwisie Internetowym gromadzi takie dane jak \u017ar\u00f3d\u0142a i medium pozyskania odwiedzj\u0105cych serwisie Internetowy oraz spos\u00f3b ich zachowania na stronie serwisie Internetowego, informacje na temat urz\u0105dze\u0144 i przegl\u0105darek z kt\u00f3rych odwiedzaj\u0105 stron\u0119, IP oraz domen\u0119, dane geograficzne oraz dane demograficzne (wiek, p\u0142e\u0107) i zainteresowania.<\/li><li>Mo\u017cliwe jest zablokowanie w \u0142atwy spos\u00f3b przez dan\u0105 osob\u0119 udost\u0119pniania Google Analytics informacji o jej aktywno\u015bci na stronie serwisu Internetowego \u2013 w tym celu mo\u017cna zainstalowa\u0107 dodatek do przegl\u0105darki udost\u0119pniany przez firm\u0119 Google Ireland Ltd. dost\u0119pny tutaj: <a href=\"https:\/\/tools.google.com\/dlpage\/gaoptout?hl=pl\">https:\/\/tools.google.com\/dlpage\/gaoptout?hl=pl<\/a>.<\/li><li>Administrator mo\u017ce korzysta\u0107 w Serwisie Internetowym z us\u0142ugi Piksel Facebooka dostarczanej przez firm\u0119 Facebook Ireland Limited (4 Grand Canal Square, Grand Canal Harbour, Dublin 2, Irlandia). Us\u0142uga ta pomaga Administratorowi mierzy\u0107 skuteczno\u015b\u0107 reklam oraz dowiadywa\u0107 si\u0119, jakie dzia\u0142ania podejmuj\u0105 odwiedzaj\u0105cy serwis internetowy, a tak\u017ce wy\u015bwietla\u0107 tym osobom dopasowane reklamy. Szczeg\u00f3\u0142owe informacje o dzia\u0142aniu Piksela Facebooka mo\u017cesz znale\u017a\u0107 pod nast\u0119puj\u0105cym adresem internetowym: <a href=\"https:\/\/www.facebook.com\/business\/help\/742478679120153?helpref=page_content\">https:\/\/www.facebook.com\/business\/help\/742478679120153?helpref=page_content<\/a><\/li><li>Zarz\u0105dzanie dzia\u0142aniem Piksela Facebooka jest mo\u017cliwe poprzez ustawienia reklam w swoim koncie na portalu Facebook.com: https:\/\/www.facebook.com\/ads\/preferences\/?entry_product=ad_settings_screen.<\/li><\/ol>\n","protected":false},"excerpt":{"rendered":"<p>Polityka prywatno\u015bci serwisu chata-id.pl Definicje Serwis, serwis Internetowy \u2013 niniejsza strona, kt\u00f3ra jest pod adresem https:\/\/chata-id.pl, http:\/\/chata-id.pl, https:\/\/www.chata-id.pl, http:\/\/www.chata-id.pl, chata-id.pl, www.chata-id.pl Polityka prywatno\u015bci Informacje og\u00f3lne Niniejsza Polityka Prywatno\u015bci okre\u015bla zasady przetwarzania i ochrony danych osobowych przekazanych przez U\u017cytkownik\u00f3w w zwi\u0105zku z korzystaniem przez nich us\u0142ug poprzez Serwis chata-id.pl Administratorem danych osobowych zawartych w serwisie jest [&hellip;]<\/p>\n","protected":false},"author":4,"featured_media":0,"parent":0,"menu_order":0,"comment_status":"closed","ping_status":"closed","template":"","meta":{"inline_featured_image":false,"footnotes":""},"class_list":["post-1587","page","type-page","status-publish","hentry"],"yoast_head":"<!-- This site is optimized with the Yoast SEO plugin v24.3 - https:\/\/yoast.com\/wordpress\/plugins\/seo\/ -->\n<title>Polityka prywatno\u015bci &#8226; Chata ID<\/title>\n<meta name=\"robots\" content=\"index, follow, max-snippet:-1, max-image-preview:large, max-video-preview:-1\" \/>\n<link rel=\"canonical\" href=\"https:\/\/chata-id.pl\/polityka-prywatnosci\/\" \/>\n<meta property=\"og:locale\" content=\"en_US\" \/>\n<meta property=\"og:type\" content=\"article\" \/>\n<meta property=\"og:title\" content=\"Polityka prywatno\u015bci &#8226; Chata ID\" \/>\n<meta property=\"og:description\" content=\"Polityka prywatno\u015bci serwisu chata-id.pl Definicje Serwis, serwis Internetowy \u2013 niniejsza strona, kt\u00f3ra jest pod adresem https:\/\/chata-id.pl, http:\/\/chata-id.pl, https:\/\/www.chata-id.pl, http:\/\/www.chata-id.pl, chata-id.pl, www.chata-id.pl Polityka prywatno\u015bci Informacje og\u00f3lne Niniejsza Polityka Prywatno\u015bci okre\u015bla zasady przetwarzania i ochrony danych osobowych przekazanych przez U\u017cytkownik\u00f3w w zwi\u0105zku z korzystaniem przez nich us\u0142ug poprzez Serwis chata-id.pl Administratorem danych osobowych zawartych w serwisie jest [&hellip;]\" \/>\n<meta property=\"og:url\" content=\"https:\/\/chata-id.pl\/polityka-prywatnosci\/\" \/>\n<meta property=\"og:site_name\" content=\"Chata ID\" \/>\n<meta property=\"article:publisher\" content=\"https:\/\/facebook.com\/CHATA-ID-To%c5%bcsamo%c5%9b%c4%87-Twojego-wn%c4%99trza-116008675146984\/\" \/>\n<meta property=\"article:modified_time\" content=\"2020-09-15T09:29:30+00:00\" \/>\n<meta property=\"og:image\" content=\"https:\/\/chata-id.pl\/wp-content\/uploads\/2020\/04\/chata-id-logo-1.png\" \/>\n\t<meta property=\"og:image:width\" content=\"236\" \/>\n\t<meta property=\"og:image:height\" content=\"80\" \/>\n\t<meta property=\"og:image:type\" content=\"image\/png\" \/>\n<meta name=\"twitter:card\" content=\"summary_large_image\" \/>\n<meta name=\"twitter:label1\" content=\"Est. reading time\" \/>\n\t<meta name=\"twitter:data1\" content=\"6 minutes\" \/>\n<script type=\"application\/ld+json\" class=\"yoast-schema-graph\">{\"@context\":\"https:\/\/schema.org\",\"@graph\":[{\"@type\":\"WebPage\",\"@id\":\"https:\/\/chata-id.pl\/polityka-prywatnosci\/\",\"url\":\"https:\/\/chata-id.pl\/polityka-prywatnosci\/\",\"name\":\"Polityka prywatno\u015bci &#8226; Chata ID\",\"isPartOf\":{\"@id\":\"https:\/\/chata-id.pl\/#website\"},\"datePublished\":\"2020-09-13T17:27:24+00:00\",\"dateModified\":\"2020-09-15T09:29:30+00:00\",\"breadcrumb\":{\"@id\":\"https:\/\/chata-id.pl\/polityka-prywatnosci\/#breadcrumb\"},\"inLanguage\":\"en-US\",\"potentialAction\":[{\"@type\":\"ReadAction\",\"target\":[\"https:\/\/chata-id.pl\/polityka-prywatnosci\/\"]}]},{\"@type\":\"BreadcrumbList\",\"@id\":\"https:\/\/chata-id.pl\/polityka-prywatnosci\/#breadcrumb\",\"itemListElement\":[{\"@type\":\"ListItem\",\"position\":1,\"name\":\"Strona g\u0142\u00f3wna\",\"item\":\"https:\/\/chata-id.pl\/\"},{\"@type\":\"ListItem\",\"position\":2,\"name\":\"Polityka prywatno\u015bci\"}]},{\"@type\":\"WebSite\",\"@id\":\"https:\/\/chata-id.pl\/#website\",\"url\":\"https:\/\/chata-id.pl\/\",\"name\":\"Chata ID\",\"description\":\"To\u017csamo\u015b\u0107 Twojego wn\u0119trza\",\"publisher\":{\"@id\":\"https:\/\/chata-id.pl\/#organization\"},\"potentialAction\":[{\"@type\":\"SearchAction\",\"target\":{\"@type\":\"EntryPoint\",\"urlTemplate\":\"https:\/\/chata-id.pl\/?s={search_term_string}\"},\"query-input\":{\"@type\":\"PropertyValueSpecification\",\"valueRequired\":true,\"valueName\":\"search_term_string\"}}],\"inLanguage\":\"en-US\"},{\"@type\":\"Organization\",\"@id\":\"https:\/\/chata-id.pl\/#organization\",\"name\":\"CHATA ID - To\u017csamo\u015b\u0107 Twojego Wn\u0119trza - Nadarzyn\",\"url\":\"https:\/\/chata-id.pl\/\",\"logo\":{\"@type\":\"ImageObject\",\"inLanguage\":\"en-US\",\"@id\":\"https:\/\/chata-id.pl\/#\/schema\/logo\/image\/\",\"url\":\"https:\/\/chata-id.pl\/wp-content\/uploads\/2020\/04\/chata-id-logo-1.png\",\"contentUrl\":\"https:\/\/chata-id.pl\/wp-content\/uploads\/2020\/04\/chata-id-logo-1.png\",\"width\":236,\"height\":80,\"caption\":\"CHATA ID - To\u017csamo\u015b\u0107 Twojego Wn\u0119trza - Nadarzyn\"},\"image\":{\"@id\":\"https:\/\/chata-id.pl\/#\/schema\/logo\/image\/\"},\"sameAs\":[\"https:\/\/facebook.com\/CHATA-ID-To\u017csamo\u015b\u0107-Twojego-wn\u0119trza-116008675146984\/\"]}]}<\/script>\n<!-- \/ Yoast SEO plugin. -->","yoast_head_json":{"title":"Polityka prywatno\u015bci &#8226; Chata ID","robots":{"index":"index","follow":"follow","max-snippet":"max-snippet:-1","max-image-preview":"max-image-preview:large","max-video-preview":"max-video-preview:-1"},"canonical":"https:\/\/chata-id.pl\/polityka-prywatnosci\/","og_locale":"en_US","og_type":"article","og_title":"Polityka prywatno\u015bci &#8226; Chata ID","og_description":"Polityka prywatno\u015bci serwisu chata-id.pl Definicje Serwis, serwis Internetowy \u2013 niniejsza strona, kt\u00f3ra jest pod adresem https:\/\/chata-id.pl, http:\/\/chata-id.pl, https:\/\/www.chata-id.pl, http:\/\/www.chata-id.pl, chata-id.pl, www.chata-id.pl Polityka prywatno\u015bci Informacje og\u00f3lne Niniejsza Polityka Prywatno\u015bci okre\u015bla zasady przetwarzania i ochrony danych osobowych przekazanych przez U\u017cytkownik\u00f3w w zwi\u0105zku z korzystaniem przez nich us\u0142ug poprzez Serwis chata-id.pl Administratorem danych osobowych zawartych w serwisie jest [&hellip;]","og_url":"https:\/\/chata-id.pl\/polityka-prywatnosci\/","og_site_name":"Chata ID","article_publisher":"https:\/\/facebook.com\/CHATA-ID-To%c5%bcsamo%c5%9b%c4%87-Twojego-wn%c4%99trza-116008675146984\/","article_modified_time":"2020-09-15T09:29:30+00:00","og_image":[{"width":236,"height":80,"url":"https:\/\/chata-id.pl\/wp-content\/uploads\/2020\/04\/chata-id-logo-1.png","type":"image\/png"}],"twitter_card":"summary_large_image","twitter_misc":{"Est. reading time":"6 minutes"},"schema":{"@context":"https:\/\/schema.org","@graph":[{"@type":"WebPage","@id":"https:\/\/chata-id.pl\/polityka-prywatnosci\/","url":"https:\/\/chata-id.pl\/polityka-prywatnosci\/","name":"Polityka prywatno\u015bci &#8226; Chata ID","isPartOf":{"@id":"https:\/\/chata-id.pl\/#website"},"datePublished":"2020-09-13T17:27:24+00:00","dateModified":"2020-09-15T09:29:30+00:00","breadcrumb":{"@id":"https:\/\/chata-id.pl\/polityka-prywatnosci\/#breadcrumb"},"inLanguage":"en-US","potentialAction":[{"@type":"ReadAction","target":["https:\/\/chata-id.pl\/polityka-prywatnosci\/"]}]},{"@type":"BreadcrumbList","@id":"https:\/\/chata-id.pl\/polityka-prywatnosci\/#breadcrumb","itemListElement":[{"@type":"ListItem","position":1,"name":"Strona g\u0142\u00f3wna","item":"https:\/\/chata-id.pl\/"},{"@type":"ListItem","position":2,"name":"Polityka prywatno\u015bci"}]},{"@type":"WebSite","@id":"https:\/\/chata-id.pl\/#website","url":"https:\/\/chata-id.pl\/","name":"Chata ID","description":"To\u017csamo\u015b\u0107 Twojego wn\u0119trza","publisher":{"@id":"https:\/\/chata-id.pl\/#organization"},"potentialAction":[{"@type":"SearchAction","target":{"@type":"EntryPoint","urlTemplate":"https:\/\/chata-id.pl\/?s={search_term_string}"},"query-input":{"@type":"PropertyValueSpecification","valueRequired":true,"valueName":"search_term_string"}}],"inLanguage":"en-US"},{"@type":"Organization","@id":"https:\/\/chata-id.pl\/#organization","name":"CHATA ID - To\u017csamo\u015b\u0107 Twojego Wn\u0119trza - Nadarzyn","url":"https:\/\/chata-id.pl\/","logo":{"@type":"ImageObject","inLanguage":"en-US","@id":"https:\/\/chata-id.pl\/#\/schema\/logo\/image\/","url":"https:\/\/chata-id.pl\/wp-content\/uploads\/2020\/04\/chata-id-logo-1.png","contentUrl":"https:\/\/chata-id.pl\/wp-content\/uploads\/2020\/04\/chata-id-logo-1.png","width":236,"height":80,"caption":"CHATA ID - To\u017csamo\u015b\u0107 Twojego Wn\u0119trza - Nadarzyn"},"image":{"@id":"https:\/\/chata-id.pl\/#\/schema\/logo\/image\/"},"sameAs":["https:\/\/facebook.com\/CHATA-ID-To\u017csamo\u015b\u0107-Twojego-wn\u0119trza-116008675146984\/"]}]}},"_links":{"self":[{"href":"https:\/\/chata-id.pl\/en\/wp-json\/wp\/v2\/pages\/1587","targetHints":{"allow":["GET"]}}],"collection":[{"href":"https:\/\/chata-id.pl\/en\/wp-json\/wp\/v2\/pages"}],"about":[{"href":"https:\/\/chata-id.pl\/en\/wp-json\/wp\/v2\/types\/page"}],"author":[{"embeddable":true,"href":"https:\/\/chata-id.pl\/en\/wp-json\/wp\/v2\/users\/4"}],"replies":[{"embeddable":true,"href":"https:\/\/chata-id.pl\/en\/wp-json\/wp\/v2\/comments?post=1587"}],"version-history":[{"count":2,"href":"https:\/\/chata-id.pl\/en\/wp-json\/wp\/v2\/pages\/1587\/revisions"}],"predecessor-version":[{"id":1602,"href":"https:\/\/chata-id.pl\/en\/wp-json\/wp\/v2\/pages\/1587\/revisions\/1602"}],"wp:attachment":[{"href":"https:\/\/chata-id.pl\/en\/wp-json\/wp\/v2\/media?parent=1587"}],"curies":[{"name":"wp","href":"https:\/\/api.w.org\/{rel}","templated":true}]}}