{"id":1380,"date":"2020-04-10T22:21:37","date_gmt":"2020-04-10T22:21:37","guid":{"rendered":"http:\/\/www.chata-id.pl\/?page_id=1380"},"modified":"2020-04-17T15:58:50","modified_gmt":"2020-04-17T15:58:50","slug":"studio-urody-nadarzyn","status":"publish","type":"page","link":"https:\/\/chata-id.pl\/en\/studio-urody-nadarzyn\/","title":{"rendered":"Studio Urody Nadarzyn"},"content":{"rendered":"\n<figure class=\"wp-block-gallery alignwide columns-4 is-cropped wp-block-gallery-1 is-layout-flex wp-block-gallery-is-layout-flex\"><ul class=\"blocks-gallery-grid\"><li class=\"blocks-gallery-item\"><figure><a href=\"http:\/\/www.chata-id.pl\/wp-content\/uploads\/2020\/04\/studio_urody_nadarzyn_ChataID-1.jpg\"><img loading=\"lazy\" decoding=\"async\" width=\"1024\" height=\"682\" src=\"http:\/\/www.chata-id.pl\/wp-content\/uploads\/2020\/04\/studio_urody_nadarzyn_ChataID-1-1024x682.jpg\" alt=\"\" data-id=\"1381\" data-full-url=\"http:\/\/www.chata-id.pl\/wp-content\/uploads\/2020\/04\/studio_urody_nadarzyn_ChataID-1.jpg\" data-link=\"http:\/\/www.chata-id.pl\/?attachment_id=1381\" class=\"wp-image-1381\" srcset=\"https:\/\/chata-id.pl\/wp-content\/uploads\/2020\/04\/studio_urody_nadarzyn_ChataID-1-1024x682.jpg 1024w, https:\/\/chata-id.pl\/wp-content\/uploads\/2020\/04\/studio_urody_nadarzyn_ChataID-1-300x200.jpg 300w, https:\/\/chata-id.pl\/wp-content\/uploads\/2020\/04\/studio_urody_nadarzyn_ChataID-1-768x512.jpg 768w, https:\/\/chata-id.pl\/wp-content\/uploads\/2020\/04\/studio_urody_nadarzyn_ChataID-1-1200x800.jpg 1200w, https:\/\/chata-id.pl\/wp-content\/uploads\/2020\/04\/studio_urody_nadarzyn_ChataID-1.jpg 1280w\" sizes=\"auto, (max-width: 1024px) 100vw, 1024px\" \/><\/a><\/figure><\/li><li class=\"blocks-gallery-item\"><figure><a href=\"http:\/\/www.chata-id.pl\/wp-content\/uploads\/2020\/04\/studio_urody_nadarzyn_ChataID-2.jpg\"><img loading=\"lazy\" decoding=\"async\" width=\"682\" height=\"1024\" src=\"http:\/\/www.chata-id.pl\/wp-content\/uploads\/2020\/04\/studio_urody_nadarzyn_ChataID-2.jpg\" alt=\"\" data-id=\"1382\" data-full-url=\"http:\/\/www.chata-id.pl\/wp-content\/uploads\/2020\/04\/studio_urody_nadarzyn_ChataID-2.jpg\" data-link=\"http:\/\/www.chata-id.pl\/?attachment_id=1382\" class=\"wp-image-1382\" srcset=\"https:\/\/chata-id.pl\/wp-content\/uploads\/2020\/04\/studio_urody_nadarzyn_ChataID-2.jpg 682w, https:\/\/chata-id.pl\/wp-content\/uploads\/2020\/04\/studio_urody_nadarzyn_ChataID-2-200x300.jpg 200w\" sizes=\"auto, (max-width: 682px) 100vw, 682px\" \/><\/a><\/figure><\/li><li class=\"blocks-gallery-item\"><figure><a href=\"http:\/\/www.chata-id.pl\/wp-content\/uploads\/2020\/04\/studio_urody_nadarzyn_ChataID-3.jpg\"><img loading=\"lazy\" decoding=\"async\" width=\"1024\" height=\"682\" src=\"http:\/\/www.chata-id.pl\/wp-content\/uploads\/2020\/04\/studio_urody_nadarzyn_ChataID-3-1024x682.jpg\" alt=\"\" data-id=\"1383\" data-full-url=\"http:\/\/www.chata-id.pl\/wp-content\/uploads\/2020\/04\/studio_urody_nadarzyn_ChataID-3.jpg\" data-link=\"http:\/\/www.chata-id.pl\/?attachment_id=1383\" class=\"wp-image-1383\" srcset=\"https:\/\/chata-id.pl\/wp-content\/uploads\/2020\/04\/studio_urody_nadarzyn_ChataID-3-1024x682.jpg 1024w, https:\/\/chata-id.pl\/wp-content\/uploads\/2020\/04\/studio_urody_nadarzyn_ChataID-3-300x200.jpg 300w, https:\/\/chata-id.pl\/wp-content\/uploads\/2020\/04\/studio_urody_nadarzyn_ChataID-3-768x512.jpg 768w, https:\/\/chata-id.pl\/wp-content\/uploads\/2020\/04\/studio_urody_nadarzyn_ChataID-3-1200x800.jpg 1200w, https:\/\/chata-id.pl\/wp-content\/uploads\/2020\/04\/studio_urody_nadarzyn_ChataID-3.jpg 1280w\" sizes=\"auto, (max-width: 1024px) 100vw, 1024px\" \/><\/a><\/figure><\/li><li class=\"blocks-gallery-item\"><figure><a href=\"http:\/\/www.chata-id.pl\/wp-content\/uploads\/2020\/04\/studio_urody_nadarzyn_ChataID-4.jpg\"><img loading=\"lazy\" decoding=\"async\" width=\"1024\" height=\"682\" src=\"http:\/\/www.chata-id.pl\/wp-content\/uploads\/2020\/04\/studio_urody_nadarzyn_ChataID-4-1024x682.jpg\" alt=\"\" data-id=\"1384\" data-full-url=\"http:\/\/www.chata-id.pl\/wp-content\/uploads\/2020\/04\/studio_urody_nadarzyn_ChataID-4.jpg\" data-link=\"http:\/\/www.chata-id.pl\/?attachment_id=1384\" class=\"wp-image-1384\" srcset=\"https:\/\/chata-id.pl\/wp-content\/uploads\/2020\/04\/studio_urody_nadarzyn_ChataID-4-1024x682.jpg 1024w, https:\/\/chata-id.pl\/wp-content\/uploads\/2020\/04\/studio_urody_nadarzyn_ChataID-4-300x200.jpg 300w, https:\/\/chata-id.pl\/wp-content\/uploads\/2020\/04\/studio_urody_nadarzyn_ChataID-4-768x512.jpg 768w, https:\/\/chata-id.pl\/wp-content\/uploads\/2020\/04\/studio_urody_nadarzyn_ChataID-4-1200x800.jpg 1200w, https:\/\/chata-id.pl\/wp-content\/uploads\/2020\/04\/studio_urody_nadarzyn_ChataID-4.jpg 1280w\" sizes=\"auto, (max-width: 1024px) 100vw, 1024px\" \/><\/a><\/figure><\/li><li class=\"blocks-gallery-item\"><figure><a href=\"http:\/\/www.chata-id.pl\/wp-content\/uploads\/2020\/04\/studio_urody_nadarzyn_ChataID-5.jpg\"><img loading=\"lazy\" decoding=\"async\" width=\"1024\" height=\"682\" src=\"http:\/\/www.chata-id.pl\/wp-content\/uploads\/2020\/04\/studio_urody_nadarzyn_ChataID-5-1024x682.jpg\" alt=\"\" data-id=\"1385\" data-full-url=\"http:\/\/www.chata-id.pl\/wp-content\/uploads\/2020\/04\/studio_urody_nadarzyn_ChataID-5.jpg\" data-link=\"http:\/\/www.chata-id.pl\/?attachment_id=1385\" class=\"wp-image-1385\" srcset=\"https:\/\/chata-id.pl\/wp-content\/uploads\/2020\/04\/studio_urody_nadarzyn_ChataID-5-1024x682.jpg 1024w, https:\/\/chata-id.pl\/wp-content\/uploads\/2020\/04\/studio_urody_nadarzyn_ChataID-5-300x200.jpg 300w, https:\/\/chata-id.pl\/wp-content\/uploads\/2020\/04\/studio_urody_nadarzyn_ChataID-5-768x512.jpg 768w, https:\/\/chata-id.pl\/wp-content\/uploads\/2020\/04\/studio_urody_nadarzyn_ChataID-5-1200x800.jpg 1200w, https:\/\/chata-id.pl\/wp-content\/uploads\/2020\/04\/studio_urody_nadarzyn_ChataID-5.jpg 1280w\" sizes=\"auto, (max-width: 1024px) 100vw, 1024px\" \/><\/a><\/figure><\/li><li class=\"blocks-gallery-item\"><figure><a href=\"http:\/\/www.chata-id.pl\/wp-content\/uploads\/2020\/04\/studio_urody_nadarzyn_ChataID-6.jpg\"><img loading=\"lazy\" decoding=\"async\" width=\"1024\" height=\"682\" src=\"http:\/\/www.chata-id.pl\/wp-content\/uploads\/2020\/04\/studio_urody_nadarzyn_ChataID-6-1024x682.jpg\" alt=\"\" data-id=\"1386\" data-full-url=\"http:\/\/www.chata-id.pl\/wp-content\/uploads\/2020\/04\/studio_urody_nadarzyn_ChataID-6.jpg\" data-link=\"http:\/\/www.chata-id.pl\/?attachment_id=1386\" class=\"wp-image-1386\" srcset=\"https:\/\/chata-id.pl\/wp-content\/uploads\/2020\/04\/studio_urody_nadarzyn_ChataID-6-1024x682.jpg 1024w, https:\/\/chata-id.pl\/wp-content\/uploads\/2020\/04\/studio_urody_nadarzyn_ChataID-6-300x200.jpg 300w, https:\/\/chata-id.pl\/wp-content\/uploads\/2020\/04\/studio_urody_nadarzyn_ChataID-6-768x512.jpg 768w, https:\/\/chata-id.pl\/wp-content\/uploads\/2020\/04\/studio_urody_nadarzyn_ChataID-6-1200x800.jpg 1200w, https:\/\/chata-id.pl\/wp-content\/uploads\/2020\/04\/studio_urody_nadarzyn_ChataID-6.jpg 1280w\" sizes=\"auto, (max-width: 1024px) 100vw, 1024px\" \/><\/a><\/figure><\/li><li class=\"blocks-gallery-item\"><figure><a href=\"http:\/\/www.chata-id.pl\/wp-content\/uploads\/2020\/04\/studio_urody_nadarzyn_ChataID-7.jpg\"><img loading=\"lazy\" decoding=\"async\" width=\"1024\" height=\"682\" src=\"http:\/\/www.chata-id.pl\/wp-content\/uploads\/2020\/04\/studio_urody_nadarzyn_ChataID-7-1024x682.jpg\" alt=\"\" data-id=\"1387\" data-full-url=\"http:\/\/www.chata-id.pl\/wp-content\/uploads\/2020\/04\/studio_urody_nadarzyn_ChataID-7.jpg\" data-link=\"http:\/\/www.chata-id.pl\/?attachment_id=1387\" class=\"wp-image-1387\" srcset=\"https:\/\/chata-id.pl\/wp-content\/uploads\/2020\/04\/studio_urody_nadarzyn_ChataID-7-1024x682.jpg 1024w, https:\/\/chata-id.pl\/wp-content\/uploads\/2020\/04\/studio_urody_nadarzyn_ChataID-7-300x200.jpg 300w, https:\/\/chata-id.pl\/wp-content\/uploads\/2020\/04\/studio_urody_nadarzyn_ChataID-7-768x512.jpg 768w, https:\/\/chata-id.pl\/wp-content\/uploads\/2020\/04\/studio_urody_nadarzyn_ChataID-7-1200x800.jpg 1200w, https:\/\/chata-id.pl\/wp-content\/uploads\/2020\/04\/studio_urody_nadarzyn_ChataID-7.jpg 1280w\" sizes=\"auto, (max-width: 1024px) 100vw, 1024px\" \/><\/a><\/figure><\/li><li class=\"blocks-gallery-item\"><figure><a href=\"http:\/\/www.chata-id.pl\/wp-content\/uploads\/2020\/04\/studio_urody_nadarzyn_ChataID-8.jpg\"><img loading=\"lazy\" decoding=\"async\" width=\"1024\" height=\"682\" src=\"http:\/\/www.chata-id.pl\/wp-content\/uploads\/2020\/04\/studio_urody_nadarzyn_ChataID-8-1024x682.jpg\" alt=\"\" data-id=\"1388\" data-full-url=\"http:\/\/www.chata-id.pl\/wp-content\/uploads\/2020\/04\/studio_urody_nadarzyn_ChataID-8.jpg\" data-link=\"http:\/\/www.chata-id.pl\/?attachment_id=1388\" class=\"wp-image-1388\" srcset=\"https:\/\/chata-id.pl\/wp-content\/uploads\/2020\/04\/studio_urody_nadarzyn_ChataID-8-1024x682.jpg 1024w, https:\/\/chata-id.pl\/wp-content\/uploads\/2020\/04\/studio_urody_nadarzyn_ChataID-8-300x200.jpg 300w, https:\/\/chata-id.pl\/wp-content\/uploads\/2020\/04\/studio_urody_nadarzyn_ChataID-8-768x512.jpg 768w, https:\/\/chata-id.pl\/wp-content\/uploads\/2020\/04\/studio_urody_nadarzyn_ChataID-8-1200x800.jpg 1200w, https:\/\/chata-id.pl\/wp-content\/uploads\/2020\/04\/studio_urody_nadarzyn_ChataID-8.jpg 1280w\" sizes=\"auto, (max-width: 1024px) 100vw, 1024px\" \/><\/a><\/figure><\/li><li class=\"blocks-gallery-item\"><figure><a href=\"http:\/\/www.chata-id.pl\/wp-content\/uploads\/2020\/04\/studio_urody_nadarzyn_ChataID-9.jpg\"><img loading=\"lazy\" decoding=\"async\" width=\"1024\" height=\"682\" src=\"http:\/\/www.chata-id.pl\/wp-content\/uploads\/2020\/04\/studio_urody_nadarzyn_ChataID-9-1024x682.jpg\" alt=\"\" data-id=\"1390\" data-full-url=\"http:\/\/www.chata-id.pl\/wp-content\/uploads\/2020\/04\/studio_urody_nadarzyn_ChataID-9.jpg\" data-link=\"http:\/\/www.chata-id.pl\/studio-urody-nadarzyn\/studio_urody_nadarzyn_chataid-9\/\" class=\"wp-image-1390\" srcset=\"https:\/\/chata-id.pl\/wp-content\/uploads\/2020\/04\/studio_urody_nadarzyn_ChataID-9-1024x682.jpg 1024w, https:\/\/chata-id.pl\/wp-content\/uploads\/2020\/04\/studio_urody_nadarzyn_ChataID-9-300x200.jpg 300w, https:\/\/chata-id.pl\/wp-content\/uploads\/2020\/04\/studio_urody_nadarzyn_ChataID-9-768x512.jpg 768w, https:\/\/chata-id.pl\/wp-content\/uploads\/2020\/04\/studio_urody_nadarzyn_ChataID-9-1200x800.jpg 1200w, https:\/\/chata-id.pl\/wp-content\/uploads\/2020\/04\/studio_urody_nadarzyn_ChataID-9.jpg 1280w\" sizes=\"auto, (max-width: 1024px) 100vw, 1024px\" \/><\/a><\/figure><\/li><li class=\"blocks-gallery-item\"><figure><a href=\"http:\/\/www.chata-id.pl\/wp-content\/uploads\/2020\/04\/studio_urody_nadarzyn_ChataID-10.jpg\"><img loading=\"lazy\" decoding=\"async\" width=\"1024\" height=\"682\" src=\"http:\/\/www.chata-id.pl\/wp-content\/uploads\/2020\/04\/studio_urody_nadarzyn_ChataID-10-1024x682.jpg\" alt=\"\" data-id=\"1391\" data-full-url=\"http:\/\/www.chata-id.pl\/wp-content\/uploads\/2020\/04\/studio_urody_nadarzyn_ChataID-10.jpg\" data-link=\"http:\/\/www.chata-id.pl\/studio-urody-nadarzyn\/studio_urody_nadarzyn_chataid-10\/\" class=\"wp-image-1391\" srcset=\"https:\/\/chata-id.pl\/wp-content\/uploads\/2020\/04\/studio_urody_nadarzyn_ChataID-10-1024x682.jpg 1024w, https:\/\/chata-id.pl\/wp-content\/uploads\/2020\/04\/studio_urody_nadarzyn_ChataID-10-300x200.jpg 300w, https:\/\/chata-id.pl\/wp-content\/uploads\/2020\/04\/studio_urody_nadarzyn_ChataID-10-768x512.jpg 768w, https:\/\/chata-id.pl\/wp-content\/uploads\/2020\/04\/studio_urody_nadarzyn_ChataID-10-1200x800.jpg 1200w, https:\/\/chata-id.pl\/wp-content\/uploads\/2020\/04\/studio_urody_nadarzyn_ChataID-10.jpg 1280w\" sizes=\"auto, (max-width: 1024px) 100vw, 1024px\" \/><\/a><\/figure><\/li><li class=\"blocks-gallery-item\"><figure><a href=\"http:\/\/www.chata-id.pl\/wp-content\/uploads\/2020\/04\/studio_urody_nadarzyn_ChataID-11.jpg\"><img loading=\"lazy\" decoding=\"async\" width=\"1024\" height=\"682\" src=\"http:\/\/www.chata-id.pl\/wp-content\/uploads\/2020\/04\/studio_urody_nadarzyn_ChataID-11-1024x682.jpg\" alt=\"\" data-id=\"1392\" data-full-url=\"http:\/\/www.chata-id.pl\/wp-content\/uploads\/2020\/04\/studio_urody_nadarzyn_ChataID-11.jpg\" data-link=\"http:\/\/www.chata-id.pl\/studio-urody-nadarzyn\/studio_urody_nadarzyn_chataid-11\/\" class=\"wp-image-1392\" srcset=\"https:\/\/chata-id.pl\/wp-content\/uploads\/2020\/04\/studio_urody_nadarzyn_ChataID-11-1024x682.jpg 1024w, https:\/\/chata-id.pl\/wp-content\/uploads\/2020\/04\/studio_urody_nadarzyn_ChataID-11-300x200.jpg 300w, https:\/\/chata-id.pl\/wp-content\/uploads\/2020\/04\/studio_urody_nadarzyn_ChataID-11-768x512.jpg 768w, https:\/\/chata-id.pl\/wp-content\/uploads\/2020\/04\/studio_urody_nadarzyn_ChataID-11-1200x800.jpg 1200w, https:\/\/chata-id.pl\/wp-content\/uploads\/2020\/04\/studio_urody_nadarzyn_ChataID-11.jpg 1280w\" sizes=\"auto, (max-width: 1024px) 100vw, 1024px\" \/><\/a><\/figure><\/li><li class=\"blocks-gallery-item\"><figure><a href=\"http:\/\/www.chata-id.pl\/wp-content\/uploads\/2020\/04\/studio_urody_nadarzyn_ChataID-12.jpg\"><img loading=\"lazy\" decoding=\"async\" width=\"1024\" height=\"682\" src=\"http:\/\/www.chata-id.pl\/wp-content\/uploads\/2020\/04\/studio_urody_nadarzyn_ChataID-12-1024x682.jpg\" alt=\"\" data-id=\"1393\" data-full-url=\"http:\/\/www.chata-id.pl\/wp-content\/uploads\/2020\/04\/studio_urody_nadarzyn_ChataID-12.jpg\" data-link=\"http:\/\/www.chata-id.pl\/studio-urody-nadarzyn\/studio_urody_nadarzyn_chataid-12\/\" class=\"wp-image-1393\" srcset=\"https:\/\/chata-id.pl\/wp-content\/uploads\/2020\/04\/studio_urody_nadarzyn_ChataID-12-1024x682.jpg 1024w, https:\/\/chata-id.pl\/wp-content\/uploads\/2020\/04\/studio_urody_nadarzyn_ChataID-12-300x200.jpg 300w, https:\/\/chata-id.pl\/wp-content\/uploads\/2020\/04\/studio_urody_nadarzyn_ChataID-12-768x512.jpg 768w, https:\/\/chata-id.pl\/wp-content\/uploads\/2020\/04\/studio_urody_nadarzyn_ChataID-12-1200x800.jpg 1200w, https:\/\/chata-id.pl\/wp-content\/uploads\/2020\/04\/studio_urody_nadarzyn_ChataID-12.jpg 1280w\" sizes=\"auto, (max-width: 1024px) 100vw, 1024px\" \/><\/a><\/figure><\/li><li class=\"blocks-gallery-item\"><figure><a href=\"http:\/\/www.chata-id.pl\/wp-content\/uploads\/2020\/04\/studio_urody_nadarzyn_ChataID-13.jpg\"><img loading=\"lazy\" decoding=\"async\" width=\"1024\" height=\"682\" src=\"http:\/\/www.chata-id.pl\/wp-content\/uploads\/2020\/04\/studio_urody_nadarzyn_ChataID-13-1024x682.jpg\" alt=\"\" data-id=\"1394\" data-full-url=\"http:\/\/www.chata-id.pl\/wp-content\/uploads\/2020\/04\/studio_urody_nadarzyn_ChataID-13.jpg\" data-link=\"http:\/\/www.chata-id.pl\/studio-urody-nadarzyn\/studio_urody_nadarzyn_chataid-13\/\" class=\"wp-image-1394\" srcset=\"https:\/\/chata-id.pl\/wp-content\/uploads\/2020\/04\/studio_urody_nadarzyn_ChataID-13-1024x682.jpg 1024w, https:\/\/chata-id.pl\/wp-content\/uploads\/2020\/04\/studio_urody_nadarzyn_ChataID-13-300x200.jpg 300w, https:\/\/chata-id.pl\/wp-content\/uploads\/2020\/04\/studio_urody_nadarzyn_ChataID-13-768x512.jpg 768w, https:\/\/chata-id.pl\/wp-content\/uploads\/2020\/04\/studio_urody_nadarzyn_ChataID-13-1200x800.jpg 1200w, https:\/\/chata-id.pl\/wp-content\/uploads\/2020\/04\/studio_urody_nadarzyn_ChataID-13.jpg 1280w\" sizes=\"auto, (max-width: 1024px) 100vw, 1024px\" \/><\/a><\/figure><\/li><li class=\"blocks-gallery-item\"><figure><a href=\"http:\/\/www.chata-id.pl\/wp-content\/uploads\/2020\/04\/studio_urody_nadarzyn_ChataID-14.jpg\"><img loading=\"lazy\" decoding=\"async\" width=\"682\" height=\"1024\" src=\"http:\/\/www.chata-id.pl\/wp-content\/uploads\/2020\/04\/studio_urody_nadarzyn_ChataID-14.jpg\" alt=\"\" data-id=\"1395\" data-full-url=\"http:\/\/www.chata-id.pl\/wp-content\/uploads\/2020\/04\/studio_urody_nadarzyn_ChataID-14.jpg\" data-link=\"http:\/\/www.chata-id.pl\/studio-urody-nadarzyn\/studio_urody_nadarzyn_chataid-14\/\" class=\"wp-image-1395\" srcset=\"https:\/\/chata-id.pl\/wp-content\/uploads\/2020\/04\/studio_urody_nadarzyn_ChataID-14.jpg 682w, https:\/\/chata-id.pl\/wp-content\/uploads\/2020\/04\/studio_urody_nadarzyn_ChataID-14-200x300.jpg 200w\" sizes=\"auto, (max-width: 682px) 100vw, 682px\" \/><\/a><\/figure><\/li><\/ul><\/figure>\n","protected":false},"excerpt":{"rendered":"","protected":false},"author":4,"featured_media":0,"parent":0,"menu_order":0,"comment_status":"closed","ping_status":"closed","template":"","meta":{"inline_featured_image":false,"footnotes":""},"class_list":["post-1380","page","type-page","status-publish","hentry"],"yoast_head":"<!-- This site is optimized with the Yoast SEO plugin v24.3 - https:\/\/yoast.com\/wordpress\/plugins\/seo\/ -->\n<title>Studio Urody Nadarzyn &#8226; Chata ID<\/title>\n<meta name=\"robots\" content=\"index, follow, max-snippet:-1, max-image-preview:large, max-video-preview:-1\" \/>\n<link rel=\"canonical\" href=\"https:\/\/chata-id.pl\/studio-urody-nadarzyn\/\" \/>\n<meta property=\"og:locale\" content=\"en_US\" \/>\n<meta property=\"og:type\" content=\"article\" \/>\n<meta property=\"og:title\" content=\"Studio Urody Nadarzyn &#8226; Chata ID\" \/>\n<meta property=\"og:url\" content=\"https:\/\/chata-id.pl\/studio-urody-nadarzyn\/\" \/>\n<meta property=\"og:site_name\" content=\"Chata ID\" \/>\n<meta property=\"article:publisher\" content=\"https:\/\/facebook.com\/CHATA-ID-To%c5%bcsamo%c5%9b%c4%87-Twojego-wn%c4%99trza-116008675146984\/\" \/>\n<meta property=\"article:modified_time\" content=\"2020-04-17T15:58:50+00:00\" \/>\n<meta property=\"og:image\" content=\"http:\/\/www.chata-id.pl\/wp-content\/uploads\/2020\/04\/studio_urody_nadarzyn_ChataID-1-1024x682.jpg\" \/>\n<meta name=\"twitter:card\" content=\"summary_large_image\" \/>\n<script type=\"application\/ld+json\" class=\"yoast-schema-graph\">{\"@context\":\"https:\/\/schema.org\",\"@graph\":[{\"@type\":\"WebPage\",\"@id\":\"https:\/\/chata-id.pl\/studio-urody-nadarzyn\/\",\"url\":\"https:\/\/chata-id.pl\/studio-urody-nadarzyn\/\",\"name\":\"Studio Urody Nadarzyn &#8226; Chata ID\",\"isPartOf\":{\"@id\":\"https:\/\/chata-id.pl\/#website\"},\"primaryImageOfPage\":{\"@id\":\"https:\/\/chata-id.pl\/studio-urody-nadarzyn\/#primaryimage\"},\"image\":{\"@id\":\"https:\/\/chata-id.pl\/studio-urody-nadarzyn\/#primaryimage\"},\"thumbnailUrl\":\"http:\/\/www.chata-id.pl\/wp-content\/uploads\/2020\/04\/studio_urody_nadarzyn_ChataID-1-1024x682.jpg\",\"datePublished\":\"2020-04-10T22:21:37+00:00\",\"dateModified\":\"2020-04-17T15:58:50+00:00\",\"breadcrumb\":{\"@id\":\"https:\/\/chata-id.pl\/studio-urody-nadarzyn\/#breadcrumb\"},\"inLanguage\":\"en-US\",\"potentialAction\":[{\"@type\":\"ReadAction\",\"target\":[\"https:\/\/chata-id.pl\/studio-urody-nadarzyn\/\"]}]},{\"@type\":\"ImageObject\",\"inLanguage\":\"en-US\",\"@id\":\"https:\/\/chata-id.pl\/studio-urody-nadarzyn\/#primaryimage\",\"url\":\"http:\/\/www.chata-id.pl\/wp-content\/uploads\/2020\/04\/studio_urody_nadarzyn_ChataID-1-1024x682.jpg\",\"contentUrl\":\"http:\/\/www.chata-id.pl\/wp-content\/uploads\/2020\/04\/studio_urody_nadarzyn_ChataID-1-1024x682.jpg\"},{\"@type\":\"BreadcrumbList\",\"@id\":\"https:\/\/chata-id.pl\/studio-urody-nadarzyn\/#breadcrumb\",\"itemListElement\":[{\"@type\":\"ListItem\",\"position\":1,\"name\":\"Strona g\u0142\u00f3wna\",\"item\":\"https:\/\/chata-id.pl\/\"},{\"@type\":\"ListItem\",\"position\":2,\"name\":\"Studio Urody Nadarzyn\"}]},{\"@type\":\"WebSite\",\"@id\":\"https:\/\/chata-id.pl\/#website\",\"url\":\"https:\/\/chata-id.pl\/\",\"name\":\"Chata ID\",\"description\":\"To\u017csamo\u015b\u0107 Twojego wn\u0119trza\",\"publisher\":{\"@id\":\"https:\/\/chata-id.pl\/#organization\"},\"potentialAction\":[{\"@type\":\"SearchAction\",\"target\":{\"@type\":\"EntryPoint\",\"urlTemplate\":\"https:\/\/chata-id.pl\/?s={search_term_string}\"},\"query-input\":{\"@type\":\"PropertyValueSpecification\",\"valueRequired\":true,\"valueName\":\"search_term_string\"}}],\"inLanguage\":\"en-US\"},{\"@type\":\"Organization\",\"@id\":\"https:\/\/chata-id.pl\/#organization\",\"name\":\"CHATA ID - To\u017csamo\u015b\u0107 Twojego Wn\u0119trza - Nadarzyn\",\"url\":\"https:\/\/chata-id.pl\/\",\"logo\":{\"@type\":\"ImageObject\",\"inLanguage\":\"en-US\",\"@id\":\"https:\/\/chata-id.pl\/#\/schema\/logo\/image\/\",\"url\":\"https:\/\/chata-id.pl\/wp-content\/uploads\/2020\/04\/chata-id-logo-1.png\",\"contentUrl\":\"https:\/\/chata-id.pl\/wp-content\/uploads\/2020\/04\/chata-id-logo-1.png\",\"width\":236,\"height\":80,\"caption\":\"CHATA ID - To\u017csamo\u015b\u0107 Twojego Wn\u0119trza - Nadarzyn\"},\"image\":{\"@id\":\"https:\/\/chata-id.pl\/#\/schema\/logo\/image\/\"},\"sameAs\":[\"https:\/\/facebook.com\/CHATA-ID-To\u017csamo\u015b\u0107-Twojego-wn\u0119trza-116008675146984\/\"]}]}<\/script>\n<!-- \/ Yoast SEO plugin. -->","yoast_head_json":{"title":"Studio Urody Nadarzyn &#8226; Chata ID","robots":{"index":"index","follow":"follow","max-snippet":"max-snippet:-1","max-image-preview":"max-image-preview:large","max-video-preview":"max-video-preview:-1"},"canonical":"https:\/\/chata-id.pl\/studio-urody-nadarzyn\/","og_locale":"en_US","og_type":"article","og_title":"Studio Urody Nadarzyn &#8226; Chata ID","og_url":"https:\/\/chata-id.pl\/studio-urody-nadarzyn\/","og_site_name":"Chata ID","article_publisher":"https:\/\/facebook.com\/CHATA-ID-To%c5%bcsamo%c5%9b%c4%87-Twojego-wn%c4%99trza-116008675146984\/","article_modified_time":"2020-04-17T15:58:50+00:00","og_image":[{"url":"http:\/\/www.chata-id.pl\/wp-content\/uploads\/2020\/04\/studio_urody_nadarzyn_ChataID-1-1024x682.jpg","type":"","width":"","height":""}],"twitter_card":"summary_large_image","schema":{"@context":"https:\/\/schema.org","@graph":[{"@type":"WebPage","@id":"https:\/\/chata-id.pl\/studio-urody-nadarzyn\/","url":"https:\/\/chata-id.pl\/studio-urody-nadarzyn\/","name":"Studio Urody Nadarzyn &#8226; Chata ID","isPartOf":{"@id":"https:\/\/chata-id.pl\/#website"},"primaryImageOfPage":{"@id":"https:\/\/chata-id.pl\/studio-urody-nadarzyn\/#primaryimage"},"image":{"@id":"https:\/\/chata-id.pl\/studio-urody-nadarzyn\/#primaryimage"},"thumbnailUrl":"http:\/\/www.chata-id.pl\/wp-content\/uploads\/2020\/04\/studio_urody_nadarzyn_ChataID-1-1024x682.jpg","datePublished":"2020-04-10T22:21:37+00:00","dateModified":"2020-04-17T15:58:50+00:00","breadcrumb":{"@id":"https:\/\/chata-id.pl\/studio-urody-nadarzyn\/#breadcrumb"},"inLanguage":"en-US","potentialAction":[{"@type":"ReadAction","target":["https:\/\/chata-id.pl\/studio-urody-nadarzyn\/"]}]},{"@type":"ImageObject","inLanguage":"en-US","@id":"https:\/\/chata-id.pl\/studio-urody-nadarzyn\/#primaryimage","url":"http:\/\/www.chata-id.pl\/wp-content\/uploads\/2020\/04\/studio_urody_nadarzyn_ChataID-1-1024x682.jpg","contentUrl":"http:\/\/www.chata-id.pl\/wp-content\/uploads\/2020\/04\/studio_urody_nadarzyn_ChataID-1-1024x682.jpg"},{"@type":"BreadcrumbList","@id":"https:\/\/chata-id.pl\/studio-urody-nadarzyn\/#breadcrumb","itemListElement":[{"@type":"ListItem","position":1,"name":"Strona g\u0142\u00f3wna","item":"https:\/\/chata-id.pl\/"},{"@type":"ListItem","position":2,"name":"Studio Urody Nadarzyn"}]},{"@type":"WebSite","@id":"https:\/\/chata-id.pl\/#website","url":"https:\/\/chata-id.pl\/","name":"Chata ID","description":"To\u017csamo\u015b\u0107 Twojego wn\u0119trza","publisher":{"@id":"https:\/\/chata-id.pl\/#organization"},"potentialAction":[{"@type":"SearchAction","target":{"@type":"EntryPoint","urlTemplate":"https:\/\/chata-id.pl\/?s={search_term_string}"},"query-input":{"@type":"PropertyValueSpecification","valueRequired":true,"valueName":"search_term_string"}}],"inLanguage":"en-US"},{"@type":"Organization","@id":"https:\/\/chata-id.pl\/#organization","name":"CHATA ID - To\u017csamo\u015b\u0107 Twojego Wn\u0119trza - Nadarzyn","url":"https:\/\/chata-id.pl\/","logo":{"@type":"ImageObject","inLanguage":"en-US","@id":"https:\/\/chata-id.pl\/#\/schema\/logo\/image\/","url":"https:\/\/chata-id.pl\/wp-content\/uploads\/2020\/04\/chata-id-logo-1.png","contentUrl":"https:\/\/chata-id.pl\/wp-content\/uploads\/2020\/04\/chata-id-logo-1.png","width":236,"height":80,"caption":"CHATA ID - To\u017csamo\u015b\u0107 Twojego Wn\u0119trza - Nadarzyn"},"image":{"@id":"https:\/\/chata-id.pl\/#\/schema\/logo\/image\/"},"sameAs":["https:\/\/facebook.com\/CHATA-ID-To\u017csamo\u015b\u0107-Twojego-wn\u0119trza-116008675146984\/"]}]}},"_links":{"self":[{"href":"https:\/\/chata-id.pl\/en\/wp-json\/wp\/v2\/pages\/1380","targetHints":{"allow":["GET"]}}],"collection":[{"href":"https:\/\/chata-id.pl\/en\/wp-json\/wp\/v2\/pages"}],"about":[{"href":"https:\/\/chata-id.pl\/en\/wp-json\/wp\/v2\/types\/page"}],"author":[{"embeddable":true,"href":"https:\/\/chata-id.pl\/en\/wp-json\/wp\/v2\/users\/4"}],"replies":[{"embeddable":true,"href":"https:\/\/chata-id.pl\/en\/wp-json\/wp\/v2\/comments?post=1380"}],"version-history":[{"count":3,"href":"https:\/\/chata-id.pl\/en\/wp-json\/wp\/v2\/pages\/1380\/revisions"}],"predecessor-version":[{"id":1531,"href":"https:\/\/chata-id.pl\/en\/wp-json\/wp\/v2\/pages\/1380\/revisions\/1531"}],"wp:attachment":[{"href":"https:\/\/chata-id.pl\/en\/wp-json\/wp\/v2\/media?parent=1380"}],"curies":[{"name":"wp","href":"https:\/\/api.w.org\/{rel}","templated":true}]}}