{"id":1174,"date":"2017-09-12T12:38:42","date_gmt":"2017-09-12T12:38:42","guid":{"rendered":"http:\/\/www.chata-id.pl\/?page_id=1174"},"modified":"2020-04-20T17:23:24","modified_gmt":"2020-04-20T17:23:24","slug":"dom-pod-warszawa-2","status":"publish","type":"page","link":"https:\/\/chata-id.pl\/en\/portfolio\/dom-pod-warszawa-2\/","title":{"rendered":"(Polski) Dom pod Warszaw\u0105 2"},"content":{"rendered":"\n<figure class=\"wp-block-gallery alignwide columns-4 is-cropped wp-block-gallery-1 is-layout-flex wp-block-gallery-is-layout-flex\"><ul class=\"blocks-gallery-grid\"><li class=\"blocks-gallery-item\"><figure><a href=\"https:\/\/chata-id.pl\/wp-content\/uploads\/2017\/09\/16-Dawidy-Bankowemieszkanie_0175.jpg\"><img loading=\"lazy\" decoding=\"async\" width=\"679\" height=\"1024\" src=\"https:\/\/chata-id.pl\/wp-content\/uploads\/2017\/09\/16-Dawidy-Bankowemieszkanie_0175-679x1024.jpg\" alt=\"\" data-id=\"1188\" data-full-url=\"https:\/\/chata-id.pl\/wp-content\/uploads\/2017\/09\/16-Dawidy-Bankowemieszkanie_0175.jpg\" data-link=\"https:\/\/chata-id.pl\/portfolio\/dom-pod-warszawa-2\/16-dawidy-bankowemieszkanie_0175\/\" class=\"wp-image-1188\" srcset=\"https:\/\/chata-id.pl\/wp-content\/uploads\/2017\/09\/16-Dawidy-Bankowemieszkanie_0175.jpg 679w, https:\/\/chata-id.pl\/wp-content\/uploads\/2017\/09\/16-Dawidy-Bankowemieszkanie_0175-199x300.jpg 199w, https:\/\/chata-id.pl\/wp-content\/uploads\/2017\/09\/16-Dawidy-Bankowemieszkanie_0175-420x633.jpg 420w\" sizes=\"auto, (max-width: 679px) 100vw, 679px\" \/><\/a><\/figure><\/li><li class=\"blocks-gallery-item\"><figure><a href=\"https:\/\/chata-id.pl\/wp-content\/uploads\/2017\/09\/15-Dawidy-Bankowemieszkanie_0169.jpg\"><img loading=\"lazy\" decoding=\"async\" width=\"692\" height=\"1024\" src=\"https:\/\/chata-id.pl\/wp-content\/uploads\/2017\/09\/15-Dawidy-Bankowemieszkanie_0169-692x1024.jpg\" alt=\"\" data-id=\"1187\" data-full-url=\"https:\/\/chata-id.pl\/wp-content\/uploads\/2017\/09\/15-Dawidy-Bankowemieszkanie_0169.jpg\" data-link=\"https:\/\/chata-id.pl\/portfolio\/dom-pod-warszawa-2\/15-dawidy-bankowemieszkanie_0169\/\" class=\"wp-image-1187\" srcset=\"https:\/\/chata-id.pl\/wp-content\/uploads\/2017\/09\/15-Dawidy-Bankowemieszkanie_0169.jpg 692w, https:\/\/chata-id.pl\/wp-content\/uploads\/2017\/09\/15-Dawidy-Bankowemieszkanie_0169-203x300.jpg 203w, https:\/\/chata-id.pl\/wp-content\/uploads\/2017\/09\/15-Dawidy-Bankowemieszkanie_0169-420x622.jpg 420w\" sizes=\"auto, (max-width: 692px) 100vw, 692px\" \/><\/a><\/figure><\/li><li class=\"blocks-gallery-item\"><figure><a href=\"https:\/\/chata-id.pl\/wp-content\/uploads\/2017\/09\/14-Dawidy-Bankowemieszkanie_0152.jpg\"><img loading=\"lazy\" decoding=\"async\" width=\"1024\" height=\"680\" src=\"https:\/\/chata-id.pl\/wp-content\/uploads\/2017\/09\/14-Dawidy-Bankowemieszkanie_0152-1024x680.jpg\" alt=\"\" data-id=\"1186\" data-full-url=\"https:\/\/chata-id.pl\/wp-content\/uploads\/2017\/09\/14-Dawidy-Bankowemieszkanie_0152.jpg\" data-link=\"https:\/\/chata-id.pl\/portfolio\/dom-pod-warszawa-2\/14-dawidy-bankowemieszkanie_0152\/\" class=\"wp-image-1186\" srcset=\"https:\/\/chata-id.pl\/wp-content\/uploads\/2017\/09\/14-Dawidy-Bankowemieszkanie_0152-1024x680.jpg 1024w, https:\/\/chata-id.pl\/wp-content\/uploads\/2017\/09\/14-Dawidy-Bankowemieszkanie_0152-300x199.jpg 300w, https:\/\/chata-id.pl\/wp-content\/uploads\/2017\/09\/14-Dawidy-Bankowemieszkanie_0152-420x279.jpg 420w, https:\/\/chata-id.pl\/wp-content\/uploads\/2017\/09\/14-Dawidy-Bankowemieszkanie_0152.jpg 1280w\" sizes=\"auto, (max-width: 1024px) 100vw, 1024px\" \/><\/a><\/figure><\/li><li class=\"blocks-gallery-item\"><figure><a href=\"https:\/\/chata-id.pl\/wp-content\/uploads\/2017\/09\/13-Dawidy-Bankowemieszkanie_0158.jpg\"><img loading=\"lazy\" decoding=\"async\" width=\"1024\" height=\"658\" src=\"https:\/\/chata-id.pl\/wp-content\/uploads\/2017\/09\/13-Dawidy-Bankowemieszkanie_0158-1024x658.jpg\" alt=\"\" data-id=\"1185\" data-full-url=\"https:\/\/chata-id.pl\/wp-content\/uploads\/2017\/09\/13-Dawidy-Bankowemieszkanie_0158.jpg\" data-link=\"https:\/\/chata-id.pl\/portfolio\/dom-pod-warszawa-2\/13-dawidy-bankowemieszkanie_0158\/\" class=\"wp-image-1185\" srcset=\"https:\/\/chata-id.pl\/wp-content\/uploads\/2017\/09\/13-Dawidy-Bankowemieszkanie_0158-1024x658.jpg 1024w, https:\/\/chata-id.pl\/wp-content\/uploads\/2017\/09\/13-Dawidy-Bankowemieszkanie_0158-300x193.jpg 300w, https:\/\/chata-id.pl\/wp-content\/uploads\/2017\/09\/13-Dawidy-Bankowemieszkanie_0158-420x270.jpg 420w, https:\/\/chata-id.pl\/wp-content\/uploads\/2017\/09\/13-Dawidy-Bankowemieszkanie_0158.jpg 1280w\" sizes=\"auto, (max-width: 1024px) 100vw, 1024px\" \/><\/a><\/figure><\/li><li class=\"blocks-gallery-item\"><figure><a href=\"https:\/\/chata-id.pl\/wp-content\/uploads\/2017\/09\/12-Dawidy-Bankowemieszkanie_0162.jpg\"><img loading=\"lazy\" decoding=\"async\" width=\"1024\" height=\"680\" src=\"https:\/\/chata-id.pl\/wp-content\/uploads\/2017\/09\/12-Dawidy-Bankowemieszkanie_0162-1024x680.jpg\" alt=\"\" data-id=\"1184\" data-full-url=\"https:\/\/chata-id.pl\/wp-content\/uploads\/2017\/09\/12-Dawidy-Bankowemieszkanie_0162.jpg\" data-link=\"https:\/\/chata-id.pl\/portfolio\/dom-pod-warszawa-2\/12-dawidy-bankowemieszkanie_0162\/\" class=\"wp-image-1184\" srcset=\"https:\/\/chata-id.pl\/wp-content\/uploads\/2017\/09\/12-Dawidy-Bankowemieszkanie_0162-1024x680.jpg 1024w, https:\/\/chata-id.pl\/wp-content\/uploads\/2017\/09\/12-Dawidy-Bankowemieszkanie_0162-300x199.jpg 300w, https:\/\/chata-id.pl\/wp-content\/uploads\/2017\/09\/12-Dawidy-Bankowemieszkanie_0162-420x279.jpg 420w, https:\/\/chata-id.pl\/wp-content\/uploads\/2017\/09\/12-Dawidy-Bankowemieszkanie_0162.jpg 1280w\" sizes=\"auto, (max-width: 1024px) 100vw, 1024px\" \/><\/a><\/figure><\/li><li class=\"blocks-gallery-item\"><figure><a href=\"https:\/\/chata-id.pl\/wp-content\/uploads\/2017\/09\/10-Dawidy-Bankowemieszkanie_0137.jpg\"><img loading=\"lazy\" decoding=\"async\" width=\"680\" height=\"1024\" src=\"https:\/\/chata-id.pl\/wp-content\/uploads\/2017\/09\/10-Dawidy-Bankowemieszkanie_0137-680x1024.jpg\" alt=\"\" data-id=\"1183\" data-full-url=\"https:\/\/chata-id.pl\/wp-content\/uploads\/2017\/09\/10-Dawidy-Bankowemieszkanie_0137.jpg\" data-link=\"https:\/\/chata-id.pl\/portfolio\/dom-pod-warszawa-2\/10-dawidy-bankowemieszkanie_0137\/\" class=\"wp-image-1183\" srcset=\"https:\/\/chata-id.pl\/wp-content\/uploads\/2017\/09\/10-Dawidy-Bankowemieszkanie_0137.jpg 680w, https:\/\/chata-id.pl\/wp-content\/uploads\/2017\/09\/10-Dawidy-Bankowemieszkanie_0137-199x300.jpg 199w, https:\/\/chata-id.pl\/wp-content\/uploads\/2017\/09\/10-Dawidy-Bankowemieszkanie_0137-420x632.jpg 420w\" sizes=\"auto, (max-width: 680px) 100vw, 680px\" \/><\/a><\/figure><\/li><li class=\"blocks-gallery-item\"><figure><a href=\"https:\/\/chata-id.pl\/wp-content\/uploads\/2017\/09\/8-Dawidy-Bankowemieszkanie_0130.jpg\"><img loading=\"lazy\" decoding=\"async\" width=\"1024\" height=\"680\" src=\"https:\/\/chata-id.pl\/wp-content\/uploads\/2017\/09\/8-Dawidy-Bankowemieszkanie_0130-1024x680.jpg\" alt=\"\" data-id=\"1182\" data-full-url=\"https:\/\/chata-id.pl\/wp-content\/uploads\/2017\/09\/8-Dawidy-Bankowemieszkanie_0130.jpg\" data-link=\"https:\/\/chata-id.pl\/portfolio\/dom-pod-warszawa-2\/8-dawidy-bankowemieszkanie_0130\/\" class=\"wp-image-1182\" srcset=\"https:\/\/chata-id.pl\/wp-content\/uploads\/2017\/09\/8-Dawidy-Bankowemieszkanie_0130-1024x680.jpg 1024w, https:\/\/chata-id.pl\/wp-content\/uploads\/2017\/09\/8-Dawidy-Bankowemieszkanie_0130-300x199.jpg 300w, https:\/\/chata-id.pl\/wp-content\/uploads\/2017\/09\/8-Dawidy-Bankowemieszkanie_0130-420x279.jpg 420w, https:\/\/chata-id.pl\/wp-content\/uploads\/2017\/09\/8-Dawidy-Bankowemieszkanie_0130.jpg 1280w\" sizes=\"auto, (max-width: 1024px) 100vw, 1024px\" \/><\/a><\/figure><\/li><li class=\"blocks-gallery-item\"><figure><a href=\"https:\/\/chata-id.pl\/wp-content\/uploads\/2017\/09\/7-Dawidy-Bankowemieszkanie_0107.jpg\"><img loading=\"lazy\" decoding=\"async\" width=\"680\" height=\"1024\" src=\"https:\/\/chata-id.pl\/wp-content\/uploads\/2017\/09\/7-Dawidy-Bankowemieszkanie_0107-680x1024.jpg\" alt=\"\" data-id=\"1181\" data-full-url=\"https:\/\/chata-id.pl\/wp-content\/uploads\/2017\/09\/7-Dawidy-Bankowemieszkanie_0107.jpg\" data-link=\"https:\/\/chata-id.pl\/portfolio\/dom-pod-warszawa-2\/7-dawidy-bankowemieszkanie_0107\/\" class=\"wp-image-1181\" srcset=\"https:\/\/chata-id.pl\/wp-content\/uploads\/2017\/09\/7-Dawidy-Bankowemieszkanie_0107.jpg 680w, https:\/\/chata-id.pl\/wp-content\/uploads\/2017\/09\/7-Dawidy-Bankowemieszkanie_0107-199x300.jpg 199w, https:\/\/chata-id.pl\/wp-content\/uploads\/2017\/09\/7-Dawidy-Bankowemieszkanie_0107-420x632.jpg 420w\" sizes=\"auto, (max-width: 680px) 100vw, 680px\" \/><\/a><\/figure><\/li><li class=\"blocks-gallery-item\"><figure><a href=\"https:\/\/chata-id.pl\/wp-content\/uploads\/2017\/09\/6-Dawidy-Bankowemieszkanie_0097.jpg\"><img loading=\"lazy\" decoding=\"async\" width=\"680\" height=\"1024\" src=\"https:\/\/chata-id.pl\/wp-content\/uploads\/2017\/09\/6-Dawidy-Bankowemieszkanie_0097-680x1024.jpg\" alt=\"\" data-id=\"1180\" data-full-url=\"https:\/\/chata-id.pl\/wp-content\/uploads\/2017\/09\/6-Dawidy-Bankowemieszkanie_0097.jpg\" data-link=\"https:\/\/chata-id.pl\/portfolio\/dom-pod-warszawa-2\/6-dawidy-bankowemieszkanie_0097\/\" class=\"wp-image-1180\" srcset=\"https:\/\/chata-id.pl\/wp-content\/uploads\/2017\/09\/6-Dawidy-Bankowemieszkanie_0097.jpg 680w, https:\/\/chata-id.pl\/wp-content\/uploads\/2017\/09\/6-Dawidy-Bankowemieszkanie_0097-199x300.jpg 199w, https:\/\/chata-id.pl\/wp-content\/uploads\/2017\/09\/6-Dawidy-Bankowemieszkanie_0097-420x632.jpg 420w\" sizes=\"auto, (max-width: 680px) 100vw, 680px\" \/><\/a><\/figure><\/li><li class=\"blocks-gallery-item\"><figure><a href=\"https:\/\/chata-id.pl\/wp-content\/uploads\/2017\/09\/5-Dawidy-Bankowemieszkanie_0085.jpg\"><img loading=\"lazy\" decoding=\"async\" width=\"1024\" height=\"680\" src=\"https:\/\/chata-id.pl\/wp-content\/uploads\/2017\/09\/5-Dawidy-Bankowemieszkanie_0085-1024x680.jpg\" alt=\"\" data-id=\"1179\" data-full-url=\"https:\/\/chata-id.pl\/wp-content\/uploads\/2017\/09\/5-Dawidy-Bankowemieszkanie_0085.jpg\" data-link=\"https:\/\/chata-id.pl\/portfolio\/dom-pod-warszawa-2\/5-dawidy-bankowemieszkanie_0085\/\" class=\"wp-image-1179\" srcset=\"https:\/\/chata-id.pl\/wp-content\/uploads\/2017\/09\/5-Dawidy-Bankowemieszkanie_0085-1024x680.jpg 1024w, https:\/\/chata-id.pl\/wp-content\/uploads\/2017\/09\/5-Dawidy-Bankowemieszkanie_0085-300x199.jpg 300w, https:\/\/chata-id.pl\/wp-content\/uploads\/2017\/09\/5-Dawidy-Bankowemieszkanie_0085-420x279.jpg 420w, https:\/\/chata-id.pl\/wp-content\/uploads\/2017\/09\/5-Dawidy-Bankowemieszkanie_0085.jpg 1280w\" sizes=\"auto, (max-width: 1024px) 100vw, 1024px\" \/><\/a><\/figure><\/li><li class=\"blocks-gallery-item\"><figure><a href=\"https:\/\/chata-id.pl\/wp-content\/uploads\/2017\/09\/4-Dawidy-Bankowemieszkanie_0077.jpg\"><img loading=\"lazy\" decoding=\"async\" width=\"680\" height=\"1024\" src=\"https:\/\/chata-id.pl\/wp-content\/uploads\/2017\/09\/4-Dawidy-Bankowemieszkanie_0077-680x1024.jpg\" alt=\"\" data-id=\"1178\" data-full-url=\"https:\/\/chata-id.pl\/wp-content\/uploads\/2017\/09\/4-Dawidy-Bankowemieszkanie_0077.jpg\" data-link=\"https:\/\/chata-id.pl\/portfolio\/dom-pod-warszawa-2\/4-dawidy-bankowemieszkanie_0077\/\" class=\"wp-image-1178\" srcset=\"https:\/\/chata-id.pl\/wp-content\/uploads\/2017\/09\/4-Dawidy-Bankowemieszkanie_0077.jpg 680w, https:\/\/chata-id.pl\/wp-content\/uploads\/2017\/09\/4-Dawidy-Bankowemieszkanie_0077-199x300.jpg 199w, https:\/\/chata-id.pl\/wp-content\/uploads\/2017\/09\/4-Dawidy-Bankowemieszkanie_0077-420x632.jpg 420w\" sizes=\"auto, (max-width: 680px) 100vw, 680px\" \/><\/a><\/figure><\/li><li class=\"blocks-gallery-item\"><figure><a href=\"https:\/\/chata-id.pl\/wp-content\/uploads\/2017\/09\/3-Dawidy-Bankowemieszkanie_0046.jpg\"><img loading=\"lazy\" decoding=\"async\" width=\"680\" height=\"1024\" src=\"https:\/\/chata-id.pl\/wp-content\/uploads\/2017\/09\/3-Dawidy-Bankowemieszkanie_0046-680x1024.jpg\" alt=\"\" data-id=\"1177\" data-full-url=\"https:\/\/chata-id.pl\/wp-content\/uploads\/2017\/09\/3-Dawidy-Bankowemieszkanie_0046.jpg\" data-link=\"https:\/\/chata-id.pl\/portfolio\/dom-pod-warszawa-2\/3-dawidy-bankowemieszkanie_0046\/\" class=\"wp-image-1177\" srcset=\"https:\/\/chata-id.pl\/wp-content\/uploads\/2017\/09\/3-Dawidy-Bankowemieszkanie_0046.jpg 680w, https:\/\/chata-id.pl\/wp-content\/uploads\/2017\/09\/3-Dawidy-Bankowemieszkanie_0046-199x300.jpg 199w, https:\/\/chata-id.pl\/wp-content\/uploads\/2017\/09\/3-Dawidy-Bankowemieszkanie_0046-420x632.jpg 420w\" sizes=\"auto, (max-width: 680px) 100vw, 680px\" \/><\/a><\/figure><\/li><li class=\"blocks-gallery-item\"><figure><a href=\"https:\/\/chata-id.pl\/wp-content\/uploads\/2017\/09\/2-Dawidy-Bankowemieszkanie_0030.jpg\"><img loading=\"lazy\" decoding=\"async\" width=\"680\" height=\"1024\" src=\"https:\/\/chata-id.pl\/wp-content\/uploads\/2017\/09\/2-Dawidy-Bankowemieszkanie_0030-680x1024.jpg\" alt=\"\" data-id=\"1176\" data-full-url=\"https:\/\/chata-id.pl\/wp-content\/uploads\/2017\/09\/2-Dawidy-Bankowemieszkanie_0030.jpg\" data-link=\"https:\/\/chata-id.pl\/portfolio\/dom-pod-warszawa-2\/2-dawidy-bankowemieszkanie_0030\/\" class=\"wp-image-1176\" srcset=\"https:\/\/chata-id.pl\/wp-content\/uploads\/2017\/09\/2-Dawidy-Bankowemieszkanie_0030.jpg 680w, https:\/\/chata-id.pl\/wp-content\/uploads\/2017\/09\/2-Dawidy-Bankowemieszkanie_0030-199x300.jpg 199w, https:\/\/chata-id.pl\/wp-content\/uploads\/2017\/09\/2-Dawidy-Bankowemieszkanie_0030-420x632.jpg 420w\" sizes=\"auto, (max-width: 680px) 100vw, 680px\" \/><\/a><\/figure><\/li><li class=\"blocks-gallery-item\"><figure><a href=\"https:\/\/chata-id.pl\/wp-content\/uploads\/2017\/09\/1-Dawidy-Bankowemieszkanie_0002-hdr.jpg\"><img loading=\"lazy\" decoding=\"async\" width=\"1024\" height=\"679\" src=\"https:\/\/chata-id.pl\/wp-content\/uploads\/2017\/09\/1-Dawidy-Bankowemieszkanie_0002-hdr-1024x679.jpg\" alt=\"\" data-id=\"1175\" data-full-url=\"https:\/\/chata-id.pl\/wp-content\/uploads\/2017\/09\/1-Dawidy-Bankowemieszkanie_0002-hdr.jpg\" data-link=\"https:\/\/chata-id.pl\/portfolio\/dom-pod-warszawa-2\/1-dawidy-bankowemieszkanie_0002-hdr\/\" class=\"wp-image-1175\" srcset=\"https:\/\/chata-id.pl\/wp-content\/uploads\/2017\/09\/1-Dawidy-Bankowemieszkanie_0002-hdr-1024x679.jpg 1024w, https:\/\/chata-id.pl\/wp-content\/uploads\/2017\/09\/1-Dawidy-Bankowemieszkanie_0002-hdr-300x199.jpg 300w, https:\/\/chata-id.pl\/wp-content\/uploads\/2017\/09\/1-Dawidy-Bankowemieszkanie_0002-hdr-420x279.jpg 420w, https:\/\/chata-id.pl\/wp-content\/uploads\/2017\/09\/1-Dawidy-Bankowemieszkanie_0002-hdr.jpg 1280w\" sizes=\"auto, (max-width: 1024px) 100vw, 1024px\" \/><\/a><\/figure><\/li><\/ul><\/figure>\n","protected":false},"excerpt":{"rendered":"","protected":false},"author":1,"featured_media":0,"parent":217,"menu_order":0,"comment_status":"closed","ping_status":"closed","template":"","meta":{"inline_featured_image":false,"footnotes":""},"class_list":["post-1174","page","type-page","status-publish","hentry"],"yoast_head":"<!-- This site is optimized with the Yoast SEO plugin v24.3 - https:\/\/yoast.com\/wordpress\/plugins\/seo\/ -->\n<title><\/title>\n<meta name=\"robots\" content=\"index, follow, max-snippet:-1, max-image-preview:large, max-video-preview:-1\" \/>\n<link rel=\"canonical\" href=\"https:\/\/chata-id.pl\/portfolio\/dom-pod-warszawa-2\/\" \/>\n<meta property=\"og:locale\" content=\"en_US\" \/>\n<meta property=\"og:type\" content=\"article\" \/>\n<meta property=\"og:title\" content=\"[:pl]Dom pod Warszaw\u0105 2[:] &#8226; Chata ID\" \/>\n<meta property=\"og:url\" content=\"https:\/\/chata-id.pl\/portfolio\/dom-pod-warszawa-2\/\" \/>\n<meta property=\"og:site_name\" content=\"Chata ID\" \/>\n<meta property=\"article:publisher\" content=\"https:\/\/facebook.com\/CHATA-ID-To%c5%bcsamo%c5%9b%c4%87-Twojego-wn%c4%99trza-116008675146984\/\" \/>\n<meta property=\"article:modified_time\" content=\"2020-04-20T17:23:24+00:00\" \/>\n<meta property=\"og:image\" content=\"https:\/\/chata-id.pl\/wp-content\/uploads\/2017\/09\/16-Dawidy-Bankowemieszkanie_0175-679x1024.jpg\" \/>\n<meta name=\"twitter:card\" content=\"summary_large_image\" \/>\n<script type=\"application\/ld+json\" class=\"yoast-schema-graph\">{\"@context\":\"https:\/\/schema.org\",\"@graph\":[{\"@type\":\"WebPage\",\"@id\":\"https:\/\/chata-id.pl\/portfolio\/dom-pod-warszawa-2\/\",\"url\":\"https:\/\/chata-id.pl\/portfolio\/dom-pod-warszawa-2\/\",\"name\":\"[:pl]Dom pod Warszaw\u0105 2[:] &#8226; Chata ID\",\"isPartOf\":{\"@id\":\"https:\/\/chata-id.pl\/#website\"},\"primaryImageOfPage\":{\"@id\":\"https:\/\/chata-id.pl\/portfolio\/dom-pod-warszawa-2\/#primaryimage\"},\"image\":{\"@id\":\"https:\/\/chata-id.pl\/portfolio\/dom-pod-warszawa-2\/#primaryimage\"},\"thumbnailUrl\":\"https:\/\/chata-id.pl\/wp-content\/uploads\/2017\/09\/16-Dawidy-Bankowemieszkanie_0175-679x1024.jpg\",\"datePublished\":\"2017-09-12T12:38:42+00:00\",\"dateModified\":\"2020-04-20T17:23:24+00:00\",\"breadcrumb\":{\"@id\":\"https:\/\/chata-id.pl\/portfolio\/dom-pod-warszawa-2\/#breadcrumb\"},\"inLanguage\":\"en-US\",\"potentialAction\":[{\"@type\":\"ReadAction\",\"target\":[\"https:\/\/chata-id.pl\/portfolio\/dom-pod-warszawa-2\/\"]}]},{\"@type\":\"ImageObject\",\"inLanguage\":\"en-US\",\"@id\":\"https:\/\/chata-id.pl\/portfolio\/dom-pod-warszawa-2\/#primaryimage\",\"url\":\"https:\/\/chata-id.pl\/wp-content\/uploads\/2017\/09\/16-Dawidy-Bankowemieszkanie_0175-679x1024.jpg\",\"contentUrl\":\"https:\/\/chata-id.pl\/wp-content\/uploads\/2017\/09\/16-Dawidy-Bankowemieszkanie_0175-679x1024.jpg\"},{\"@type\":\"BreadcrumbList\",\"@id\":\"https:\/\/chata-id.pl\/portfolio\/dom-pod-warszawa-2\/#breadcrumb\",\"itemListElement\":[{\"@type\":\"ListItem\",\"position\":1,\"name\":\"Strona g\u0142\u00f3wna\",\"item\":\"https:\/\/chata-id.pl\/\"},{\"@type\":\"ListItem\",\"position\":2,\"name\":\"Realizacje\",\"item\":\"https:\/\/chata-id.pl\/portfolio\/\"},{\"@type\":\"ListItem\",\"position\":3,\"name\":\"Dom pod Warszaw\u0105 2\"}]},{\"@type\":\"WebSite\",\"@id\":\"https:\/\/chata-id.pl\/#website\",\"url\":\"https:\/\/chata-id.pl\/\",\"name\":\"Chata ID\",\"description\":\"To\u017csamo\u015b\u0107 Twojego wn\u0119trza\",\"publisher\":{\"@id\":\"https:\/\/chata-id.pl\/#organization\"},\"potentialAction\":[{\"@type\":\"SearchAction\",\"target\":{\"@type\":\"EntryPoint\",\"urlTemplate\":\"https:\/\/chata-id.pl\/?s={search_term_string}\"},\"query-input\":{\"@type\":\"PropertyValueSpecification\",\"valueRequired\":true,\"valueName\":\"search_term_string\"}}],\"inLanguage\":\"en-US\"},{\"@type\":\"Organization\",\"@id\":\"https:\/\/chata-id.pl\/#organization\",\"name\":\"CHATA ID - To\u017csamo\u015b\u0107 Twojego Wn\u0119trza - Nadarzyn\",\"url\":\"https:\/\/chata-id.pl\/\",\"logo\":{\"@type\":\"ImageObject\",\"inLanguage\":\"en-US\",\"@id\":\"https:\/\/chata-id.pl\/#\/schema\/logo\/image\/\",\"url\":\"https:\/\/chata-id.pl\/wp-content\/uploads\/2020\/04\/chata-id-logo-1.png\",\"contentUrl\":\"https:\/\/chata-id.pl\/wp-content\/uploads\/2020\/04\/chata-id-logo-1.png\",\"width\":236,\"height\":80,\"caption\":\"CHATA ID - To\u017csamo\u015b\u0107 Twojego Wn\u0119trza - Nadarzyn\"},\"image\":{\"@id\":\"https:\/\/chata-id.pl\/#\/schema\/logo\/image\/\"},\"sameAs\":[\"https:\/\/facebook.com\/CHATA-ID-To\u017csamo\u015b\u0107-Twojego-wn\u0119trza-116008675146984\/\"]}]}<\/script>\n<!-- \/ Yoast SEO plugin. -->","yoast_head_json":{"title":"[:pl]Dom pod Warszaw\u0105 2[:] &#8226; Chata ID","robots":{"index":"index","follow":"follow","max-snippet":"max-snippet:-1","max-image-preview":"max-image-preview:large","max-video-preview":"max-video-preview:-1"},"canonical":"https:\/\/chata-id.pl\/portfolio\/dom-pod-warszawa-2\/","og_locale":"en_US","og_type":"article","og_title":"[:pl]Dom pod Warszaw\u0105 2[:] &#8226; Chata ID","og_url":"https:\/\/chata-id.pl\/portfolio\/dom-pod-warszawa-2\/","og_site_name":"Chata ID","article_publisher":"https:\/\/facebook.com\/CHATA-ID-To%c5%bcsamo%c5%9b%c4%87-Twojego-wn%c4%99trza-116008675146984\/","article_modified_time":"2020-04-20T17:23:24+00:00","og_image":[{"url":"https:\/\/chata-id.pl\/wp-content\/uploads\/2017\/09\/16-Dawidy-Bankowemieszkanie_0175-679x1024.jpg","type":"","width":"","height":""}],"twitter_card":"summary_large_image","schema":{"@context":"https:\/\/schema.org","@graph":[{"@type":"WebPage","@id":"https:\/\/chata-id.pl\/portfolio\/dom-pod-warszawa-2\/","url":"https:\/\/chata-id.pl\/portfolio\/dom-pod-warszawa-2\/","name":"[:pl]Dom pod Warszaw\u0105 2[:] &#8226; Chata ID","isPartOf":{"@id":"https:\/\/chata-id.pl\/#website"},"primaryImageOfPage":{"@id":"https:\/\/chata-id.pl\/portfolio\/dom-pod-warszawa-2\/#primaryimage"},"image":{"@id":"https:\/\/chata-id.pl\/portfolio\/dom-pod-warszawa-2\/#primaryimage"},"thumbnailUrl":"https:\/\/chata-id.pl\/wp-content\/uploads\/2017\/09\/16-Dawidy-Bankowemieszkanie_0175-679x1024.jpg","datePublished":"2017-09-12T12:38:42+00:00","dateModified":"2020-04-20T17:23:24+00:00","breadcrumb":{"@id":"https:\/\/chata-id.pl\/portfolio\/dom-pod-warszawa-2\/#breadcrumb"},"inLanguage":"en-US","potentialAction":[{"@type":"ReadAction","target":["https:\/\/chata-id.pl\/portfolio\/dom-pod-warszawa-2\/"]}]},{"@type":"ImageObject","inLanguage":"en-US","@id":"https:\/\/chata-id.pl\/portfolio\/dom-pod-warszawa-2\/#primaryimage","url":"https:\/\/chata-id.pl\/wp-content\/uploads\/2017\/09\/16-Dawidy-Bankowemieszkanie_0175-679x1024.jpg","contentUrl":"https:\/\/chata-id.pl\/wp-content\/uploads\/2017\/09\/16-Dawidy-Bankowemieszkanie_0175-679x1024.jpg"},{"@type":"BreadcrumbList","@id":"https:\/\/chata-id.pl\/portfolio\/dom-pod-warszawa-2\/#breadcrumb","itemListElement":[{"@type":"ListItem","position":1,"name":"Strona g\u0142\u00f3wna","item":"https:\/\/chata-id.pl\/"},{"@type":"ListItem","position":2,"name":"Realizacje","item":"https:\/\/chata-id.pl\/portfolio\/"},{"@type":"ListItem","position":3,"name":"Dom pod Warszaw\u0105 2"}]},{"@type":"WebSite","@id":"https:\/\/chata-id.pl\/#website","url":"https:\/\/chata-id.pl\/","name":"Chata ID","description":"To\u017csamo\u015b\u0107 Twojego wn\u0119trza","publisher":{"@id":"https:\/\/chata-id.pl\/#organization"},"potentialAction":[{"@type":"SearchAction","target":{"@type":"EntryPoint","urlTemplate":"https:\/\/chata-id.pl\/?s={search_term_string}"},"query-input":{"@type":"PropertyValueSpecification","valueRequired":true,"valueName":"search_term_string"}}],"inLanguage":"en-US"},{"@type":"Organization","@id":"https:\/\/chata-id.pl\/#organization","name":"CHATA ID - To\u017csamo\u015b\u0107 Twojego Wn\u0119trza - Nadarzyn","url":"https:\/\/chata-id.pl\/","logo":{"@type":"ImageObject","inLanguage":"en-US","@id":"https:\/\/chata-id.pl\/#\/schema\/logo\/image\/","url":"https:\/\/chata-id.pl\/wp-content\/uploads\/2020\/04\/chata-id-logo-1.png","contentUrl":"https:\/\/chata-id.pl\/wp-content\/uploads\/2020\/04\/chata-id-logo-1.png","width":236,"height":80,"caption":"CHATA ID - To\u017csamo\u015b\u0107 Twojego Wn\u0119trza - Nadarzyn"},"image":{"@id":"https:\/\/chata-id.pl\/#\/schema\/logo\/image\/"},"sameAs":["https:\/\/facebook.com\/CHATA-ID-To\u017csamo\u015b\u0107-Twojego-wn\u0119trza-116008675146984\/"]}]}},"_links":{"self":[{"href":"https:\/\/chata-id.pl\/en\/wp-json\/wp\/v2\/pages\/1174","targetHints":{"allow":["GET"]}}],"collection":[{"href":"https:\/\/chata-id.pl\/en\/wp-json\/wp\/v2\/pages"}],"about":[{"href":"https:\/\/chata-id.pl\/en\/wp-json\/wp\/v2\/types\/page"}],"author":[{"embeddable":true,"href":"https:\/\/chata-id.pl\/en\/wp-json\/wp\/v2\/users\/1"}],"replies":[{"embeddable":true,"href":"https:\/\/chata-id.pl\/en\/wp-json\/wp\/v2\/comments?post=1174"}],"version-history":[{"count":8,"href":"https:\/\/chata-id.pl\/en\/wp-json\/wp\/v2\/pages\/1174\/revisions"}],"predecessor-version":[{"id":1570,"href":"https:\/\/chata-id.pl\/en\/wp-json\/wp\/v2\/pages\/1174\/revisions\/1570"}],"up":[{"embeddable":true,"href":"https:\/\/chata-id.pl\/en\/wp-json\/wp\/v2\/pages\/217"}],"wp:attachment":[{"href":"https:\/\/chata-id.pl\/en\/wp-json\/wp\/v2\/media?parent=1174"}],"curies":[{"name":"wp","href":"https:\/\/api.w.org\/{rel}","templated":true}]}}