{"id":1124,"date":"2017-09-06T10:19:21","date_gmt":"2017-09-06T10:19:21","guid":{"rendered":"http:\/\/www.chata-id.pl\/?page_id=1124"},"modified":"2020-04-17T16:47:51","modified_gmt":"2020-04-17T16:47:51","slug":"restauracja-libanska-ch-arkadia-warszawa","status":"publish","type":"page","link":"https:\/\/chata-id.pl\/en\/restauracje\/restauracja-libanska-ch-arkadia-warszawa\/","title":{"rendered":"(Polski) Restauracja liba\u0144ska CH Arkadia"},"content":{"rendered":"\n<p>Projekt i aran\u017cacja restauracji liba\u0144skiej w Warszawie. Wn\u0119trza w stylu nowoczesnym z licznymi elementami stylu orientalnego. Ciep\u0142e kolory, a\u017curowe dodatki, orientalne dywany i motywy oraz wygodne tapicerowane siedziska tworz\u0105 zamierzony bliskowschodni klimat.<\/p>\n\n\n\n<figure class=\"wp-block-gallery alignwide columns-4 is-cropped wp-block-gallery-1 is-layout-flex wp-block-gallery-is-layout-flex\"><ul class=\"blocks-gallery-grid\"><li class=\"blocks-gallery-item\"><figure><a href=\"https:\/\/chata-id.pl\/wp-content\/uploads\/2017\/09\/MG_6771pop1.jpg\"><img loading=\"lazy\" decoding=\"async\" width=\"1024\" height=\"683\" src=\"https:\/\/chata-id.pl\/wp-content\/uploads\/2017\/09\/MG_6771pop1-1024x683.jpg\" alt=\"\" data-id=\"1150\" data-full-url=\"https:\/\/chata-id.pl\/wp-content\/uploads\/2017\/09\/MG_6771pop1.jpg\" data-link=\"https:\/\/chata-id.pl\/restauracje\/restauracja-libanska-ch-arkadia-warszawa\/_mg_6771pop-2\/\" class=\"wp-image-1150\" srcset=\"https:\/\/chata-id.pl\/wp-content\/uploads\/2017\/09\/MG_6771pop1-1024x683.jpg 1024w, https:\/\/chata-id.pl\/wp-content\/uploads\/2017\/09\/MG_6771pop1-300x200.jpg 300w, https:\/\/chata-id.pl\/wp-content\/uploads\/2017\/09\/MG_6771pop1-420x280.jpg 420w\" sizes=\"auto, (max-width: 1024px) 100vw, 1024px\" \/><\/a><\/figure><\/li><li class=\"blocks-gallery-item\"><figure><a href=\"https:\/\/chata-id.pl\/wp-content\/uploads\/2017\/04\/mini.jpg\"><img loading=\"lazy\" decoding=\"async\" width=\"200\" height=\"200\" src=\"https:\/\/chata-id.pl\/wp-content\/uploads\/2017\/04\/mini.jpg\" alt=\"\" data-id=\"1147\" data-full-url=\"https:\/\/chata-id.pl\/wp-content\/uploads\/2017\/04\/mini.jpg\" data-link=\"https:\/\/chata-id.pl\/restauracje\/mini\/\" class=\"wp-image-1147\" srcset=\"https:\/\/chata-id.pl\/wp-content\/uploads\/2017\/04\/mini.jpg 200w, https:\/\/chata-id.pl\/wp-content\/uploads\/2017\/04\/mini-150x150.jpg 150w\" sizes=\"auto, (max-width: 200px) 100vw, 200px\" \/><\/a><\/figure><\/li><li class=\"blocks-gallery-item\"><figure><a href=\"https:\/\/chata-id.pl\/wp-content\/uploads\/2017\/09\/MG_6777.jpg\"><img loading=\"lazy\" decoding=\"async\" width=\"1024\" height=\"683\" src=\"https:\/\/chata-id.pl\/wp-content\/uploads\/2017\/09\/MG_6777-1024x683.jpg\" alt=\"\" data-id=\"1141\" data-full-url=\"https:\/\/chata-id.pl\/wp-content\/uploads\/2017\/09\/MG_6777.jpg\" data-link=\"https:\/\/chata-id.pl\/_mg_6777\/\" class=\"wp-image-1141\" srcset=\"https:\/\/chata-id.pl\/wp-content\/uploads\/2017\/09\/MG_6777-1024x683.jpg 1024w, https:\/\/chata-id.pl\/wp-content\/uploads\/2017\/09\/MG_6777-300x200.jpg 300w, https:\/\/chata-id.pl\/wp-content\/uploads\/2017\/09\/MG_6777-420x280.jpg 420w\" sizes=\"auto, (max-width: 1024px) 100vw, 1024px\" \/><\/a><\/figure><\/li><li class=\"blocks-gallery-item\"><figure><a href=\"https:\/\/chata-id.pl\/wp-content\/uploads\/2017\/09\/MG_6771pop-e1504694512273.jpg\"><img loading=\"lazy\" decoding=\"async\" width=\"200\" height=\"133\" src=\"https:\/\/chata-id.pl\/wp-content\/uploads\/2017\/09\/MG_6771pop-e1504694512273.jpg\" alt=\"\" data-id=\"1140\" data-full-url=\"https:\/\/chata-id.pl\/wp-content\/uploads\/2017\/09\/MG_6771pop-e1504694512273.jpg\" data-link=\"https:\/\/chata-id.pl\/restauracje\/restauracja-libanska-ch-arkadia-warszawa\/_mg_6771pop\/\" class=\"wp-image-1140\"\/><\/a><\/figure><\/li><li class=\"blocks-gallery-item\"><figure><a href=\"https:\/\/chata-id.pl\/wp-content\/uploads\/2017\/09\/MG_6761.jpg\"><img loading=\"lazy\" decoding=\"async\" width=\"1024\" height=\"684\" src=\"https:\/\/chata-id.pl\/wp-content\/uploads\/2017\/09\/MG_6761-1024x684.jpg\" alt=\"\" data-id=\"1139\" data-full-url=\"https:\/\/chata-id.pl\/wp-content\/uploads\/2017\/09\/MG_6761.jpg\" data-link=\"https:\/\/chata-id.pl\/restauracje\/_mg_6761\/\" class=\"wp-image-1139\" srcset=\"https:\/\/chata-id.pl\/wp-content\/uploads\/2017\/09\/MG_6761-1024x684.jpg 1024w, https:\/\/chata-id.pl\/wp-content\/uploads\/2017\/09\/MG_6761-300x200.jpg 300w, https:\/\/chata-id.pl\/wp-content\/uploads\/2017\/09\/MG_6761-420x281.jpg 420w\" sizes=\"auto, (max-width: 1024px) 100vw, 1024px\" \/><\/a><\/figure><\/li><li class=\"blocks-gallery-item\"><figure><a href=\"https:\/\/chata-id.pl\/wp-content\/uploads\/2017\/09\/MG_6759.jpg\"><img loading=\"lazy\" decoding=\"async\" width=\"1024\" height=\"683\" src=\"https:\/\/chata-id.pl\/wp-content\/uploads\/2017\/09\/MG_6759-1024x683.jpg\" alt=\"\" data-id=\"1138\" data-full-url=\"https:\/\/chata-id.pl\/wp-content\/uploads\/2017\/09\/MG_6759.jpg\" data-link=\"https:\/\/chata-id.pl\/_mg_6759\/\" class=\"wp-image-1138\" srcset=\"https:\/\/chata-id.pl\/wp-content\/uploads\/2017\/09\/MG_6759-1024x683.jpg 1024w, https:\/\/chata-id.pl\/wp-content\/uploads\/2017\/09\/MG_6759-300x200.jpg 300w, https:\/\/chata-id.pl\/wp-content\/uploads\/2017\/09\/MG_6759-420x280.jpg 420w\" sizes=\"auto, (max-width: 1024px) 100vw, 1024px\" \/><\/a><\/figure><\/li><li class=\"blocks-gallery-item\"><figure><a href=\"https:\/\/chata-id.pl\/wp-content\/uploads\/2017\/09\/MG_6757.jpg\"><img loading=\"lazy\" decoding=\"async\" width=\"1024\" height=\"697\" src=\"https:\/\/chata-id.pl\/wp-content\/uploads\/2017\/09\/MG_6757-1024x697.jpg\" alt=\"\" data-id=\"1137\" data-full-url=\"https:\/\/chata-id.pl\/wp-content\/uploads\/2017\/09\/MG_6757.jpg\" data-link=\"https:\/\/chata-id.pl\/_mg_6757\/\" class=\"wp-image-1137\" srcset=\"https:\/\/chata-id.pl\/wp-content\/uploads\/2017\/09\/MG_6757-1024x697.jpg 1024w, https:\/\/chata-id.pl\/wp-content\/uploads\/2017\/09\/MG_6757-300x204.jpg 300w, https:\/\/chata-id.pl\/wp-content\/uploads\/2017\/09\/MG_6757-420x286.jpg 420w\" sizes=\"auto, (max-width: 1024px) 100vw, 1024px\" \/><\/a><\/figure><\/li><li class=\"blocks-gallery-item\"><figure><a href=\"https:\/\/chata-id.pl\/wp-content\/uploads\/2017\/09\/MG_6752.jpg\"><img loading=\"lazy\" decoding=\"async\" width=\"683\" height=\"1024\" src=\"https:\/\/chata-id.pl\/wp-content\/uploads\/2017\/09\/MG_6752-683x1024.jpg\" alt=\"\" data-id=\"1136\" data-full-url=\"https:\/\/chata-id.pl\/wp-content\/uploads\/2017\/09\/MG_6752.jpg\" data-link=\"https:\/\/chata-id.pl\/_mg_6752\/\" class=\"wp-image-1136\" srcset=\"https:\/\/chata-id.pl\/wp-content\/uploads\/2017\/09\/MG_6752-683x1024.jpg 683w, https:\/\/chata-id.pl\/wp-content\/uploads\/2017\/09\/MG_6752-200x300.jpg 200w, https:\/\/chata-id.pl\/wp-content\/uploads\/2017\/09\/MG_6752-420x630.jpg 420w, https:\/\/chata-id.pl\/wp-content\/uploads\/2017\/09\/MG_6752.jpg 2000w\" sizes=\"auto, (max-width: 683px) 100vw, 683px\" \/><\/a><\/figure><\/li><li class=\"blocks-gallery-item\"><figure><a href=\"https:\/\/chata-id.pl\/wp-content\/uploads\/2017\/09\/MG_6746.jpg\"><img loading=\"lazy\" decoding=\"async\" width=\"1024\" height=\"692\" src=\"https:\/\/chata-id.pl\/wp-content\/uploads\/2017\/09\/MG_6746-1024x692.jpg\" alt=\"\" data-id=\"1135\" data-full-url=\"https:\/\/chata-id.pl\/wp-content\/uploads\/2017\/09\/MG_6746.jpg\" data-link=\"https:\/\/chata-id.pl\/_mg_6746\/\" class=\"wp-image-1135\" srcset=\"https:\/\/chata-id.pl\/wp-content\/uploads\/2017\/09\/MG_6746-1024x692.jpg 1024w, https:\/\/chata-id.pl\/wp-content\/uploads\/2017\/09\/MG_6746-300x203.jpg 300w, https:\/\/chata-id.pl\/wp-content\/uploads\/2017\/09\/MG_6746-420x284.jpg 420w\" sizes=\"auto, (max-width: 1024px) 100vw, 1024px\" \/><\/a><\/figure><\/li><li class=\"blocks-gallery-item\"><figure><a href=\"https:\/\/chata-id.pl\/wp-content\/uploads\/2017\/09\/MG_6745.jpg\"><img loading=\"lazy\" decoding=\"async\" width=\"1024\" height=\"658\" src=\"https:\/\/chata-id.pl\/wp-content\/uploads\/2017\/09\/MG_6745-1024x658.jpg\" alt=\"\" data-id=\"1134\" data-full-url=\"https:\/\/chata-id.pl\/wp-content\/uploads\/2017\/09\/MG_6745.jpg\" data-link=\"https:\/\/chata-id.pl\/_mg_6745\/\" class=\"wp-image-1134\" srcset=\"https:\/\/chata-id.pl\/wp-content\/uploads\/2017\/09\/MG_6745-1024x658.jpg 1024w, https:\/\/chata-id.pl\/wp-content\/uploads\/2017\/09\/MG_6745-300x193.jpg 300w, https:\/\/chata-id.pl\/wp-content\/uploads\/2017\/09\/MG_6745-420x270.jpg 420w\" sizes=\"auto, (max-width: 1024px) 100vw, 1024px\" \/><\/a><\/figure><\/li><li class=\"blocks-gallery-item\"><figure><a href=\"https:\/\/chata-id.pl\/wp-content\/uploads\/2017\/09\/MG_6740.jpg\"><img loading=\"lazy\" decoding=\"async\" width=\"1024\" height=\"682\" src=\"https:\/\/chata-id.pl\/wp-content\/uploads\/2017\/09\/MG_6740-1024x682.jpg\" alt=\"\" data-id=\"1133\" data-full-url=\"https:\/\/chata-id.pl\/wp-content\/uploads\/2017\/09\/MG_6740.jpg\" data-link=\"https:\/\/chata-id.pl\/_mg_6740\/\" class=\"wp-image-1133\" srcset=\"https:\/\/chata-id.pl\/wp-content\/uploads\/2017\/09\/MG_6740-1024x682.jpg 1024w, https:\/\/chata-id.pl\/wp-content\/uploads\/2017\/09\/MG_6740-300x200.jpg 300w, https:\/\/chata-id.pl\/wp-content\/uploads\/2017\/09\/MG_6740-420x280.jpg 420w\" sizes=\"auto, (max-width: 1024px) 100vw, 1024px\" \/><\/a><\/figure><\/li><li class=\"blocks-gallery-item\"><figure><a href=\"https:\/\/chata-id.pl\/wp-content\/uploads\/2017\/09\/MG_6737.jpg\"><img loading=\"lazy\" decoding=\"async\" width=\"1024\" height=\"683\" src=\"https:\/\/chata-id.pl\/wp-content\/uploads\/2017\/09\/MG_6737-1024x683.jpg\" alt=\"\" data-id=\"1132\" data-full-url=\"https:\/\/chata-id.pl\/wp-content\/uploads\/2017\/09\/MG_6737.jpg\" data-link=\"https:\/\/chata-id.pl\/_mg_6737\/\" class=\"wp-image-1132\" srcset=\"https:\/\/chata-id.pl\/wp-content\/uploads\/2017\/09\/MG_6737-1024x683.jpg 1024w, https:\/\/chata-id.pl\/wp-content\/uploads\/2017\/09\/MG_6737-300x200.jpg 300w, https:\/\/chata-id.pl\/wp-content\/uploads\/2017\/09\/MG_6737-420x280.jpg 420w\" sizes=\"auto, (max-width: 1024px) 100vw, 1024px\" \/><\/a><\/figure><\/li><li class=\"blocks-gallery-item\"><figure><a href=\"https:\/\/chata-id.pl\/wp-content\/uploads\/2017\/09\/MG_6724.jpg\"><img loading=\"lazy\" decoding=\"async\" width=\"1024\" height=\"678\" src=\"https:\/\/chata-id.pl\/wp-content\/uploads\/2017\/09\/MG_6724-1024x678.jpg\" alt=\"\" data-id=\"1131\" data-full-url=\"https:\/\/chata-id.pl\/wp-content\/uploads\/2017\/09\/MG_6724.jpg\" data-link=\"https:\/\/chata-id.pl\/_mg_6724\/\" class=\"wp-image-1131\" srcset=\"https:\/\/chata-id.pl\/wp-content\/uploads\/2017\/09\/MG_6724-1024x678.jpg 1024w, https:\/\/chata-id.pl\/wp-content\/uploads\/2017\/09\/MG_6724-300x199.jpg 300w, https:\/\/chata-id.pl\/wp-content\/uploads\/2017\/09\/MG_6724-420x278.jpg 420w\" sizes=\"auto, (max-width: 1024px) 100vw, 1024px\" \/><\/a><\/figure><\/li><li class=\"blocks-gallery-item\"><figure><a href=\"https:\/\/chata-id.pl\/wp-content\/uploads\/2017\/09\/MG_6723.jpg\"><img loading=\"lazy\" decoding=\"async\" width=\"1024\" height=\"683\" src=\"https:\/\/chata-id.pl\/wp-content\/uploads\/2017\/09\/MG_6723-1024x683.jpg\" alt=\"\" data-id=\"1130\" data-full-url=\"https:\/\/chata-id.pl\/wp-content\/uploads\/2017\/09\/MG_6723.jpg\" data-link=\"https:\/\/chata-id.pl\/_mg_6723\/\" class=\"wp-image-1130\" srcset=\"https:\/\/chata-id.pl\/wp-content\/uploads\/2017\/09\/MG_6723-1024x683.jpg 1024w, https:\/\/chata-id.pl\/wp-content\/uploads\/2017\/09\/MG_6723-300x200.jpg 300w, https:\/\/chata-id.pl\/wp-content\/uploads\/2017\/09\/MG_6723-420x280.jpg 420w\" sizes=\"auto, (max-width: 1024px) 100vw, 1024px\" \/><\/a><\/figure><\/li><li class=\"blocks-gallery-item\"><figure><a href=\"https:\/\/chata-id.pl\/wp-content\/uploads\/2017\/09\/MG_6709.jpg\"><img loading=\"lazy\" decoding=\"async\" width=\"1024\" height=\"691\" src=\"https:\/\/chata-id.pl\/wp-content\/uploads\/2017\/09\/MG_6709-1024x691.jpg\" alt=\"\" data-id=\"1129\" data-full-url=\"https:\/\/chata-id.pl\/wp-content\/uploads\/2017\/09\/MG_6709.jpg\" data-link=\"https:\/\/chata-id.pl\/_mg_6709\/\" class=\"wp-image-1129\" srcset=\"https:\/\/chata-id.pl\/wp-content\/uploads\/2017\/09\/MG_6709-1024x691.jpg 1024w, https:\/\/chata-id.pl\/wp-content\/uploads\/2017\/09\/MG_6709-300x203.jpg 300w, https:\/\/chata-id.pl\/wp-content\/uploads\/2017\/09\/MG_6709-420x284.jpg 420w\" sizes=\"auto, (max-width: 1024px) 100vw, 1024px\" \/><\/a><\/figure><\/li><li class=\"blocks-gallery-item\"><figure><a href=\"https:\/\/chata-id.pl\/wp-content\/uploads\/2017\/09\/MG_6707.jpg\"><img loading=\"lazy\" decoding=\"async\" width=\"1024\" height=\"674\" src=\"https:\/\/chata-id.pl\/wp-content\/uploads\/2017\/09\/MG_6707-1024x674.jpg\" alt=\"\" data-id=\"1128\" data-full-url=\"https:\/\/chata-id.pl\/wp-content\/uploads\/2017\/09\/MG_6707.jpg\" data-link=\"https:\/\/chata-id.pl\/_mg_6707\/\" class=\"wp-image-1128\" srcset=\"https:\/\/chata-id.pl\/wp-content\/uploads\/2017\/09\/MG_6707-1024x674.jpg 1024w, https:\/\/chata-id.pl\/wp-content\/uploads\/2017\/09\/MG_6707-300x198.jpg 300w, https:\/\/chata-id.pl\/wp-content\/uploads\/2017\/09\/MG_6707-420x277.jpg 420w\" sizes=\"auto, (max-width: 1024px) 100vw, 1024px\" \/><\/a><\/figure><\/li><li class=\"blocks-gallery-item\"><figure><a href=\"https:\/\/chata-id.pl\/wp-content\/uploads\/2017\/09\/MG_6697.jpg\"><img loading=\"lazy\" decoding=\"async\" width=\"1024\" height=\"682\" src=\"https:\/\/chata-id.pl\/wp-content\/uploads\/2017\/09\/MG_6697-1024x682.jpg\" alt=\"\" data-id=\"1127\" data-full-url=\"https:\/\/chata-id.pl\/wp-content\/uploads\/2017\/09\/MG_6697.jpg\" data-link=\"https:\/\/chata-id.pl\/_mg_6697\/\" class=\"wp-image-1127\" srcset=\"https:\/\/chata-id.pl\/wp-content\/uploads\/2017\/09\/MG_6697-1024x682.jpg 1024w, https:\/\/chata-id.pl\/wp-content\/uploads\/2017\/09\/MG_6697-300x200.jpg 300w, https:\/\/chata-id.pl\/wp-content\/uploads\/2017\/09\/MG_6697-420x280.jpg 420w\" sizes=\"auto, (max-width: 1024px) 100vw, 1024px\" \/><\/a><\/figure><\/li><li class=\"blocks-gallery-item\"><figure><a href=\"https:\/\/chata-id.pl\/wp-content\/uploads\/2017\/09\/MG_6694a.jpg\"><img loading=\"lazy\" decoding=\"async\" width=\"1024\" height=\"727\" src=\"https:\/\/chata-id.pl\/wp-content\/uploads\/2017\/09\/MG_6694a-1024x727.jpg\" alt=\"\" data-id=\"1126\" data-full-url=\"https:\/\/chata-id.pl\/wp-content\/uploads\/2017\/09\/MG_6694a.jpg\" data-link=\"https:\/\/chata-id.pl\/_mg_6694a\/\" class=\"wp-image-1126\" srcset=\"https:\/\/chata-id.pl\/wp-content\/uploads\/2017\/09\/MG_6694a-1024x727.jpg 1024w, https:\/\/chata-id.pl\/wp-content\/uploads\/2017\/09\/MG_6694a-300x213.jpg 300w, https:\/\/chata-id.pl\/wp-content\/uploads\/2017\/09\/MG_6694a-420x298.jpg 420w\" sizes=\"auto, (max-width: 1024px) 100vw, 1024px\" \/><\/a><\/figure><\/li><\/ul><\/figure>\n\n\n\n<p><\/p>\n","protected":false},"excerpt":{"rendered":"<p>Projekt i aran\u017cacja restauracji liba\u0144skiej w Warszawie. Wn\u0119trza w stylu nowoczesnym z licznymi elementami stylu orientalnego. Ciep\u0142e kolory, a\u017curowe dodatki, orientalne dywany i motywy oraz wygodne tapicerowane siedziska tworz\u0105 zamierzony bliskowschodni klimat.<\/p>\n","protected":false},"author":1,"featured_media":0,"parent":1048,"menu_order":1,"comment_status":"closed","ping_status":"closed","template":"","meta":{"inline_featured_image":false,"footnotes":""},"class_list":["post-1124","page","type-page","status-publish","hentry"],"yoast_head":"<!-- This site is optimized with the Yoast SEO plugin v24.3 - https:\/\/yoast.com\/wordpress\/plugins\/seo\/ -->\n<title><\/title>\n<meta name=\"robots\" content=\"index, follow, max-snippet:-1, max-image-preview:large, max-video-preview:-1\" \/>\n<link rel=\"canonical\" href=\"https:\/\/chata-id.pl\/restauracje\/restauracja-libanska-ch-arkadia-warszawa\/\" \/>\n<meta property=\"og:locale\" content=\"en_US\" \/>\n<meta property=\"og:type\" content=\"article\" \/>\n<meta property=\"og:title\" content=\"[:pl]Restauracja liba\u0144ska CH Arkadia[:] &#8226; Chata ID\" \/>\n<meta property=\"og:description\" content=\"Projekt i aran\u017cacja restauracji liba\u0144skiej w Warszawie. Wn\u0119trza w stylu nowoczesnym z licznymi elementami stylu orientalnego. Ciep\u0142e kolory, a\u017curowe dodatki, orientalne dywany i motywy oraz wygodne tapicerowane siedziska tworz\u0105 zamierzony bliskowschodni klimat.\" \/>\n<meta property=\"og:url\" content=\"https:\/\/chata-id.pl\/restauracje\/restauracja-libanska-ch-arkadia-warszawa\/\" \/>\n<meta property=\"og:site_name\" content=\"Chata ID\" \/>\n<meta property=\"article:publisher\" content=\"https:\/\/facebook.com\/CHATA-ID-To%c5%bcsamo%c5%9b%c4%87-Twojego-wn%c4%99trza-116008675146984\/\" \/>\n<meta property=\"article:modified_time\" content=\"2020-04-17T16:47:51+00:00\" \/>\n<meta property=\"og:image\" content=\"https:\/\/chata-id.pl\/wp-content\/uploads\/2017\/09\/MG_6771pop1-1024x683.jpg\" \/>\n<meta name=\"twitter:card\" content=\"summary_large_image\" \/>\n<script type=\"application\/ld+json\" class=\"yoast-schema-graph\">{\"@context\":\"https:\/\/schema.org\",\"@graph\":[{\"@type\":\"WebPage\",\"@id\":\"https:\/\/chata-id.pl\/restauracje\/restauracja-libanska-ch-arkadia-warszawa\/\",\"url\":\"https:\/\/chata-id.pl\/restauracje\/restauracja-libanska-ch-arkadia-warszawa\/\",\"name\":\"[:pl]Restauracja liba\u0144ska CH Arkadia[:] &#8226; Chata ID\",\"isPartOf\":{\"@id\":\"https:\/\/chata-id.pl\/#website\"},\"primaryImageOfPage\":{\"@id\":\"https:\/\/chata-id.pl\/restauracje\/restauracja-libanska-ch-arkadia-warszawa\/#primaryimage\"},\"image\":{\"@id\":\"https:\/\/chata-id.pl\/restauracje\/restauracja-libanska-ch-arkadia-warszawa\/#primaryimage\"},\"thumbnailUrl\":\"https:\/\/chata-id.pl\/wp-content\/uploads\/2017\/09\/MG_6771pop1-1024x683.jpg\",\"datePublished\":\"2017-09-06T10:19:21+00:00\",\"dateModified\":\"2020-04-17T16:47:51+00:00\",\"breadcrumb\":{\"@id\":\"https:\/\/chata-id.pl\/restauracje\/restauracja-libanska-ch-arkadia-warszawa\/#breadcrumb\"},\"inLanguage\":\"en-US\",\"potentialAction\":[{\"@type\":\"ReadAction\",\"target\":[\"https:\/\/chata-id.pl\/restauracje\/restauracja-libanska-ch-arkadia-warszawa\/\"]}]},{\"@type\":\"ImageObject\",\"inLanguage\":\"en-US\",\"@id\":\"https:\/\/chata-id.pl\/restauracje\/restauracja-libanska-ch-arkadia-warszawa\/#primaryimage\",\"url\":\"https:\/\/chata-id.pl\/wp-content\/uploads\/2017\/09\/MG_6771pop1-1024x683.jpg\",\"contentUrl\":\"https:\/\/chata-id.pl\/wp-content\/uploads\/2017\/09\/MG_6771pop1-1024x683.jpg\"},{\"@type\":\"BreadcrumbList\",\"@id\":\"https:\/\/chata-id.pl\/restauracje\/restauracja-libanska-ch-arkadia-warszawa\/#breadcrumb\",\"itemListElement\":[{\"@type\":\"ListItem\",\"position\":1,\"name\":\"Strona g\u0142\u00f3wna\",\"item\":\"https:\/\/chata-id.pl\/\"},{\"@type\":\"ListItem\",\"position\":2,\"name\":\"Restauracje\",\"item\":\"https:\/\/chata-id.pl\/restauracje\/\"},{\"@type\":\"ListItem\",\"position\":3,\"name\":\"Restauracja liba\u0144ska CH Arkadia\"}]},{\"@type\":\"WebSite\",\"@id\":\"https:\/\/chata-id.pl\/#website\",\"url\":\"https:\/\/chata-id.pl\/\",\"name\":\"Chata ID\",\"description\":\"To\u017csamo\u015b\u0107 Twojego wn\u0119trza\",\"publisher\":{\"@id\":\"https:\/\/chata-id.pl\/#organization\"},\"potentialAction\":[{\"@type\":\"SearchAction\",\"target\":{\"@type\":\"EntryPoint\",\"urlTemplate\":\"https:\/\/chata-id.pl\/?s={search_term_string}\"},\"query-input\":{\"@type\":\"PropertyValueSpecification\",\"valueRequired\":true,\"valueName\":\"search_term_string\"}}],\"inLanguage\":\"en-US\"},{\"@type\":\"Organization\",\"@id\":\"https:\/\/chata-id.pl\/#organization\",\"name\":\"CHATA ID - To\u017csamo\u015b\u0107 Twojego Wn\u0119trza - Nadarzyn\",\"url\":\"https:\/\/chata-id.pl\/\",\"logo\":{\"@type\":\"ImageObject\",\"inLanguage\":\"en-US\",\"@id\":\"https:\/\/chata-id.pl\/#\/schema\/logo\/image\/\",\"url\":\"https:\/\/chata-id.pl\/wp-content\/uploads\/2020\/04\/chata-id-logo-1.png\",\"contentUrl\":\"https:\/\/chata-id.pl\/wp-content\/uploads\/2020\/04\/chata-id-logo-1.png\",\"width\":236,\"height\":80,\"caption\":\"CHATA ID - To\u017csamo\u015b\u0107 Twojego Wn\u0119trza - Nadarzyn\"},\"image\":{\"@id\":\"https:\/\/chata-id.pl\/#\/schema\/logo\/image\/\"},\"sameAs\":[\"https:\/\/facebook.com\/CHATA-ID-To\u017csamo\u015b\u0107-Twojego-wn\u0119trza-116008675146984\/\"]}]}<\/script>\n<!-- \/ Yoast SEO plugin. -->","yoast_head_json":{"title":"[:pl]Restauracja liba\u0144ska CH Arkadia[:] &#8226; Chata ID","robots":{"index":"index","follow":"follow","max-snippet":"max-snippet:-1","max-image-preview":"max-image-preview:large","max-video-preview":"max-video-preview:-1"},"canonical":"https:\/\/chata-id.pl\/restauracje\/restauracja-libanska-ch-arkadia-warszawa\/","og_locale":"en_US","og_type":"article","og_title":"[:pl]Restauracja liba\u0144ska CH Arkadia[:] &#8226; Chata ID","og_description":"Projekt i aran\u017cacja restauracji liba\u0144skiej w Warszawie. Wn\u0119trza w stylu nowoczesnym z licznymi elementami stylu orientalnego. Ciep\u0142e kolory, a\u017curowe dodatki, orientalne dywany i motywy oraz wygodne tapicerowane siedziska tworz\u0105 zamierzony bliskowschodni klimat.","og_url":"https:\/\/chata-id.pl\/restauracje\/restauracja-libanska-ch-arkadia-warszawa\/","og_site_name":"Chata ID","article_publisher":"https:\/\/facebook.com\/CHATA-ID-To%c5%bcsamo%c5%9b%c4%87-Twojego-wn%c4%99trza-116008675146984\/","article_modified_time":"2020-04-17T16:47:51+00:00","og_image":[{"url":"https:\/\/chata-id.pl\/wp-content\/uploads\/2017\/09\/MG_6771pop1-1024x683.jpg","type":"","width":"","height":""}],"twitter_card":"summary_large_image","schema":{"@context":"https:\/\/schema.org","@graph":[{"@type":"WebPage","@id":"https:\/\/chata-id.pl\/restauracje\/restauracja-libanska-ch-arkadia-warszawa\/","url":"https:\/\/chata-id.pl\/restauracje\/restauracja-libanska-ch-arkadia-warszawa\/","name":"[:pl]Restauracja liba\u0144ska CH Arkadia[:] &#8226; Chata ID","isPartOf":{"@id":"https:\/\/chata-id.pl\/#website"},"primaryImageOfPage":{"@id":"https:\/\/chata-id.pl\/restauracje\/restauracja-libanska-ch-arkadia-warszawa\/#primaryimage"},"image":{"@id":"https:\/\/chata-id.pl\/restauracje\/restauracja-libanska-ch-arkadia-warszawa\/#primaryimage"},"thumbnailUrl":"https:\/\/chata-id.pl\/wp-content\/uploads\/2017\/09\/MG_6771pop1-1024x683.jpg","datePublished":"2017-09-06T10:19:21+00:00","dateModified":"2020-04-17T16:47:51+00:00","breadcrumb":{"@id":"https:\/\/chata-id.pl\/restauracje\/restauracja-libanska-ch-arkadia-warszawa\/#breadcrumb"},"inLanguage":"en-US","potentialAction":[{"@type":"ReadAction","target":["https:\/\/chata-id.pl\/restauracje\/restauracja-libanska-ch-arkadia-warszawa\/"]}]},{"@type":"ImageObject","inLanguage":"en-US","@id":"https:\/\/chata-id.pl\/restauracje\/restauracja-libanska-ch-arkadia-warszawa\/#primaryimage","url":"https:\/\/chata-id.pl\/wp-content\/uploads\/2017\/09\/MG_6771pop1-1024x683.jpg","contentUrl":"https:\/\/chata-id.pl\/wp-content\/uploads\/2017\/09\/MG_6771pop1-1024x683.jpg"},{"@type":"BreadcrumbList","@id":"https:\/\/chata-id.pl\/restauracje\/restauracja-libanska-ch-arkadia-warszawa\/#breadcrumb","itemListElement":[{"@type":"ListItem","position":1,"name":"Strona g\u0142\u00f3wna","item":"https:\/\/chata-id.pl\/"},{"@type":"ListItem","position":2,"name":"Restauracje","item":"https:\/\/chata-id.pl\/restauracje\/"},{"@type":"ListItem","position":3,"name":"Restauracja liba\u0144ska CH Arkadia"}]},{"@type":"WebSite","@id":"https:\/\/chata-id.pl\/#website","url":"https:\/\/chata-id.pl\/","name":"Chata ID","description":"To\u017csamo\u015b\u0107 Twojego wn\u0119trza","publisher":{"@id":"https:\/\/chata-id.pl\/#organization"},"potentialAction":[{"@type":"SearchAction","target":{"@type":"EntryPoint","urlTemplate":"https:\/\/chata-id.pl\/?s={search_term_string}"},"query-input":{"@type":"PropertyValueSpecification","valueRequired":true,"valueName":"search_term_string"}}],"inLanguage":"en-US"},{"@type":"Organization","@id":"https:\/\/chata-id.pl\/#organization","name":"CHATA ID - To\u017csamo\u015b\u0107 Twojego Wn\u0119trza - Nadarzyn","url":"https:\/\/chata-id.pl\/","logo":{"@type":"ImageObject","inLanguage":"en-US","@id":"https:\/\/chata-id.pl\/#\/schema\/logo\/image\/","url":"https:\/\/chata-id.pl\/wp-content\/uploads\/2020\/04\/chata-id-logo-1.png","contentUrl":"https:\/\/chata-id.pl\/wp-content\/uploads\/2020\/04\/chata-id-logo-1.png","width":236,"height":80,"caption":"CHATA ID - To\u017csamo\u015b\u0107 Twojego Wn\u0119trza - Nadarzyn"},"image":{"@id":"https:\/\/chata-id.pl\/#\/schema\/logo\/image\/"},"sameAs":["https:\/\/facebook.com\/CHATA-ID-To\u017csamo\u015b\u0107-Twojego-wn\u0119trza-116008675146984\/"]}]}},"_links":{"self":[{"href":"https:\/\/chata-id.pl\/en\/wp-json\/wp\/v2\/pages\/1124","targetHints":{"allow":["GET"]}}],"collection":[{"href":"https:\/\/chata-id.pl\/en\/wp-json\/wp\/v2\/pages"}],"about":[{"href":"https:\/\/chata-id.pl\/en\/wp-json\/wp\/v2\/types\/page"}],"author":[{"embeddable":true,"href":"https:\/\/chata-id.pl\/en\/wp-json\/wp\/v2\/users\/1"}],"replies":[{"embeddable":true,"href":"https:\/\/chata-id.pl\/en\/wp-json\/wp\/v2\/comments?post=1124"}],"version-history":[{"count":14,"href":"https:\/\/chata-id.pl\/en\/wp-json\/wp\/v2\/pages\/1124\/revisions"}],"predecessor-version":[{"id":1562,"href":"https:\/\/chata-id.pl\/en\/wp-json\/wp\/v2\/pages\/1124\/revisions\/1562"}],"up":[{"embeddable":true,"href":"https:\/\/chata-id.pl\/en\/wp-json\/wp\/v2\/pages\/1048"}],"wp:attachment":[{"href":"https:\/\/chata-id.pl\/en\/wp-json\/wp\/v2\/media?parent=1124"}],"curies":[{"name":"wp","href":"https:\/\/api.w.org\/{rel}","templated":true}]}}