{"id":1094,"date":"2017-05-05T08:35:41","date_gmt":"2017-05-05T08:35:41","guid":{"rendered":"http:\/\/www.chata-id.pl\/?page_id=1094"},"modified":"2020-04-17T16:50:29","modified_gmt":"2020-04-17T16:50:29","slug":"lunch-bar-jadalnia-warszawa","status":"publish","type":"page","link":"https:\/\/chata-id.pl\/en\/restauracje\/lunch-bar-jadalnia-warszawa\/","title":{"rendered":"(Polski) Lunch Bar \u201eJadalnia\u201d Warszawa"},"content":{"rendered":"\n<p><strong>Aran\u017cacja wn\u0119trza<\/strong> <strong>restauracyjnego<\/strong> o charakterze nowoczesnego baru mlecznego \u2013 jad\u0142odajni. Wystr\u00f3j jasny z akcentami koloru czerwonego i kobaltowego oraz dekoracjami nawi\u0105zuj\u0105cymi do charakteru lokalu.<\/p>\n\n\n\n<figure class=\"wp-block-gallery alignwide columns-2 is-cropped wp-block-gallery-1 is-layout-flex wp-block-gallery-is-layout-flex\"><ul class=\"blocks-gallery-grid\"><li class=\"blocks-gallery-item\"><figure><a href=\"https:\/\/chata-id.pl\/wp-content\/uploads\/2017\/05\/r4.jpg\"><img loading=\"lazy\" decoding=\"async\" width=\"1024\" height=\"683\" src=\"https:\/\/chata-id.pl\/wp-content\/uploads\/2017\/05\/r4-1024x683.jpg\" alt=\"\" data-id=\"1098\" data-full-url=\"https:\/\/chata-id.pl\/wp-content\/uploads\/2017\/05\/r4.jpg\" data-link=\"https:\/\/chata-id.pl\/r4\/\" class=\"wp-image-1098\" srcset=\"https:\/\/chata-id.pl\/wp-content\/uploads\/2017\/05\/r4-1024x683.jpg 1024w, https:\/\/chata-id.pl\/wp-content\/uploads\/2017\/05\/r4-300x200.jpg 300w, https:\/\/chata-id.pl\/wp-content\/uploads\/2017\/05\/r4-420x280.jpg 420w, https:\/\/chata-id.pl\/wp-content\/uploads\/2017\/05\/r4.jpg 1155w\" sizes=\"auto, (max-width: 1024px) 100vw, 1024px\" \/><\/a><\/figure><\/li><li class=\"blocks-gallery-item\"><figure><a href=\"https:\/\/chata-id.pl\/wp-content\/uploads\/2017\/05\/r3.jpg\"><img loading=\"lazy\" decoding=\"async\" width=\"1024\" height=\"683\" src=\"https:\/\/chata-id.pl\/wp-content\/uploads\/2017\/05\/r3-1024x683.jpg\" alt=\"\" data-id=\"1097\" data-full-url=\"https:\/\/chata-id.pl\/wp-content\/uploads\/2017\/05\/r3.jpg\" data-link=\"https:\/\/chata-id.pl\/r3\/\" class=\"wp-image-1097\" srcset=\"https:\/\/chata-id.pl\/wp-content\/uploads\/2017\/05\/r3-1024x683.jpg 1024w, https:\/\/chata-id.pl\/wp-content\/uploads\/2017\/05\/r3-300x200.jpg 300w, https:\/\/chata-id.pl\/wp-content\/uploads\/2017\/05\/r3-420x280.jpg 420w, https:\/\/chata-id.pl\/wp-content\/uploads\/2017\/05\/r3.jpg 1155w\" sizes=\"auto, (max-width: 1024px) 100vw, 1024px\" \/><\/a><\/figure><\/li><li class=\"blocks-gallery-item\"><figure><a href=\"https:\/\/chata-id.pl\/wp-content\/uploads\/2017\/05\/r2.jpg\"><img loading=\"lazy\" decoding=\"async\" width=\"1024\" height=\"683\" src=\"https:\/\/chata-id.pl\/wp-content\/uploads\/2017\/05\/r2-1024x683.jpg\" alt=\"\" data-id=\"1096\" data-full-url=\"https:\/\/chata-id.pl\/wp-content\/uploads\/2017\/05\/r2.jpg\" data-link=\"https:\/\/chata-id.pl\/r2\/\" class=\"wp-image-1096\" srcset=\"https:\/\/chata-id.pl\/wp-content\/uploads\/2017\/05\/r2-1024x683.jpg 1024w, https:\/\/chata-id.pl\/wp-content\/uploads\/2017\/05\/r2-300x200.jpg 300w, https:\/\/chata-id.pl\/wp-content\/uploads\/2017\/05\/r2-420x280.jpg 420w, https:\/\/chata-id.pl\/wp-content\/uploads\/2017\/05\/r2.jpg 1155w\" sizes=\"auto, (max-width: 1024px) 100vw, 1024px\" \/><\/a><\/figure><\/li><li class=\"blocks-gallery-item\"><figure><a href=\"https:\/\/chata-id.pl\/wp-content\/uploads\/2017\/05\/r1.jpg\"><img loading=\"lazy\" decoding=\"async\" width=\"1024\" height=\"683\" src=\"https:\/\/chata-id.pl\/wp-content\/uploads\/2017\/05\/r1-1024x683.jpg\" alt=\"\" data-id=\"1095\" data-full-url=\"https:\/\/chata-id.pl\/wp-content\/uploads\/2017\/05\/r1.jpg\" data-link=\"https:\/\/chata-id.pl\/r1\/\" class=\"wp-image-1095\" srcset=\"https:\/\/chata-id.pl\/wp-content\/uploads\/2017\/05\/r1-1024x683.jpg 1024w, https:\/\/chata-id.pl\/wp-content\/uploads\/2017\/05\/r1-300x200.jpg 300w, https:\/\/chata-id.pl\/wp-content\/uploads\/2017\/05\/r1-420x280.jpg 420w, https:\/\/chata-id.pl\/wp-content\/uploads\/2017\/05\/r1.jpg 1155w\" sizes=\"auto, (max-width: 1024px) 100vw, 1024px\" \/><\/a><\/figure><\/li><\/ul><\/figure>\n","protected":false},"excerpt":{"rendered":"<p>Aran\u017cacja wn\u0119trza restauracyjnego o charakterze nowoczesnego baru mlecznego \u2013 jad\u0142odajni. Wystr\u00f3j jasny z akcentami koloru czerwonego i kobaltowego oraz dekoracjami nawi\u0105zuj\u0105cymi do charakteru lokalu.<\/p>\n","protected":false},"author":1,"featured_media":0,"parent":1048,"menu_order":3,"comment_status":"closed","ping_status":"closed","template":"","meta":{"inline_featured_image":false,"footnotes":""},"class_list":["post-1094","page","type-page","status-publish","hentry"],"yoast_head":"<!-- This site is optimized with the Yoast SEO plugin v24.3 - https:\/\/yoast.com\/wordpress\/plugins\/seo\/ -->\n<title><\/title>\n<meta name=\"robots\" content=\"index, follow, max-snippet:-1, max-image-preview:large, max-video-preview:-1\" \/>\n<link rel=\"canonical\" href=\"https:\/\/chata-id.pl\/restauracje\/lunch-bar-jadalnia-warszawa\/\" \/>\n<meta property=\"og:locale\" content=\"en_US\" \/>\n<meta property=\"og:type\" content=\"article\" \/>\n<meta property=\"og:title\" content=\"[:pl]Lunch Bar \u201eJadalnia\u201d Warszawa[:] &#8226; Chata ID\" \/>\n<meta property=\"og:description\" content=\"Aran\u017cacja wn\u0119trza restauracyjnego o charakterze nowoczesnego baru mlecznego \u2013 jad\u0142odajni. Wystr\u00f3j jasny z akcentami koloru czerwonego i kobaltowego oraz dekoracjami nawi\u0105zuj\u0105cymi do charakteru lokalu.\" \/>\n<meta property=\"og:url\" content=\"https:\/\/chata-id.pl\/restauracje\/lunch-bar-jadalnia-warszawa\/\" \/>\n<meta property=\"og:site_name\" content=\"Chata ID\" \/>\n<meta property=\"article:publisher\" content=\"https:\/\/facebook.com\/CHATA-ID-To%c5%bcsamo%c5%9b%c4%87-Twojego-wn%c4%99trza-116008675146984\/\" \/>\n<meta property=\"article:modified_time\" content=\"2020-04-17T16:50:29+00:00\" \/>\n<meta property=\"og:image\" content=\"https:\/\/chata-id.pl\/wp-content\/uploads\/2017\/05\/r4-1024x683.jpg\" \/>\n<meta name=\"twitter:card\" content=\"summary_large_image\" \/>\n<script type=\"application\/ld+json\" class=\"yoast-schema-graph\">{\"@context\":\"https:\/\/schema.org\",\"@graph\":[{\"@type\":\"WebPage\",\"@id\":\"https:\/\/chata-id.pl\/restauracje\/lunch-bar-jadalnia-warszawa\/\",\"url\":\"https:\/\/chata-id.pl\/restauracje\/lunch-bar-jadalnia-warszawa\/\",\"name\":\"[:pl]Lunch Bar \u201eJadalnia\u201d Warszawa[:] &#8226; Chata ID\",\"isPartOf\":{\"@id\":\"https:\/\/chata-id.pl\/#website\"},\"primaryImageOfPage\":{\"@id\":\"https:\/\/chata-id.pl\/restauracje\/lunch-bar-jadalnia-warszawa\/#primaryimage\"},\"image\":{\"@id\":\"https:\/\/chata-id.pl\/restauracje\/lunch-bar-jadalnia-warszawa\/#primaryimage\"},\"thumbnailUrl\":\"https:\/\/chata-id.pl\/wp-content\/uploads\/2017\/05\/r4-1024x683.jpg\",\"datePublished\":\"2017-05-05T08:35:41+00:00\",\"dateModified\":\"2020-04-17T16:50:29+00:00\",\"breadcrumb\":{\"@id\":\"https:\/\/chata-id.pl\/restauracje\/lunch-bar-jadalnia-warszawa\/#breadcrumb\"},\"inLanguage\":\"en-US\",\"potentialAction\":[{\"@type\":\"ReadAction\",\"target\":[\"https:\/\/chata-id.pl\/restauracje\/lunch-bar-jadalnia-warszawa\/\"]}]},{\"@type\":\"ImageObject\",\"inLanguage\":\"en-US\",\"@id\":\"https:\/\/chata-id.pl\/restauracje\/lunch-bar-jadalnia-warszawa\/#primaryimage\",\"url\":\"https:\/\/chata-id.pl\/wp-content\/uploads\/2017\/05\/r4-1024x683.jpg\",\"contentUrl\":\"https:\/\/chata-id.pl\/wp-content\/uploads\/2017\/05\/r4-1024x683.jpg\"},{\"@type\":\"BreadcrumbList\",\"@id\":\"https:\/\/chata-id.pl\/restauracje\/lunch-bar-jadalnia-warszawa\/#breadcrumb\",\"itemListElement\":[{\"@type\":\"ListItem\",\"position\":1,\"name\":\"Strona g\u0142\u00f3wna\",\"item\":\"https:\/\/chata-id.pl\/\"},{\"@type\":\"ListItem\",\"position\":2,\"name\":\"Restauracje\",\"item\":\"https:\/\/chata-id.pl\/restauracje\/\"},{\"@type\":\"ListItem\",\"position\":3,\"name\":\"Lunch Bar \u201eJadalnia\u201d Warszawa\"}]},{\"@type\":\"WebSite\",\"@id\":\"https:\/\/chata-id.pl\/#website\",\"url\":\"https:\/\/chata-id.pl\/\",\"name\":\"Chata ID\",\"description\":\"To\u017csamo\u015b\u0107 Twojego wn\u0119trza\",\"publisher\":{\"@id\":\"https:\/\/chata-id.pl\/#organization\"},\"potentialAction\":[{\"@type\":\"SearchAction\",\"target\":{\"@type\":\"EntryPoint\",\"urlTemplate\":\"https:\/\/chata-id.pl\/?s={search_term_string}\"},\"query-input\":{\"@type\":\"PropertyValueSpecification\",\"valueRequired\":true,\"valueName\":\"search_term_string\"}}],\"inLanguage\":\"en-US\"},{\"@type\":\"Organization\",\"@id\":\"https:\/\/chata-id.pl\/#organization\",\"name\":\"CHATA ID - To\u017csamo\u015b\u0107 Twojego Wn\u0119trza - Nadarzyn\",\"url\":\"https:\/\/chata-id.pl\/\",\"logo\":{\"@type\":\"ImageObject\",\"inLanguage\":\"en-US\",\"@id\":\"https:\/\/chata-id.pl\/#\/schema\/logo\/image\/\",\"url\":\"https:\/\/chata-id.pl\/wp-content\/uploads\/2020\/04\/chata-id-logo-1.png\",\"contentUrl\":\"https:\/\/chata-id.pl\/wp-content\/uploads\/2020\/04\/chata-id-logo-1.png\",\"width\":236,\"height\":80,\"caption\":\"CHATA ID - To\u017csamo\u015b\u0107 Twojego Wn\u0119trza - Nadarzyn\"},\"image\":{\"@id\":\"https:\/\/chata-id.pl\/#\/schema\/logo\/image\/\"},\"sameAs\":[\"https:\/\/facebook.com\/CHATA-ID-To\u017csamo\u015b\u0107-Twojego-wn\u0119trza-116008675146984\/\"]}]}<\/script>\n<!-- \/ Yoast SEO plugin. -->","yoast_head_json":{"title":"[:pl]Lunch Bar \u201eJadalnia\u201d Warszawa[:] &#8226; Chata ID","robots":{"index":"index","follow":"follow","max-snippet":"max-snippet:-1","max-image-preview":"max-image-preview:large","max-video-preview":"max-video-preview:-1"},"canonical":"https:\/\/chata-id.pl\/restauracje\/lunch-bar-jadalnia-warszawa\/","og_locale":"en_US","og_type":"article","og_title":"[:pl]Lunch Bar \u201eJadalnia\u201d Warszawa[:] &#8226; Chata ID","og_description":"Aran\u017cacja wn\u0119trza restauracyjnego o charakterze nowoczesnego baru mlecznego \u2013 jad\u0142odajni. Wystr\u00f3j jasny z akcentami koloru czerwonego i kobaltowego oraz dekoracjami nawi\u0105zuj\u0105cymi do charakteru lokalu.","og_url":"https:\/\/chata-id.pl\/restauracje\/lunch-bar-jadalnia-warszawa\/","og_site_name":"Chata ID","article_publisher":"https:\/\/facebook.com\/CHATA-ID-To%c5%bcsamo%c5%9b%c4%87-Twojego-wn%c4%99trza-116008675146984\/","article_modified_time":"2020-04-17T16:50:29+00:00","og_image":[{"url":"https:\/\/chata-id.pl\/wp-content\/uploads\/2017\/05\/r4-1024x683.jpg","type":"","width":"","height":""}],"twitter_card":"summary_large_image","schema":{"@context":"https:\/\/schema.org","@graph":[{"@type":"WebPage","@id":"https:\/\/chata-id.pl\/restauracje\/lunch-bar-jadalnia-warszawa\/","url":"https:\/\/chata-id.pl\/restauracje\/lunch-bar-jadalnia-warszawa\/","name":"[:pl]Lunch Bar \u201eJadalnia\u201d Warszawa[:] &#8226; Chata ID","isPartOf":{"@id":"https:\/\/chata-id.pl\/#website"},"primaryImageOfPage":{"@id":"https:\/\/chata-id.pl\/restauracje\/lunch-bar-jadalnia-warszawa\/#primaryimage"},"image":{"@id":"https:\/\/chata-id.pl\/restauracje\/lunch-bar-jadalnia-warszawa\/#primaryimage"},"thumbnailUrl":"https:\/\/chata-id.pl\/wp-content\/uploads\/2017\/05\/r4-1024x683.jpg","datePublished":"2017-05-05T08:35:41+00:00","dateModified":"2020-04-17T16:50:29+00:00","breadcrumb":{"@id":"https:\/\/chata-id.pl\/restauracje\/lunch-bar-jadalnia-warszawa\/#breadcrumb"},"inLanguage":"en-US","potentialAction":[{"@type":"ReadAction","target":["https:\/\/chata-id.pl\/restauracje\/lunch-bar-jadalnia-warszawa\/"]}]},{"@type":"ImageObject","inLanguage":"en-US","@id":"https:\/\/chata-id.pl\/restauracje\/lunch-bar-jadalnia-warszawa\/#primaryimage","url":"https:\/\/chata-id.pl\/wp-content\/uploads\/2017\/05\/r4-1024x683.jpg","contentUrl":"https:\/\/chata-id.pl\/wp-content\/uploads\/2017\/05\/r4-1024x683.jpg"},{"@type":"BreadcrumbList","@id":"https:\/\/chata-id.pl\/restauracje\/lunch-bar-jadalnia-warszawa\/#breadcrumb","itemListElement":[{"@type":"ListItem","position":1,"name":"Strona g\u0142\u00f3wna","item":"https:\/\/chata-id.pl\/"},{"@type":"ListItem","position":2,"name":"Restauracje","item":"https:\/\/chata-id.pl\/restauracje\/"},{"@type":"ListItem","position":3,"name":"Lunch Bar \u201eJadalnia\u201d Warszawa"}]},{"@type":"WebSite","@id":"https:\/\/chata-id.pl\/#website","url":"https:\/\/chata-id.pl\/","name":"Chata ID","description":"To\u017csamo\u015b\u0107 Twojego wn\u0119trza","publisher":{"@id":"https:\/\/chata-id.pl\/#organization"},"potentialAction":[{"@type":"SearchAction","target":{"@type":"EntryPoint","urlTemplate":"https:\/\/chata-id.pl\/?s={search_term_string}"},"query-input":{"@type":"PropertyValueSpecification","valueRequired":true,"valueName":"search_term_string"}}],"inLanguage":"en-US"},{"@type":"Organization","@id":"https:\/\/chata-id.pl\/#organization","name":"CHATA ID - To\u017csamo\u015b\u0107 Twojego Wn\u0119trza - Nadarzyn","url":"https:\/\/chata-id.pl\/","logo":{"@type":"ImageObject","inLanguage":"en-US","@id":"https:\/\/chata-id.pl\/#\/schema\/logo\/image\/","url":"https:\/\/chata-id.pl\/wp-content\/uploads\/2020\/04\/chata-id-logo-1.png","contentUrl":"https:\/\/chata-id.pl\/wp-content\/uploads\/2020\/04\/chata-id-logo-1.png","width":236,"height":80,"caption":"CHATA ID - To\u017csamo\u015b\u0107 Twojego Wn\u0119trza - Nadarzyn"},"image":{"@id":"https:\/\/chata-id.pl\/#\/schema\/logo\/image\/"},"sameAs":["https:\/\/facebook.com\/CHATA-ID-To\u017csamo\u015b\u0107-Twojego-wn\u0119trza-116008675146984\/"]}]}},"_links":{"self":[{"href":"https:\/\/chata-id.pl\/en\/wp-json\/wp\/v2\/pages\/1094","targetHints":{"allow":["GET"]}}],"collection":[{"href":"https:\/\/chata-id.pl\/en\/wp-json\/wp\/v2\/pages"}],"about":[{"href":"https:\/\/chata-id.pl\/en\/wp-json\/wp\/v2\/types\/page"}],"author":[{"embeddable":true,"href":"https:\/\/chata-id.pl\/en\/wp-json\/wp\/v2\/users\/1"}],"replies":[{"embeddable":true,"href":"https:\/\/chata-id.pl\/en\/wp-json\/wp\/v2\/comments?post=1094"}],"version-history":[{"count":5,"href":"https:\/\/chata-id.pl\/en\/wp-json\/wp\/v2\/pages\/1094\/revisions"}],"predecessor-version":[{"id":1564,"href":"https:\/\/chata-id.pl\/en\/wp-json\/wp\/v2\/pages\/1094\/revisions\/1564"}],"up":[{"embeddable":true,"href":"https:\/\/chata-id.pl\/en\/wp-json\/wp\/v2\/pages\/1048"}],"wp:attachment":[{"href":"https:\/\/chata-id.pl\/en\/wp-json\/wp\/v2\/media?parent=1094"}],"curies":[{"name":"wp","href":"https:\/\/api.w.org\/{rel}","templated":true}]}}