{"id":1080,"date":"2017-05-04T11:17:43","date_gmt":"2017-05-04T11:17:43","guid":{"rendered":"http:\/\/www.chata-id.pl\/?page_id=1080"},"modified":"2020-04-17T16:49:21","modified_gmt":"2020-04-17T16:49:21","slug":"koncepcja-restauracji-warszawa-sadyba","status":"publish","type":"page","link":"https:\/\/chata-id.pl\/en\/restauracje\/koncepcja-restauracji-warszawa-sadyba\/","title":{"rendered":"(Polski) Koncepcja restauracji Warszawa Sadyba"},"content":{"rendered":"\n<p><strong>Projekt <\/strong>koncepcyjny sali w <strong>warszawskiej<\/strong> restauracji Sadyba. Koncepcja zak\u0142ada\u0142a po\u0142\u0105czenie zastanego surowego betonu ze sztukateri\u0105 na sianach i eleganckimi, tapicerowanymi krzes\u0142ami, a tak\u017ce niepowtarzalnymi, designerskimi tapetami na \u015bcianach.<\/p>\n\n\n\n<figure class=\"wp-block-gallery alignwide columns-2 is-cropped wp-block-gallery-1 is-layout-flex wp-block-gallery-is-layout-flex\"><ul class=\"blocks-gallery-grid\"><li class=\"blocks-gallery-item\"><figure><a href=\"https:\/\/chata-id.pl\/wp-content\/uploads\/2017\/05\/v6_3.jpg\"><img loading=\"lazy\" decoding=\"async\" width=\"1024\" height=\"576\" src=\"https:\/\/chata-id.pl\/wp-content\/uploads\/2017\/05\/v6_3-1024x576.jpg\" alt=\"\" data-id=\"1085\" data-full-url=\"https:\/\/chata-id.pl\/wp-content\/uploads\/2017\/05\/v6_3.jpg\" data-link=\"https:\/\/chata-id.pl\/restauracje\/koncepcja-restauracji-warszawa-sadyba\/v6_3\/\" class=\"wp-image-1085\" srcset=\"https:\/\/chata-id.pl\/wp-content\/uploads\/2017\/05\/v6_3-1024x576.jpg 1024w, https:\/\/chata-id.pl\/wp-content\/uploads\/2017\/05\/v6_3-300x169.jpg 300w, https:\/\/chata-id.pl\/wp-content\/uploads\/2017\/05\/v6_3-420x236.jpg 420w, https:\/\/chata-id.pl\/wp-content\/uploads\/2017\/05\/v6_3.jpg 1296w\" sizes=\"auto, (max-width: 1024px) 100vw, 1024px\" \/><\/a><\/figure><\/li><li class=\"blocks-gallery-item\"><figure><a href=\"https:\/\/chata-id.pl\/wp-content\/uploads\/2017\/05\/V4.jpg\"><img loading=\"lazy\" decoding=\"async\" width=\"1024\" height=\"576\" src=\"https:\/\/chata-id.pl\/wp-content\/uploads\/2017\/05\/V4-1024x576.jpg\" alt=\"\" data-id=\"1084\" data-full-url=\"https:\/\/chata-id.pl\/wp-content\/uploads\/2017\/05\/V4.jpg\" data-link=\"https:\/\/chata-id.pl\/restauracje\/koncepcja-restauracji-warszawa-sadyba\/v4\/\" class=\"wp-image-1084\" srcset=\"https:\/\/chata-id.pl\/wp-content\/uploads\/2017\/05\/V4-1024x576.jpg 1024w, https:\/\/chata-id.pl\/wp-content\/uploads\/2017\/05\/V4-300x169.jpg 300w, https:\/\/chata-id.pl\/wp-content\/uploads\/2017\/05\/V4-420x236.jpg 420w, https:\/\/chata-id.pl\/wp-content\/uploads\/2017\/05\/V4.jpg 1296w\" sizes=\"auto, (max-width: 1024px) 100vw, 1024px\" \/><\/a><\/figure><\/li><li class=\"blocks-gallery-item\"><figure><a href=\"https:\/\/chata-id.pl\/wp-content\/uploads\/2017\/05\/V3.jpg\"><img loading=\"lazy\" decoding=\"async\" width=\"1024\" height=\"576\" src=\"https:\/\/chata-id.pl\/wp-content\/uploads\/2017\/05\/V3-1024x576.jpg\" alt=\"\" data-id=\"1083\" data-full-url=\"https:\/\/chata-id.pl\/wp-content\/uploads\/2017\/05\/V3.jpg\" data-link=\"https:\/\/chata-id.pl\/restauracje\/koncepcja-restauracji-warszawa-sadyba\/v3\/\" class=\"wp-image-1083\" srcset=\"https:\/\/chata-id.pl\/wp-content\/uploads\/2017\/05\/V3-1024x576.jpg 1024w, https:\/\/chata-id.pl\/wp-content\/uploads\/2017\/05\/V3-300x169.jpg 300w, https:\/\/chata-id.pl\/wp-content\/uploads\/2017\/05\/V3-420x236.jpg 420w, https:\/\/chata-id.pl\/wp-content\/uploads\/2017\/05\/V3.jpg 1296w\" sizes=\"auto, (max-width: 1024px) 100vw, 1024px\" \/><\/a><\/figure><\/li><li class=\"blocks-gallery-item\"><figure><a href=\"https:\/\/chata-id.pl\/wp-content\/uploads\/2017\/05\/V1.jpg\"><img loading=\"lazy\" decoding=\"async\" width=\"1024\" height=\"576\" src=\"https:\/\/chata-id.pl\/wp-content\/uploads\/2017\/05\/V1-1024x576.jpg\" alt=\"\" data-id=\"1082\" data-full-url=\"https:\/\/chata-id.pl\/wp-content\/uploads\/2017\/05\/V1.jpg\" data-link=\"https:\/\/chata-id.pl\/restauracje\/koncepcja-restauracji-warszawa-sadyba\/v1\/\" class=\"wp-image-1082\" srcset=\"https:\/\/chata-id.pl\/wp-content\/uploads\/2017\/05\/V1-1024x576.jpg 1024w, https:\/\/chata-id.pl\/wp-content\/uploads\/2017\/05\/V1-300x169.jpg 300w, https:\/\/chata-id.pl\/wp-content\/uploads\/2017\/05\/V1-420x236.jpg 420w, https:\/\/chata-id.pl\/wp-content\/uploads\/2017\/05\/V1.jpg 1296w\" sizes=\"auto, (max-width: 1024px) 100vw, 1024px\" \/><\/a><\/figure><\/li><\/ul><\/figure>\n","protected":false},"excerpt":{"rendered":"<p>Projekt koncepcyjny sali w warszawskiej restauracji Sadyba. Koncepcja zak\u0142ada\u0142a po\u0142\u0105czenie zastanego surowego betonu ze sztukateri\u0105 na sianach i eleganckimi, tapicerowanymi krzes\u0142ami, a tak\u017ce niepowtarzalnymi, designerskimi tapetami na \u015bcianach.<\/p>\n","protected":false},"author":1,"featured_media":0,"parent":1048,"menu_order":2,"comment_status":"closed","ping_status":"closed","template":"","meta":{"inline_featured_image":false,"footnotes":""},"class_list":["post-1080","page","type-page","status-publish","hentry"],"yoast_head":"<!-- This site is optimized with the Yoast SEO plugin v24.3 - https:\/\/yoast.com\/wordpress\/plugins\/seo\/ -->\n<title><\/title>\n<meta name=\"robots\" content=\"index, follow, max-snippet:-1, max-image-preview:large, max-video-preview:-1\" \/>\n<link rel=\"canonical\" href=\"https:\/\/chata-id.pl\/restauracje\/koncepcja-restauracji-warszawa-sadyba\/\" \/>\n<meta property=\"og:locale\" content=\"en_US\" \/>\n<meta property=\"og:type\" content=\"article\" \/>\n<meta property=\"og:title\" content=\"[:pl]Koncepcja restauracji Warszawa Sadyba[:] &#8226; Chata ID\" \/>\n<meta property=\"og:description\" content=\"Projekt koncepcyjny sali w warszawskiej restauracji Sadyba. Koncepcja zak\u0142ada\u0142a po\u0142\u0105czenie zastanego surowego betonu ze sztukateri\u0105 na sianach i eleganckimi, tapicerowanymi krzes\u0142ami, a tak\u017ce niepowtarzalnymi, designerskimi tapetami na \u015bcianach.\" \/>\n<meta property=\"og:url\" content=\"https:\/\/chata-id.pl\/restauracje\/koncepcja-restauracji-warszawa-sadyba\/\" \/>\n<meta property=\"og:site_name\" content=\"Chata ID\" \/>\n<meta property=\"article:publisher\" content=\"https:\/\/facebook.com\/CHATA-ID-To%c5%bcsamo%c5%9b%c4%87-Twojego-wn%c4%99trza-116008675146984\/\" \/>\n<meta property=\"article:modified_time\" content=\"2020-04-17T16:49:21+00:00\" \/>\n<meta property=\"og:image\" content=\"https:\/\/chata-id.pl\/wp-content\/uploads\/2017\/05\/v6_3-1024x576.jpg\" \/>\n<meta name=\"twitter:card\" content=\"summary_large_image\" \/>\n<script type=\"application\/ld+json\" class=\"yoast-schema-graph\">{\"@context\":\"https:\/\/schema.org\",\"@graph\":[{\"@type\":\"WebPage\",\"@id\":\"https:\/\/chata-id.pl\/restauracje\/koncepcja-restauracji-warszawa-sadyba\/\",\"url\":\"https:\/\/chata-id.pl\/restauracje\/koncepcja-restauracji-warszawa-sadyba\/\",\"name\":\"[:pl]Koncepcja restauracji Warszawa Sadyba[:] &#8226; Chata ID\",\"isPartOf\":{\"@id\":\"https:\/\/chata-id.pl\/#website\"},\"primaryImageOfPage\":{\"@id\":\"https:\/\/chata-id.pl\/restauracje\/koncepcja-restauracji-warszawa-sadyba\/#primaryimage\"},\"image\":{\"@id\":\"https:\/\/chata-id.pl\/restauracje\/koncepcja-restauracji-warszawa-sadyba\/#primaryimage\"},\"thumbnailUrl\":\"https:\/\/chata-id.pl\/wp-content\/uploads\/2017\/05\/v6_3-1024x576.jpg\",\"datePublished\":\"2017-05-04T11:17:43+00:00\",\"dateModified\":\"2020-04-17T16:49:21+00:00\",\"breadcrumb\":{\"@id\":\"https:\/\/chata-id.pl\/restauracje\/koncepcja-restauracji-warszawa-sadyba\/#breadcrumb\"},\"inLanguage\":\"en-US\",\"potentialAction\":[{\"@type\":\"ReadAction\",\"target\":[\"https:\/\/chata-id.pl\/restauracje\/koncepcja-restauracji-warszawa-sadyba\/\"]}]},{\"@type\":\"ImageObject\",\"inLanguage\":\"en-US\",\"@id\":\"https:\/\/chata-id.pl\/restauracje\/koncepcja-restauracji-warszawa-sadyba\/#primaryimage\",\"url\":\"https:\/\/chata-id.pl\/wp-content\/uploads\/2017\/05\/v6_3-1024x576.jpg\",\"contentUrl\":\"https:\/\/chata-id.pl\/wp-content\/uploads\/2017\/05\/v6_3-1024x576.jpg\"},{\"@type\":\"BreadcrumbList\",\"@id\":\"https:\/\/chata-id.pl\/restauracje\/koncepcja-restauracji-warszawa-sadyba\/#breadcrumb\",\"itemListElement\":[{\"@type\":\"ListItem\",\"position\":1,\"name\":\"Strona g\u0142\u00f3wna\",\"item\":\"https:\/\/chata-id.pl\/\"},{\"@type\":\"ListItem\",\"position\":2,\"name\":\"Restauracje\",\"item\":\"https:\/\/chata-id.pl\/restauracje\/\"},{\"@type\":\"ListItem\",\"position\":3,\"name\":\"Koncepcja restauracji Warszawa Sadyba\"}]},{\"@type\":\"WebSite\",\"@id\":\"https:\/\/chata-id.pl\/#website\",\"url\":\"https:\/\/chata-id.pl\/\",\"name\":\"Chata ID\",\"description\":\"To\u017csamo\u015b\u0107 Twojego wn\u0119trza\",\"publisher\":{\"@id\":\"https:\/\/chata-id.pl\/#organization\"},\"potentialAction\":[{\"@type\":\"SearchAction\",\"target\":{\"@type\":\"EntryPoint\",\"urlTemplate\":\"https:\/\/chata-id.pl\/?s={search_term_string}\"},\"query-input\":{\"@type\":\"PropertyValueSpecification\",\"valueRequired\":true,\"valueName\":\"search_term_string\"}}],\"inLanguage\":\"en-US\"},{\"@type\":\"Organization\",\"@id\":\"https:\/\/chata-id.pl\/#organization\",\"name\":\"CHATA ID - To\u017csamo\u015b\u0107 Twojego Wn\u0119trza - Nadarzyn\",\"url\":\"https:\/\/chata-id.pl\/\",\"logo\":{\"@type\":\"ImageObject\",\"inLanguage\":\"en-US\",\"@id\":\"https:\/\/chata-id.pl\/#\/schema\/logo\/image\/\",\"url\":\"https:\/\/chata-id.pl\/wp-content\/uploads\/2020\/04\/chata-id-logo-1.png\",\"contentUrl\":\"https:\/\/chata-id.pl\/wp-content\/uploads\/2020\/04\/chata-id-logo-1.png\",\"width\":236,\"height\":80,\"caption\":\"CHATA ID - To\u017csamo\u015b\u0107 Twojego Wn\u0119trza - Nadarzyn\"},\"image\":{\"@id\":\"https:\/\/chata-id.pl\/#\/schema\/logo\/image\/\"},\"sameAs\":[\"https:\/\/facebook.com\/CHATA-ID-To\u017csamo\u015b\u0107-Twojego-wn\u0119trza-116008675146984\/\"]}]}<\/script>\n<!-- \/ Yoast SEO plugin. -->","yoast_head_json":{"title":"[:pl]Koncepcja restauracji Warszawa Sadyba[:] &#8226; Chata ID","robots":{"index":"index","follow":"follow","max-snippet":"max-snippet:-1","max-image-preview":"max-image-preview:large","max-video-preview":"max-video-preview:-1"},"canonical":"https:\/\/chata-id.pl\/restauracje\/koncepcja-restauracji-warszawa-sadyba\/","og_locale":"en_US","og_type":"article","og_title":"[:pl]Koncepcja restauracji Warszawa Sadyba[:] &#8226; Chata ID","og_description":"Projekt koncepcyjny sali w warszawskiej restauracji Sadyba. Koncepcja zak\u0142ada\u0142a po\u0142\u0105czenie zastanego surowego betonu ze sztukateri\u0105 na sianach i eleganckimi, tapicerowanymi krzes\u0142ami, a tak\u017ce niepowtarzalnymi, designerskimi tapetami na \u015bcianach.","og_url":"https:\/\/chata-id.pl\/restauracje\/koncepcja-restauracji-warszawa-sadyba\/","og_site_name":"Chata ID","article_publisher":"https:\/\/facebook.com\/CHATA-ID-To%c5%bcsamo%c5%9b%c4%87-Twojego-wn%c4%99trza-116008675146984\/","article_modified_time":"2020-04-17T16:49:21+00:00","og_image":[{"url":"https:\/\/chata-id.pl\/wp-content\/uploads\/2017\/05\/v6_3-1024x576.jpg","type":"","width":"","height":""}],"twitter_card":"summary_large_image","schema":{"@context":"https:\/\/schema.org","@graph":[{"@type":"WebPage","@id":"https:\/\/chata-id.pl\/restauracje\/koncepcja-restauracji-warszawa-sadyba\/","url":"https:\/\/chata-id.pl\/restauracje\/koncepcja-restauracji-warszawa-sadyba\/","name":"[:pl]Koncepcja restauracji Warszawa Sadyba[:] &#8226; Chata ID","isPartOf":{"@id":"https:\/\/chata-id.pl\/#website"},"primaryImageOfPage":{"@id":"https:\/\/chata-id.pl\/restauracje\/koncepcja-restauracji-warszawa-sadyba\/#primaryimage"},"image":{"@id":"https:\/\/chata-id.pl\/restauracje\/koncepcja-restauracji-warszawa-sadyba\/#primaryimage"},"thumbnailUrl":"https:\/\/chata-id.pl\/wp-content\/uploads\/2017\/05\/v6_3-1024x576.jpg","datePublished":"2017-05-04T11:17:43+00:00","dateModified":"2020-04-17T16:49:21+00:00","breadcrumb":{"@id":"https:\/\/chata-id.pl\/restauracje\/koncepcja-restauracji-warszawa-sadyba\/#breadcrumb"},"inLanguage":"en-US","potentialAction":[{"@type":"ReadAction","target":["https:\/\/chata-id.pl\/restauracje\/koncepcja-restauracji-warszawa-sadyba\/"]}]},{"@type":"ImageObject","inLanguage":"en-US","@id":"https:\/\/chata-id.pl\/restauracje\/koncepcja-restauracji-warszawa-sadyba\/#primaryimage","url":"https:\/\/chata-id.pl\/wp-content\/uploads\/2017\/05\/v6_3-1024x576.jpg","contentUrl":"https:\/\/chata-id.pl\/wp-content\/uploads\/2017\/05\/v6_3-1024x576.jpg"},{"@type":"BreadcrumbList","@id":"https:\/\/chata-id.pl\/restauracje\/koncepcja-restauracji-warszawa-sadyba\/#breadcrumb","itemListElement":[{"@type":"ListItem","position":1,"name":"Strona g\u0142\u00f3wna","item":"https:\/\/chata-id.pl\/"},{"@type":"ListItem","position":2,"name":"Restauracje","item":"https:\/\/chata-id.pl\/restauracje\/"},{"@type":"ListItem","position":3,"name":"Koncepcja restauracji Warszawa Sadyba"}]},{"@type":"WebSite","@id":"https:\/\/chata-id.pl\/#website","url":"https:\/\/chata-id.pl\/","name":"Chata ID","description":"To\u017csamo\u015b\u0107 Twojego wn\u0119trza","publisher":{"@id":"https:\/\/chata-id.pl\/#organization"},"potentialAction":[{"@type":"SearchAction","target":{"@type":"EntryPoint","urlTemplate":"https:\/\/chata-id.pl\/?s={search_term_string}"},"query-input":{"@type":"PropertyValueSpecification","valueRequired":true,"valueName":"search_term_string"}}],"inLanguage":"en-US"},{"@type":"Organization","@id":"https:\/\/chata-id.pl\/#organization","name":"CHATA ID - To\u017csamo\u015b\u0107 Twojego Wn\u0119trza - Nadarzyn","url":"https:\/\/chata-id.pl\/","logo":{"@type":"ImageObject","inLanguage":"en-US","@id":"https:\/\/chata-id.pl\/#\/schema\/logo\/image\/","url":"https:\/\/chata-id.pl\/wp-content\/uploads\/2020\/04\/chata-id-logo-1.png","contentUrl":"https:\/\/chata-id.pl\/wp-content\/uploads\/2020\/04\/chata-id-logo-1.png","width":236,"height":80,"caption":"CHATA ID - To\u017csamo\u015b\u0107 Twojego Wn\u0119trza - Nadarzyn"},"image":{"@id":"https:\/\/chata-id.pl\/#\/schema\/logo\/image\/"},"sameAs":["https:\/\/facebook.com\/CHATA-ID-To\u017csamo\u015b\u0107-Twojego-wn\u0119trza-116008675146984\/"]}]}},"_links":{"self":[{"href":"https:\/\/chata-id.pl\/en\/wp-json\/wp\/v2\/pages\/1080","targetHints":{"allow":["GET"]}}],"collection":[{"href":"https:\/\/chata-id.pl\/en\/wp-json\/wp\/v2\/pages"}],"about":[{"href":"https:\/\/chata-id.pl\/en\/wp-json\/wp\/v2\/types\/page"}],"author":[{"embeddable":true,"href":"https:\/\/chata-id.pl\/en\/wp-json\/wp\/v2\/users\/1"}],"replies":[{"embeddable":true,"href":"https:\/\/chata-id.pl\/en\/wp-json\/wp\/v2\/comments?post=1080"}],"version-history":[{"count":5,"href":"https:\/\/chata-id.pl\/en\/wp-json\/wp\/v2\/pages\/1080\/revisions"}],"predecessor-version":[{"id":1563,"href":"https:\/\/chata-id.pl\/en\/wp-json\/wp\/v2\/pages\/1080\/revisions\/1563"}],"up":[{"embeddable":true,"href":"https:\/\/chata-id.pl\/en\/wp-json\/wp\/v2\/pages\/1048"}],"wp:attachment":[{"href":"https:\/\/chata-id.pl\/en\/wp-json\/wp\/v2\/media?parent=1080"}],"curies":[{"name":"wp","href":"https:\/\/api.w.org\/{rel}","templated":true}]}}