{"id":1050,"date":"2017-04-25T09:55:40","date_gmt":"2017-04-25T09:55:40","guid":{"rendered":"http:\/\/www.chata-id.pl\/?page_id=1050"},"modified":"2020-04-17T16:51:40","modified_gmt":"2020-04-17T16:51:40","slug":"restauracja-libanska","status":"publish","type":"page","link":"https:\/\/chata-id.pl\/en\/restauracje\/restauracja-libanska\/","title":{"rendered":"(Polski) Restauracja Warszawa ul. Nowogrodzka"},"content":{"rendered":"\n<p><strong>Projekt aran\u017cacji<\/strong> <strong>wn\u0119trza<\/strong> <strong>restauracyjnego<\/strong> w stylu orientalnym. Ciep\u0142e kolory, przytulne tkaniny, a\u017curowe, orientalne dodatki oraz obrazy z motywami bliskowschodnimi tworz\u0105 niepowtarzalny klimat tego lokalu. W jednej z sal zastosowano nowatorsk\u0105 dekoracj\u0119 ze stali perforowanej we wz\u00f3r orientalny.<\/p>\n\n\n\n<figure class=\"wp-block-gallery alignwide columns-4 is-cropped wp-block-gallery-1 is-layout-flex wp-block-gallery-is-layout-flex\"><ul class=\"blocks-gallery-grid\"><li class=\"blocks-gallery-item\"><figure><a href=\"https:\/\/chata-id.pl\/wp-content\/uploads\/2017\/04\/MG_6331.jpg\"><img loading=\"lazy\" decoding=\"async\" width=\"1024\" height=\"683\" src=\"https:\/\/chata-id.pl\/wp-content\/uploads\/2017\/04\/MG_6331-1024x683.jpg\" alt=\"\" data-id=\"1062\" data-full-url=\"https:\/\/chata-id.pl\/wp-content\/uploads\/2017\/04\/MG_6331.jpg\" data-link=\"https:\/\/chata-id.pl\/_mg_6331\/\" class=\"wp-image-1062\" srcset=\"https:\/\/chata-id.pl\/wp-content\/uploads\/2017\/04\/MG_6331.jpg 1024w, https:\/\/chata-id.pl\/wp-content\/uploads\/2017\/04\/MG_6331-300x200.jpg 300w, https:\/\/chata-id.pl\/wp-content\/uploads\/2017\/04\/MG_6331-420x280.jpg 420w\" sizes=\"auto, (max-width: 1024px) 100vw, 1024px\" \/><\/a><\/figure><\/li><li class=\"blocks-gallery-item\"><figure><a href=\"https:\/\/chata-id.pl\/wp-content\/uploads\/2017\/04\/MG_6368.jpg\"><img loading=\"lazy\" decoding=\"async\" width=\"1024\" height=\"774\" src=\"https:\/\/chata-id.pl\/wp-content\/uploads\/2017\/04\/MG_6368-1024x774.jpg\" alt=\"\" data-id=\"1066\" data-full-url=\"https:\/\/chata-id.pl\/wp-content\/uploads\/2017\/04\/MG_6368.jpg\" data-link=\"https:\/\/chata-id.pl\/_mg_6368\/\" class=\"wp-image-1066\" srcset=\"https:\/\/chata-id.pl\/wp-content\/uploads\/2017\/04\/MG_6368.jpg 1024w, https:\/\/chata-id.pl\/wp-content\/uploads\/2017\/04\/MG_6368-300x227.jpg 300w, https:\/\/chata-id.pl\/wp-content\/uploads\/2017\/04\/MG_6368-420x317.jpg 420w\" sizes=\"auto, (max-width: 1024px) 100vw, 1024px\" \/><\/a><\/figure><\/li><li class=\"blocks-gallery-item\"><figure><a href=\"https:\/\/chata-id.pl\/wp-content\/uploads\/2017\/04\/MG_6358.jpg\"><img loading=\"lazy\" decoding=\"async\" width=\"1024\" height=\"683\" src=\"https:\/\/chata-id.pl\/wp-content\/uploads\/2017\/04\/MG_6358-1024x683.jpg\" alt=\"\" data-id=\"1065\" data-full-url=\"https:\/\/chata-id.pl\/wp-content\/uploads\/2017\/04\/MG_6358.jpg\" data-link=\"https:\/\/chata-id.pl\/_mg_6358\/\" class=\"wp-image-1065\" srcset=\"https:\/\/chata-id.pl\/wp-content\/uploads\/2017\/04\/MG_6358.jpg 1024w, https:\/\/chata-id.pl\/wp-content\/uploads\/2017\/04\/MG_6358-300x200.jpg 300w, https:\/\/chata-id.pl\/wp-content\/uploads\/2017\/04\/MG_6358-420x280.jpg 420w\" sizes=\"auto, (max-width: 1024px) 100vw, 1024px\" \/><\/a><\/figure><\/li><li class=\"blocks-gallery-item\"><figure><a href=\"https:\/\/chata-id.pl\/wp-content\/uploads\/2017\/04\/MG_6345.jpg\"><img loading=\"lazy\" decoding=\"async\" width=\"455\" height=\"683\" src=\"https:\/\/chata-id.pl\/wp-content\/uploads\/2017\/04\/MG_6345.jpg\" alt=\"\" data-id=\"1064\" data-full-url=\"https:\/\/chata-id.pl\/wp-content\/uploads\/2017\/04\/MG_6345.jpg\" data-link=\"https:\/\/chata-id.pl\/_mg_6345\/\" class=\"wp-image-1064\" srcset=\"https:\/\/chata-id.pl\/wp-content\/uploads\/2017\/04\/MG_6345.jpg 455w, https:\/\/chata-id.pl\/wp-content\/uploads\/2017\/04\/MG_6345-200x300.jpg 200w, https:\/\/chata-id.pl\/wp-content\/uploads\/2017\/04\/MG_6345-420x630.jpg 420w\" sizes=\"auto, (max-width: 455px) 100vw, 455px\" \/><\/a><\/figure><\/li><li class=\"blocks-gallery-item\"><figure><a href=\"https:\/\/chata-id.pl\/wp-content\/uploads\/2017\/04\/MG_6338.jpg\"><img loading=\"lazy\" decoding=\"async\" width=\"1024\" height=\"665\" src=\"https:\/\/chata-id.pl\/wp-content\/uploads\/2017\/04\/MG_6338-1024x665.jpg\" alt=\"\" data-id=\"1063\" data-full-url=\"https:\/\/chata-id.pl\/wp-content\/uploads\/2017\/04\/MG_6338.jpg\" data-link=\"https:\/\/chata-id.pl\/_mg_6338\/\" class=\"wp-image-1063\" srcset=\"https:\/\/chata-id.pl\/wp-content\/uploads\/2017\/04\/MG_6338.jpg 1024w, https:\/\/chata-id.pl\/wp-content\/uploads\/2017\/04\/MG_6338-300x195.jpg 300w, https:\/\/chata-id.pl\/wp-content\/uploads\/2017\/04\/MG_6338-420x273.jpg 420w\" sizes=\"auto, (max-width: 1024px) 100vw, 1024px\" \/><\/a><\/figure><\/li><li class=\"blocks-gallery-item\"><figure><a href=\"https:\/\/chata-id.pl\/wp-content\/uploads\/2017\/04\/MG_6327.jpg\"><img loading=\"lazy\" decoding=\"async\" width=\"1024\" height=\"683\" src=\"https:\/\/chata-id.pl\/wp-content\/uploads\/2017\/04\/MG_6327-1024x683.jpg\" alt=\"\" data-id=\"1061\" data-full-url=\"https:\/\/chata-id.pl\/wp-content\/uploads\/2017\/04\/MG_6327.jpg\" data-link=\"https:\/\/chata-id.pl\/_mg_6327\/\" class=\"wp-image-1061\" srcset=\"https:\/\/chata-id.pl\/wp-content\/uploads\/2017\/04\/MG_6327.jpg 1024w, https:\/\/chata-id.pl\/wp-content\/uploads\/2017\/04\/MG_6327-300x200.jpg 300w, https:\/\/chata-id.pl\/wp-content\/uploads\/2017\/04\/MG_6327-420x280.jpg 420w\" sizes=\"auto, (max-width: 1024px) 100vw, 1024px\" \/><\/a><\/figure><\/li><li class=\"blocks-gallery-item\"><figure><a href=\"https:\/\/chata-id.pl\/wp-content\/uploads\/2017\/04\/MG_6314.jpg\"><img loading=\"lazy\" decoding=\"async\" width=\"1024\" height=\"683\" src=\"https:\/\/chata-id.pl\/wp-content\/uploads\/2017\/04\/MG_6314-1024x683.jpg\" alt=\"\" data-id=\"1060\" data-full-url=\"https:\/\/chata-id.pl\/wp-content\/uploads\/2017\/04\/MG_6314.jpg\" data-link=\"https:\/\/chata-id.pl\/_mg_6314\/\" class=\"wp-image-1060\" srcset=\"https:\/\/chata-id.pl\/wp-content\/uploads\/2017\/04\/MG_6314.jpg 1024w, https:\/\/chata-id.pl\/wp-content\/uploads\/2017\/04\/MG_6314-300x200.jpg 300w, https:\/\/chata-id.pl\/wp-content\/uploads\/2017\/04\/MG_6314-420x280.jpg 420w\" sizes=\"auto, (max-width: 1024px) 100vw, 1024px\" \/><\/a><\/figure><\/li><li class=\"blocks-gallery-item\"><figure><a href=\"https:\/\/chata-id.pl\/wp-content\/uploads\/2017\/04\/MG_6310.jpg\"><img loading=\"lazy\" decoding=\"async\" width=\"455\" height=\"683\" src=\"https:\/\/chata-id.pl\/wp-content\/uploads\/2017\/04\/MG_6310.jpg\" alt=\"\" data-id=\"1059\" data-full-url=\"https:\/\/chata-id.pl\/wp-content\/uploads\/2017\/04\/MG_6310.jpg\" data-link=\"https:\/\/chata-id.pl\/_mg_6310\/\" class=\"wp-image-1059\" srcset=\"https:\/\/chata-id.pl\/wp-content\/uploads\/2017\/04\/MG_6310.jpg 455w, https:\/\/chata-id.pl\/wp-content\/uploads\/2017\/04\/MG_6310-200x300.jpg 200w, https:\/\/chata-id.pl\/wp-content\/uploads\/2017\/04\/MG_6310-420x630.jpg 420w\" sizes=\"auto, (max-width: 455px) 100vw, 455px\" \/><\/a><\/figure><\/li><li class=\"blocks-gallery-item\"><figure><a href=\"https:\/\/chata-id.pl\/wp-content\/uploads\/2017\/04\/MG_6309.jpg\"><img loading=\"lazy\" decoding=\"async\" width=\"1024\" height=\"683\" src=\"https:\/\/chata-id.pl\/wp-content\/uploads\/2017\/04\/MG_6309-1024x683.jpg\" alt=\"\" data-id=\"1058\" data-full-url=\"https:\/\/chata-id.pl\/wp-content\/uploads\/2017\/04\/MG_6309.jpg\" data-link=\"https:\/\/chata-id.pl\/_mg_6309\/\" class=\"wp-image-1058\" srcset=\"https:\/\/chata-id.pl\/wp-content\/uploads\/2017\/04\/MG_6309.jpg 1024w, https:\/\/chata-id.pl\/wp-content\/uploads\/2017\/04\/MG_6309-300x200.jpg 300w, https:\/\/chata-id.pl\/wp-content\/uploads\/2017\/04\/MG_6309-420x280.jpg 420w\" sizes=\"auto, (max-width: 1024px) 100vw, 1024px\" \/><\/a><\/figure><\/li><li class=\"blocks-gallery-item\"><figure><a href=\"https:\/\/chata-id.pl\/wp-content\/uploads\/2017\/04\/MG_6291.jpg\"><img loading=\"lazy\" decoding=\"async\" width=\"1024\" height=\"683\" src=\"https:\/\/chata-id.pl\/wp-content\/uploads\/2017\/04\/MG_6291-1024x683.jpg\" alt=\"\" data-id=\"1057\" data-full-url=\"https:\/\/chata-id.pl\/wp-content\/uploads\/2017\/04\/MG_6291.jpg\" data-link=\"https:\/\/chata-id.pl\/_mg_6291\/\" class=\"wp-image-1057\" srcset=\"https:\/\/chata-id.pl\/wp-content\/uploads\/2017\/04\/MG_6291.jpg 1024w, https:\/\/chata-id.pl\/wp-content\/uploads\/2017\/04\/MG_6291-300x200.jpg 300w, https:\/\/chata-id.pl\/wp-content\/uploads\/2017\/04\/MG_6291-420x280.jpg 420w\" sizes=\"auto, (max-width: 1024px) 100vw, 1024px\" \/><\/a><\/figure><\/li><li class=\"blocks-gallery-item\"><figure><a href=\"https:\/\/chata-id.pl\/wp-content\/uploads\/2017\/04\/mg_6278b.jpg\"><img loading=\"lazy\" decoding=\"async\" width=\"1024\" height=\"683\" src=\"https:\/\/chata-id.pl\/wp-content\/uploads\/2017\/04\/mg_6278b-1024x683.jpg\" alt=\"\" data-id=\"1056\" data-full-url=\"https:\/\/chata-id.pl\/wp-content\/uploads\/2017\/04\/mg_6278b.jpg\" data-link=\"https:\/\/chata-id.pl\/_mg_6278b\/\" class=\"wp-image-1056\" srcset=\"https:\/\/chata-id.pl\/wp-content\/uploads\/2017\/04\/mg_6278b.jpg 1024w, https:\/\/chata-id.pl\/wp-content\/uploads\/2017\/04\/mg_6278b-300x200.jpg 300w, https:\/\/chata-id.pl\/wp-content\/uploads\/2017\/04\/mg_6278b-420x280.jpg 420w\" sizes=\"auto, (max-width: 1024px) 100vw, 1024px\" \/><\/a><\/figure><\/li><li class=\"blocks-gallery-item\"><figure><a href=\"https:\/\/chata-id.pl\/wp-content\/uploads\/2017\/04\/MG_6278a.jpg\"><img loading=\"lazy\" decoding=\"async\" width=\"1024\" height=\"683\" src=\"https:\/\/chata-id.pl\/wp-content\/uploads\/2017\/04\/MG_6278a-1024x683.jpg\" alt=\"\" data-id=\"1055\" data-full-url=\"https:\/\/chata-id.pl\/wp-content\/uploads\/2017\/04\/MG_6278a.jpg\" data-link=\"https:\/\/chata-id.pl\/_mg_6278a\/\" class=\"wp-image-1055\" srcset=\"https:\/\/chata-id.pl\/wp-content\/uploads\/2017\/04\/MG_6278a.jpg 1024w, https:\/\/chata-id.pl\/wp-content\/uploads\/2017\/04\/MG_6278a-300x200.jpg 300w, https:\/\/chata-id.pl\/wp-content\/uploads\/2017\/04\/MG_6278a-420x280.jpg 420w\" sizes=\"auto, (max-width: 1024px) 100vw, 1024px\" \/><\/a><\/figure><\/li><li class=\"blocks-gallery-item\"><figure><a href=\"https:\/\/chata-id.pl\/wp-content\/uploads\/2017\/04\/MG_62721.jpg\"><img loading=\"lazy\" decoding=\"async\" width=\"1024\" height=\"683\" src=\"https:\/\/chata-id.pl\/wp-content\/uploads\/2017\/04\/MG_62721-1024x683.jpg\" alt=\"\" data-id=\"1054\" data-full-url=\"https:\/\/chata-id.pl\/wp-content\/uploads\/2017\/04\/MG_62721.jpg\" data-link=\"https:\/\/chata-id.pl\/_mg_6272-2\/\" class=\"wp-image-1054\" srcset=\"https:\/\/chata-id.pl\/wp-content\/uploads\/2017\/04\/MG_62721.jpg 1024w, https:\/\/chata-id.pl\/wp-content\/uploads\/2017\/04\/MG_62721-300x200.jpg 300w, https:\/\/chata-id.pl\/wp-content\/uploads\/2017\/04\/MG_62721-420x280.jpg 420w\" sizes=\"auto, (max-width: 1024px) 100vw, 1024px\" \/><\/a><\/figure><\/li><\/ul><\/figure>\n","protected":false},"excerpt":{"rendered":"<p>Projekt aran\u017cacji wn\u0119trza restauracyjnego w stylu orientalnym. Ciep\u0142e kolory, przytulne tkaniny, a\u017curowe, orientalne dodatki oraz obrazy z motywami bliskowschodnimi tworz\u0105 niepowtarzalny klimat tego lokalu. W jednej z sal zastosowano nowatorsk\u0105 dekoracj\u0119 ze stali perforowanej we wz\u00f3r orientalny.<\/p>\n","protected":false},"author":1,"featured_media":0,"parent":1048,"menu_order":4,"comment_status":"closed","ping_status":"closed","template":"","meta":{"inline_featured_image":false,"footnotes":""},"class_list":["post-1050","page","type-page","status-publish","hentry"],"yoast_head":"<!-- This site is optimized with the Yoast SEO plugin v24.3 - https:\/\/yoast.com\/wordpress\/plugins\/seo\/ -->\n<title><\/title>\n<meta name=\"robots\" content=\"index, follow, max-snippet:-1, max-image-preview:large, max-video-preview:-1\" \/>\n<link rel=\"canonical\" href=\"https:\/\/chata-id.pl\/restauracje\/restauracja-libanska\/\" \/>\n<meta property=\"og:locale\" content=\"en_US\" \/>\n<meta property=\"og:type\" content=\"article\" \/>\n<meta property=\"og:title\" content=\"[:pl]Restauracja Warszawa ul. Nowogrodzka[:] &#8226; Chata ID\" \/>\n<meta property=\"og:description\" content=\"Projekt aran\u017cacji wn\u0119trza restauracyjnego w stylu orientalnym. Ciep\u0142e kolory, przytulne tkaniny, a\u017curowe, orientalne dodatki oraz obrazy z motywami bliskowschodnimi tworz\u0105 niepowtarzalny klimat tego lokalu. W jednej z sal zastosowano nowatorsk\u0105 dekoracj\u0119 ze stali perforowanej we wz\u00f3r orientalny.\" \/>\n<meta property=\"og:url\" content=\"https:\/\/chata-id.pl\/restauracje\/restauracja-libanska\/\" \/>\n<meta property=\"og:site_name\" content=\"Chata ID\" \/>\n<meta property=\"article:publisher\" content=\"https:\/\/facebook.com\/CHATA-ID-To%c5%bcsamo%c5%9b%c4%87-Twojego-wn%c4%99trza-116008675146984\/\" \/>\n<meta property=\"article:modified_time\" content=\"2020-04-17T16:51:40+00:00\" \/>\n<meta property=\"og:image\" content=\"https:\/\/chata-id.pl\/wp-content\/uploads\/2017\/04\/MG_6331-1024x683.jpg\" \/>\n<meta name=\"twitter:card\" content=\"summary_large_image\" \/>\n<script type=\"application\/ld+json\" class=\"yoast-schema-graph\">{\"@context\":\"https:\/\/schema.org\",\"@graph\":[{\"@type\":\"WebPage\",\"@id\":\"https:\/\/chata-id.pl\/restauracje\/restauracja-libanska\/\",\"url\":\"https:\/\/chata-id.pl\/restauracje\/restauracja-libanska\/\",\"name\":\"[:pl]Restauracja Warszawa ul. Nowogrodzka[:] &#8226; Chata ID\",\"isPartOf\":{\"@id\":\"https:\/\/chata-id.pl\/#website\"},\"primaryImageOfPage\":{\"@id\":\"https:\/\/chata-id.pl\/restauracje\/restauracja-libanska\/#primaryimage\"},\"image\":{\"@id\":\"https:\/\/chata-id.pl\/restauracje\/restauracja-libanska\/#primaryimage\"},\"thumbnailUrl\":\"https:\/\/chata-id.pl\/wp-content\/uploads\/2017\/04\/MG_6331-1024x683.jpg\",\"datePublished\":\"2017-04-25T09:55:40+00:00\",\"dateModified\":\"2020-04-17T16:51:40+00:00\",\"breadcrumb\":{\"@id\":\"https:\/\/chata-id.pl\/restauracje\/restauracja-libanska\/#breadcrumb\"},\"inLanguage\":\"en-US\",\"potentialAction\":[{\"@type\":\"ReadAction\",\"target\":[\"https:\/\/chata-id.pl\/restauracje\/restauracja-libanska\/\"]}]},{\"@type\":\"ImageObject\",\"inLanguage\":\"en-US\",\"@id\":\"https:\/\/chata-id.pl\/restauracje\/restauracja-libanska\/#primaryimage\",\"url\":\"https:\/\/chata-id.pl\/wp-content\/uploads\/2017\/04\/MG_6331-1024x683.jpg\",\"contentUrl\":\"https:\/\/chata-id.pl\/wp-content\/uploads\/2017\/04\/MG_6331-1024x683.jpg\"},{\"@type\":\"BreadcrumbList\",\"@id\":\"https:\/\/chata-id.pl\/restauracje\/restauracja-libanska\/#breadcrumb\",\"itemListElement\":[{\"@type\":\"ListItem\",\"position\":1,\"name\":\"Strona g\u0142\u00f3wna\",\"item\":\"https:\/\/chata-id.pl\/\"},{\"@type\":\"ListItem\",\"position\":2,\"name\":\"Restauracje\",\"item\":\"https:\/\/chata-id.pl\/restauracje\/\"},{\"@type\":\"ListItem\",\"position\":3,\"name\":\"Restauracja Warszawa ul. Nowogrodzka\"}]},{\"@type\":\"WebSite\",\"@id\":\"https:\/\/chata-id.pl\/#website\",\"url\":\"https:\/\/chata-id.pl\/\",\"name\":\"Chata ID\",\"description\":\"To\u017csamo\u015b\u0107 Twojego wn\u0119trza\",\"publisher\":{\"@id\":\"https:\/\/chata-id.pl\/#organization\"},\"potentialAction\":[{\"@type\":\"SearchAction\",\"target\":{\"@type\":\"EntryPoint\",\"urlTemplate\":\"https:\/\/chata-id.pl\/?s={search_term_string}\"},\"query-input\":{\"@type\":\"PropertyValueSpecification\",\"valueRequired\":true,\"valueName\":\"search_term_string\"}}],\"inLanguage\":\"en-US\"},{\"@type\":\"Organization\",\"@id\":\"https:\/\/chata-id.pl\/#organization\",\"name\":\"CHATA ID - To\u017csamo\u015b\u0107 Twojego Wn\u0119trza - Nadarzyn\",\"url\":\"https:\/\/chata-id.pl\/\",\"logo\":{\"@type\":\"ImageObject\",\"inLanguage\":\"en-US\",\"@id\":\"https:\/\/chata-id.pl\/#\/schema\/logo\/image\/\",\"url\":\"https:\/\/chata-id.pl\/wp-content\/uploads\/2020\/04\/chata-id-logo-1.png\",\"contentUrl\":\"https:\/\/chata-id.pl\/wp-content\/uploads\/2020\/04\/chata-id-logo-1.png\",\"width\":236,\"height\":80,\"caption\":\"CHATA ID - To\u017csamo\u015b\u0107 Twojego Wn\u0119trza - Nadarzyn\"},\"image\":{\"@id\":\"https:\/\/chata-id.pl\/#\/schema\/logo\/image\/\"},\"sameAs\":[\"https:\/\/facebook.com\/CHATA-ID-To\u017csamo\u015b\u0107-Twojego-wn\u0119trza-116008675146984\/\"]}]}<\/script>\n<!-- \/ Yoast SEO plugin. -->","yoast_head_json":{"title":"[:pl]Restauracja Warszawa ul. Nowogrodzka[:] &#8226; Chata ID","robots":{"index":"index","follow":"follow","max-snippet":"max-snippet:-1","max-image-preview":"max-image-preview:large","max-video-preview":"max-video-preview:-1"},"canonical":"https:\/\/chata-id.pl\/restauracje\/restauracja-libanska\/","og_locale":"en_US","og_type":"article","og_title":"[:pl]Restauracja Warszawa ul. Nowogrodzka[:] &#8226; Chata ID","og_description":"Projekt aran\u017cacji wn\u0119trza restauracyjnego w stylu orientalnym. Ciep\u0142e kolory, przytulne tkaniny, a\u017curowe, orientalne dodatki oraz obrazy z motywami bliskowschodnimi tworz\u0105 niepowtarzalny klimat tego lokalu. W jednej z sal zastosowano nowatorsk\u0105 dekoracj\u0119 ze stali perforowanej we wz\u00f3r orientalny.","og_url":"https:\/\/chata-id.pl\/restauracje\/restauracja-libanska\/","og_site_name":"Chata ID","article_publisher":"https:\/\/facebook.com\/CHATA-ID-To%c5%bcsamo%c5%9b%c4%87-Twojego-wn%c4%99trza-116008675146984\/","article_modified_time":"2020-04-17T16:51:40+00:00","og_image":[{"url":"https:\/\/chata-id.pl\/wp-content\/uploads\/2017\/04\/MG_6331-1024x683.jpg","type":"","width":"","height":""}],"twitter_card":"summary_large_image","schema":{"@context":"https:\/\/schema.org","@graph":[{"@type":"WebPage","@id":"https:\/\/chata-id.pl\/restauracje\/restauracja-libanska\/","url":"https:\/\/chata-id.pl\/restauracje\/restauracja-libanska\/","name":"[:pl]Restauracja Warszawa ul. Nowogrodzka[:] &#8226; Chata ID","isPartOf":{"@id":"https:\/\/chata-id.pl\/#website"},"primaryImageOfPage":{"@id":"https:\/\/chata-id.pl\/restauracje\/restauracja-libanska\/#primaryimage"},"image":{"@id":"https:\/\/chata-id.pl\/restauracje\/restauracja-libanska\/#primaryimage"},"thumbnailUrl":"https:\/\/chata-id.pl\/wp-content\/uploads\/2017\/04\/MG_6331-1024x683.jpg","datePublished":"2017-04-25T09:55:40+00:00","dateModified":"2020-04-17T16:51:40+00:00","breadcrumb":{"@id":"https:\/\/chata-id.pl\/restauracje\/restauracja-libanska\/#breadcrumb"},"inLanguage":"en-US","potentialAction":[{"@type":"ReadAction","target":["https:\/\/chata-id.pl\/restauracje\/restauracja-libanska\/"]}]},{"@type":"ImageObject","inLanguage":"en-US","@id":"https:\/\/chata-id.pl\/restauracje\/restauracja-libanska\/#primaryimage","url":"https:\/\/chata-id.pl\/wp-content\/uploads\/2017\/04\/MG_6331-1024x683.jpg","contentUrl":"https:\/\/chata-id.pl\/wp-content\/uploads\/2017\/04\/MG_6331-1024x683.jpg"},{"@type":"BreadcrumbList","@id":"https:\/\/chata-id.pl\/restauracje\/restauracja-libanska\/#breadcrumb","itemListElement":[{"@type":"ListItem","position":1,"name":"Strona g\u0142\u00f3wna","item":"https:\/\/chata-id.pl\/"},{"@type":"ListItem","position":2,"name":"Restauracje","item":"https:\/\/chata-id.pl\/restauracje\/"},{"@type":"ListItem","position":3,"name":"Restauracja Warszawa ul. Nowogrodzka"}]},{"@type":"WebSite","@id":"https:\/\/chata-id.pl\/#website","url":"https:\/\/chata-id.pl\/","name":"Chata ID","description":"To\u017csamo\u015b\u0107 Twojego wn\u0119trza","publisher":{"@id":"https:\/\/chata-id.pl\/#organization"},"potentialAction":[{"@type":"SearchAction","target":{"@type":"EntryPoint","urlTemplate":"https:\/\/chata-id.pl\/?s={search_term_string}"},"query-input":{"@type":"PropertyValueSpecification","valueRequired":true,"valueName":"search_term_string"}}],"inLanguage":"en-US"},{"@type":"Organization","@id":"https:\/\/chata-id.pl\/#organization","name":"CHATA ID - To\u017csamo\u015b\u0107 Twojego Wn\u0119trza - Nadarzyn","url":"https:\/\/chata-id.pl\/","logo":{"@type":"ImageObject","inLanguage":"en-US","@id":"https:\/\/chata-id.pl\/#\/schema\/logo\/image\/","url":"https:\/\/chata-id.pl\/wp-content\/uploads\/2020\/04\/chata-id-logo-1.png","contentUrl":"https:\/\/chata-id.pl\/wp-content\/uploads\/2020\/04\/chata-id-logo-1.png","width":236,"height":80,"caption":"CHATA ID - To\u017csamo\u015b\u0107 Twojego Wn\u0119trza - Nadarzyn"},"image":{"@id":"https:\/\/chata-id.pl\/#\/schema\/logo\/image\/"},"sameAs":["https:\/\/facebook.com\/CHATA-ID-To\u017csamo\u015b\u0107-Twojego-wn\u0119trza-116008675146984\/"]}]}},"_links":{"self":[{"href":"https:\/\/chata-id.pl\/en\/wp-json\/wp\/v2\/pages\/1050","targetHints":{"allow":["GET"]}}],"collection":[{"href":"https:\/\/chata-id.pl\/en\/wp-json\/wp\/v2\/pages"}],"about":[{"href":"https:\/\/chata-id.pl\/en\/wp-json\/wp\/v2\/types\/page"}],"author":[{"embeddable":true,"href":"https:\/\/chata-id.pl\/en\/wp-json\/wp\/v2\/users\/1"}],"replies":[{"embeddable":true,"href":"https:\/\/chata-id.pl\/en\/wp-json\/wp\/v2\/comments?post=1050"}],"version-history":[{"count":7,"href":"https:\/\/chata-id.pl\/en\/wp-json\/wp\/v2\/pages\/1050\/revisions"}],"predecessor-version":[{"id":1565,"href":"https:\/\/chata-id.pl\/en\/wp-json\/wp\/v2\/pages\/1050\/revisions\/1565"}],"up":[{"embeddable":true,"href":"https:\/\/chata-id.pl\/en\/wp-json\/wp\/v2\/pages\/1048"}],"wp:attachment":[{"href":"https:\/\/chata-id.pl\/en\/wp-json\/wp\/v2\/media?parent=1050"}],"curies":[{"name":"wp","href":"https:\/\/api.w.org\/{rel}","templated":true}]}}