{"id":1048,"date":"2017-04-25T09:54:59","date_gmt":"2017-04-25T09:54:59","guid":{"rendered":"http:\/\/www.chata-id.pl\/?page_id=1048"},"modified":"2020-09-22T18:57:31","modified_gmt":"2020-09-22T18:57:31","slug":"restauracje","status":"publish","type":"page","link":"https:\/\/chata-id.pl\/en\/restauracje\/","title":{"rendered":"(Polski) Restauracje"},"content":{"rendered":"\n<h4 class=\"has-text-align-center wp-block-heading\">Restauracja liba\u0144ska CH Arkadia<\/h4>\n\n\n\n<figure class=\"wp-block-image alignwide size-large\"><a href=\"https:\/\/chata-id.pl\/restauracje\/restauracja-libanska-ch-arkadia-warszawa\/\"><img loading=\"lazy\" decoding=\"async\" width=\"1024\" height=\"683\" src=\"https:\/\/chata-id.pl\/wp-content\/uploads\/2017\/09\/MG_6771pop1-1024x683.jpg\" alt=\"\" class=\"wp-image-1150\" srcset=\"https:\/\/chata-id.pl\/wp-content\/uploads\/2017\/09\/MG_6771pop1-1024x683.jpg 1024w, https:\/\/chata-id.pl\/wp-content\/uploads\/2017\/09\/MG_6771pop1-300x200.jpg 300w, https:\/\/chata-id.pl\/wp-content\/uploads\/2017\/09\/MG_6771pop1-420x280.jpg 420w\" sizes=\"auto, (max-width: 1024px) 100vw, 1024px\" \/><\/a><\/figure>\n\n\n\n<h4 class=\"has-text-align-center wp-block-heading\">Lunch Bar \u201eJadalnia\u201d Warszawa<\/h4>\n\n\n\n<figure class=\"wp-block-image alignwide size-large\"><a href=\"https:\/\/chata-id.pl\/restauracje\/lunch-bar-jadalnia-warszawa\/\"><img loading=\"lazy\" decoding=\"async\" width=\"1024\" height=\"683\" src=\"https:\/\/chata-id.pl\/wp-content\/uploads\/2017\/05\/r4-1024x683.jpg\" alt=\"\" class=\"wp-image-1098\" srcset=\"https:\/\/chata-id.pl\/wp-content\/uploads\/2017\/05\/r4-1024x683.jpg 1024w, https:\/\/chata-id.pl\/wp-content\/uploads\/2017\/05\/r4-300x200.jpg 300w, https:\/\/chata-id.pl\/wp-content\/uploads\/2017\/05\/r4-420x280.jpg 420w, https:\/\/chata-id.pl\/wp-content\/uploads\/2017\/05\/r4.jpg 1155w\" sizes=\"auto, (max-width: 1024px) 100vw, 1024px\" \/><\/a><\/figure>\n\n\n\n<h4 class=\"has-text-align-center wp-block-heading\">Restauracja Warszawa ul. Nowogrodzka<\/h4>\n\n\n\n<figure class=\"wp-block-image alignwide size-large\"><a href=\"https:\/\/chata-id.pl\/restauracje\/restauracja-libanska\/\"><img loading=\"lazy\" decoding=\"async\" width=\"1024\" height=\"683\" src=\"https:\/\/chata-id.pl\/wp-content\/uploads\/2017\/04\/MG_6278a-1024x683.jpg\" alt=\"\" class=\"wp-image-1055\" srcset=\"https:\/\/chata-id.pl\/wp-content\/uploads\/2017\/04\/MG_6278a.jpg 1024w, https:\/\/chata-id.pl\/wp-content\/uploads\/2017\/04\/MG_6278a-300x200.jpg 300w, https:\/\/chata-id.pl\/wp-content\/uploads\/2017\/04\/MG_6278a-420x280.jpg 420w\" sizes=\"auto, (max-width: 1024px) 100vw, 1024px\" \/><\/a><\/figure>\n\n\n\n<h4 class=\"has-text-align-center wp-block-heading\">Koncepcja restauracji Warszawa Sadyba<\/h4>\n\n\n\n<figure class=\"wp-block-image alignwide size-large\"><a href=\"https:\/\/chata-id.pl\/restauracje\/koncepcja-restauracji-warszawa-sadyba\/\"><img loading=\"lazy\" decoding=\"async\" width=\"1024\" height=\"576\" src=\"https:\/\/chata-id.pl\/wp-content\/uploads\/2017\/05\/V4-1024x576.jpg\" alt=\"\" class=\"wp-image-1084\" srcset=\"https:\/\/chata-id.pl\/wp-content\/uploads\/2017\/05\/V4-1024x576.jpg 1024w, https:\/\/chata-id.pl\/wp-content\/uploads\/2017\/05\/V4-300x169.jpg 300w, https:\/\/chata-id.pl\/wp-content\/uploads\/2017\/05\/V4-420x236.jpg 420w, https:\/\/chata-id.pl\/wp-content\/uploads\/2017\/05\/V4.jpg 1296w\" sizes=\"auto, (max-width: 1024px) 100vw, 1024px\" \/><\/a><\/figure>\n","protected":false},"excerpt":{"rendered":"<p>Restauracja liba\u0144ska CH Arkadia Lunch Bar \u201eJadalnia\u201d Warszawa Restauracja Warszawa ul. Nowogrodzka Koncepcja restauracji Warszawa Sadyba<\/p>\n","protected":false},"author":1,"featured_media":0,"parent":0,"menu_order":0,"comment_status":"closed","ping_status":"closed","template":"","meta":{"inline_featured_image":false,"footnotes":""},"class_list":["post-1048","page","type-page","status-publish","hentry"],"yoast_head":"<!-- This site is optimized with the Yoast SEO plugin v24.3 - https:\/\/yoast.com\/wordpress\/plugins\/seo\/ -->\n<title><\/title>\n<meta name=\"robots\" content=\"index, follow, max-snippet:-1, max-image-preview:large, max-video-preview:-1\" \/>\n<link rel=\"canonical\" href=\"https:\/\/chata-id.pl\/restauracje\/\" \/>\n<meta property=\"og:locale\" content=\"en_US\" \/>\n<meta property=\"og:type\" content=\"article\" \/>\n<meta property=\"og:title\" content=\"[:pl]Restauracje[:] &#8226; Chata ID\" \/>\n<meta property=\"og:description\" content=\"Restauracja liba\u0144ska CH Arkadia Lunch Bar \u201eJadalnia\u201d Warszawa Restauracja Warszawa ul. Nowogrodzka Koncepcja restauracji Warszawa Sadyba\" \/>\n<meta property=\"og:url\" content=\"https:\/\/chata-id.pl\/restauracje\/\" \/>\n<meta property=\"og:site_name\" content=\"Chata ID\" \/>\n<meta property=\"article:publisher\" content=\"https:\/\/facebook.com\/CHATA-ID-To%c5%bcsamo%c5%9b%c4%87-Twojego-wn%c4%99trza-116008675146984\/\" \/>\n<meta property=\"article:modified_time\" content=\"2020-09-22T18:57:31+00:00\" \/>\n<meta property=\"og:image\" content=\"https:\/\/chata-id.pl\/wp-content\/uploads\/2017\/09\/MG_6771pop1-1024x683.jpg\" \/>\n<meta name=\"twitter:card\" content=\"summary_large_image\" \/>\n<script type=\"application\/ld+json\" class=\"yoast-schema-graph\">{\"@context\":\"https:\/\/schema.org\",\"@graph\":[{\"@type\":\"WebPage\",\"@id\":\"https:\/\/chata-id.pl\/restauracje\/\",\"url\":\"https:\/\/chata-id.pl\/restauracje\/\",\"name\":\"[:pl]Restauracje[:] &#8226; Chata ID\",\"isPartOf\":{\"@id\":\"https:\/\/chata-id.pl\/#website\"},\"primaryImageOfPage\":{\"@id\":\"https:\/\/chata-id.pl\/restauracje\/#primaryimage\"},\"image\":{\"@id\":\"https:\/\/chata-id.pl\/restauracje\/#primaryimage\"},\"thumbnailUrl\":\"https:\/\/chata-id.pl\/wp-content\/uploads\/2017\/09\/MG_6771pop1-1024x683.jpg\",\"datePublished\":\"2017-04-25T09:54:59+00:00\",\"dateModified\":\"2020-09-22T18:57:31+00:00\",\"breadcrumb\":{\"@id\":\"https:\/\/chata-id.pl\/restauracje\/#breadcrumb\"},\"inLanguage\":\"en-US\",\"potentialAction\":[{\"@type\":\"ReadAction\",\"target\":[\"https:\/\/chata-id.pl\/restauracje\/\"]}]},{\"@type\":\"ImageObject\",\"inLanguage\":\"en-US\",\"@id\":\"https:\/\/chata-id.pl\/restauracje\/#primaryimage\",\"url\":\"https:\/\/chata-id.pl\/wp-content\/uploads\/2017\/09\/MG_6771pop1-1024x683.jpg\",\"contentUrl\":\"https:\/\/chata-id.pl\/wp-content\/uploads\/2017\/09\/MG_6771pop1-1024x683.jpg\"},{\"@type\":\"BreadcrumbList\",\"@id\":\"https:\/\/chata-id.pl\/restauracje\/#breadcrumb\",\"itemListElement\":[{\"@type\":\"ListItem\",\"position\":1,\"name\":\"Strona g\u0142\u00f3wna\",\"item\":\"https:\/\/chata-id.pl\/\"},{\"@type\":\"ListItem\",\"position\":2,\"name\":\"Restauracje\"}]},{\"@type\":\"WebSite\",\"@id\":\"https:\/\/chata-id.pl\/#website\",\"url\":\"https:\/\/chata-id.pl\/\",\"name\":\"Chata ID\",\"description\":\"To\u017csamo\u015b\u0107 Twojego wn\u0119trza\",\"publisher\":{\"@id\":\"https:\/\/chata-id.pl\/#organization\"},\"potentialAction\":[{\"@type\":\"SearchAction\",\"target\":{\"@type\":\"EntryPoint\",\"urlTemplate\":\"https:\/\/chata-id.pl\/?s={search_term_string}\"},\"query-input\":{\"@type\":\"PropertyValueSpecification\",\"valueRequired\":true,\"valueName\":\"search_term_string\"}}],\"inLanguage\":\"en-US\"},{\"@type\":\"Organization\",\"@id\":\"https:\/\/chata-id.pl\/#organization\",\"name\":\"CHATA ID - To\u017csamo\u015b\u0107 Twojego Wn\u0119trza - Nadarzyn\",\"url\":\"https:\/\/chata-id.pl\/\",\"logo\":{\"@type\":\"ImageObject\",\"inLanguage\":\"en-US\",\"@id\":\"https:\/\/chata-id.pl\/#\/schema\/logo\/image\/\",\"url\":\"https:\/\/chata-id.pl\/wp-content\/uploads\/2020\/04\/chata-id-logo-1.png\",\"contentUrl\":\"https:\/\/chata-id.pl\/wp-content\/uploads\/2020\/04\/chata-id-logo-1.png\",\"width\":236,\"height\":80,\"caption\":\"CHATA ID - To\u017csamo\u015b\u0107 Twojego Wn\u0119trza - Nadarzyn\"},\"image\":{\"@id\":\"https:\/\/chata-id.pl\/#\/schema\/logo\/image\/\"},\"sameAs\":[\"https:\/\/facebook.com\/CHATA-ID-To\u017csamo\u015b\u0107-Twojego-wn\u0119trza-116008675146984\/\"]}]}<\/script>\n<!-- \/ Yoast SEO plugin. -->","yoast_head_json":{"title":"[:pl]Restauracje[:] &#8226; Chata ID","robots":{"index":"index","follow":"follow","max-snippet":"max-snippet:-1","max-image-preview":"max-image-preview:large","max-video-preview":"max-video-preview:-1"},"canonical":"https:\/\/chata-id.pl\/restauracje\/","og_locale":"en_US","og_type":"article","og_title":"[:pl]Restauracje[:] &#8226; Chata ID","og_description":"Restauracja liba\u0144ska CH Arkadia Lunch Bar \u201eJadalnia\u201d Warszawa Restauracja Warszawa ul. Nowogrodzka Koncepcja restauracji Warszawa Sadyba","og_url":"https:\/\/chata-id.pl\/restauracje\/","og_site_name":"Chata ID","article_publisher":"https:\/\/facebook.com\/CHATA-ID-To%c5%bcsamo%c5%9b%c4%87-Twojego-wn%c4%99trza-116008675146984\/","article_modified_time":"2020-09-22T18:57:31+00:00","og_image":[{"url":"https:\/\/chata-id.pl\/wp-content\/uploads\/2017\/09\/MG_6771pop1-1024x683.jpg","type":"","width":"","height":""}],"twitter_card":"summary_large_image","schema":{"@context":"https:\/\/schema.org","@graph":[{"@type":"WebPage","@id":"https:\/\/chata-id.pl\/restauracje\/","url":"https:\/\/chata-id.pl\/restauracje\/","name":"[:pl]Restauracje[:] &#8226; Chata ID","isPartOf":{"@id":"https:\/\/chata-id.pl\/#website"},"primaryImageOfPage":{"@id":"https:\/\/chata-id.pl\/restauracje\/#primaryimage"},"image":{"@id":"https:\/\/chata-id.pl\/restauracje\/#primaryimage"},"thumbnailUrl":"https:\/\/chata-id.pl\/wp-content\/uploads\/2017\/09\/MG_6771pop1-1024x683.jpg","datePublished":"2017-04-25T09:54:59+00:00","dateModified":"2020-09-22T18:57:31+00:00","breadcrumb":{"@id":"https:\/\/chata-id.pl\/restauracje\/#breadcrumb"},"inLanguage":"en-US","potentialAction":[{"@type":"ReadAction","target":["https:\/\/chata-id.pl\/restauracje\/"]}]},{"@type":"ImageObject","inLanguage":"en-US","@id":"https:\/\/chata-id.pl\/restauracje\/#primaryimage","url":"https:\/\/chata-id.pl\/wp-content\/uploads\/2017\/09\/MG_6771pop1-1024x683.jpg","contentUrl":"https:\/\/chata-id.pl\/wp-content\/uploads\/2017\/09\/MG_6771pop1-1024x683.jpg"},{"@type":"BreadcrumbList","@id":"https:\/\/chata-id.pl\/restauracje\/#breadcrumb","itemListElement":[{"@type":"ListItem","position":1,"name":"Strona g\u0142\u00f3wna","item":"https:\/\/chata-id.pl\/"},{"@type":"ListItem","position":2,"name":"Restauracje"}]},{"@type":"WebSite","@id":"https:\/\/chata-id.pl\/#website","url":"https:\/\/chata-id.pl\/","name":"Chata ID","description":"To\u017csamo\u015b\u0107 Twojego wn\u0119trza","publisher":{"@id":"https:\/\/chata-id.pl\/#organization"},"potentialAction":[{"@type":"SearchAction","target":{"@type":"EntryPoint","urlTemplate":"https:\/\/chata-id.pl\/?s={search_term_string}"},"query-input":{"@type":"PropertyValueSpecification","valueRequired":true,"valueName":"search_term_string"}}],"inLanguage":"en-US"},{"@type":"Organization","@id":"https:\/\/chata-id.pl\/#organization","name":"CHATA ID - To\u017csamo\u015b\u0107 Twojego Wn\u0119trza - Nadarzyn","url":"https:\/\/chata-id.pl\/","logo":{"@type":"ImageObject","inLanguage":"en-US","@id":"https:\/\/chata-id.pl\/#\/schema\/logo\/image\/","url":"https:\/\/chata-id.pl\/wp-content\/uploads\/2020\/04\/chata-id-logo-1.png","contentUrl":"https:\/\/chata-id.pl\/wp-content\/uploads\/2020\/04\/chata-id-logo-1.png","width":236,"height":80,"caption":"CHATA ID - To\u017csamo\u015b\u0107 Twojego Wn\u0119trza - Nadarzyn"},"image":{"@id":"https:\/\/chata-id.pl\/#\/schema\/logo\/image\/"},"sameAs":["https:\/\/facebook.com\/CHATA-ID-To\u017csamo\u015b\u0107-Twojego-wn\u0119trza-116008675146984\/"]}]}},"_links":{"self":[{"href":"https:\/\/chata-id.pl\/en\/wp-json\/wp\/v2\/pages\/1048","targetHints":{"allow":["GET"]}}],"collection":[{"href":"https:\/\/chata-id.pl\/en\/wp-json\/wp\/v2\/pages"}],"about":[{"href":"https:\/\/chata-id.pl\/en\/wp-json\/wp\/v2\/types\/page"}],"author":[{"embeddable":true,"href":"https:\/\/chata-id.pl\/en\/wp-json\/wp\/v2\/users\/1"}],"replies":[{"embeddable":true,"href":"https:\/\/chata-id.pl\/en\/wp-json\/wp\/v2\/comments?post=1048"}],"version-history":[{"count":21,"href":"https:\/\/chata-id.pl\/en\/wp-json\/wp\/v2\/pages\/1048\/revisions"}],"predecessor-version":[{"id":1681,"href":"https:\/\/chata-id.pl\/en\/wp-json\/wp\/v2\/pages\/1048\/revisions\/1681"}],"wp:attachment":[{"href":"https:\/\/chata-id.pl\/en\/wp-json\/wp\/v2\/media?parent=1048"}],"curies":[{"name":"wp","href":"https:\/\/api.w.org\/{rel}","templated":true}]}}